{"id":4102,"date":"2011-01-26T02:47:45","date_gmt":"2011-01-26T01:47:45","guid":{"rendered":"http:\/\/ddrheinrich.com\/?page_id=4102"},"modified":"2023-02-22T13:13:00","modified_gmt":"2023-02-22T12:13:00","slug":"medical-team","status":"publish","type":"page","link":"https:\/\/ddrheinrich.com\/en\/clinic-ddr-heinrich\/medical-team\/","title":{"rendered":"Medical Team"},"content":{"rendered":"<p>No aesthetic surgeon is equally well-versed in every procedure and every surgical technique. Nevertheless, specializations in a field as broad as medicine are important and sensible. For your best possible medical care, we also consult domestic and foreign doctors in individual cases or we are happy to recommend expert colleagues for interventions and treatments that are not part of our core competencies.<\/p>\n<h2>DDr.&nbsp;Karl-Georg Heinrich, MD<\/h2>\n<p><img loading=\"lazy\" decoding=\"async\" class=\"alignright ausstellen dropshadow portrait size-full wp-image-11810\" title=\"DDr.&nbsp;Karl-Georg Heinrich\" src=\"https:\/\/ddrheinrich.com\/en\/wp-content\/uploads\/sites\/3\/ddr-heinrich.jpg\" alt=\"\" width=\"213\" height=\"320\" srcset=\"https:\/\/ddrheinrich.com\/en\/wp-content\/uploads\/sites\/3\/ddr-heinrich.jpg 213w, https:\/\/ddrheinrich.com\/en\/wp-content\/uploads\/sites\/3\/ddr-heinrich-133x200.jpg 133w\" sizes=\"auto, (max-width: 213px) 100vw, 213px\" \/>DDr.&nbsp;Heinrich is a board-certified general practitioner<sup>*<\/sup> who works in the areas of regenerative medicine and therapeutically indicated aesthetic surgery. His medical focus is on treatments with the body\u2019s own stem cells and fat, endocrinology, and biomolecular therapies.<\/p>\n<p>He is a <em>Diplomate<\/em> of the World Academy of Cosmetic Surgery (WAOCS) and as one of the first Europeans, he has successfully completed the Board Certification<sup>**<\/sup> within the context of the WAOCS, under the strict conditions of the American Board of Cosmetic Surgery, and is a certified aesthetic surgeon in the category of <em>Dermatologic Aesthetic Surgery<\/em>.<\/p>\n<p>DDr.&nbsp;Heinrich holds patents for inventions in medicine such as special processes for stem cell preparation. His scientific work as well as his longstanding focus on body fat and its therapeutic potential enabled him to participate in new therapeutic developments and improvements. He is an author and co-author of articles in medical journals and authored a patient guide on the treatment of joint problems with stem cells.<\/p>\n<p>DDr.&nbsp;Heinrich has been interested in medicine and the history of human development since he was young. This interest played a significant role in his decision to pursue a career in medicine. DDr.&nbsp;Heinrich studied medicine and jurisprudence at the University of Vienna. His particular interest in the legal field naturally relates to medical law and all aspects of law concerning medical training and the healing arts, as well as the development of medical methods.<\/p>\n<p>DDr.&nbsp;Heinrich is member of an international network of doctors specializing in stem cell therapies and maintains interdisciplinary professional exchange, particularly in following medical societies:<\/p>\n<ul>\n<li>Chairman of the Association of Aesthetic and Regenerative Practitioners (AARP)<\/li>\n<li>International Hormone Society\u2019s Consensus Group of Experts (IHS)<\/li>\n<li>World Academy of Cosmetic Surgery (WAOCS)<\/li>\n<li>American Academy of Anti-Aging Medicine (A4M)<\/li>\n<li>World Society of Anti-Aging Medicine (WOSAAM)<\/li>\n<\/ul>\n<p><sup>*<\/sup> In Austria: Doctor of general medicine or general practitioner (<em>Arzt f\u00fcr Allgemeinmedizin<\/em>)<br \/>\n<sup>**<\/sup> There is no such comparable education in Austria<\/p>\n<h2>Dr. Christian M. Emellina, MD<\/h2>\n<p><img loading=\"lazy\" decoding=\"async\" class=\"alignright ausstellen dropshadow portrait size-full wp-image-333\" title=\"Dr. Christian M. Emellina\" src=\"https:\/\/ddrheinrich.com\/en\/wp-content\/uploads\/sites\/3\/dr-emellina.jpg\" alt=\"\" width=\"100\" height=\"131\" \/>Dr. Emellina is a general practitioner and an ophthalmologist. He is one of our consultant physicians, but performs medical treatments only in his clinics in Italy and France. His specialties include facial surgery and scar correction.<\/p>\n<ul>\n<li>Ancien Attach\u00e9 des H\u00f4pitaux de Marseille<\/li>\n<li>Ancien Assistant de la Facult\u00e9 de M\u00e9decine<\/li>\n<li>Soci\u00e9t\u00e9 Br\u00e9silienne de Chirurgie Plastique (corresponding member)<\/li>\n<li>Soci\u00e9t\u00e9 Fran\u00e7aise de Chirurgie Esth\u00e9tique (corresponding member)<\/li>\n<li>Association of Aesthetic and Regenerative Practitioners (AARP)<\/li>\n<\/ul>\n","protected":false},"excerpt":{"rendered":"<p>No aesthetic surgeon is equally well-versed in every procedure and every surgical technique. Nevertheless, specializations in a field as broad as medicine are important and sensible. For your best possible medical care, we also consult domestic and foreign doctors in individual cases or we are happy to recommend expert colleagues for interventions and treatments that [&hellip;]<\/p>\n","protected":false},"author":6,"featured_media":0,"parent":4086,"menu_order":1,"comment_status":"closed","ping_status":"closed","template":"page-ordination-clinic-ddr-heinrich.php","meta":{"footnotes":""},"class_list":["post-4102","page","type-page","status-publish","hentry"],"_links":{"self":[{"href":"https:\/\/ddrheinrich.com\/en\/wp-json\/wp\/v2\/pages\/4102","targetHints":{"allow":["GET"]}}],"collection":[{"href":"https:\/\/ddrheinrich.com\/en\/wp-json\/wp\/v2\/pages"}],"about":[{"href":"https:\/\/ddrheinrich.com\/en\/wp-json\/wp\/v2\/types\/page"}],"author":[{"embeddable":true,"href":"https:\/\/ddrheinrich.com\/en\/wp-json\/wp\/v2\/users\/6"}],"replies":[{"embeddable":true,"href":"https:\/\/ddrheinrich.com\/en\/wp-json\/wp\/v2\/comments?post=4102"}],"version-history":[{"count":11,"href":"https:\/\/ddrheinrich.com\/en\/wp-json\/wp\/v2\/pages\/4102\/revisions"}],"predecessor-version":[{"id":12865,"href":"https:\/\/ddrheinrich.com\/en\/wp-json\/wp\/v2\/pages\/4102\/revisions\/12865"}],"up":[{"embeddable":true,"href":"https:\/\/ddrheinrich.com\/en\/wp-json\/wp\/v2\/pages\/4086"}],"wp:attachment":[{"href":"https:\/\/ddrheinrich.com\/en\/wp-json\/wp\/v2\/media?parent=4102"}],"curies":[{"name":"wp","href":"https:\/\/api.w.org\/{rel}","templated":true}]}}