{"id":4088,"date":"2011-01-26T02:41:37","date_gmt":"2011-01-26T01:41:37","guid":{"rendered":"http:\/\/ddrheinrich.com\/?page_id=4088"},"modified":"2023-02-22T12:50:24","modified_gmt":"2023-02-22T11:50:24","slug":"ddr-heinrich-academy","status":"publish","type":"page","link":"https:\/\/ddrheinrich.com\/en\/clinic-ddr-heinrich\/ddr-heinrich-academy\/","title":{"rendered":"Academy"},"content":{"rendered":"<p><img loading=\"lazy\" decoding=\"async\" class=\"alignright ausstellen dropshadow size-full wp-image-11780\" src=\"https:\/\/ddrheinrich.com\/en\/wp-content\/uploads\/sites\/3\/ddr-heinrich-academy.jpg\" alt=\"\" width=\"275\" height=\"275\" srcset=\"https:\/\/ddrheinrich.com\/en\/wp-content\/uploads\/sites\/3\/ddr-heinrich-academy.jpg 275w, https:\/\/ddrheinrich.com\/en\/wp-content\/uploads\/sites\/3\/ddr-heinrich-academy-200x200.jpg 200w\" sizes=\"auto, (max-width: 275px) 100vw, 275px\" \/>In the scope of the DDr.&nbsp;Heinrich Academy\u00ae, we offer interested parties an opportunity to obtain more detailed information on the treatments that we offer or to take part in our training events.<\/p>\n<h2>Patients<\/h2>\n<p>We offer the following for interested non-medical laypersons who would like to learn more about our treatments. The current program of training events for patients <a href=\"https:\/\/ddrheinrich.com\/en\/contact\/\">is available upon request<\/a>.<\/p>\n<p><strong><a href=\"https:\/\/www.youtube.com\/user\/ClinicDDrHeinrich\" target=\"_blank\">Visit us on YouTube and learn about our treatments<\/a><\/strong><\/p>\n<h2>Doctors<\/h2>\n<p>DDr.&nbsp;Heinrich is Chairman of of the <a href=\"https:\/\/aestheticpractitioner.org\/\" target=\"_blank\">Association of Aesthetic and Regenerative Practitioners (AARP)<\/a>, a scientific medical association of general practioners who, within the scope of their legal authorization in their home countries or internationally, are practizing in the field of aesthetic surgery (Aesthetic Practitioners), regenerative medicine (Regenerative Practitioners), and, in particular, in the field of stem cell therapy.<\/p>\n<p>DDr.&nbsp;Heinrich holds trainings on the treatments he offers upon request. If you are a doctor and are interested in a workshop, <a href=\"https:\/\/ddrheinrich.com\/en\/contact\/\">please contact us<\/a>.<\/p>\n<div class=\"youtube dropshadow\" style=\"max-width: 550px\"><div class=\"lyte-wrapper  ratio-1_3682\" title=\"DDr. Heinrich &uuml;ber Neuentwicklungen in der kosmetischen Chirurgie am Menopausekongress 2008\" style=\"width: 550px;max-width:100%;margin:5px;\"><div class=\"lyMe\" id=\"WYL_UOPVCyWY23k\" itemprop=\"video\" itemscope itemtype=\"https:\/\/schema.org\/VideoObject\"><div><meta itemprop=\"thumbnailUrl\" content=\"https:\/\/ddrheinrich.com\/en\/wp-content\/plugins\/wp-youtube-lyte\/lyteCache.php?origThumbUrl=https%3A%2F%2Fi.ytimg.com%2Fvi%2FUOPVCyWY23k%2Fhqdefault.jpg\" \/><meta itemprop=\"embedURL\" content=\"https:\/\/www.youtube.com\/embed\/UOPVCyWY23k\" \/><meta itemprop=\"duration\" content=\"PT13M49S\" \/><meta itemprop=\"uploadDate\" content=\"2011-03-03T11:06:12Z\" \/><\/div><div id=\"lyte_UOPVCyWY23k\" data-src=\"https:\/\/ddrheinrich.com\/en\/wp-content\/plugins\/wp-youtube-lyte\/lyteCache.php?origThumbUrl=https%3A%2F%2Fi.ytimg.com%2Fvi%2FUOPVCyWY23k%2Fhqdefault.jpg\" class=\"pL\"><div class=\"tC\"><div class=\"tT\" itemprop=\"name\">DDr. Heinrich \u00fcber Neuentwicklungen in der kosmetischen Chirurgie am Menopausekongress 2008<\/div><\/div><div class=\"play\"><\/div><div class=\"ctrl\"><div class=\"Lctrl\"><\/div><div class=\"Rctrl\"><\/div><\/div><\/div><noscript><a href=\"https:\/\/youtu.be\/UOPVCyWY23k\" rel=\"nofollow\"><img loading=\"lazy\" decoding=\"async\" src=\"https:\/\/ddrheinrich.com\/en\/wp-content\/plugins\/wp-youtube-lyte\/lyteCache.php?origThumbUrl=https%3A%2F%2Fi.ytimg.com%2Fvi%2FUOPVCyWY23k%2F0.jpg\" alt=\"DDr. Heinrich &uuml;ber Neuentwicklungen in der kosmetischen Chirurgie am Menopausekongress 2008\" width=\"420\" height=\"295\" \/><br \/>Watch this video on YouTube<\/a><\/noscript><meta itemprop=\"description\" content=\"http:\/\/ddrheinrich.com\/de\/ddr-heinrich-academy\/ Vortrag von DDr. Karl-Georg Heinrich \u00fcber Neuentwicklungen in der kosmetischen Chirurgie anl\u00e4\u00dflich des Menopausekongresses in Wien am 13. Dezember 2008. http:\/\/ddrheinrich.com\/kontakt\"><\/div><\/div><div class=\"lL\" style=\"max-width:100%;width: 550px;margin:5px;\"><\/div><\/div>\n<p><img loading=\"lazy\" decoding=\"async\" class=\"alignright logo size-full wp-image-12016\" src=\"https:\/\/ddrheinrich.com\/en\/wp-content\/uploads\/sites\/3\/ddr-heinrich-academy.png\" alt=\"\" width=\"500\" height=\"42\" srcset=\"https:\/\/ddrheinrich.com\/en\/wp-content\/uploads\/sites\/3\/ddr-heinrich-academy.png 500w, https:\/\/ddrheinrich.com\/en\/wp-content\/uploads\/sites\/3\/ddr-heinrich-academy-200x17.png 200w, https:\/\/ddrheinrich.com\/en\/wp-content\/uploads\/sites\/3\/ddr-heinrich-academy-320x27.png 320w\" sizes=\"auto, (max-width: 500px) 100vw, 500px\" \/><\/p>\n","protected":false},"excerpt":{"rendered":"<p>In the scope of the DDr.&nbsp;Heinrich Academy\u00ae, we offer interested parties an opportunity to obtain more detailed information on the treatments that we offer or to take part in our training events. Patients We offer the following for interested non-medical laypersons who would like to learn more about our treatments. The current program of training [&hellip;]<\/p>\n","protected":false},"author":6,"featured_media":0,"parent":4086,"menu_order":2,"comment_status":"closed","ping_status":"closed","template":"","meta":{"footnotes":""},"class_list":["post-4088","page","type-page","status-publish","hentry"],"_links":{"self":[{"href":"https:\/\/ddrheinrich.com\/en\/wp-json\/wp\/v2\/pages\/4088","targetHints":{"allow":["GET"]}}],"collection":[{"href":"https:\/\/ddrheinrich.com\/en\/wp-json\/wp\/v2\/pages"}],"about":[{"href":"https:\/\/ddrheinrich.com\/en\/wp-json\/wp\/v2\/types\/page"}],"author":[{"embeddable":true,"href":"https:\/\/ddrheinrich.com\/en\/wp-json\/wp\/v2\/users\/6"}],"replies":[{"embeddable":true,"href":"https:\/\/ddrheinrich.com\/en\/wp-json\/wp\/v2\/comments?post=4088"}],"version-history":[{"count":13,"href":"https:\/\/ddrheinrich.com\/en\/wp-json\/wp\/v2\/pages\/4088\/revisions"}],"predecessor-version":[{"id":12862,"href":"https:\/\/ddrheinrich.com\/en\/wp-json\/wp\/v2\/pages\/4088\/revisions\/12862"}],"up":[{"embeddable":true,"href":"https:\/\/ddrheinrich.com\/en\/wp-json\/wp\/v2\/pages\/4086"}],"wp:attachment":[{"href":"https:\/\/ddrheinrich.com\/en\/wp-json\/wp\/v2\/media?parent=4088"}],"curies":[{"name":"wp","href":"https:\/\/api.w.org\/{rel}","templated":true}]}}