{"id":9375,"date":"2014-03-26T15:24:34","date_gmt":"2014-03-26T14:24:34","guid":{"rendered":"http:\/\/ddrheinrich.com\/?page_id=9375"},"modified":"2017-12-09T17:30:45","modified_gmt":"2017-12-09T16:30:45","slug":"brustrekonstruktion-eigenfett-stammzellen","status":"publish","type":"page","link":"https:\/\/ddrheinrich.com\/de\/behandlungen\/brust\/brustrekonstruktion-eigenfett-stammzellen\/","title":{"rendered":"Brustrekonstruktion"},"content":{"rendered":"<p class=\"dropshadow-image ausstellen\"><img loading=\"lazy\" decoding=\"async\" class=\"alignnone size-full wp-image-12619\" title=\"Patientin vor und nach der Brustrekonstruktion mit Eigenfett\" src=\"https:\/\/ddrheinrich.com\/de\/wp-content\/uploads\/sites\/2\/brustrekonstruktion-eigenfett-vorher-nachher.png\" alt=\"\" width=\"287\" height=\"757\" srcset=\"https:\/\/ddrheinrich.com\/de\/wp-content\/uploads\/sites\/2\/brustrekonstruktion-eigenfett-vorher-nachher.png 287w, https:\/\/ddrheinrich.com\/de\/wp-content\/uploads\/sites\/2\/brustrekonstruktion-eigenfett-vorher-nachher-76x200.png 76w, https:\/\/ddrheinrich.com\/de\/wp-content\/uploads\/sites\/2\/brustrekonstruktion-eigenfett-vorher-nachher-121x320.png 121w\" sizes=\"auto, (max-width: 287px) 100vw, 287px\" \/><\/p>\n<p class=\"ausstellen remark\">Das Nachher-Foto gibt das tats\u00e4chlich erzielte Behandlungsergebnis wieder. Zum Schutz der Anonymit\u00e4t der dargestellten Person k\u00f6nnen individuelle physische Besonderheiten (z.B. Muttermale, Tattoos) entfernt worden sein.<\/p>\n<p>Wird ein Tumor in der Brust entdeckt, ist der wichtigste Schritt die Abkl\u00e4rung ob ein gutartiges oder b\u00f6sartiges Gew\u00e4chs vorliegt. Die Tumorentfernung und lebenswichtige gesundheitliche Behandlungsschritte stehen im Vordergrund.<\/p>\n<p>H\u00e4ufig entsteht durch die Entfernung eines Tumors in der Brust eine Deformation bzw. Formabweichung, die f\u00fcr Betroffene noch zus\u00e4tzliches Leid bedeutet. Die seelische Belastung durch die entstehende Formabweichung darf nicht untersch\u00e4tzt werden: Eine ungleiche Brust, eine eingezogene Brust, Dellen in der Brust, manchmal auch Entfernung der Brustwarze oder eine asymmetrische Brust \u2013 all dies traumatisiert und erinnert tagt\u00e4glich an die erlittenen \u00c4ngste und die \u00fcberstandene Ausnahmesituation.<\/p>\n<p>Viele Frauen fragen sich: Was soll ich tun, um nach der Tumorentfernung wieder zu einer nat\u00fcrlichen Brustform zu kommen? Silikonimplantate lehnen viele Betroffene ab, weil es sich um unnat\u00fcrliche Fremdk\u00f6rper handelt. Eigenfett und Stammzellen bieten eine schonende und nat\u00fcrliche Alternative zur Brustrekonstruktion mit Silikon und aufwendigen Lappentransplantationen (z.B. DIEP-Flap und TRAM-Flap) in Vollnarkose.<\/p>\n<h2>Ablauf der Brustrekonstruktion<\/h2>\n<p>Die Brustrekonstruktion mit Eigenfett und Stammzellen erfolgt ambulant unter \u00f6rtlicher Bet\u00e4ubung und dauert ca. 2 bis 4 Stunden. Das f\u00fcr die Rekonstruktion ben\u00f6tigte Eigenfett wird mittels Fettabsaugung gewebeschonend in Handarbeit abgesaugt. Anschlie\u00dfend wird das Fett wahlweise unbehandelt oder nach Anreicherung mit k\u00f6rpereigenen Stammzellen in die Brust injiziert.<\/p>\n<p>Je nach vorliegendem Brustzustand nach der teilweisen oder kompletten Brustentfernung muss die Wiederherstellung in mehreren Eingriffsschritten erfolgen. Die Frage \u201eWie viel Fett kann in einer Sitzung in meine Brust injiziert werden?\u201c wird oft gestellt. Aufgrund der medizinischen Vorgeschichte ist bei Rekonstruktionen besonders behutsam vorzugehen. Es darf nur so viel Fett eingebracht werden, wie die noch vorhandene Brust aufnehmen kann, damit der Druck nicht zu gro\u00df wird. Im Rahmen einer Brustgewebsentfernung bei Tumorresektion wird n\u00e4mlich Brustgewebe operativ verkleinert, mit der Konsequenz, dass weniger Fassungsverm\u00f6gen f\u00fcr neues Volumen vorhanden ist, als dies bei einer nicht verkleinerten Brust der Fall ist. Daher sind bei Brustrekonstruktion mit Eigenfett mehrere Sitzung n\u00f6tig, weil der Brustaufbau schrittweise erfolgt.<\/p>\n<p>Zwischen den Eingriffen kann eine Vor- bzw. Nachdehnung mit einem mechanischen Saug-BH (z.B BRAVA Suction Bra, aber auch andere Hersteller verf\u00fcgbar) sinnvoll sein. In einem Eingriff wird gerade so viel Fett implantiert, wie die operierte Brust aufzunehmen in der Lage ist. Nach ein bis drei Eingriffen ist der erw\u00fcnschte Zustand meist erzielbar.<\/p>\n<h2>Nat\u00fcrliches Brustvolumen<\/h2>\n<div class=\"ausstellen alignright overlap quote\">\n<blockquote><p>Ich war besonders angetan von der F\u00fcrsorglichkeit und beruhigenden Pr\u00e4senz des Teams. Das war f\u00fcr mich sehr wichtig, um den Eingriff durchzustehen.<\/p>\n<footer><cite>Frau K.<\/cite><\/footer>\n<\/blockquote>\n<\/div>\n<p>Bei der Brustrekonstruktion mit stammzellangereichertem Eigenfett bleibt normalerweise ein Gro\u00dfteil des neuen Brustvolumens langfristig erhalten. Auffrischungen sind nach Erreichen des Zielvolumens daher in der Regel \u00fcberfl\u00fcssig. Ist die Stammzellanreicherung besser als der normale Fetttransfer? Laut neuen wissenschaftlichen Erkenntnissen f\u00f6rdern die implantierten zus\u00e4tzlichen Stammzellen die Ausbildung von kleinen Blutgef\u00e4\u00dfen und verbessern daher die Haltbarkeit des injizierten Fettes.<\/p>\n<p>Die Ergebnisse der Brustrekonstruktion mit Eigenfett und Stammzellen \u00fcberzeugen durch ihre Nat\u00fcrlichkeit. Da das zus\u00e4tzliche Volumen ausschlie\u00dflich aus k\u00f6rpereigenem Gewebe besteht, f\u00fchlt sich die wiederhergestellte Brust \u201eecht\u201c an und sieht in jeder Position nat\u00fcrlich aus. Dies ist ein gro\u00dfer Vorteil gegen\u00fcber Silikon, weswegen sich weltweit immer mehr Frauen f\u00fcr Eigenfett entscheiden.<\/p>\n","protected":false},"excerpt":{"rendered":"<p>Das Nachher-Foto gibt das tats\u00e4chlich erzielte Behandlungsergebnis wieder. Zum Schutz der Anonymit\u00e4t der dargestellten Person k\u00f6nnen individuelle physische Besonderheiten (z.B. Muttermale, Tattoos) entfernt worden sein. Wird ein Tumor in der Brust entdeckt, ist der wichtigste Schritt die Abkl\u00e4rung ob ein gutartiges oder b\u00f6sartiges Gew\u00e4chs vorliegt. Die Tumorentfernung und lebenswichtige gesundheitliche Behandlungsschritte stehen im Vordergrund. H\u00e4ufig [&hellip;]<\/p>\n","protected":false},"author":6,"featured_media":0,"parent":2,"menu_order":3,"comment_status":"closed","ping_status":"closed","template":"page-detail.php","meta":{"footnotes":""},"class_list":["post-9375","page","type-page","status-publish","hentry"],"_links":{"self":[{"href":"https:\/\/ddrheinrich.com\/de\/wp-json\/wp\/v2\/pages\/9375","targetHints":{"allow":["GET"]}}],"collection":[{"href":"https:\/\/ddrheinrich.com\/de\/wp-json\/wp\/v2\/pages"}],"about":[{"href":"https:\/\/ddrheinrich.com\/de\/wp-json\/wp\/v2\/types\/page"}],"author":[{"embeddable":true,"href":"https:\/\/ddrheinrich.com\/de\/wp-json\/wp\/v2\/users\/6"}],"replies":[{"embeddable":true,"href":"https:\/\/ddrheinrich.com\/de\/wp-json\/wp\/v2\/comments?post=9375"}],"version-history":[{"count":9,"href":"https:\/\/ddrheinrich.com\/de\/wp-json\/wp\/v2\/pages\/9375\/revisions"}],"predecessor-version":[{"id":12655,"href":"https:\/\/ddrheinrich.com\/de\/wp-json\/wp\/v2\/pages\/9375\/revisions\/12655"}],"up":[{"embeddable":true,"href":"https:\/\/ddrheinrich.com\/de\/wp-json\/wp\/v2\/pages\/2"}],"wp:attachment":[{"href":"https:\/\/ddrheinrich.com\/de\/wp-json\/wp\/v2\/media?parent=9375"}],"curies":[{"name":"wp","href":"https:\/\/api.w.org\/{rel}","templated":true}]}}