{"id":89,"date":"2010-09-14T22:53:00","date_gmt":"2010-09-14T20:53:00","guid":{"rendered":"http:\/\/ddrheinrich.com\/?page_id=89"},"modified":"2017-12-09T17:40:48","modified_gmt":"2017-12-09T16:40:48","slug":"internationale-patienten","status":"publish","type":"page","link":"https:\/\/ddrheinrich.com\/de\/internationale-patienten\/","title":{"rendered":"Internationale Patienten"},"content":{"rendered":"<p><img loading=\"lazy\" decoding=\"async\" class=\"alignright ausstellen dropshadow portrait size-full wp-image-12127\" src=\"https:\/\/ddrheinrich.com\/de\/wp-content\/uploads\/sites\/2\/international-patients.jpg\" alt=\"\" width=\"275\" height=\"412\" srcset=\"https:\/\/ddrheinrich.com\/de\/wp-content\/uploads\/sites\/2\/international-patients.jpg 275w, https:\/\/ddrheinrich.com\/de\/wp-content\/uploads\/sites\/2\/international-patients-133x200.jpg 133w, https:\/\/ddrheinrich.com\/de\/wp-content\/uploads\/sites\/2\/international-patients-214x320.jpg 214w\" sizes=\"auto, (max-width: 275px) 100vw, 275px\" \/><\/p>\n<p>All unsere Behandlungen und Therapien k\u00f6nnen Sie selbstverst\u00e4ndlich auch in Anspruch nehmen, wenn Sie im Ausland wohnen bzw. einen l\u00e4ngeren Anreiseweg zu uns nach Wien haben. Mit besonderer Freude erf\u00fcllt uns, dass uns bereits Patientinnen und Patienten aus allen Teilen der Welt ihr Vertrauen geschenkt haben. In unserer langj\u00e4hrigen Erfahrung bei der Betreuung internationaler Klientel haben wir viele koordinatorische Herausforderungen gemeistert und L\u00f6sungen f\u00fcr unterschiedliche W\u00fcnsche und Anliegen entwickelt.<\/p>\n<p><a href=\"https:\/\/ddrheinrich.com\/de\/kontakt\/\">Kontaktieren Sie uns, wenn Sie bei Ihren Vorbereitungen f\u00fcr Ihren optimalen Behandlungsablauf Unterst\u00fctzung ben\u00f6tigen.<\/a><\/p>\n<h2>\u00c4rztliche Videokonsultation (Webcam-Konsultation)<\/h2>\n<p>In der Medizin ist das Vertrauen zwischen Arzt und Patient\/in besonders bedeutsam. Zur Planung einer Behandlung ist daher wichtig, einander pers\u00f6nlich gesehen und miteinander gesprochen zu haben. Aufgrund langer Anreisewege ist es vor allem f\u00fcr ausl\u00e4ndische Patientinnen und Patienten jedoch oft nicht so einfach, zur Erstkonsultation nach Wien zu kommen. Deshalb bieten wir Ihnen die M\u00f6glichkeit einer <a href=\"https:\/\/ddrheinrich.com\/de\/kontakt\/\">Webcam-Konsultation<\/a> (\u00fcblicherweise Skype). Im Rahmen dieser \u00e4rztlichen Videokonsultation k\u00f6nnen Sie bequem bei sich zu Hause Ihre Anliegen im Detail mit DDr.&nbsp;Heinrich besprechen und mit ihm alle Fragen er\u00f6rtern, die f\u00fcr Ihre weitere Entscheidungsfindung wichtig sind.<\/p>\n<h2>Voruntersuchungen im Heimatland<\/h2>\n<div class=\"alignright ausstellen\">\n<p><img loading=\"lazy\" decoding=\"async\" class=\"dropshadow size-full wp-image-12081\" src=\"https:\/\/ddrheinrich.com\/de\/wp-content\/uploads\/sites\/2\/schoenbrunn.jpg\" alt=\"\" width=\"275\" height=\"275\" srcset=\"https:\/\/ddrheinrich.com\/de\/wp-content\/uploads\/sites\/2\/schoenbrunn.jpg 275w, https:\/\/ddrheinrich.com\/de\/wp-content\/uploads\/sites\/2\/schoenbrunn-200x200.jpg 200w\" sizes=\"auto, (max-width: 275px) 100vw, 275px\" \/><\/p>\n<p class=\"caption\">Schloss Sch\u00f6nbrunn, Wien<\/p>\n<\/div>\n<p>Vielen Patientinnen und Patienten ist es wichtig, ihre Reise zu uns m\u00f6glichst effizient zu gestalten. Grunds\u00e4tzlich k\u00f6nnen Sie fast alle Behandlungen im Rahmen eines Wienaufenthalts von ein paar Tagen absolvieren. Voraussetzung ist, dass Sie im Vorfeld alle notwendigen medizinischen Voruntersuchungen durchgef\u00fchrt und uns die Befunde zur Verf\u00fcgung gestellt haben. Welche Voruntersuchungen konkret erforderlich sind, h\u00e4ngt von der Art der Behandlung\/Therapie und Ihrem individuellen Gesundheitszustand ab. Um abzukl\u00e4ren, was in Ihrem Fall empfehlenswert ist, <a href=\"https:\/\/ddrheinrich.com\/de\/kontakt\/\">kontaktieren Sie uns bitte<\/a>.<\/p>\n<h2>Dolmetschservice<\/h2>\n<p>Unser Team beherrscht folgende Sprachen: Deutsch, Englisch und Spanisch. F\u00fcr alle weiteren Sprachen muss ein Dolmetsch beigezogen werden. Falls Sie nicht Ihren pers\u00f6nlichen \u00dcbersetzer hinzuziehen m\u00f6chten, k\u00f6nnen wir Ihnen selbstverst\u00e4ndlich diesen Service anbieten. Kosten auf <a href=\"https:\/\/ddrheinrich.com\/de\/kontakt\/\">Anfrage<\/a>.<\/p>\n<h2>Besondere W\u00fcnsche<\/h2>\n<p>Seit Gr\u00fcndung unserer Praxis ist uns wichtig, dass sich alle Patientinnen und Patienten bei uns wohl f\u00fchlen. Wir ersuchen Sie, kulturell oder religi\u00f6s bedingte Anliegen bereits vor Ihrem Aufenthalt unserem Team mitzuteilen, damit wir die f\u00fcr Sie optimale Betreuung gew\u00e4hrleisten k\u00f6nnen. Bitte beachten Sie in diesem Zusammenhang auch unseren <a href=\"https:\/\/ddrheinrich.com\/de\/kontakt\/vip-service\/\">VIP-Service<\/a>.<\/p>\n","protected":false},"excerpt":{"rendered":"<p>All unsere Behandlungen und Therapien k\u00f6nnen Sie selbstverst\u00e4ndlich auch in Anspruch nehmen, wenn Sie im Ausland wohnen bzw. einen l\u00e4ngeren Anreiseweg zu uns nach Wien haben. Mit besonderer Freude erf\u00fcllt uns, dass uns bereits Patientinnen und Patienten aus allen Teilen der Welt ihr Vertrauen geschenkt haben. In unserer langj\u00e4hrigen Erfahrung bei der Betreuung internationaler Klientel [&hellip;]<\/p>\n","protected":false},"author":6,"featured_media":0,"parent":0,"menu_order":7,"comment_status":"closed","ping_status":"closed","template":"","meta":{"footnotes":""},"class_list":["post-89","page","type-page","status-publish","hentry"],"_links":{"self":[{"href":"https:\/\/ddrheinrich.com\/de\/wp-json\/wp\/v2\/pages\/89","targetHints":{"allow":["GET"]}}],"collection":[{"href":"https:\/\/ddrheinrich.com\/de\/wp-json\/wp\/v2\/pages"}],"about":[{"href":"https:\/\/ddrheinrich.com\/de\/wp-json\/wp\/v2\/types\/page"}],"author":[{"embeddable":true,"href":"https:\/\/ddrheinrich.com\/de\/wp-json\/wp\/v2\/users\/6"}],"replies":[{"embeddable":true,"href":"https:\/\/ddrheinrich.com\/de\/wp-json\/wp\/v2\/comments?post=89"}],"version-history":[{"count":38,"href":"https:\/\/ddrheinrich.com\/de\/wp-json\/wp\/v2\/pages\/89\/revisions"}],"predecessor-version":[{"id":12278,"href":"https:\/\/ddrheinrich.com\/de\/wp-json\/wp\/v2\/pages\/89\/revisions\/12278"}],"wp:attachment":[{"href":"https:\/\/ddrheinrich.com\/de\/wp-json\/wp\/v2\/media?parent=89"}],"curies":[{"name":"wp","href":"https:\/\/api.w.org\/{rel}","templated":true}]}}