{"id":8663,"date":"2013-07-10T12:32:04","date_gmt":"2013-07-10T10:32:04","guid":{"rendered":"http:\/\/ddrheinrich.com\/?page_id=8663"},"modified":"2018-05-23T11:41:28","modified_gmt":"2018-05-23T09:41:28","slug":"platelet-rich-plasma","status":"publish","type":"page","link":"https:\/\/ddrheinrich.com\/de\/behandlungen\/gesicht-haut-haar\/platelet-rich-plasma\/","title":{"rendered":"Platelet-Rich Plasma"},"content":{"rendered":"<p><img loading=\"lazy\" decoding=\"async\" class=\"alignright ausstellen dropshadow portrait size-full wp-image-11923\" src=\"https:\/\/ddrheinrich.com\/de\/wp-content\/uploads\/sites\/2\/platelet-rich-plasma.jpg\" alt=\"\" width=\"275\" height=\"304\" srcset=\"https:\/\/ddrheinrich.com\/de\/wp-content\/uploads\/sites\/2\/platelet-rich-plasma.jpg 275w, https:\/\/ddrheinrich.com\/de\/wp-content\/uploads\/sites\/2\/platelet-rich-plasma-181x200.jpg 181w\" sizes=\"auto, (max-width: 275px) 100vw, 275px\" \/>Die Behandlung mit Platelet-Rich Plasma (PRP) aus Eigenblut eignet sich im Besonderen zur lokalen Verj\u00fcngung der Haut an Gesicht und K\u00f6rper. Das PRP unterst\u00fctzt die Regeneration der Haut und verleiht ihr so neue Vitalit\u00e4t und Frische.<\/p>\n<p>Aus einer kleinen Menge Blut des Patienten\/der Patientin werden die darin enthaltenen wertvollen Blutpl\u00e4ttchen (Thrombozyten) gewonnen. Dieses \u201ePlatelet-Rich Plasma\u201c genannte Konzentrat von Thrombozyten wird anschlie\u00dfend mit sehr feinen Nadeln sanft in die Haut eingebracht. Dort aktiviert es die k\u00f6rpereigenen Stammzellen und produziert regenerationsf\u00f6rdernde Wachstumsfaktoren, die \u00e4u\u00dferlich eine Verj\u00fcngung der behandelten Regionen bewirken. Die Wirkung der Behandlung h\u00e4lt einige Monate an, Auffrischungen sind empfehlenswert.<\/p>\n<div class=\"quote\">\n<blockquote><p>Einfach toll! Meine Haut im Gesicht ist viel frischer als vorher. Ich will auf keinen Fall etwas \u201eK\u00fcnstliches\u201c in meinem K\u00f6rper haben. Dass man das eigene Blut dazu verwenden kann, sich zu regenerieren, finde ich gro\u00dfartig!<\/p>\n<footer><cite>Frau Dr. H.<\/cite><\/footer>\n<\/blockquote>\n<\/div>\n<p>Eine Kombination mit anderen Behandlungen ist m\u00f6glich. So kann mit PRP der Effekt einer Stammzellbehandlung verst\u00e4rkt werden. PRP und bioidentische Hormone zeigen oft besonders gute Hautregenerationsergebnisse.<\/p>\n<div class=\"youtube dropshadow\" style=\"max-width: 450px\"><div class=\"lyte-wrapper  ratio-1_3314\" title=\"Hautverj&uuml;ngung mit PRP und k&ouml;rpereigenen Stammzellen\" style=\"width: 450px;max-width:100%;margin:5px;\"><div class=\"lyMe\" id=\"WYL_NBJ4FVc4v7k\" itemprop=\"video\" itemscope itemtype=\"https:\/\/schema.org\/VideoObject\"><div><meta itemprop=\"thumbnailUrl\" content=\"https:\/\/ddrheinrich.com\/de\/wp-content\/plugins\/wp-youtube-lyte\/lyteCache.php?origThumbUrl=https%3A%2F%2Fi.ytimg.com%2Fvi%2FNBJ4FVc4v7k%2Fhqdefault.jpg\" \/><meta itemprop=\"embedURL\" content=\"https:\/\/www.youtube.com\/embed\/NBJ4FVc4v7k\" \/><meta itemprop=\"duration\" content=\"PT53S\" \/><meta itemprop=\"uploadDate\" content=\"2013-03-10T14:39:05Z\" \/><\/div><div id=\"lyte_NBJ4FVc4v7k\" data-src=\"https:\/\/ddrheinrich.com\/de\/wp-content\/plugins\/wp-youtube-lyte\/lyteCache.php?origThumbUrl=https%3A%2F%2Fi.ytimg.com%2Fvi%2FNBJ4FVc4v7k%2Fhqdefault.jpg\" class=\"pL\"><div class=\"tC\"><div class=\"tT\" itemprop=\"name\">Hautverj\u00fcngung mit PRP und k\u00f6rpereigenen Stammzellen<\/div><\/div><div class=\"play\"><\/div><div class=\"ctrl\"><div class=\"Lctrl\"><\/div><div class=\"Rctrl\"><\/div><\/div><\/div><noscript><a href=\"https:\/\/youtu.be\/NBJ4FVc4v7k\" rel=\"nofollow\"><img loading=\"lazy\" decoding=\"async\" src=\"https:\/\/ddrheinrich.com\/de\/wp-content\/plugins\/wp-youtube-lyte\/lyteCache.php?origThumbUrl=https%3A%2F%2Fi.ytimg.com%2Fvi%2FNBJ4FVc4v7k%2F0.jpg\" alt=\"Hautverj&uuml;ngung mit PRP und k&ouml;rpereigenen Stammzellen\" width=\"420\" height=\"295\" \/><br \/>Watch this video on YouTube<\/a><\/noscript><meta itemprop=\"description\" content=\"http:\/\/ddrheinrich.com\/de\/behandlungen\/gesicht-haut-haar\/stammzellen\/ DDr. Karl-Georg Heinrich, auf dem Gebiet der \u00e4sthetischen Chirurgie und regenerativen Medizin t\u00e4tiger Arzt aus Wien, erl\u00e4utert den Unterschied zwischen Hautbehandlungen mit Platelet-Rich Plasma (PRP) und k\u00f6rpereigenen Stammzellen aus Eigenfett. Beide Behandlungen erm\u00f6glichen eine Reduktion von Falten ohne Facelift mit dem Skalpell. http:\/\/ddrheinrich.com\/kontakt\"><\/div><\/div><div class=\"lL\" style=\"max-width:100%;width: 450px;margin:5px;\"><\/div><\/div>\n","protected":false},"excerpt":{"rendered":"<p>Die Behandlung mit Platelet-Rich Plasma (PRP) aus Eigenblut eignet sich im Besonderen zur lokalen Verj\u00fcngung der Haut an Gesicht und K\u00f6rper. Das PRP unterst\u00fctzt die Regeneration der Haut und verleiht ihr so neue Vitalit\u00e4t und Frische. Aus einer kleinen Menge Blut des Patienten\/der Patientin werden die darin enthaltenen wertvollen Blutpl\u00e4ttchen (Thrombozyten) gewonnen. Dieses \u201ePlatelet-Rich Plasma\u201c [&hellip;]<\/p>\n","protected":false},"author":6,"featured_media":0,"parent":25,"menu_order":2,"comment_status":"closed","ping_status":"closed","template":"page-detail.php","meta":{"footnotes":""},"class_list":["post-8663","page","type-page","status-publish","hentry"],"_links":{"self":[{"href":"https:\/\/ddrheinrich.com\/de\/wp-json\/wp\/v2\/pages\/8663","targetHints":{"allow":["GET"]}}],"collection":[{"href":"https:\/\/ddrheinrich.com\/de\/wp-json\/wp\/v2\/pages"}],"about":[{"href":"https:\/\/ddrheinrich.com\/de\/wp-json\/wp\/v2\/types\/page"}],"author":[{"embeddable":true,"href":"https:\/\/ddrheinrich.com\/de\/wp-json\/wp\/v2\/users\/6"}],"replies":[{"embeddable":true,"href":"https:\/\/ddrheinrich.com\/de\/wp-json\/wp\/v2\/comments?post=8663"}],"version-history":[{"count":7,"href":"https:\/\/ddrheinrich.com\/de\/wp-json\/wp\/v2\/pages\/8663\/revisions"}],"predecessor-version":[{"id":12997,"href":"https:\/\/ddrheinrich.com\/de\/wp-json\/wp\/v2\/pages\/8663\/revisions\/12997"}],"up":[{"embeddable":true,"href":"https:\/\/ddrheinrich.com\/de\/wp-json\/wp\/v2\/pages\/25"}],"wp:attachment":[{"href":"https:\/\/ddrheinrich.com\/de\/wp-json\/wp\/v2\/media?parent=8663"}],"curies":[{"name":"wp","href":"https:\/\/api.w.org\/{rel}","templated":true}]}}