{"id":84,"date":"2010-09-14T22:48:09","date_gmt":"2010-09-14T20:48:09","guid":{"rendered":"http:\/\/ddrheinrich.com\/?page_id=84"},"modified":"2017-12-09T17:37:41","modified_gmt":"2017-12-09T16:37:41","slug":"fettabsaugung","status":"publish","type":"page","link":"https:\/\/ddrheinrich.com\/de\/behandlungen\/gewichtsabnahme\/fettabsaugung\/","title":{"rendered":"Fettabsaugung"},"content":{"rendered":"<p><img loading=\"lazy\" decoding=\"async\" class=\"alignright ausstellen dropshadow portrait size-full wp-image-11863\" src=\"https:\/\/ddrheinrich.com\/de\/wp-content\/uploads\/sites\/2\/gewichtsabnahme-fettabsaugung.jpg\" alt=\"\" width=\"275\" height=\"389\" srcset=\"https:\/\/ddrheinrich.com\/de\/wp-content\/uploads\/sites\/2\/gewichtsabnahme-fettabsaugung.jpg 275w, https:\/\/ddrheinrich.com\/de\/wp-content\/uploads\/sites\/2\/gewichtsabnahme-fettabsaugung-141x200.jpg 141w, https:\/\/ddrheinrich.com\/de\/wp-content\/uploads\/sites\/2\/gewichtsabnahme-fettabsaugung-226x320.jpg 226w\" sizes=\"auto, (max-width: 275px) 100vw, 275px\" \/>Viele Frauen und M\u00e4nner fragen sich:<\/p>\n<ul>\n<li>Was kann ich gegen \u00dcbergewicht tun, wie nehme ich am besten ab?<\/li>\n<li>Hilft Fettabsaugung beim Gewichtabnehmen?<\/li>\n<li>Sind Hormone schuld am \u00dcbergewicht?<\/li>\n<\/ul>\n<p>\u00dcbergewicht ist ungesund und birgt erhebliche gesundheitliche Risiken. Viele Betroffene wollen abnehmen \u2013 wir helfen Ihnen gerne:<\/p>\n<p>Die von DDr.&nbsp;Heinrich angewandten Methoden der Fettabsaugung eignen sich auch zur Unterst\u00fctzung bei der Gewichtsabnahme. Wenn lokale Fettpolster nur ein Teil eines generellen \u00dcbergewichtsproblems sind, kann die Fettabsaugung bzw. die <a href=\"https:\/\/ddrheinrich.com\/de\/behandlungen\/fettabsaugung\/fettwegspritze\/\">Fettwegspritze<\/a> als \u201eInitialz\u00fcndung\u201c helfen, den K\u00f6rper quasi auf \u201eFettabbau\u201c zu \u201eprogrammieren\u201c.<\/p>\n<p>Interessanterweise hilft eine Fettabsaugung auch, bestimmte hormonelle Imbalancen zu korrigieren, die durch \u00dcbergewicht verschlimmert werden: Offenbar produzieren Fettzellen, die gut gef\u00fcllt sind, \u00d6strogene. Durch die Reduktion von \u00f6strogenproduzierenden Fettpolstern an Bauch und H\u00fcften, welche die Fettansammlung f\u00f6rdern und so einen Teufelskreis der Gewichtszunahme bewirken, kann die Gewichtabnahme unterst\u00fctzt werden.<\/p>\n<p>Oft wird \u00dcbergewicht aber auch durch ein hormonelles Ungleichgewicht oder sogar einen Mangel an bestimmten Hormonen verursacht. Diese Hormonm\u00e4ngel k\u00f6nnen durch Zufuhr von bioidentischen Hormonen behandelt werden. Schilddr\u00fcsenprobleme oder Schilddr\u00fcsenerkrankungen sind eine h\u00e4ufige Diagnosen in der medizinischen Krankengeschichte von \u00fcbergewichtigen Menschen.<\/p>\n<div class=\"quote\">\n<blockquote><p>Ich (m\u00e4nnlich, 38) bin 185&nbsp;cm gro\u00df und hatte (\ud83d\ude42) mehr als 120&nbsp;kg. Jetzt nach 2 Fettabsaugungen und einer 3-monatigen Gewichtabnahmetherapie bin ich fast schon 2-stellig und ein neuer Mensch! Danke an Dr. Heinrich und das gesamte Team!<\/p>\n<footer><cite>Herr Dr. St.<\/cite><\/footer>\n<\/blockquote>\n<\/div>\n<p>Au\u00dferdem kann durch eine Fettabsaugung <em>vor<\/em> der eigentlichen Gewichtsabnahme das Risiko der Bildung \u00fcbersch\u00fcssiger, h\u00e4ngender Hauttaschen vermindert und die R\u00fcckbildung des Gewebes nach der Gewichtsabnahme gef\u00f6rdert werden. Auch deshalb ist es wichtig, dass <em>vor<\/em> der geplanten Gewichtsabnahme Fett abgesaugt wird und nicht erst im Anschluss daran.<\/p>\n","protected":false},"excerpt":{"rendered":"<p>Viele Frauen und M\u00e4nner fragen sich: Was kann ich gegen \u00dcbergewicht tun, wie nehme ich am besten ab? Hilft Fettabsaugung beim Gewichtabnehmen? Sind Hormone schuld am \u00dcbergewicht? \u00dcbergewicht ist ungesund und birgt erhebliche gesundheitliche Risiken. Viele Betroffene wollen abnehmen \u2013 wir helfen Ihnen gerne: Die von DDr.&nbsp;Heinrich angewandten Methoden der Fettabsaugung eignen sich auch zur [&hellip;]<\/p>\n","protected":false},"author":6,"featured_media":0,"parent":50,"menu_order":1,"comment_status":"closed","ping_status":"closed","template":"page-detail.php","meta":{"footnotes":""},"class_list":["post-84","page","type-page","status-publish","hentry"],"_links":{"self":[{"href":"https:\/\/ddrheinrich.com\/de\/wp-json\/wp\/v2\/pages\/84","targetHints":{"allow":["GET"]}}],"collection":[{"href":"https:\/\/ddrheinrich.com\/de\/wp-json\/wp\/v2\/pages"}],"about":[{"href":"https:\/\/ddrheinrich.com\/de\/wp-json\/wp\/v2\/types\/page"}],"author":[{"embeddable":true,"href":"https:\/\/ddrheinrich.com\/de\/wp-json\/wp\/v2\/users\/6"}],"replies":[{"embeddable":true,"href":"https:\/\/ddrheinrich.com\/de\/wp-json\/wp\/v2\/comments?post=84"}],"version-history":[{"count":16,"href":"https:\/\/ddrheinrich.com\/de\/wp-json\/wp\/v2\/pages\/84\/revisions"}],"predecessor-version":[{"id":12506,"href":"https:\/\/ddrheinrich.com\/de\/wp-json\/wp\/v2\/pages\/84\/revisions\/12506"}],"up":[{"embeddable":true,"href":"https:\/\/ddrheinrich.com\/de\/wp-json\/wp\/v2\/pages\/50"}],"wp:attachment":[{"href":"https:\/\/ddrheinrich.com\/de\/wp-json\/wp\/v2\/media?parent=84"}],"curies":[{"name":"wp","href":"https:\/\/api.w.org\/{rel}","templated":true}]}}