{"id":79,"date":"2010-09-14T22:46:19","date_gmt":"2010-09-14T20:46:19","guid":{"rendered":"http:\/\/ddrheinrich.com\/?page_id=79"},"modified":"2017-12-09T17:32:25","modified_gmt":"2017-12-09T16:32:25","slug":"korrekturen","status":"publish","type":"page","link":"https:\/\/ddrheinrich.com\/de\/behandlungen\/fettabsaugung\/korrekturen\/","title":{"rendered":"Korrekturen"},"content":{"rendered":"<p><img loading=\"lazy\" decoding=\"async\" class=\"alignright ausstellen portrait size-full wp-image-12112\" src=\"https:\/\/ddrheinrich.com\/de\/wp-content\/uploads\/sites\/2\/fettabsaugung-korrekturen.png\" alt=\"\" width=\"275\" height=\"283\" srcset=\"https:\/\/ddrheinrich.com\/de\/wp-content\/uploads\/sites\/2\/fettabsaugung-korrekturen.png 275w, https:\/\/ddrheinrich.com\/de\/wp-content\/uploads\/sites\/2\/fettabsaugung-korrekturen-194x200.png 194w\" sizes=\"auto, (max-width: 275px) 100vw, 275px\" \/>DDr.&nbsp;Heinrich wird sehr h\u00e4ufig von Patientinnen und Patienten konsultiert, die im Vorfeld eine Behandlung in einer medizinischen Einrichtung vornehmen lie\u00dfen, die nicht auf Fettabsaugung spezialisiert war. Oft sollte durch Auswahl dieser Einrichtungen auch Geld gespart werden. Das unerfreuliche Ergebnis solcher Fettabsaugungen zeigt sich meist in Dellen und Unregelm\u00e4\u00dfigkeiten der Silhouette.<\/p>\n<p>In den meisten F\u00e4llen kann DDr.&nbsp;Heinrich helfen und das unbefriedigende Ergebnis wesentlich verbessern!<\/p>\n<p>Korrekturarbeiten sind schwierig, zeitaufw\u00e4ndig und m\u00fcssen in jedem Fall mit Mikrokan\u00fclen vorgenommen werden, um die n\u00f6tige Pr\u00e4zision zu erzielen. Meist muss n\u00e4mlich die Silhouette neu geformt werden und k\u00f6rpereigenes Fett kann zum F\u00fcllen von \u201eDellen\u201c verwendet werden, die durch eine zu aggressive Fettabsaugung beim vorhergehenden Eingriff entstanden sind.<\/p>\n<p>Ich f\u00fchlte mich hervorragend betreut und gut aufgehoben. Die Mitarbeiterinnen waren sehr verst\u00e4ndnisvoll und einf\u00fchlsam. Ich w\u00fcrde diese OP jederzeit wieder machen lassen.<\/p>\n<div class=\"quote\">\n<blockquote><p>Ich f\u00fchlte mich hervorragend betreut und gut aufgehoben. Die Mitarbeiterinnen waren sehr verst\u00e4ndnisvoll und einf\u00fchlsam. Ich w\u00fcrde diese OP jederzeit wieder machen lassen.<\/p>\n<footer><cite>Frau S. K.<\/cite><\/footer>\n<\/blockquote>\n<\/div>\n<p>Die Eigenfetteinspritzung kann auf unterschiedliche Weise erfolgen \u2013 entweder mit unbehandeltem Eigenfett oder mit stammzellangereichertem Eigenfett. Im Ergebnis unterscheiden sich die Methoden durch die unterschiedlich lange Haltbarkeit. Aufgrund der besonders guten Haltbarkeit empfiehlt sich f\u00fcr Korrektureingriffe der stammzellangereicherte Fetttransfer.<\/p>\n","protected":false},"excerpt":{"rendered":"<p>DDr.&nbsp;Heinrich wird sehr h\u00e4ufig von Patientinnen und Patienten konsultiert, die im Vorfeld eine Behandlung in einer medizinischen Einrichtung vornehmen lie\u00dfen, die nicht auf Fettabsaugung spezialisiert war. Oft sollte durch Auswahl dieser Einrichtungen auch Geld gespart werden. Das unerfreuliche Ergebnis solcher Fettabsaugungen zeigt sich meist in Dellen und Unregelm\u00e4\u00dfigkeiten der Silhouette. In den meisten F\u00e4llen kann [&hellip;]<\/p>\n","protected":false},"author":6,"featured_media":0,"parent":14,"menu_order":4,"comment_status":"closed","ping_status":"closed","template":"page-detail.php","meta":{"footnotes":""},"class_list":["post-79","page","type-page","status-publish","hentry"],"_links":{"self":[{"href":"https:\/\/ddrheinrich.com\/de\/wp-json\/wp\/v2\/pages\/79","targetHints":{"allow":["GET"]}}],"collection":[{"href":"https:\/\/ddrheinrich.com\/de\/wp-json\/wp\/v2\/pages"}],"about":[{"href":"https:\/\/ddrheinrich.com\/de\/wp-json\/wp\/v2\/types\/page"}],"author":[{"embeddable":true,"href":"https:\/\/ddrheinrich.com\/de\/wp-json\/wp\/v2\/users\/6"}],"replies":[{"embeddable":true,"href":"https:\/\/ddrheinrich.com\/de\/wp-json\/wp\/v2\/comments?post=79"}],"version-history":[{"count":8,"href":"https:\/\/ddrheinrich.com\/de\/wp-json\/wp\/v2\/pages\/79\/revisions"}],"predecessor-version":[{"id":12228,"href":"https:\/\/ddrheinrich.com\/de\/wp-json\/wp\/v2\/pages\/79\/revisions\/12228"}],"up":[{"embeddable":true,"href":"https:\/\/ddrheinrich.com\/de\/wp-json\/wp\/v2\/pages\/14"}],"wp:attachment":[{"href":"https:\/\/ddrheinrich.com\/de\/wp-json\/wp\/v2\/media?parent=79"}],"curies":[{"name":"wp","href":"https:\/\/api.w.org\/{rel}","templated":true}]}}