{"id":77,"date":"2010-09-14T22:45:55","date_gmt":"2010-09-14T20:45:55","guid":{"rendered":"http:\/\/ddrheinrich.com\/?page_id=77"},"modified":"2017-12-09T17:32:09","modified_gmt":"2017-12-09T16:32:09","slug":"gesicht-kinn","status":"publish","type":"page","link":"https:\/\/ddrheinrich.com\/de\/behandlungen\/fettabsaugung\/gesicht-kinn\/","title":{"rendered":"Gesicht &#038; Kinn"},"content":{"rendered":"<p><img loading=\"lazy\" decoding=\"async\" class=\"alignright ausstellen dropshadow portrait size-full wp-image-12115\" src=\"https:\/\/ddrheinrich.com\/de\/wp-content\/uploads\/sites\/2\/fettabsaugung-gesicht-kinn.jpg\" alt=\"\" width=\"275\" height=\"379\" srcset=\"https:\/\/ddrheinrich.com\/de\/wp-content\/uploads\/sites\/2\/fettabsaugung-gesicht-kinn.jpg 275w, https:\/\/ddrheinrich.com\/de\/wp-content\/uploads\/sites\/2\/fettabsaugung-gesicht-kinn-145x200.jpg 145w, https:\/\/ddrheinrich.com\/de\/wp-content\/uploads\/sites\/2\/fettabsaugung-gesicht-kinn-232x320.jpg 232w\" sizes=\"auto, (max-width: 275px) 100vw, 275px\" \/>Das Gesicht ist unser individuellster K\u00f6rperteil und macht jeden von uns auf besondere Weise einzigartig.<\/p>\n<p>Auch wenn Sch\u00f6nheit immer im Auge des Betrachters liegt und gerade markante Gesichtsz\u00fcge der \u00e4u\u00dferen Erscheinung einen besonderen Reiz verleihen k\u00f6nnen, w\u00fcnschen sich doch viele Frauen und M\u00e4nner ein ebenm\u00e4\u00dfiges, harmonisches Antlitz. Hinzu kommt, dass erschlaffte Backen, ein Doppelkinn und stark h\u00e4ngende Augenlider oft einen gro\u00dfen Leidensdruck verursachen.<\/p>\n<h2>Sanfte Gesichtsmodellierung:<br \/>\nMikrofacelift und Doppelkinnabsaugung<\/h2>\n<p>Durch Fettabsaugung mit besonders d\u00fcnnen Mikrokan\u00fclen k\u00f6nnen lokale Fettdepots im Gesicht schonend entfernt bzw. das Gesicht sanft modelliert werden.<\/p>\n<p>Ein sogenannten Mikrofacelift bringt bei erschlaffter Haut im Gesichts-, Wangen- und Halsbereich Abhilfe \u2013 hierbei wird besonders schonend vorgegangen und komplett auf Skalpell oder Hautschnitte verzichtet. Im Gegensatz zum sogenannten Mini-Facelift bleiben beim Mikrofacelift keine mit freiem Auge sichtbaren Narben zur\u00fcck.<\/p>\n\n<div class=\"ngg-galleryoverview\" id=\"ngg-gallery-37-77\">\n\n\n\t\n\t<!-- Thumbnails -->\n\t\t\n\t<div id=\"ngg-image-681\" class=\"ngg-gallery-thumbnail-box\"  >\n\t\t<div class=\"ngg-gallery-thumbnail\" >\n\t\t\t<a href=\"https:\/\/ddrheinrich.com\/de\/wp-content\/uploads\/sites\/2\/galleries\/fettabsaugung-gesicht-kinn\/ddrheinrich-fettabsaugung-31.jpg\" title=\"&lt;strong&gt;Fettabsaugung mit Mikrokan\u00fclen am Kinn.&lt;\/strong&gt; Links: Vorher. Rechts: Nachher.\" class=\"shutterset_set_37\" >\n\t\t\t\t\t\t\t\t<img decoding=\"async\" loading=\"lazy\" title=\"Fettabsaugung mit Mikrokan\u00fclen am Kinn\" alt=\"Fettabsaugung mit Mikrokan\u00fclen am Kinn\" src=\"https:\/\/ddrheinrich.com\/de\/wp-content\/uploads\/sites\/2\/galleries\/fettabsaugung-gesicht-kinn\/thumbs\/thumbs_ddrheinrich-fettabsaugung-31.jpg\" width=\"250\" height=\"109\" \/>\n\t\t\t\t\t\t\t<\/a>\n\t\t<\/div>\n\t<\/div>\n\t\n\t\t\n \t \t\n\t<!-- Pagination -->\n \t<div class='ngg-clear'><\/div>\n \t\n<\/div>\n\n\n<p class=\"remark\">S\u00e4mtliche Nachher-Fotos geben das tats\u00e4chlich erzielte Behandlungsergebnis wieder. Zum Schutz der Anonymit\u00e4t der dargestellten Personen k\u00f6nnen individuelle physische Besonderheiten (z.B. Muttermale, Tattoos) entfernt worden sein.<\/p>\n<p>Auch ein \u201eDoppelkinn\u201c kann so entfernt werden. Durch gezielte Absaugung wird die Kinnpartie sanft korrigiert, die Gesichtskonturen werden dabei pr\u00e4zise und harmonisch modelliert. Bei einem \u201edauerm\u00fcden\u201c Gesichtsausdruck reicht oft die Absaugung einer winzigen Menge Fett, um die Augenpartie offen und frisch erstrahlen zu lassen.<\/p>\n<div class=\"ausstellen alignright overlap quote\">\n<blockquote><p>Umsorgend, hilfsbereit, jederzeit freundlich, kompetent, beruhigend, unterst\u00fctzend \u2013 alles perfekt \ud83d\ude42!<\/p>\n<footer><cite>Frau H.<\/cite><\/footer>\n<\/blockquote>\n<\/div>\n<p>Die Fettabsaugung im Gesicht erfolgt immer ambulant und dauert erfahrungsgem\u00e4\u00df meist maximal 2 Stunden. Da im Gesicht besonders sorgf\u00e4ltig und pr\u00e4zise gearbeitet werden muss, verwenden wir ausschlie\u00dflich ganz d\u00fcnne Mikrokan\u00fclen. Ein Skalpell, das dauerhafte Narben hinterl\u00e4sst, verwenden wir f\u00fcr Ihr Gesicht nicht. Unter \u00f6rtlicher Bet\u00e4ubung wird ein Teil des Unterhautfettgewebes im Problembereich mit besonders feinen Mikrokan\u00fclen abgesaugt. Dadurch entsteht der Lifting-Effekt, die Wangenregion wird konturiert, erschlaffte oder unerw\u00fcnschte Fettpolster werden entfernt.<\/p>\n<p>Bei ganz kleinen Fettdepots im Gesicht kann anstelle einer Fettabsaugung auch eine <a href=\"https:\/\/ddrheinrich.com\/de\/behandlungen\/fettabsaugung\/fettwegspritze\/\">Fettwegspritze (Injektionslipolyse)<\/a> helfen.<\/p>\n<h2>Die Zeit nach der Fettabsaugung<\/h2>\n<p>Nach der Fettabsaugung im Gesicht ben\u00f6tigen Sie im Normalfall 12 bis 36 Stunden einen Kompressionsverband. Vor\u00fcbergehend k\u00f6nnen Schwellungen und blaue Flecken auftreten. Arbeitsf\u00e4hig sind Sie normalerweise bereits 1 bis 2 Tage nach dem Eingriff (je nachdem, wie lange Sie den Verband tragen m\u00fcssen). Allf\u00e4llige blaue Flecken k\u00f6nnen Sie mit Schminke abdecken.<\/p>\n","protected":false},"excerpt":{"rendered":"<p>Das Gesicht ist unser individuellster K\u00f6rperteil und macht jeden von uns auf besondere Weise einzigartig. Auch wenn Sch\u00f6nheit immer im Auge des Betrachters liegt und gerade markante Gesichtsz\u00fcge der \u00e4u\u00dferen Erscheinung einen besonderen Reiz verleihen k\u00f6nnen, w\u00fcnschen sich doch viele Frauen und M\u00e4nner ein ebenm\u00e4\u00dfiges, harmonisches Antlitz. Hinzu kommt, dass erschlaffte Backen, ein Doppelkinn und [&hellip;]<\/p>\n","protected":false},"author":6,"featured_media":0,"parent":14,"menu_order":2,"comment_status":"closed","ping_status":"closed","template":"page-detail.php","meta":{"footnotes":""},"class_list":["post-77","page","type-page","status-publish","hentry"],"_links":{"self":[{"href":"https:\/\/ddrheinrich.com\/de\/wp-json\/wp\/v2\/pages\/77","targetHints":{"allow":["GET"]}}],"collection":[{"href":"https:\/\/ddrheinrich.com\/de\/wp-json\/wp\/v2\/pages"}],"about":[{"href":"https:\/\/ddrheinrich.com\/de\/wp-json\/wp\/v2\/types\/page"}],"author":[{"embeddable":true,"href":"https:\/\/ddrheinrich.com\/de\/wp-json\/wp\/v2\/users\/6"}],"replies":[{"embeddable":true,"href":"https:\/\/ddrheinrich.com\/de\/wp-json\/wp\/v2\/comments?post=77"}],"version-history":[{"count":16,"href":"https:\/\/ddrheinrich.com\/de\/wp-json\/wp\/v2\/pages\/77\/revisions"}],"predecessor-version":[{"id":12211,"href":"https:\/\/ddrheinrich.com\/de\/wp-json\/wp\/v2\/pages\/77\/revisions\/12211"}],"up":[{"embeddable":true,"href":"https:\/\/ddrheinrich.com\/de\/wp-json\/wp\/v2\/pages\/14"}],"wp:attachment":[{"href":"https:\/\/ddrheinrich.com\/de\/wp-json\/wp\/v2\/media?parent=77"}],"curies":[{"name":"wp","href":"https:\/\/api.w.org\/{rel}","templated":true}]}}