{"id":66,"date":"2010-09-12T21:44:32","date_gmt":"2010-09-12T19:44:32","guid":{"rendered":"http:\/\/ddrheinrich.com\/?page_id=66"},"modified":"2026-01-21T13:07:46","modified_gmt":"2026-01-21T12:07:46","slug":"ordination-ddr-heinrich","status":"publish","type":"page","link":"https:\/\/ddrheinrich.com\/de\/ordination-ddr-heinrich\/","title":{"rendered":"\u00dcber uns"},"content":{"rendered":"<h2>Innovative Methoden der Regenerativen und \u00c4sthetischen&nbsp;Medizin<\/h2>\n<div class=\"alignright ausstellen\">\n<p><img loading=\"lazy\" decoding=\"async\" class=\"dropshadow portrait size-full wp-image-12186\" title=\"DDr.&nbsp;Karl-Georg Heinrich\" src=\"https:\/\/ddrheinrich.com\/de\/wp-content\/uploads\/sites\/2\/ordination-ddr-heinrich.jpg\" alt=\"\" width=\"275\" height=\"376\" srcset=\"https:\/\/ddrheinrich.com\/de\/wp-content\/uploads\/sites\/2\/ordination-ddr-heinrich.jpg 275w, https:\/\/ddrheinrich.com\/de\/wp-content\/uploads\/sites\/2\/ordination-ddr-heinrich-146x200.jpg 146w, https:\/\/ddrheinrich.com\/de\/wp-content\/uploads\/sites\/2\/ordination-ddr-heinrich-234x320.jpg 234w\" sizes=\"auto, (max-width: 275px) 100vw, 275px\" \/><\/p>\n<p class=\"caption\">DDr.&nbsp;Karl-Georg Heinrich<\/p>\n<\/div>\n<p>Im Herzen Wiens befindet sich die von DDr.&nbsp;Karl-Georg Heinrich gegr\u00fcndete \u00e4rztliche Privatordination. Behandlungsschwerpunkt waren seit Anbeginn sanfte Methoden zur Regeneration, Verj\u00fcngung und Optimierung des K\u00f6rpers. Gr\u00f6\u00dftm\u00f6gliche K\u00f6rperschonung und Nat\u00fcrlichkeit waren und sind unser Leitbild.<\/p>\n<p>Mittlerweile etablierte sich unsere Praxis mit Erfolg zur innovativen Einrichtung f\u00fcr Cutting-Edge-Therapien der Regenerativen und \u00c4sthetischen Medizin. Wir kooperieren mit \u00c4rzten weltweit und freuen uns \u00fcber das Vertrauen, das Patientinnen und Patienten aus dem In- und Ausland in uns setzen.<\/p>\n<p>Die Nutzung k\u00f6rpereigener Ressourcen, sei es Eigenfett, k\u00f6rpereigene Stammzellen, Blut oder Hormone, erm\u00f6glicht eine ganzheitliche, wirkungsvolle und zugleich sanfte Regenerative Medizin und \u00c4sthetische Chirurgie.<\/p>\n<p>Unsere k\u00f6rpereigenen Zellen haben ein erstaunliches Potential zur Unterst\u00fctzung der Selbstheilungskr\u00e4fte des K\u00f6rpers. Insbesondere mesenchymale Stammzellen k\u00f6nnten die Behandlung chronischer Erkrankungen revolutionieren und neue Therapiem\u00f6glichkeiten f\u00fcr mit klassischen Methoden nicht behandelbare Krankheiten schaffen oder Alternativen f\u00fcr bisher angewandte, nebenwirkungsreiche Therapien er\u00f6ffnen.<\/p>\n<h2>Qualit\u00e4t aus \u00d6sterreich<\/h2>\n<p>\u00d6sterreich genie\u00dft weltweit einen hervorragenden Ruf f\u00fcr seine hohe medizinische Qualit\u00e4t. F\u00fcr Ihre bestm\u00f6gliche medizinische Betreuung haben wir in unserer Praxis ein Qualit\u00e4tsmanagement implementiert, das die Vorgaben in \u00f6sterreichischen Hygienevorschriften \u00fcbertrifft. Mit Sorgfalt, Pr\u00e4zision und Gewissenhaftigkeit danken wir auf diese Weise unseren Patientinnen und Patienten f\u00fcr ihr Vertrauen in unsere medizinische Fachkompetenz.<\/p>\n<div class=\"alignright ausstellen overlap quote\">\n<blockquote><p>Ihr Wohl und Ihre Sicherheit stehen bei uns immer an erster Stelle.<\/p>\n<footer><cite>DDr.&nbsp;Karl-Georg Heinrich<\/cite><\/footer>\n<\/blockquote>\n<\/div>\n<p>Wien sollte all jenen eine Reise wert sein, die in unserer wundersch\u00f6nen Stadt mit ihren ber\u00fchmten imperialen Traditionen nicht ihr Zuhause haben. Hier gibt es so viel zu entdecken, auch f\u00fcr jene, die Wien zuvor bereits besucht haben.<\/p>\n<p>Als Bundeshauptstadt von \u00d6sterreich, gelegen im Zentrum Europas, bietet Wien als ehemalige kaiserliche Residenzstadt der Dynastie der Habsburger Highlights in Kunst, Kultur und Architektur. Das historische Zentrum sowie die ehemalige kaiserliche Sommerresidenz Schloss Sch\u00f6nbrunn geh\u00f6ren zum UNESCO-Weltkulturerbe. Heute genie\u00dft Wien als internationaler Kongress- und Tagungsort und Sitz von \u00fcber 30 internationalen Organisationen eine bedeutende Rolle in der internationalen Diplomatie.<\/p>\n<p>Wir laden Sie herzlich ein, unsere Praxis in der historischen Altstadt Wiens zu besuchen und unsere faszinierenden Behandlungen zur Regeneration, Verj\u00fcngung und Optimierung des K\u00f6rpers kennen zu lernen.<\/p>\n<p>Um Ihre Fragen zu beantworten, <a href=\"https:\/\/ddrheinrich.com\/de\/kontakt\/\">schreiben Sie uns einfach oder vereinbaren Sie einen Termin f\u00fcr ein pers\u00f6nliches Beratungsgespr\u00e4ch oder eine Webcam-Konsultation<\/a>.<\/p>\n<p><img loading=\"lazy\" decoding=\"async\" class=\"aligncenter banner size-full wp-image-12195\" src=\"https:\/\/ddrheinrich.com\/de\/wp-content\/uploads\/sites\/2\/ordination-ddr-heinrich-banner.jpg\" alt=\"\" width=\"1020\" height=\"350\" srcset=\"https:\/\/ddrheinrich.com\/de\/wp-content\/uploads\/sites\/2\/ordination-ddr-heinrich-banner.jpg 1020w, https:\/\/ddrheinrich.com\/de\/wp-content\/uploads\/sites\/2\/ordination-ddr-heinrich-banner-200x69.jpg 200w, https:\/\/ddrheinrich.com\/de\/wp-content\/uploads\/sites\/2\/ordination-ddr-heinrich-banner-320x110.jpg 320w, https:\/\/ddrheinrich.com\/de\/wp-content\/uploads\/sites\/2\/ordination-ddr-heinrich-banner-768x264.jpg 768w, https:\/\/ddrheinrich.com\/de\/wp-content\/uploads\/sites\/2\/ordination-ddr-heinrich-banner-920x316.jpg 920w\" sizes=\"auto, (max-width: 1020px) 100vw, 1020px\" \/><\/p>\n","protected":false},"excerpt":{"rendered":"<p>Innovative Methoden der Regenerativen und \u00c4sthetischen&nbsp;Medizin DDr.&nbsp;Karl-Georg Heinrich Im Herzen Wiens befindet sich die von DDr.&nbsp;Karl-Georg Heinrich gegr\u00fcndete \u00e4rztliche Privatordination. Behandlungsschwerpunkt waren seit Anbeginn sanfte Methoden zur Regeneration, Verj\u00fcngung und Optimierung des K\u00f6rpers. Gr\u00f6\u00dftm\u00f6gliche K\u00f6rperschonung und Nat\u00fcrlichkeit waren und sind unser Leitbild. Mittlerweile etablierte sich unsere Praxis mit Erfolg zur innovativen Einrichtung f\u00fcr Cutting-Edge-Therapien der [&hellip;]<\/p>\n","protected":false},"author":6,"featured_media":0,"parent":0,"menu_order":1,"comment_status":"closed","ping_status":"closed","template":"","meta":{"footnotes":""},"class_list":["post-66","page","type-page","status-publish","hentry"],"_links":{"self":[{"href":"https:\/\/ddrheinrich.com\/de\/wp-json\/wp\/v2\/pages\/66","targetHints":{"allow":["GET"]}}],"collection":[{"href":"https:\/\/ddrheinrich.com\/de\/wp-json\/wp\/v2\/pages"}],"about":[{"href":"https:\/\/ddrheinrich.com\/de\/wp-json\/wp\/v2\/types\/page"}],"author":[{"embeddable":true,"href":"https:\/\/ddrheinrich.com\/de\/wp-json\/wp\/v2\/users\/6"}],"replies":[{"embeddable":true,"href":"https:\/\/ddrheinrich.com\/de\/wp-json\/wp\/v2\/comments?post=66"}],"version-history":[{"count":38,"href":"https:\/\/ddrheinrich.com\/de\/wp-json\/wp\/v2\/pages\/66\/revisions"}],"predecessor-version":[{"id":13543,"href":"https:\/\/ddrheinrich.com\/de\/wp-json\/wp\/v2\/pages\/66\/revisions\/13543"}],"wp:attachment":[{"href":"https:\/\/ddrheinrich.com\/de\/wp-json\/wp\/v2\/media?parent=66"}],"curies":[{"name":"wp","href":"https:\/\/api.w.org\/{rel}","templated":true}]}}