{"id":6026,"date":"2011-09-27T19:18:50","date_gmt":"2011-09-27T17:18:50","guid":{"rendered":"http:\/\/ddrheinrich.com\/?page_id=6026"},"modified":"2016-10-16T23:55:41","modified_gmt":"2016-10-16T21:55:41","slug":"cliniclowns","status":"publish","type":"page","link":"https:\/\/ddrheinrich.com\/de\/ddr-heinrich-foundation\/cliniclowns\/","title":{"rendered":"CliniClowns"},"content":{"rendered":"<p><a href=\"http:\/\/www.cliniclowns.at\/\" target=\"_blank\"><img loading=\"lazy\" decoding=\"async\" class=\"alignright ausstellen dropshadow portrait size-full wp-image-6036\" src=\"https:\/\/ddrheinrich.com\/de\/wp-content\/uploads\/sites\/2\/cliniclowns-austria-logo.png\" alt=\"Logo der CliniClowns\" width=\"200\" height=\"264\" srcset=\"https:\/\/ddrheinrich.com\/de\/wp-content\/uploads\/sites\/2\/cliniclowns-austria-logo.png 200w, https:\/\/ddrheinrich.com\/de\/wp-content\/uploads\/sites\/2\/cliniclowns-austria-logo-152x200.png 152w\" sizes=\"auto, (max-width: 200px) 100vw, 200px\" \/><\/a>\u201eLachen als Therapie\u201c wird seit vielen Jahren in Amerika mit Erfolg praktiziert. 1991 wurde der gemeinn\u00fctzige Verein CliniClowns Austria in Wien gegr\u00fcndet.<\/p>\n<p>Die \u201eClowntherapie\u201c stellt eine additive M\u00f6glichkeit zur Schulmedizin dar, auf den Genesungsprozess positiv einzuwirken. Dar\u00fcber hinaus \u00fcbernehmen die CliniClowns f\u00fcr das Spitalspersonal eine Katalysatorfunktion, um die oft durch Hoffnungslosigkeit der Krankheit oder dem Tod getragene Atmosph\u00e4re zu mildern.<\/p>\n<h2>Adventbesuche im Geriatriezentrum Floridsdorf<\/h2>\n<p>Die DDr.&nbsp;Heinrich Foundation\u00ae \u00fcbernimmt die Kosten f\u00fcr die Adventbesuche der CliniClowns im Geriatriezentrum Floridsdorf. Die CliniClowns schenken mit ihren Besuchen den geriatrischen Patienten\/innen einen Hauch magischer Lebensfreude, um sie ihre Schmerzen und ihr Leid f\u00fcr kurze Zeit vergessen zu lassen.<\/p>\n<p><img loading=\"lazy\" decoding=\"async\" class=\"alignnone dropshadow portrait size-full wp-image-6239\" title=\"CliniClowns-Adventbesuche 2011\" src=\"https:\/\/ddrheinrich.com\/de\/wp-content\/uploads\/sites\/2\/cliniclowns-adventbesuche-2011.jpg\" alt=\"CliniClowns-Adventbesuche 2011\" width=\"210\" height=\"257\" srcset=\"https:\/\/ddrheinrich.com\/de\/wp-content\/uploads\/sites\/2\/cliniclowns-adventbesuche-2011.jpg 210w, https:\/\/ddrheinrich.com\/de\/wp-content\/uploads\/sites\/2\/cliniclowns-adventbesuche-2011-163x200.jpg 163w\" sizes=\"auto, (max-width: 210px) 100vw, 210px\" \/><\/p>\n","protected":false},"excerpt":{"rendered":"<p>\u201eLachen als Therapie\u201c wird seit vielen Jahren in Amerika mit Erfolg praktiziert. 1991 wurde der gemeinn\u00fctzige Verein CliniClowns Austria in Wien gegr\u00fcndet. Die \u201eClowntherapie\u201c stellt eine additive M\u00f6glichkeit zur Schulmedizin dar, auf den Genesungsprozess positiv einzuwirken. Dar\u00fcber hinaus \u00fcbernehmen die CliniClowns f\u00fcr das Spitalspersonal eine Katalysatorfunktion, um die oft durch Hoffnungslosigkeit der Krankheit oder dem [&hellip;]<\/p>\n","protected":false},"author":6,"featured_media":0,"parent":318,"menu_order":1,"comment_status":"closed","ping_status":"closed","template":"","meta":{"footnotes":""},"class_list":["post-6026","page","type-page","status-publish","hentry"],"_links":{"self":[{"href":"https:\/\/ddrheinrich.com\/de\/wp-json\/wp\/v2\/pages\/6026","targetHints":{"allow":["GET"]}}],"collection":[{"href":"https:\/\/ddrheinrich.com\/de\/wp-json\/wp\/v2\/pages"}],"about":[{"href":"https:\/\/ddrheinrich.com\/de\/wp-json\/wp\/v2\/types\/page"}],"author":[{"embeddable":true,"href":"https:\/\/ddrheinrich.com\/de\/wp-json\/wp\/v2\/users\/6"}],"replies":[{"embeddable":true,"href":"https:\/\/ddrheinrich.com\/de\/wp-json\/wp\/v2\/comments?post=6026"}],"version-history":[{"count":5,"href":"https:\/\/ddrheinrich.com\/de\/wp-json\/wp\/v2\/pages\/6026\/revisions"}],"predecessor-version":[{"id":12100,"href":"https:\/\/ddrheinrich.com\/de\/wp-json\/wp\/v2\/pages\/6026\/revisions\/12100"}],"up":[{"embeddable":true,"href":"https:\/\/ddrheinrich.com\/de\/wp-json\/wp\/v2\/pages\/318"}],"wp:attachment":[{"href":"https:\/\/ddrheinrich.com\/de\/wp-json\/wp\/v2\/media?parent=6026"}],"curies":[{"name":"wp","href":"https:\/\/api.w.org\/{rel}","templated":true}]}}