{"id":565,"date":"2010-11-11T16:37:26","date_gmt":"2010-11-11T15:37:26","guid":{"rendered":"http:\/\/ddrheinrich.com\/?page_id=565"},"modified":"2017-12-09T17:32:38","modified_gmt":"2017-12-09T16:32:38","slug":"fettwegspritze","status":"publish","type":"page","link":"https:\/\/ddrheinrich.com\/de\/behandlungen\/fettabsaugung\/fettwegspritze\/","title":{"rendered":"Fettwegspritze"},"content":{"rendered":"<p><img loading=\"lazy\" decoding=\"async\" class=\"alignright ausstellen dropshadow size-full wp-image-11962\" src=\"https:\/\/ddrheinrich.com\/de\/wp-content\/uploads\/sites\/2\/fettwegspritze.jpg\" alt=\"\" width=\"275\" height=\"183\" srcset=\"https:\/\/ddrheinrich.com\/de\/wp-content\/uploads\/sites\/2\/fettwegspritze.jpg 275w, https:\/\/ddrheinrich.com\/de\/wp-content\/uploads\/sites\/2\/fettwegspritze-200x133.jpg 200w\" sizes=\"auto, (max-width: 275px) 100vw, 275px\" \/>Die Fettwegspritze (Injektionslipolyse) ist eine wirksame, sanfte Methode zur Reduktion unerw\u00fcnschter, besonders oberfl\u00e4chlicher Fettdepots. Sie kann auch angewandt werden, um durch gezielte Behandlung hartn\u00e4ckiger Regionen die Gewichtsabnahme zu unterst\u00fctzen und die R\u00fcckbildung \u00fcbersch\u00fcssiger Haut zu f\u00f6rdern. Die Fettwegspritze eignet sich hervorragend f\u00fcr alle, die die Entfernung kleinerer, oberfl\u00e4chlicher Fettpolster am K\u00f6rper (z.B. Cellulite) und im Gesicht (z.B. Doppelkinn, Tr\u00e4nens\u00e4cke) ohne einen operativen Eingriff w\u00fcnschen.<\/p>\n<p>DDr.&nbsp;Heinrich war einer der ersten \u00c4rzte, die die Injektionslipolyse in Europa angewandt haben. Anwendungsstudien sowie jahrelange klinische Erfahrung erm\u00f6glichten DDr.&nbsp;Heinrich, die Fettwegspritze erheblich weiterzuentwickeln, damit seine Patienten\/innen optimal von der Behandlung profitieren k\u00f6nnen.<\/p>\n<h2>Verfahren<\/h2>\n<div class=\"ausstellen alignright overlap quote\">\n<blockquote><p>Alles zur vollsten Zufriedenheit! Flexible Terminvereinbarung, schnelle Terminvergabe, wenig Wartezeit! Sehr kompetente Mitarbeiter \u2013 fachlich gut und sehr verst\u00e4ndnisvoll!<\/p>\n<footer><cite>Frau A.<\/cite><\/footer>\n<\/blockquote>\n<\/div>\n<p>Eine fettaufl\u00f6sende nat\u00fcrliche Substanz (Lecithin\/Cholat) wird nach einem anspruchsvollen Injektionsmuster, das f\u00fcr den jeweiligen Zustand optimiert ist, in die lokalen Fettpolster injiziert. Dadurch werden die Fettzellen zerst\u00f6rt und nach und nach vom Lymphsystem des K\u00f6rpers abtransportiert. \u00dcblicherweise sind f\u00fcr optimale Ergebnisse zwei Behandlungen im Abstand von mindestens zwei Wochen n\u00f6tig.<\/p>\n<p>Der Nachsorgeaufwand ist minimal, Nebenwirkungen treten im Allgemeinen kaum auf. Vor\u00fcbergehende Schwellungen, R\u00f6tungen, gelegentlich blaue Flecken sind typische Reaktionen. Die gew\u00fcnschte Fettreduktion kann mit der Fettwegspritze nur in rund 80&nbsp;% der behandelten Patienten\/innen erzielt werden. 5&nbsp;% der Patienten sprechen gar nicht und weitere 10 bis 15&nbsp;% nur vermindert&nbsp;auf den Wirkstoff an.<\/p>\n<h2>Ergebnis<\/h2>\n<p>Die erzielbaren Behandlungserfolge reichen zuweilen sogar an jene von gut gemachten Fettabsaugungen heran. Typischerweise sind Umfangsreduktionen von 2 Zentimetern an den Regionen zu erwarten, an denen die Fettwegspritze angewandt wurde. Auch Cellulite kann erfolgreich behandelt werden. Dabei wird eine Sonderform der Fettwegspritze (\u201eMesotherapie\u201c) verwendet.<\/p>\n\n<div class=\"ngg-galleryoverview\" id=\"ngg-gallery-12-565\">\n\n\n\t\n\t<!-- Thumbnails -->\n\t\t\n\t<div id=\"ngg-image-613\" class=\"ngg-gallery-thumbnail-box\"  >\n\t\t<div class=\"ngg-gallery-thumbnail\" >\n\t\t\t<a href=\"https:\/\/ddrheinrich.com\/de\/wp-content\/uploads\/sites\/2\/galleries\/fettwegspritze\/ddrheinrich-fettwegspritze-6.jpg\" title=\"&lt;strong&gt;Fettwegspritze an Unterbauch und H\u00fcfte.&lt;\/strong&gt; Links: Vorher. Rechts: Nachher.\" class=\"shutterset_set_12\" >\n\t\t\t\t\t\t\t\t<img decoding=\"async\" loading=\"lazy\" title=\"Fettwegspritze an Unterbauch und H\u00fcfte\" alt=\"Fettwegspritze an Unterbauch und H\u00fcfte\" src=\"https:\/\/ddrheinrich.com\/de\/wp-content\/uploads\/sites\/2\/galleries\/fettwegspritze\/thumbs\/thumbs_ddrheinrich-fettwegspritze-6.jpg\" width=\"250\" height=\"96\" \/>\n\t\t\t\t\t\t\t<\/a>\n\t\t<\/div>\n\t<\/div>\n\t\n\t\t\n \t\t\n\t<div id=\"ngg-image-136\" class=\"ngg-gallery-thumbnail-box\"  >\n\t\t<div class=\"ngg-gallery-thumbnail\" >\n\t\t\t<a href=\"https:\/\/ddrheinrich.com\/de\/wp-content\/uploads\/sites\/2\/galleries\/fettwegspritze\/ddrheinrich-fettwegspritze-5.jpg\" title=\"&lt;strong&gt;Fettwegspritze an der Oberschenkelau\u00dfenseite.&lt;\/strong&gt; Links: Vorher. Rechts: Nachher.\" class=\"shutterset_set_12\" >\n\t\t\t\t\t\t\t\t<img decoding=\"async\" loading=\"lazy\" title=\"Fettwegspritze an der Oberschenkelau\u00dfenseite\" alt=\"Fettwegspritze an der Oberschenkelau\u00dfenseite\" src=\"https:\/\/ddrheinrich.com\/de\/wp-content\/uploads\/sites\/2\/galleries\/fettwegspritze\/thumbs\/thumbs_ddrheinrich-fettwegspritze-5.jpg\" width=\"250\" height=\"116\" \/>\n\t\t\t\t\t\t\t<\/a>\n\t\t<\/div>\n\t<\/div>\n\t\n\t\t\n \t\t\n\t<div id=\"ngg-image-137\" class=\"ngg-gallery-thumbnail-box\" style=\"display: none;\" >\n\t\t<div class=\"ngg-gallery-thumbnail\" >\n\t\t\t<a href=\"https:\/\/ddrheinrich.com\/de\/wp-content\/uploads\/sites\/2\/galleries\/fettwegspritze\/ddrheinrich-fettwegspritze-4.jpg\" title=\"&lt;strong&gt;Fettwegspritze an der Oberschenkelvorderseite.&lt;\/strong&gt; Links: Vorher. Rechts: Nachher.\" class=\"shutterset_set_12\" >\n\t\t\t\t\t\t\t<\/a>\n\t\t<\/div>\n\t<\/div>\n\t\n\t\t\n\t<div id=\"ngg-image-140\" class=\"ngg-gallery-thumbnail-box\" style=\"display: none;\" >\n\t\t<div class=\"ngg-gallery-thumbnail\" >\n\t\t\t<a href=\"https:\/\/ddrheinrich.com\/de\/wp-content\/uploads\/sites\/2\/galleries\/fettwegspritze\/ddrheinrich-fettwegspritze-3.jpg\" title=\"&lt;strong&gt;Fettwegspritze an der H\u00fcfte.&lt;\/strong&gt; Links: Vorher. Rechts: Nachher.\" class=\"shutterset_set_12\" >\n\t\t\t\t\t\t\t<\/a>\n\t\t<\/div>\n\t<\/div>\n\t\n\t\t\n\t<div id=\"ngg-image-135\" class=\"ngg-gallery-thumbnail-box\" style=\"display: none;\" >\n\t\t<div class=\"ngg-gallery-thumbnail\" >\n\t\t\t<a href=\"https:\/\/ddrheinrich.com\/de\/wp-content\/uploads\/sites\/2\/galleries\/fettwegspritze\/ddrheinrich-fettwegspritze-2-1.jpg\" title=\"&lt;strong&gt;Fettwegspritze an Taille und Unterbauch.&lt;\/strong&gt; Links: Vorher. Rechts: Nachher.\" class=\"shutterset_set_12\" >\n\t\t\t\t\t\t\t<\/a>\n\t\t<\/div>\n\t<\/div>\n\t\n\t\t\n\t<div id=\"ngg-image-141\" class=\"ngg-gallery-thumbnail-box\" style=\"display: none;\" >\n\t\t<div class=\"ngg-gallery-thumbnail\" >\n\t\t\t<a href=\"https:\/\/ddrheinrich.com\/de\/wp-content\/uploads\/sites\/2\/galleries\/fettwegspritze\/ddrheinrich-fettwegspritze-2-2.jpg\" title=\"&lt;strong&gt;Fettwegspritze an Taille und Unterbauch.&lt;\/strong&gt; Links: Vorher. Rechts: Nachher.\" class=\"shutterset_set_12\" >\n\t\t\t\t\t\t\t<\/a>\n\t\t<\/div>\n\t<\/div>\n\t\n\t\t\n\t<div id=\"ngg-image-138\" class=\"ngg-gallery-thumbnail-box\" style=\"display: none;\" >\n\t\t<div class=\"ngg-gallery-thumbnail\" >\n\t\t\t<a href=\"https:\/\/ddrheinrich.com\/de\/wp-content\/uploads\/sites\/2\/galleries\/fettwegspritze\/ddrheinrich-fettwegspritze-1-1.jpg\" title=\"&lt;strong&gt;Fettwegspritze an H\u00fcfte und Unterbauch.&lt;\/strong&gt; Links: Vorher. Rechts: Nachher.\" class=\"shutterset_set_12\" >\n\t\t\t\t\t\t\t<\/a>\n\t\t<\/div>\n\t<\/div>\n\t\n\t\t\n\t<div id=\"ngg-image-139\" class=\"ngg-gallery-thumbnail-box\" style=\"display: none;\" >\n\t\t<div class=\"ngg-gallery-thumbnail\" >\n\t\t\t<a href=\"https:\/\/ddrheinrich.com\/de\/wp-content\/uploads\/sites\/2\/galleries\/fettwegspritze\/ddrheinrich-fettwegspritze-1-2.jpg\" title=\"&lt;strong&gt;Fettwegspritze an H\u00fcfte und Unterbauch.&lt;\/strong&gt; Links: Vorher. Rechts: Nachher.\" class=\"shutterset_set_12\" >\n\t\t\t\t\t\t\t<\/a>\n\t\t<\/div>\n\t<\/div>\n\t\n\t \t\n\t<!-- Pagination -->\n \t<div class='ngg-navigation'><span class=\"current\">1<\/span><a class=\"page-numbers\" href=\"https:\/\/ddrheinrich.com\/de\/behandlungen\/fettabsaugung\/fettwegspritze\/?nggpage=2\">2<\/a><a class=\"page-numbers\" href=\"https:\/\/ddrheinrich.com\/de\/behandlungen\/fettabsaugung\/fettwegspritze\/?nggpage=3\">3<\/a><a class=\"page-numbers\" href=\"https:\/\/ddrheinrich.com\/de\/behandlungen\/fettabsaugung\/fettwegspritze\/?nggpage=4\">4<\/a><a class=\"next\" id=\"ngg-next-2\" href=\"https:\/\/ddrheinrich.com\/de\/behandlungen\/fettabsaugung\/fettwegspritze\/?nggpage=2\">&#9658;<\/a><\/div> \t\n<\/div>\n\n\n<p class=\"remark\">S\u00e4mtliche Nachher-Fotos geben das tats\u00e4chlich erzielte Behandlungsergebnis wieder. Zum Schutz der Anonymit\u00e4t der dargestellten Personen k\u00f6nnen individuelle physische Besonderheiten (z.B. Muttermale, Tattoos) entfernt worden sein.<\/p>\n<p>Diese Erfolge erreicht DDr.&nbsp;Heinrich durch eine spezielle, verfeinerte Injektionstechnik, genau auf die jeweilige Region abgestimmte Dosierungen und besondere Injektionsbehelfe. Der effektive Einsatz der Fettwegspritze erfordert viel k\u00fcnstlerisches Fingerspitzengef\u00fchl, das nur in langj\u00e4hriger Erfahrung und Praxis erworben werden kann.<\/p>\n<p>Manche Fettpolster eignen sich besonders gut f\u00fcr die Behandlung mit der Fettwegspitze, andere weniger. Um die Figur optimal zu formen, kann die Fettwegspritze auch mit einer <a href=\"https:\/\/ddrheinrich.com\/de\/behandlungen\/fettabsaugung\/\">Fettabsaugung<\/a> kombiniert werden.<\/p>\n","protected":false},"excerpt":{"rendered":"<p>Die Fettwegspritze (Injektionslipolyse) ist eine wirksame, sanfte Methode zur Reduktion unerw\u00fcnschter, besonders oberfl\u00e4chlicher Fettdepots. Sie kann auch angewandt werden, um durch gezielte Behandlung hartn\u00e4ckiger Regionen die Gewichtsabnahme zu unterst\u00fctzen und die R\u00fcckbildung \u00fcbersch\u00fcssiger Haut zu f\u00f6rdern. Die Fettwegspritze eignet sich hervorragend f\u00fcr alle, die die Entfernung kleinerer, oberfl\u00e4chlicher Fettpolster am K\u00f6rper (z.B. Cellulite) und im [&hellip;]<\/p>\n","protected":false},"author":6,"featured_media":0,"parent":14,"menu_order":6,"comment_status":"closed","ping_status":"closed","template":"page-detail.php","meta":{"footnotes":""},"class_list":["post-565","page","type-page","status-publish","hentry"],"_links":{"self":[{"href":"https:\/\/ddrheinrich.com\/de\/wp-json\/wp\/v2\/pages\/565","targetHints":{"allow":["GET"]}}],"collection":[{"href":"https:\/\/ddrheinrich.com\/de\/wp-json\/wp\/v2\/pages"}],"about":[{"href":"https:\/\/ddrheinrich.com\/de\/wp-json\/wp\/v2\/types\/page"}],"author":[{"embeddable":true,"href":"https:\/\/ddrheinrich.com\/de\/wp-json\/wp\/v2\/users\/6"}],"replies":[{"embeddable":true,"href":"https:\/\/ddrheinrich.com\/de\/wp-json\/wp\/v2\/comments?post=565"}],"version-history":[{"count":12,"href":"https:\/\/ddrheinrich.com\/de\/wp-json\/wp\/v2\/pages\/565\/revisions"}],"predecessor-version":[{"id":12216,"href":"https:\/\/ddrheinrich.com\/de\/wp-json\/wp\/v2\/pages\/565\/revisions\/12216"}],"up":[{"embeddable":true,"href":"https:\/\/ddrheinrich.com\/de\/wp-json\/wp\/v2\/pages\/14"}],"wp:attachment":[{"href":"https:\/\/ddrheinrich.com\/de\/wp-json\/wp\/v2\/media?parent=565"}],"curies":[{"name":"wp","href":"https:\/\/api.w.org\/{rel}","templated":true}]}}