{"id":52,"date":"2010-08-03T00:58:10","date_gmt":"2010-08-02T22:58:10","guid":{"rendered":"http:\/\/ddrheinrich.com\/?page_id=52"},"modified":"2017-12-09T17:37:24","modified_gmt":"2017-12-09T16:37:24","slug":"therapieprogramm","status":"publish","type":"page","link":"https:\/\/ddrheinrich.com\/de\/behandlungen\/gewichtsabnahme\/therapieprogramm\/","title":{"rendered":"Therapieprogramm"},"content":{"rendered":"<p><img loading=\"lazy\" decoding=\"async\" class=\"alignright ausstellen dropshadow portrait size-full wp-image-11860\" src=\"https:\/\/ddrheinrich.com\/de\/wp-content\/uploads\/sites\/2\/gewichtsabnahme-therapieprogramm.jpg\" alt=\"\" width=\"275\" height=\"412\" srcset=\"https:\/\/ddrheinrich.com\/de\/wp-content\/uploads\/sites\/2\/gewichtsabnahme-therapieprogramm.jpg 275w, https:\/\/ddrheinrich.com\/de\/wp-content\/uploads\/sites\/2\/gewichtsabnahme-therapieprogramm-133x200.jpg 133w, https:\/\/ddrheinrich.com\/de\/wp-content\/uploads\/sites\/2\/gewichtsabnahme-therapieprogramm-214x320.jpg 214w\" sizes=\"auto, (max-width: 275px) 100vw, 275px\" \/>Das integrierte Gesamtkonzept zur Gewichtsabnahme besteht aus mehreren Ma\u00dfnahmen, die von medikament\u00f6sen und di\u00e4tetischen Ma\u00dfnahmen samt einer genauen Analyse Ihres t\u00e4glichen Ess- und Bewegungsverhaltens bis hin zu begleitenden operativen Ma\u00dfnahmen reichen.<\/p>\n<p>Am Beginn der \u00e4rztlich unterst\u00fctzten Gewichtsabnahme nach DDr.&nbsp;Heinrich steht die Aufnahme Ihres medizinischen Zustandes: Anamnese, \u00e4rztliche Untersuchung und Erhebung wesentlicher Laborbefunde. Nach Analyse Ihres Zustandes erstellen wir einen Behandlungsplan, der auf Ihre individuellen Bed\u00fcrfnisse und pers\u00f6nlichen Ziele zugeschnitten ist.<\/p>\n<h2>Unterst\u00fctzung durch Fettabsaugung<\/h2>\n<p>Manchmal erweist sich vor der eigentlichen Gewichtsabnahme eine <a href=\"https:\/\/ddrheinrich.com\/de\/behandlungen\/gewichtsabnahme\/fettabsaugung\/\">Fettabsaugung<\/a> oder <a href=\"https:\/\/ddrheinrich.com\/de\/behandlungen\/fettabsaugung\/fettwegspritze\/\">Fettwegspritzenbehandlung<\/a> an besonders st\u00f6renden Problemzonen als sinnvoll, vor allem, wenn dabei Fettpolster, die zu viel \u00d6strogen produzieren, reduziert werden und damit die \u00fcbergewichtsf\u00f6rdernde hormonelle Imbalance behandelt werden kann. Durch diese Behandlungen wird der K\u00f6rper au\u00dferdem auf den darauffolgenden Fettabbau vorbereitet und die Hautr\u00fcckbildung gef\u00f6rdert, sodass anschlie\u00dfende Straffungsoperationen entweder g\u00e4nzlich unterbleiben k\u00f6nnen oder zumindest weniger umfangreich ausfallen m\u00fcssen.<\/p>\n<p>In der Folge f\u00e4llt es Betroffenen erfahrungsgem\u00e4\u00df wesentlich leichter, mittels Ern\u00e4hrungsumstellung (Empfehlungen erhalten Sie von uns), k\u00f6rperlichem Training und einschl\u00e4giger unterst\u00fctzender Ma\u00dfnahmen Kilos schnell und dauerhaft loszuwerden. Wichtig: Wenn eine Fettabsaugung geplant ist, muss diese <em>vor<\/em>, nicht nach der Gewichtsabnahme durchgef\u00fchrt werden!<\/p>\n<h2>Dauer der Therapie<\/h2>\n<p>Typischerweise dauert ein Programm zur nachhaltigen Gewichtsabnahme mehrere Monate. Der Behandlungserfolg wird regelm\u00e4\u00dfig kontrolliert und die Therapie laufend angepasst.<\/p>\n<div class=\"quote\">\n<blockquote><p>Essen war f\u00fcr mich immer eine Belohnung oder ein Trost. \u00dcber die Jahre habe ich immer mehr zugelegt und irgendwann war f\u00fcr mich der Punkt gekommen, dass ich mich vor mir selbst gesch\u00e4mt habe. Meine eigenen Di\u00e4tversuche sind leider gescheitert. Das war der Grund, warum ich bei Dr. Heinrich professionelle Hilfe gesucht habe. Ich bin unendlich froh und dankbar f\u00fcr mein neues Leben! Ich habe mit dem Abnehm-Programm auf Anhieb 20 Kilo abgenommen. Ich f\u00fchle mich wieder wohl in meiner Haut und bin au\u00dferdem viel beweglicher und fitter. DANKE, lieber Dr. Heinrich!<\/p>\n<footer><cite>Michaela<\/cite><\/footer>\n<\/blockquote>\n<\/div>\n<p>Sie k\u00f6nnen von DDr.&nbsp;Heinrichs Konzept zur Gewichtsabnahme auch profitieren, wenn Sie nicht Patientin\/Patient bei uns sind! Die <a href=\"https:\/\/ddrheinrich.com\/de\/shop\/\">speziellen Nahrungserg\u00e4nzungen aus unserem Shop<\/a> helfen Ihnen dabei.<\/p>\n","protected":false},"excerpt":{"rendered":"<p>Das integrierte Gesamtkonzept zur Gewichtsabnahme besteht aus mehreren Ma\u00dfnahmen, die von medikament\u00f6sen und di\u00e4tetischen Ma\u00dfnahmen samt einer genauen Analyse Ihres t\u00e4glichen Ess- und Bewegungsverhaltens bis hin zu begleitenden operativen Ma\u00dfnahmen reichen. Am Beginn der \u00e4rztlich unterst\u00fctzten Gewichtsabnahme nach DDr.&nbsp;Heinrich steht die Aufnahme Ihres medizinischen Zustandes: Anamnese, \u00e4rztliche Untersuchung und Erhebung wesentlicher Laborbefunde. Nach Analyse Ihres [&hellip;]<\/p>\n","protected":false},"author":6,"featured_media":0,"parent":50,"menu_order":0,"comment_status":"closed","ping_status":"closed","template":"page-detail.php","meta":{"footnotes":""},"class_list":["post-52","page","type-page","status-publish","hentry"],"_links":{"self":[{"href":"https:\/\/ddrheinrich.com\/de\/wp-json\/wp\/v2\/pages\/52","targetHints":{"allow":["GET"]}}],"collection":[{"href":"https:\/\/ddrheinrich.com\/de\/wp-json\/wp\/v2\/pages"}],"about":[{"href":"https:\/\/ddrheinrich.com\/de\/wp-json\/wp\/v2\/types\/page"}],"author":[{"embeddable":true,"href":"https:\/\/ddrheinrich.com\/de\/wp-json\/wp\/v2\/users\/6"}],"replies":[{"embeddable":true,"href":"https:\/\/ddrheinrich.com\/de\/wp-json\/wp\/v2\/comments?post=52"}],"version-history":[{"count":12,"href":"https:\/\/ddrheinrich.com\/de\/wp-json\/wp\/v2\/pages\/52\/revisions"}],"predecessor-version":[{"id":12207,"href":"https:\/\/ddrheinrich.com\/de\/wp-json\/wp\/v2\/pages\/52\/revisions\/12207"}],"up":[{"embeddable":true,"href":"https:\/\/ddrheinrich.com\/de\/wp-json\/wp\/v2\/pages\/50"}],"wp:attachment":[{"href":"https:\/\/ddrheinrich.com\/de\/wp-json\/wp\/v2\/media?parent=52"}],"curies":[{"name":"wp","href":"https:\/\/api.w.org\/{rel}","templated":true}]}}