{"id":50,"date":"2010-08-03T00:56:44","date_gmt":"2010-08-02T22:56:44","guid":{"rendered":"http:\/\/ddrheinrich.com\/?page_id=50"},"modified":"2019-04-03T16:13:17","modified_gmt":"2019-04-03T14:13:17","slug":"gewichtsabnahme","status":"publish","type":"page","link":"https:\/\/ddrheinrich.com\/de\/behandlungen\/gewichtsabnahme\/","title":{"rendered":"Gewichtsabnahme"},"content":{"rendered":"<h2>\u00dcbergewicht \u2013 das Volksleiden Nr.&nbsp;1<\/h2>\n<p><img loading=\"lazy\" decoding=\"async\" class=\"alignright ausstellen dropshadow portrait size-full wp-image-11831\" src=\"https:\/\/ddrheinrich.com\/de\/wp-content\/uploads\/sites\/2\/gewichtsabnahme.jpg\" alt=\"\" width=\"275\" height=\"444\" srcset=\"https:\/\/ddrheinrich.com\/de\/wp-content\/uploads\/sites\/2\/gewichtsabnahme.jpg 275w, https:\/\/ddrheinrich.com\/de\/wp-content\/uploads\/sites\/2\/gewichtsabnahme-124x200.jpg 124w, https:\/\/ddrheinrich.com\/de\/wp-content\/uploads\/sites\/2\/gewichtsabnahme-198x320.jpg 198w\" sizes=\"auto, (max-width: 275px) 100vw, 275px\" \/>\u00dcbergewicht ist eines der gro\u00dfen gesundheitlichen Probleme unserer Zeit. Herz-Kreislauf-Erkrankungen, Diabetes, Gelenksprobleme und viele andere verbreitete Zivilisationserkrankungen sind darauf zur\u00fcckzuf\u00fchren. DDr.&nbsp;Heinrich hat ein Therapiekonzept zur Gewichtsabnahme entwickelt, das zu Idealgewicht und Wunschfigur verhilft.<\/p>\n<script id=\"bmicalculator\">var scr = document.getElementById(\"bmicalculator\"); var newform = document.createElement(\"form\"); newform.name = \"bmicalc\"; scr.parentNode.insertBefore(newform, scr); var p = document.createElement(\"p\"); var n = document.createElement(\"label\"); n.appendChild(document.createTextNode(\"K\u00f6rpergr\u00f6\u00dfe in Zentimetern:\")); n.htmlFor = \"height\"; n.style.display = \"inline-block\"; n.style.width = \"50%\"; newform.appendChild(n); p.appendChild(n); n = document.createElement(\"input\"); n.id = \"height\"; n.type = \"text\"; n.style.width = \"6em\"; n.onfocus = function() { var result = document.getElementById(\"result\"); result.innerHTML = \"Bitte geben Sie K\u00f6rpergr\u00f6\u00dfe und Gewicht ein.\"; }; p.appendChild(n); newform.appendChild(p); p = document.createElement(\"p\"); n = document.createElement(\"label\"); n.appendChild(document.createTextNode(\"Gewicht in Kilogramm:\")); n.htmlFor = \"weight\"; n.style.display = \"inline-block\"; n.style.width = \"50%\"; p.appendChild(n); n = document.createElement(\"input\"); n.id = \"weight\"; n.type = \"text\"; n.style.width = \"6em\"; n.onfocus = function() { var result = document.getElementById(\"result\"); result.innerHTML = \"Bitte geben Sie K\u00f6rpergr\u00f6\u00dfe und Gewicht ein.\" }; p.appendChild(n); newform.appendChild(p); p = document.createElement(\"p\"); n = document.createElement(\"button\"); n.innerHTML = \"BMI berechnen\"; n.type = \"button\"; n.onclick = function() { var result = document.getElementById(\"result\"); var weight, height; weight = parseInt(document.getElementById(\"weight\").value); height = parseInt(document.getElementById(\"height\").value) \/ 100; if (isNaN(height) || height <= 0 || isNaN(weight) || weight <= 0) { result.innerHTML = \"Bitte geben Sie g\u00fcltige Werte f\u00fcr K\u00f6rpergr\u00f6\u00dfe und Gewicht ein.\"; return; }; var bmi = weight \/ (height * height); if (isNaN(bmi)) { result.innerHTML = \"Bitte geben Sie g\u00fcltige Werte ein.\"; return; } var s = \"Der BMI betr\u00e4gt <strong>\" + (+(Math.round(bmi + \"e+2\") + \"e-2\")).toLocaleString() + \"<\/strong>, das entspricht <strong>\"; if (bmi < 18.5) { s += \"Untergewicht\"; } else if (bmi <= 25) { s += \"Normalgewicht\"; } else if (bmi < 30) { s += \"\u00dcbergewicht\"; } else { s += \"Adipositas\"; }; s += \"<\/strong>.\"; result.innerHTML = s; }; p.appendChild(n); newform.appendChild(p); n = document.createElement(\"p\"); n.id = \"result\"; n.style.fontStyle = \"italic\"; n.innerHTML = \"Bitte geben Sie K\u00f6rpergr\u00f6\u00dfe und Gewicht ein.\"; newform.appendChild(n);<\/script><noscript><p>Der BMI ist der Quotient aus Gewicht und K\u00f6rpergr\u00f6\u00dfe zum Quadrat (kg\/m\u00b2). Beispiel: Der BMI einer 1,65&nbsp;m gro\u00dfen Frau mit 75&nbsp;kg betr\u00e4gt 27,55&nbsp;kg\/m\u00b2.<\/p><\/noscript>\n<p>Laut Weltgesundheitsorganisation (WHO) liegt \u00dcbergewicht bei einem BMI von mindestens 25 vor, Fettleibigkeit bzw. Adipositas bei einem BMI von mindestens 30 (Stand 2008).<\/p>\n<div class=\"tablepress-container\">\n<table id=\"tablepress-4\" class=\"tablepress tablepress-id-4 column-1-head\">\n<thead>\n<tr class=\"row-1\">\n\t<th class=\"column-1\">Kategorie<\/th><th class=\"column-2\">BMI<\/th><th class=\"column-3\">Risiko f\u00fcr Begleiterkrankungen<br \/>\ndes \u00dcbergewichts<\/th>\n<\/tr>\n<\/thead>\n<tbody>\n<tr class=\"row-2\">\n\t<td class=\"column-1\">Untergewicht<\/td><td class=\"column-2\">&lt; 18,5<\/td><td class=\"column-3\">niedrig<\/td>\n<\/tr>\n<tr class=\"row-3\">\n\t<td class=\"column-1\">Normalgewicht<\/td><td class=\"column-2\">18,5 bis 25<\/td><td class=\"column-3\">durchschnittlich<\/td>\n<\/tr>\n<tr class=\"row-4\">\n\t<td class=\"column-1\">Pr\u00e4adipositas (\u00dcbergewicht)<br \/>\nAdipositas Grad I<br \/>\nAdipositas Grad II<br \/>\nAdipositas Grad III<\/td><td class=\"column-2\">25 bis 30<br \/>\n30 bis 35<br \/>\n35 bis 40<br \/>\n\u2265 40<\/td><td class=\"column-3\">gering erh\u00f6ht<br \/>\nerh\u00f6ht<br \/>\nhoch<br \/>\nsehr hoch<\/td>\n<\/tr>\n<\/tbody>\n<\/table>\n<\/div>\n<h2>Ihr Weg zum Idealgewicht<\/h2>\n<div class=\"alignright ausstellen overlap quote\">\n<blockquote><p>Ich habe mit der Weight-Loss-Therapie in sechs Wochen 10 Kilo abgenommen und f\u00fchle mich ungleich besser und fitter als davor. Neueste Messungen haben auch gezeigt, dass sich meine Cholesterinwerte positiv ver\u00e4ndert haben.<\/p>\n<footer><cite>A. Wallner<\/cite>, 68 Jahre<\/footer>\n<\/blockquote>\n<\/div>\n<p>Wesentliche Hauptursachen f\u00fcr \u00dcbergewicht sind schlechte Ern\u00e4hrungsgewohnheiten und Bewegungsmangel. Zu oft stehen bei den meisten Betroffenen Fastfood, Fertiggerichte, zuckerhaltige Naschereien, Softdrinks und Alkohol auf dem Speiseplan. Hinzu kommt, dass statt Ausgleichssport in der Freizeit sitzende T\u00e4tigkeiten vor dem Fernseher und Computer dominieren. Genetische Veranlagung versch\u00e4rft die \u201eAnf\u00e4lligkeit\u201c f\u00fcr Dickwerden, psychologische Faktoren erschweren es, den \u201eKreislauf von Belohnungs- und Frustessen\u201c zu durchbrechen, der dazu f\u00fchrt, dass Betroffene zu viel essen. In fast allen F\u00e4llen von \u00dcbergewicht besteht auch ein hormonelles Ungleichgewicht, das vor der Gewichtsabnahme diagnostiziert und behandelt werden sollte.<\/p>\n<p>Der Therapie- und Behandlungsplan ist individuell und h\u00e4ngt von der konkreten Situation und den Lebensumst\u00e4nden der Betroffenen ab. Um auf die jeweiligen Bed\u00fcrfnisse genau eingehen zu k\u00f6nnen, wird zuerst erhoben, wie der aktuelle Gesundheitsstatus und die Lebens- und Ern\u00e4hrungsgewohnheiten sind. Diese Informationen bilden die Grundlage f\u00fcr ein ma\u00dfgeschneidertes Therapieprogramm.<\/p>\n<h2>Wir unterst\u00fctzen Sie<\/h2>\n<p>Konkret kann der Behandlungsplan von di\u00e4tetischen Ma\u00dfnahmen und Lebensstilver\u00e4nderung bis hin zur umfangreichen medikament\u00f6sen Behandlung reichen. Im Laufe der Jahre haben sich oft an bestimmten K\u00f6rperregionen besonders umfangreiche oder hartn\u00e4ckige, di\u00e4tresistente Fettpolster gebildet (z.B. Bauch, Taille). Zur gezielten Umfangreduktion dieser K\u00f6rperregionen kann eine <a href=\"https:\/\/ddrheinrich.com\/de\/behandlungen\/gewichtsabnahme\/fettabsaugung\/\">Fettabsaugung<\/a> als einleitende Ma\u00dfnahme vor der eigentlichen Gewichtabnahme sinnvoll sein. Die Fettabsaugung sollte <em>vor<\/em> der eigentlichen Gewichtabnahme erfolgen, weil durch die Entfernung von Gewebe die R\u00fcckbildung der aufgrund des \u00dcbergewichts gedehnten Haut gef\u00f6rdert wird. Dadurch wird auch das Risiko der Entstehung von h\u00e4ngenden Hauttaschen verhindert.<\/p>\n<p>Wichtig f\u00fcr den Erfolg einer \u00e4rztlich unterst\u00fctzten Gewichtsabnahmetherapien ist die Mitwirkung der\/des Patienten\/in. Wenn Sie unseren Empfehlungen folgen und uns ehrlich \u00fcber Ihre Erfolge und Misserfolge informieren, k\u00f6nnen Sie Ihr Idealgewicht in der Regel nicht nur erreichen, sondern meist auch langfristig halten.<\/p>\n<p>Die Therapie dauert meistens einige Monate, Verl\u00e4ngerungen sind m\u00f6glich. Spezielle Therapieprogramme gibt es f\u00fcr bestimmte Therapieziele. Wir sind auf die Behandlung erwachsener Patientinnen und Patienten spezialisiert, Kinder und Jugendliche \u00fcberweisen wir \u00fcblicherweise an Kolleginnen und Kollegen, die auf die Behandlung dieser Altersgruppen spezialisiert sind.<\/p>\n","protected":false},"excerpt":{"rendered":"<p>\u00dcbergewicht \u2013 das Volksleiden Nr.&nbsp;1 \u00dcbergewicht ist eines der gro\u00dfen gesundheitlichen Probleme unserer Zeit. Herz-Kreislauf-Erkrankungen, Diabetes, Gelenksprobleme und viele andere verbreitete Zivilisationserkrankungen sind darauf zur\u00fcckzuf\u00fchren. DDr.&nbsp;Heinrich hat ein Therapiekonzept zur Gewichtsabnahme entwickelt, das zu Idealgewicht und Wunschfigur verhilft. Laut Weltgesundheitsorganisation (WHO) liegt \u00dcbergewicht bei einem BMI von mindestens 25 vor, Fettleibigkeit bzw. Adipositas bei einem [&hellip;]<\/p>\n","protected":false},"author":6,"featured_media":0,"parent":188,"menu_order":5,"comment_status":"closed","ping_status":"closed","template":"page-behandlungshauptseite.php","meta":{"footnotes":""},"class_list":["post-50","page","type-page","status-publish","hentry"],"_links":{"self":[{"href":"https:\/\/ddrheinrich.com\/de\/wp-json\/wp\/v2\/pages\/50","targetHints":{"allow":["GET"]}}],"collection":[{"href":"https:\/\/ddrheinrich.com\/de\/wp-json\/wp\/v2\/pages"}],"about":[{"href":"https:\/\/ddrheinrich.com\/de\/wp-json\/wp\/v2\/types\/page"}],"author":[{"embeddable":true,"href":"https:\/\/ddrheinrich.com\/de\/wp-json\/wp\/v2\/users\/6"}],"replies":[{"embeddable":true,"href":"https:\/\/ddrheinrich.com\/de\/wp-json\/wp\/v2\/comments?post=50"}],"version-history":[{"count":22,"href":"https:\/\/ddrheinrich.com\/de\/wp-json\/wp\/v2\/pages\/50\/revisions"}],"predecessor-version":[{"id":12235,"href":"https:\/\/ddrheinrich.com\/de\/wp-json\/wp\/v2\/pages\/50\/revisions\/12235"}],"up":[{"embeddable":true,"href":"https:\/\/ddrheinrich.com\/de\/wp-json\/wp\/v2\/pages\/188"}],"wp:attachment":[{"href":"https:\/\/ddrheinrich.com\/de\/wp-json\/wp\/v2\/media?parent=50"}],"curies":[{"name":"wp","href":"https:\/\/api.w.org\/{rel}","templated":true}]}}