{"id":46,"date":"2010-08-03T00:53:45","date_gmt":"2010-08-02T22:53:45","guid":{"rendered":"http:\/\/ddrheinrich.com\/?page_id=46"},"modified":"2023-02-21T18:37:46","modified_gmt":"2023-02-21T17:37:46","slug":"karriere","status":"publish","type":"page","link":"https:\/\/ddrheinrich.com\/de\/ordination-ddr-heinrich\/karriere\/","title":{"rendered":"Karriere"},"content":{"rendered":"<p><img loading=\"lazy\" decoding=\"async\" class=\"alignright ausstellen dropshadow portrait size-full wp-image-12123\" src=\"https:\/\/ddrheinrich.com\/de\/wp-content\/uploads\/sites\/2\/karriere.jpg\" alt=\"\" width=\"275\" height=\"413\" srcset=\"https:\/\/ddrheinrich.com\/de\/wp-content\/uploads\/sites\/2\/karriere.jpg 275w, https:\/\/ddrheinrich.com\/de\/wp-content\/uploads\/sites\/2\/karriere-133x200.jpg 133w, https:\/\/ddrheinrich.com\/de\/wp-content\/uploads\/sites\/2\/karriere-213x320.jpg 213w\" sizes=\"auto, (max-width: 275px) 100vw, 275px\" \/>Unser Team bietet Patientinnen und Patienten aus allen L\u00e4ndern der Welt mit h\u00f6chsten Anspr\u00fcchen an Qualit\u00e4t und Service die neuesten Behandlungen der minimalinvasiven regenerativen und therapeutisch indizierten \u00e4sthetischen und regenerativen Medizin an. Zur Verst\u00e4rkung unseres Teams suchen wir verantwortungsbewusste, qualifizierte Mitarbeiterinnen und Mitarbeiter, die Spa\u00df an innovativer, eigenst\u00e4ndiger Arbeit haben und sich gerne den Herausforderungen eines Fachgebietes stellen, das st\u00e4ndig im Wandel ist.<\/p>\n<p>Wir bieten Ihnen einmalige Perspektiven, unser Team durch Ihre Leistungsbereitschaft und Erfahrung zu unterst\u00fctzen und f\u00f6rdern Ihr Bestreben, sich selbst und Ihre Karriere weiterzuentwickeln. Bewerben Sie sich bei uns, wenn Sie gerne in einem dynamischen Umfeld arbeiten und Freude am Umgang mit internationalen Patientinnen und Patienten haben. Richten Sie Ihre aussagekr\u00e4ftige Bewerbung an <a href=\"mailto:info@ddrheinrich.com\">info@ddrheinrich.com<\/a>.<\/p>\n<h2>Derzeit freie Stellen<\/h2>\n<ul>\n<li>Diplomierte\/r Gesundheits- und Krankenschwester\/pfleger<\/li>\n<\/ul>\n<h2>Gesuchte Kooperationspartner<\/h2>\n<ul>\n<li>(Fach-)Arzt\/\u00c4rztin f\u00fcr Allgemeinmedizin<\/li>\n<li>Facharzt\/Fach\u00e4rztin f\u00fcr An\u00e4sthesie<\/li>\n<\/ul>\n","protected":false},"excerpt":{"rendered":"<p>Unser Team bietet Patientinnen und Patienten aus allen L\u00e4ndern der Welt mit h\u00f6chsten Anspr\u00fcchen an Qualit\u00e4t und Service die neuesten Behandlungen der minimalinvasiven regenerativen und therapeutisch indizierten \u00e4sthetischen und regenerativen Medizin an. Zur Verst\u00e4rkung unseres Teams suchen wir verantwortungsbewusste, qualifizierte Mitarbeiterinnen und Mitarbeiter, die Spa\u00df an innovativer, eigenst\u00e4ndiger Arbeit haben und sich gerne den Herausforderungen [&hellip;]<\/p>\n","protected":false},"author":6,"featured_media":0,"parent":66,"menu_order":3,"comment_status":"closed","ping_status":"closed","template":"","meta":{"footnotes":""},"class_list":["post-46","page","type-page","status-publish","hentry"],"_links":{"self":[{"href":"https:\/\/ddrheinrich.com\/de\/wp-json\/wp\/v2\/pages\/46","targetHints":{"allow":["GET"]}}],"collection":[{"href":"https:\/\/ddrheinrich.com\/de\/wp-json\/wp\/v2\/pages"}],"about":[{"href":"https:\/\/ddrheinrich.com\/de\/wp-json\/wp\/v2\/types\/page"}],"author":[{"embeddable":true,"href":"https:\/\/ddrheinrich.com\/de\/wp-json\/wp\/v2\/users\/6"}],"replies":[{"embeddable":true,"href":"https:\/\/ddrheinrich.com\/de\/wp-json\/wp\/v2\/comments?post=46"}],"version-history":[{"count":7,"href":"https:\/\/ddrheinrich.com\/de\/wp-json\/wp\/v2\/pages\/46\/revisions"}],"predecessor-version":[{"id":13421,"href":"https:\/\/ddrheinrich.com\/de\/wp-json\/wp\/v2\/pages\/46\/revisions\/13421"}],"up":[{"embeddable":true,"href":"https:\/\/ddrheinrich.com\/de\/wp-json\/wp\/v2\/pages\/66"}],"wp:attachment":[{"href":"https:\/\/ddrheinrich.com\/de\/wp-json\/wp\/v2\/media?parent=46"}],"curies":[{"name":"wp","href":"https:\/\/api.w.org\/{rel}","templated":true}]}}