{"id":44,"date":"2010-08-03T00:52:16","date_gmt":"2010-08-02T22:52:16","guid":{"rendered":"http:\/\/ddrheinrich.com\/?page_id=44"},"modified":"2023-02-21T18:36:06","modified_gmt":"2023-02-21T17:36:06","slug":"ddr-heinrich-academy","status":"publish","type":"page","link":"https:\/\/ddrheinrich.com\/de\/ordination-ddr-heinrich\/ddr-heinrich-academy\/","title":{"rendered":"Academy"},"content":{"rendered":"<p><img loading=\"lazy\" decoding=\"async\" class=\"alignright ausstellen dropshadow size-full wp-image-12083\" src=\"https:\/\/ddrheinrich.com\/de\/wp-content\/uploads\/sites\/2\/ddr-heinrich-academy.jpg\" alt=\"\" width=\"275\" height=\"275\" srcset=\"https:\/\/ddrheinrich.com\/de\/wp-content\/uploads\/sites\/2\/ddr-heinrich-academy.jpg 275w, https:\/\/ddrheinrich.com\/de\/wp-content\/uploads\/sites\/2\/ddr-heinrich-academy-200x200.jpg 200w\" sizes=\"auto, (max-width: 275px) 100vw, 275px\" \/>Im Rahmen der DDr.&nbsp;Heinrich Academy\u00ae bieten wir Interessentinnen und Interessenten die M\u00f6glichkeit, vertiefende Informationen \u00fcber die von uns angebotenen Behandlungen einzuholen bzw. an unseren Schulungsveranstaltungen teilzunehmen.<\/p>\n<h2>Patientinnen und Patienten<\/h2>\n<p>F\u00fcr Interessentinnen und Interessenten, die keine \u00c4rztinnen und \u00c4rzte sind, und weitere Informationen \u00fcber unsere Behandlungen w\u00fcnschen, haben wir nachstehende Angebote. Das aktuelle Programm f\u00fcr Schulungsveranstaltungen f\u00fcr Patientinnen und Patienten <a href=\"https:\/\/ddrheinrich.com\/de\/kontakt\/\">wird auf Anfrage bekannt gegeben<\/a>.<\/p>\n<p><strong><a href=\"https:\/\/www.youtube.com\/user\/ClinicDDrHeinrich\" target=\"_blank\">Besuchen Sie uns auf YouTube und informieren Sie sich \u00fcber unsere Behandlungen<\/a><\/strong><\/p>\n<h2>\u00c4rztinnen und \u00c4rzte<\/h2>\n<p>DDr.&nbsp;Heinrich ist Chairman der <a href=\"https:\/\/aestheticpractitioner.org\/\" target=\"_blank\">Chairman der Association of Aesthetic and Regenerative Practitioners (AARP)<\/a>, einer medizinisch-wissenschaftliche Vereinigung von (Fach-)\u00c4rzten f\u00fcr Allgemeinmedizin, die im Rahmen ihrer rechtlichen Berechtigung in ihren Heimatl\u00e4ndern oder international \u00e4sthetisch-chirurgisch (Aesthetic Practitioners) und auf dem Gebiet der regenerativen Medizin (Regenerative Practitioner) und insbesondere im Bereich der Stammzelltherapie t\u00e4tig sind.<\/p>\n<p>DDr.&nbsp;Heinrich h\u00e4lt auf Anfrage Schulungen zu seinen Behandlungsschwerpunkten ab. Wenn Sie \u00c4rztin oder Arzt sind und sich f\u00fcr einen Workshop interessieren, <a href=\"https:\/\/ddrheinrich.com\/de\/kontakt\/\">kontaktieren Sie uns bitte<\/a>.<\/p>\n<div class=\"youtube dropshadow\" style=\"max-width: 550px\"><div class=\"lyte-wrapper  ratio-1_3682\" title=\"DDr. Heinrich &uuml;ber Neuentwicklungen in der kosmetischen Chirurgie am Menopausekongress 2008\" style=\"width: 550px;max-width:100%;margin:5px;\"><div class=\"lyMe\" id=\"WYL_UOPVCyWY23k\" itemprop=\"video\" itemscope itemtype=\"https:\/\/schema.org\/VideoObject\"><div><meta itemprop=\"thumbnailUrl\" content=\"https:\/\/ddrheinrich.com\/de\/wp-content\/plugins\/wp-youtube-lyte\/lyteCache.php?origThumbUrl=https%3A%2F%2Fi.ytimg.com%2Fvi%2FUOPVCyWY23k%2Fhqdefault.jpg\" \/><meta itemprop=\"embedURL\" content=\"https:\/\/www.youtube.com\/embed\/UOPVCyWY23k\" \/><meta itemprop=\"duration\" content=\"PT13M49S\" \/><meta itemprop=\"uploadDate\" content=\"2011-03-03T11:06:12Z\" \/><\/div><div id=\"lyte_UOPVCyWY23k\" data-src=\"https:\/\/ddrheinrich.com\/de\/wp-content\/plugins\/wp-youtube-lyte\/lyteCache.php?origThumbUrl=https%3A%2F%2Fi.ytimg.com%2Fvi%2FUOPVCyWY23k%2Fhqdefault.jpg\" class=\"pL\"><div class=\"tC\"><div class=\"tT\" itemprop=\"name\">DDr. Heinrich \u00fcber Neuentwicklungen in der kosmetischen Chirurgie am Menopausekongress 2008<\/div><\/div><div class=\"play\"><\/div><div class=\"ctrl\"><div class=\"Lctrl\"><\/div><div class=\"Rctrl\"><\/div><\/div><\/div><noscript><a href=\"https:\/\/youtu.be\/UOPVCyWY23k\" rel=\"nofollow\"><img loading=\"lazy\" decoding=\"async\" src=\"https:\/\/ddrheinrich.com\/de\/wp-content\/plugins\/wp-youtube-lyte\/lyteCache.php?origThumbUrl=https%3A%2F%2Fi.ytimg.com%2Fvi%2FUOPVCyWY23k%2F0.jpg\" alt=\"DDr. Heinrich &uuml;ber Neuentwicklungen in der kosmetischen Chirurgie am Menopausekongress 2008\" width=\"420\" height=\"295\" \/><br \/>Watch this video on YouTube<\/a><\/noscript><meta itemprop=\"description\" content=\"http:\/\/ddrheinrich.com\/de\/ddr-heinrich-academy\/ Vortrag von DDr. Karl-Georg Heinrich \u00fcber Neuentwicklungen in der kosmetischen Chirurgie anl\u00e4\u00dflich des Menopausekongresses in Wien am 13. Dezember 2008. http:\/\/ddrheinrich.com\/kontakt\"><\/div><\/div><div class=\"lL\" style=\"max-width:100%;width: 550px;margin:5px;\"><\/div><\/div>\n<p><img loading=\"lazy\" decoding=\"async\" class=\"alignright logo size-full wp-image-11625\" src=\"https:\/\/ddrheinrich.com\/de\/wp-content\/uploads\/sites\/2\/ddr-heinrich-academy.png\" alt=\"\" width=\"500\" height=\"42\" srcset=\"https:\/\/ddrheinrich.com\/de\/wp-content\/uploads\/sites\/2\/ddr-heinrich-academy.png 500w, https:\/\/ddrheinrich.com\/de\/wp-content\/uploads\/sites\/2\/ddr-heinrich-academy-200x17.png 200w, https:\/\/ddrheinrich.com\/de\/wp-content\/uploads\/sites\/2\/ddr-heinrich-academy-320x27.png 320w\" sizes=\"auto, (max-width: 500px) 100vw, 500px\" \/><\/p>\n","protected":false},"excerpt":{"rendered":"<p>Im Rahmen der DDr.&nbsp;Heinrich Academy\u00ae bieten wir Interessentinnen und Interessenten die M\u00f6glichkeit, vertiefende Informationen \u00fcber die von uns angebotenen Behandlungen einzuholen bzw. an unseren Schulungsveranstaltungen teilzunehmen. Patientinnen und Patienten F\u00fcr Interessentinnen und Interessenten, die keine \u00c4rztinnen und \u00c4rzte sind, und weitere Informationen \u00fcber unsere Behandlungen w\u00fcnschen, haben wir nachstehende Angebote. Das aktuelle Programm f\u00fcr Schulungsveranstaltungen [&hellip;]<\/p>\n","protected":false},"author":6,"featured_media":0,"parent":66,"menu_order":2,"comment_status":"closed","ping_status":"closed","template":"","meta":{"footnotes":""},"class_list":["post-44","page","type-page","status-publish","hentry"],"_links":{"self":[{"href":"https:\/\/ddrheinrich.com\/de\/wp-json\/wp\/v2\/pages\/44","targetHints":{"allow":["GET"]}}],"collection":[{"href":"https:\/\/ddrheinrich.com\/de\/wp-json\/wp\/v2\/pages"}],"about":[{"href":"https:\/\/ddrheinrich.com\/de\/wp-json\/wp\/v2\/types\/page"}],"author":[{"embeddable":true,"href":"https:\/\/ddrheinrich.com\/de\/wp-json\/wp\/v2\/users\/6"}],"replies":[{"embeddable":true,"href":"https:\/\/ddrheinrich.com\/de\/wp-json\/wp\/v2\/comments?post=44"}],"version-history":[{"count":21,"href":"https:\/\/ddrheinrich.com\/de\/wp-json\/wp\/v2\/pages\/44\/revisions"}],"predecessor-version":[{"id":13418,"href":"https:\/\/ddrheinrich.com\/de\/wp-json\/wp\/v2\/pages\/44\/revisions\/13418"}],"up":[{"embeddable":true,"href":"https:\/\/ddrheinrich.com\/de\/wp-json\/wp\/v2\/pages\/66"}],"wp:attachment":[{"href":"https:\/\/ddrheinrich.com\/de\/wp-json\/wp\/v2\/media?parent=44"}],"curies":[{"name":"wp","href":"https:\/\/api.w.org\/{rel}","templated":true}]}}