{"id":41,"date":"2010-08-03T00:49:42","date_gmt":"2010-08-02T22:49:42","guid":{"rendered":"http:\/\/ddrheinrich.com\/?page_id=41"},"modified":"2017-12-09T17:34:51","modified_gmt":"2017-12-09T16:34:51","slug":"cellulite-behandlung","status":"publish","type":"page","link":"https:\/\/ddrheinrich.com\/de\/behandlungen\/gesicht-haut-haar\/cellulite-behandlung\/","title":{"rendered":"Cellulite"},"content":{"rendered":"<p><img loading=\"lazy\" decoding=\"async\" class=\"alignright ausstellen dropshadow portrait size-full wp-image-12110\" src=\"https:\/\/ddrheinrich.com\/de\/wp-content\/uploads\/sites\/2\/cellulite-behandlung.jpg\" alt=\"\" width=\"275\" height=\"352\" srcset=\"https:\/\/ddrheinrich.com\/de\/wp-content\/uploads\/sites\/2\/cellulite-behandlung.jpg 275w, https:\/\/ddrheinrich.com\/de\/wp-content\/uploads\/sites\/2\/cellulite-behandlung-156x200.jpg 156w, https:\/\/ddrheinrich.com\/de\/wp-content\/uploads\/sites\/2\/cellulite-behandlung-250x320.jpg 250w\" sizes=\"auto, (max-width: 275px) 100vw, 275px\" \/>Bereits ab dem jungen Erwachsenenalter zeigen sich bei vielen Frauen die ersten Anzeichen von Gewebeschw\u00e4che (Cellulite bzw. \u201eOrangenhaut\u201c). Mit zunehmendem Alter, insbesondere nach Schwangerschaften, wird die Haut an Ges\u00e4\u00df, Oberschenkeln, Bauch und Oberarmen immer schlaffer.<\/p>\n<p>Die besten Erfolge zur Straffung des Gewebes und Verbesserung des Hautbildes k\u00f6nnen durch Kombinationsbehandlungen erzielt werden:<\/p>\n<ul>\n<li>Zur Hautstraffung empfehlen sich die Micro-Needle-Mesotherapiebehandlungen mit speziellen <a href=\"https:\/\/ddrheinrich.com\/de\/behandlungen\/gesicht-haut-haar\/wachstumsfaktoren\/\">Wachstumsfaktoren<\/a>.<\/li>\n<li>Zur effizienten lokalen Fettreduktion eignet sich die sogenannte <a href=\"https:\/\/ddrheinrich.com\/de\/behandlungen\/fettabsaugung\/fettwegspritze\/\">Fettwegspritze<\/a>.<\/li>\n<li>Oft sind auch hormonelle Imbalancen urs\u00e4chlich, die durch <a href=\"https:\/\/ddrheinrich.com\/de\/behandlungen\/regenerative-therapien\/bioidentische-hormone\/\">Hormonal Regeneration\u00ae by DDr.&nbsp;Heinrich<\/a> behandelt werden k\u00f6nnen.<\/li>\n<\/ul>\n<p>F\u00fcr optimale Ergebnisse raten wir w\u00e4hrend der Behandlungszyklen zur gezielten sportlichen Bet\u00e4tigung zur Kr\u00e4ftigung der Muskulatur.<\/p>\n<div class=\"quote\">\n<blockquote><p>Trotz Sport und gesunder Ern\u00e4hrung habe ich viel Cellulite gehabt. Irgendwann hat es mir gereicht und ich bin auf Empfehlung einer Freundin zu Dr. Heinrich gegangen. Ich hatte einen Block von 10 Behandlungen, bereits nach der 4. Behandlung hat sich mein Gewebe deutlich verbessert. Jetzt ist die Behandlung seit 3 Monaten vorbei, meine Oberschenkel sind so straff, wie ich sie seit der Pubert\u00e4t nicht mehr hatte. Ich bin absolut zufrieden und f\u00fchle mich richtig wohl in meinem K\u00f6rper!<\/p>\n<footer><cite>Frau Maria K.<\/cite><\/footer>\n<\/blockquote>\n<\/div>\n","protected":false},"excerpt":{"rendered":"<p>Bereits ab dem jungen Erwachsenenalter zeigen sich bei vielen Frauen die ersten Anzeichen von Gewebeschw\u00e4che (Cellulite bzw. \u201eOrangenhaut\u201c). Mit zunehmendem Alter, insbesondere nach Schwangerschaften, wird die Haut an Ges\u00e4\u00df, Oberschenkeln, Bauch und Oberarmen immer schlaffer. Die besten Erfolge zur Straffung des Gewebes und Verbesserung des Hautbildes k\u00f6nnen durch Kombinationsbehandlungen erzielt werden: Zur Hautstraffung empfehlen sich [&hellip;]<\/p>\n","protected":false},"author":6,"featured_media":0,"parent":25,"menu_order":4,"comment_status":"closed","ping_status":"closed","template":"page-detail.php","meta":{"footnotes":""},"class_list":["post-41","page","type-page","status-publish","hentry"],"_links":{"self":[{"href":"https:\/\/ddrheinrich.com\/de\/wp-json\/wp\/v2\/pages\/41","targetHints":{"allow":["GET"]}}],"collection":[{"href":"https:\/\/ddrheinrich.com\/de\/wp-json\/wp\/v2\/pages"}],"about":[{"href":"https:\/\/ddrheinrich.com\/de\/wp-json\/wp\/v2\/types\/page"}],"author":[{"embeddable":true,"href":"https:\/\/ddrheinrich.com\/de\/wp-json\/wp\/v2\/users\/6"}],"replies":[{"embeddable":true,"href":"https:\/\/ddrheinrich.com\/de\/wp-json\/wp\/v2\/comments?post=41"}],"version-history":[{"count":7,"href":"https:\/\/ddrheinrich.com\/de\/wp-json\/wp\/v2\/pages\/41\/revisions"}],"predecessor-version":[{"id":12169,"href":"https:\/\/ddrheinrich.com\/de\/wp-json\/wp\/v2\/pages\/41\/revisions\/12169"}],"up":[{"embeddable":true,"href":"https:\/\/ddrheinrich.com\/de\/wp-json\/wp\/v2\/pages\/25"}],"wp:attachment":[{"href":"https:\/\/ddrheinrich.com\/de\/wp-json\/wp\/v2\/media?parent=41"}],"curies":[{"name":"wp","href":"https:\/\/api.w.org\/{rel}","templated":true}]}}