{"id":398,"date":"2010-11-05T01:32:39","date_gmt":"2010-11-05T00:32:39","guid":{"rendered":"http:\/\/ddrheinrich.com\/?page_id=398"},"modified":"2016-10-28T03:19:37","modified_gmt":"2016-10-28T01:19:37","slug":"vip-service","status":"publish","type":"page","link":"https:\/\/ddrheinrich.com\/de\/kontakt\/vip-service\/","title":{"rendered":"VIP-Service"},"content":{"rendered":"<p>Um zu gew\u00e4hrleisten, dass Sie als Patientin bzw. Patient Ihren besonderen W\u00fcnschen und Anspr\u00fcchen gem\u00e4\u00df optimal betreut werden, besteht die M\u00f6glichkeit, VIP-Service zu buchen.<\/p>\n<p>Auch Ihre gehobensten Anspr\u00fcche werden von uns, mit exklusiver Rundumbetreuung im Herzen Wiens, jederzeit gerne erf\u00fcllt! Fragen Sie schon bei der <a href=\"https:\/\/ddrheinrich.com\/de\/kontakt\/\">Terminvereinbarung f\u00fcr die Erstuntersuchung<\/a> nach VIP-Terminen und teilen Sie uns Ihre speziellen W\u00fcnsche mit.<\/p>\n","protected":false},"excerpt":{"rendered":"<p>Um zu gew\u00e4hrleisten, dass Sie als Patientin bzw. Patient Ihren besonderen W\u00fcnschen und Anspr\u00fcchen gem\u00e4\u00df optimal betreut werden, besteht die M\u00f6glichkeit, VIP-Service zu buchen. Auch Ihre gehobensten Anspr\u00fcche werden von uns, mit exklusiver Rundumbetreuung im Herzen Wiens, jederzeit gerne erf\u00fcllt! Fragen Sie schon bei der Terminvereinbarung f\u00fcr die Erstuntersuchung nach VIP-Terminen und teilen Sie uns [&hellip;]<\/p>\n","protected":false},"author":6,"featured_media":0,"parent":297,"menu_order":1,"comment_status":"closed","ping_status":"closed","template":"","meta":{"footnotes":""},"class_list":["post-398","page","type-page","status-publish","hentry"],"_links":{"self":[{"href":"https:\/\/ddrheinrich.com\/de\/wp-json\/wp\/v2\/pages\/398","targetHints":{"allow":["GET"]}}],"collection":[{"href":"https:\/\/ddrheinrich.com\/de\/wp-json\/wp\/v2\/pages"}],"about":[{"href":"https:\/\/ddrheinrich.com\/de\/wp-json\/wp\/v2\/types\/page"}],"author":[{"embeddable":true,"href":"https:\/\/ddrheinrich.com\/de\/wp-json\/wp\/v2\/users\/6"}],"replies":[{"embeddable":true,"href":"https:\/\/ddrheinrich.com\/de\/wp-json\/wp\/v2\/comments?post=398"}],"version-history":[{"count":2,"href":"https:\/\/ddrheinrich.com\/de\/wp-json\/wp\/v2\/pages\/398\/revisions"}],"predecessor-version":[{"id":12286,"href":"https:\/\/ddrheinrich.com\/de\/wp-json\/wp\/v2\/pages\/398\/revisions\/12286"}],"up":[{"embeddable":true,"href":"https:\/\/ddrheinrich.com\/de\/wp-json\/wp\/v2\/pages\/297"}],"wp:attachment":[{"href":"https:\/\/ddrheinrich.com\/de\/wp-json\/wp\/v2\/media?parent=398"}],"curies":[{"name":"wp","href":"https:\/\/api.w.org\/{rel}","templated":true}]}}