{"id":390,"date":"2010-11-04T16:27:29","date_gmt":"2010-11-04T15:27:29","guid":{"rendered":"http:\/\/ddrheinrich.com\/?page_id=390"},"modified":"2023-02-21T18:00:44","modified_gmt":"2023-02-21T17:00:44","slug":"philosophie","status":"publish","type":"page","link":"https:\/\/ddrheinrich.com\/de\/ordination-ddr-heinrich\/philosophie\/","title":{"rendered":"Philosophie"},"content":{"rendered":"<div class=\"alignright ausstellen\">\n<p><img loading=\"lazy\" decoding=\"async\" class=\"dropshadow portrait size-full wp-image-12125\" title=\"DDr.&nbsp;Karl-Georg Heinrich\" src=\"https:\/\/ddrheinrich.com\/de\/wp-content\/uploads\/sites\/2\/philosophie-ddr-heinrich.jpg\" alt=\"\" width=\"275\" height=\"413\" srcset=\"https:\/\/ddrheinrich.com\/de\/wp-content\/uploads\/sites\/2\/philosophie-ddr-heinrich.jpg 275w, https:\/\/ddrheinrich.com\/de\/wp-content\/uploads\/sites\/2\/philosophie-ddr-heinrich-133x200.jpg 133w, https:\/\/ddrheinrich.com\/de\/wp-content\/uploads\/sites\/2\/philosophie-ddr-heinrich-213x320.jpg 213w\" sizes=\"auto, (max-width: 275px) 100vw, 275px\" \/><\/p>\n<p class=\"caption\">DDr.&nbsp;Karl-Georg Heinrich<\/p>\n<\/div>\n<p>Im legend\u00e4ren Goldenen Zeitalter lebten die Menschen in relativer Mu\u00dfe mehr als 100 Jahre, blieben gesund, attraktiv und vital und alterten nur kaum merkbar, etwa indem ihr Haar grauer wurde. Durch ihre eigene Schuld, die in den Legenden der V\u00f6lker moralisch verbr\u00e4mt wurde, verloren die Menschen dieses Paradies und tauschten es gegen unsere jetzige Welt, gegen ein Leben voller M\u00fchen, Krankheit, Abnutzung des K\u00f6rpers und sichtbarer, unattraktiver Vergreisung.<\/p>\n<p>Seit Jahrtausenden haben sich Alchemisten und \u00c4rzte aller Kulturen der Aufgabe verschrieben, den Menschen einen Teil des Goldenen Zeitalters zur\u00fcckzugeben: M\u00f6glichst lang gesund, mobil, vital und attraktiv zu sein.<\/p>\n<h2>Fach\u00fcbergreifende Regenerations- und Verj\u00fcngungsmedizin<\/h2>\n<p>Unsere Ordination DDr.&nbsp;Heinrich bietet eine fach\u00fcbergreifende therapeutisch indizierte Regenerations- und Verj\u00fcngungsmedizin an, deren Entwicklung durch Erkenntnisse aller medizinischen F\u00e4cher gepr\u00e4gt ist: <a href=\"https:\/\/ddrheinrich.com\/de\/behandlungen\/brust\/brustvergroesserung-eigenfett-stammzellen\/\">K\u00f6rpereigene Stammzellen<\/a>, <a href=\"https:\/\/ddrheinrich.com\/de\/behandlungen\/regenerative-therapien\/bioidentische-hormone\/\">bioidentische Hormone<\/a>, <a href=\"https:\/\/ddrheinrich.com\/de\/behandlungen\/gesicht-haut-haar\/wachstumsfaktoren\/\">Wachstumsfaktoren<\/a> und minimalinvasive Operationen ersetzen zunehmend die alten, invasiven Eingriffe mit Skalpell, Prothesen und k\u00fcnstlichen Implantaten unter Vollnarkose.<\/p>\n<p>Die Ziele und Indikationen f\u00fcr regenerative Therapien sind somit sehr facettenreich und reichen von rein optischen Bestrebungen \u00fcber die Entwicklung schonender Behandlungsalternativen anstelle derzeit \u00fcblicher invasiver Therapien bis hin zu neuen Behandlungsans\u00e4tzen f\u00fcr bisher nicht therapierbare Erkrankungen. Insbesondere bei Gelenksproblemen haben sich Behandlungen mit k\u00f6rpereigenen Stammzellen als in vielen F\u00e4llen probate Alternative zu herk\u00f6mmlichen Gelenksprothesen erwiesen.<\/p>\n<p>In der Regenerations- und Verj\u00fcngungsmedizin betrachten wir viele \u00e4sthetisch unbefriedigende K\u00f6rperformen und \u201eAlterungserscheinungen\u201c an Gesicht und K\u00f6rper als Symptome f\u00fcr bestimmte Mangelzust\u00e4nde und sogar Erkrankungen des K\u00f6rpers. Insbesondere haben auch die psychischen Belastungen, die Betroffene oft jahre- oder jahrzehntelang erleiden, weil sie ihren K\u00f6rper ablehnen, in jedem Einzelfall weitreichende und im speziellen die Gesundheit beeintr\u00e4chtigende Konsequenzen.<\/p>\n<div class=\"alignright ausstellen overlap quote\">\n<blockquote><p>Die sch\u00f6nsten Momente sind, wenn mir meine Patientinnen und Patienten berichten, dass ihnen ihre Behandlung bei uns zu mehr Mobilit\u00e4t, Vitalit\u00e4t, Lebensfreude und Zufriedenheit verholfen hat.<\/p>\n<footer><cite>DDr.&nbsp;Karl-Georg Heinrich<\/cite><\/footer>\n<\/blockquote>\n<\/div>\n<p>Ma\u00dfnahmen der Regenerations- und Verj\u00fcngungsmedizin f\u00fchren oftmals auch zu therapeutischen Wirkungen, die den physischen und\/oder psychischen Gesundheitszustand des Patienten\/der Patientin verbessern. Beispiele w\u00e4ren die Fettabsaugung zur Unterst\u00fctzung der Gewichtabnahme zwecks Senkung kardiovaskul\u00e4rer Risiken oder zur Behebung von Fettverteilungsst\u00f6rungen, die Behandlung von durch chronische \u00dcberlastung verursachter vorzeitiger Alterung sowie die Brustvergr\u00f6\u00dferung mit Eigenfett zur Behandlung von hypoplastischen Brustformen (angeborene Minderausbildung der weiblichen Brust) und Volumsverlust (z.B. in F\u00e4llen von starkem, psychisch belastendem Verlust von Brustvolumen nach Stillen).<\/p>\n<h2>Ethik und \u00c4sthetik<\/h2>\n<p>Reine Sch\u00f6nheitsoperationen (oder besser: \u201eBody Modifications\u201c), also Eingriffe, die weder der Korrektur objektiver k\u00f6rperlicher Defizite dienen, noch therapeutisch indiziert sind, um den psychischen Leidensdruck des Patienten\/der Patientin zu behandeln, machen wir mittlerweile grunds\u00e4tzlich nicht mehr. Diesbez\u00fcglich empfehlen wir i.d.R. fachkundige Kolleginnen und Kollegen.<\/p>\n<p>Aufgrund meines ethischen Verst\u00e4ndnisses lehne ich es ab, die nat\u00fcrliche K\u00f6rperform unter Aussch\u00f6pfung aller medizinischen M\u00f6glichkeiten nach Belieben zu ver\u00e4ndern. Die Vielfalt der menschlichen Erscheinung, auch oder gerade wenn sie nicht dem aktuellen Sch\u00f6nheitsideal entspricht, macht die Welt bunt und interessant. Meine Verantwortung als Arzt sehe ich darin, Patientinnen und Patienten mit den von der modernen Regenerations- und Verj\u00fcngungsmedizin er\u00f6ffneten Behandlungsm\u00f6glichkeiten zu mehr Gesundheit, Selbstbewusstsein und Lebensfreude zu verhelfen.<\/p>\n<div class=\"alignright ausstellen overlap quote\">\n<blockquote><p>Ich sehe meine Aufgabe als Ihr Arzt darin, verantwortungsbewusst und kompetent Ihre Erwartungen mit den innovativen therapeutischen M\u00f6glichkeiten der Regenerations- und Verj\u00fcngungsmedizin zu erf\u00fcllen.<\/p>\n<footer><cite>DDr.&nbsp;Karl-Georg Heinrich<\/cite><\/footer>\n<\/blockquote>\n<\/div>\n<p>\u00dcbrigens habe ich mich nach Ende meines Medizinstudiums entschieden, (Fach)Arzt f\u00fcr Allgemeinmedizin<sup>*<\/sup> mit dem Behandlungsschwerpunkt regenerative Medizin und \u00c4sthetik zu werden, weil f\u00fcr mich absehbar war, dass gerade dieser Bereich der Medizin interdisziplin\u00e4re Behandlungsans\u00e4tze erfordert und Forschungserkenntnisse aus vielen unterschiedlichen medizinischen F\u00e4chern zur Anwendung kommen. Daher bietet eine fach\u00fcbergreifende Ausbildung, wie beim (Fach)Arzt f\u00fcr Allgemeinmedizin gegeben, sehr gute Voraussetzungen f\u00fcr die diesbez\u00fcgliche Spezialisierung (Aesthetic Practitioner).<\/p>\n<p>Ich lade Sie ein, sich \u00fcber die faszinierenden Behandlungen der modernen Regenerations- und Verj\u00fcngungsmedizin zu informieren, die Ihnen schonend zu (mehr) Mobilit\u00e4t, Vitalit\u00e4t, Lebensfreude und Gesundheit verhelfen kann! Um Ihre Fragen zu beantworten, <a href=\"https:\/\/ddrheinrich.com\/de\/kontakt\/\">schreiben Sie mir einfach oder vereinbaren Sie einen Beratungstermin f\u00fcr ein pers\u00f6nliches Gespr\u00e4ch<\/a>. Auch \u00fcber Kommentare und Feedback freuen wir uns! Gerne erf\u00fcllen wir Ihre besonderen W\u00fcnsche oder Bed\u00fcrfnisse, denn individuelle und pers\u00f6nliche Betreuung stehen f\u00fcr unser Team und mich im Vordergrund.<\/p>\n<p>Ihr DDr.&nbsp;Karl-Georg Heinrich<\/p>\n<p><sup>*<\/sup> In \u00d6sterreich: Arzt f\u00fcr Allgemeinmedizin<\/p>\n\n<div class=\"ngg-galleryoverview\" id=\"ngg-gallery-4-390\">\n\n\n\t\n\t<!-- Thumbnails -->\n\t\t\n\t<div id=\"ngg-image-640\" class=\"ngg-gallery-thumbnail-box\"  >\n\t\t<div class=\"ngg-gallery-thumbnail\" >\n\t\t\t<a href=\"https:\/\/ddrheinrich.com\/de\/wp-content\/uploads\/sites\/2\/galleries\/ddr-heinrich\/gender-aesthetic-asia-2016-1.jpg\" title=\"DDr. Heinrich auf dem Kongress Gender Aesthetic Asia 2016 in Singapur, August 2016.\" class=\"shutterset_set_4\" >\n\t\t\t\t\t\t\t\t<img decoding=\"async\" loading=\"lazy\" title=\"DDr. Heinrich mit Dr. Miller und weiteren \u00c4rzten\" alt=\"DDr. Heinrich mit Dr. Miller und weiteren \u00c4rzten\" src=\"https:\/\/ddrheinrich.com\/de\/wp-content\/uploads\/sites\/2\/galleries\/ddr-heinrich\/thumbs\/thumbs_gender-aesthetic-asia-2016-1.jpg\" width=\"250\" height=\"166\" \/>\n\t\t\t\t\t\t\t<\/a>\n\t\t<\/div>\n\t<\/div>\n\t\n\t\t\n \t\t\n\t<div id=\"ngg-image-639\" class=\"ngg-gallery-thumbnail-box\"  >\n\t\t<div class=\"ngg-gallery-thumbnail\" >\n\t\t\t<a href=\"https:\/\/ddrheinrich.com\/de\/wp-content\/uploads\/sites\/2\/galleries\/ddr-heinrich\/gender-aesthetic-asia-2016-2.jpg\" title=\"DDr. Heinrich auf dem Kongress Gender Aesthetic Asia 2016 in Singapur, August 2016.\" class=\"shutterset_set_4\" >\n\t\t\t\t\t\t\t\t<img decoding=\"async\" loading=\"lazy\" title=\"DDr. Heinrich\" alt=\"DDr. Heinrich\" src=\"https:\/\/ddrheinrich.com\/de\/wp-content\/uploads\/sites\/2\/galleries\/ddr-heinrich\/thumbs\/thumbs_gender-aesthetic-asia-2016-2.jpg\" width=\"250\" height=\"166\" \/>\n\t\t\t\t\t\t\t<\/a>\n\t\t<\/div>\n\t<\/div>\n\t\n\t\t\n \t\t\n\t<div id=\"ngg-image-642\" class=\"ngg-gallery-thumbnail-box\" style=\"display: none;\" >\n\t\t<div class=\"ngg-gallery-thumbnail\" >\n\t\t\t<a href=\"https:\/\/ddrheinrich.com\/de\/wp-content\/uploads\/sites\/2\/galleries\/ddr-heinrich\/msc-cleveland-2015.jpg\" title=\"DDr. Heinrich auf dem Kongress MSC 2015 Cleveland in Cleveland, August 2015.\" class=\"shutterset_set_4\" >\n\t\t\t\t\t\t\t<\/a>\n\t\t<\/div>\n\t<\/div>\n\t\n\t\t\n\t<div id=\"ngg-image-475\" class=\"ngg-gallery-thumbnail-box\" style=\"display: none;\" >\n\t\t<div class=\"ngg-gallery-thumbnail\" >\n\t\t\t<a href=\"https:\/\/ddrheinrich.com\/de\/wp-content\/uploads\/sites\/2\/galleries\/ddr-heinrich\/waocs-lisborg-2011.jpg\" title=\"Dr. Peter Lisborg, Pr\u00e4sident der WAOCS (World Academy of Cosmetic Surgery), und DDr. Heinrich, Pr\u00e4sident der\r\nAAP (Association of Aesthetic Practitioners), beim Kongress der WAOCS in Wien, September 2011.\" class=\"shutterset_set_4\" >\n\t\t\t\t\t\t\t<\/a>\n\t\t<\/div>\n\t<\/div>\n\t\n\t\t\n\t<div id=\"ngg-image-474\" class=\"ngg-gallery-thumbnail-box\" style=\"display: none;\" >\n\t\t<div class=\"ngg-gallery-thumbnail\" >\n\t\t\t<a href=\"https:\/\/ddrheinrich.com\/de\/wp-content\/uploads\/sites\/2\/galleries\/ddr-heinrich\/waocs-2011.jpg\" title=\"DDr. Heinrich beim Kongress der WAOCS (World Academy of Cosmetic Surgery) in Wien, September 2011.\" class=\"shutterset_set_4\" >\n\t\t\t\t\t\t\t<\/a>\n\t\t<\/div>\n\t<\/div>\n\t\n\t\t\n\t<div id=\"ngg-image-428\" class=\"ngg-gallery-thumbnail-box\" style=\"display: none;\" >\n\t\t<div class=\"ngg-gallery-thumbnail\" >\n\t\t\t<a href=\"https:\/\/ddrheinrich.com\/de\/wp-content\/uploads\/sites\/2\/galleries\/ddr-heinrich\/berman-2011.jpg\" title=\"DDr. Heinrich und Dr. Mark Berman auf der ICAS in Istanbul, Mai 2011.\" class=\"shutterset_set_4\" >\n\t\t\t\t\t\t\t<\/a>\n\t\t<\/div>\n\t<\/div>\n\t\n\t\t\n\t<div id=\"ngg-image-429\" class=\"ngg-gallery-thumbnail-box\" style=\"display: none;\" >\n\t\t<div class=\"ngg-gallery-thumbnail\" >\n\t\t\t<a href=\"https:\/\/ddrheinrich.com\/de\/wp-content\/uploads\/sites\/2\/galleries\/ddr-heinrich\/yoshimura-2011.jpg\" title=\"DDr. Heinrich und Prof. Dr. Kotaro Yoshimura auf der ICAS in Istanbul, Mai 2011.\" class=\"shutterset_set_4\" >\n\t\t\t\t\t\t\t<\/a>\n\t\t<\/div>\n\t<\/div>\n\t\n\t\t\n\t<div id=\"ngg-image-20\" class=\"ngg-gallery-thumbnail-box\" style=\"display: none;\" >\n\t\t<div class=\"ngg-gallery-thumbnail\" >\n\t\t\t<a href=\"https:\/\/ddrheinrich.com\/de\/wp-content\/uploads\/sites\/2\/galleries\/ddr-heinrich\/styles-gala-schuech-2009.jpg\" title=\"DDr. Heinrich und Irmi Sch\u00fcch auf der Styles Gala, 2009.\" class=\"shutterset_set_4\" >\n\t\t\t\t\t\t\t<\/a>\n\t\t<\/div>\n\t<\/div>\n\t\n\t\t\n\t<div id=\"ngg-image-18\" class=\"ngg-gallery-thumbnail-box\" style=\"display: none;\" >\n\t\t<div class=\"ngg-gallery-thumbnail\" >\n\t\t\t<a href=\"https:\/\/ddrheinrich.com\/de\/wp-content\/uploads\/sites\/2\/galleries\/ddr-heinrich\/calabrese-2008.jpg\" title=\"DDr. Heinrich und Prof. Dr. Claudio Calabrese bei einer Brustrekonstruktionsoperation in Florenz, M\u00e4rz 2008.\" class=\"shutterset_set_4\" >\n\t\t\t\t\t\t\t<\/a>\n\t\t<\/div>\n\t<\/div>\n\t\n\t\t\n\t<div id=\"ngg-image-19\" class=\"ngg-gallery-thumbnail-box\" style=\"display: none;\" >\n\t\t<div class=\"ngg-gallery-thumbnail\" >\n\t\t\t<a href=\"https:\/\/ddrheinrich.com\/de\/wp-content\/uploads\/sites\/2\/galleries\/ddr-heinrich\/hedrick-2008.jpg\" title=\"DDr. Heinrich und Dr. Marc Hedrick, San Diego, USA, bei einer Brustrekonstruktionsoperation in Florenz, M\u00e4rz 2008.\" class=\"shutterset_set_4\" >\n\t\t\t\t\t\t\t<\/a>\n\t\t<\/div>\n\t<\/div>\n\t\n\t\t\n\t<div id=\"ngg-image-17\" class=\"ngg-gallery-thumbnail-box\" style=\"display: none;\" >\n\t\t<div class=\"ngg-gallery-thumbnail\" >\n\t\t\t<a href=\"https:\/\/ddrheinrich.com\/de\/wp-content\/uploads\/sites\/2\/galleries\/ddr-heinrich\/donnenberg-2008.jpg\" title=\"DDr. Heinrich und Prof. Albert Donnenberg auf dem Gr\u00fcndungssymposion des Institue of Stem Cell Biology in Z\u00fcrich, Februar 2008.\" class=\"shutterset_set_4\" >\n\t\t\t\t\t\t\t<\/a>\n\t\t<\/div>\n\t<\/div>\n\t\n\t\t\n\t<div id=\"ngg-image-16\" class=\"ngg-gallery-thumbnail-box\" style=\"display: none;\" >\n\t\t<div class=\"ngg-gallery-thumbnail\" >\n\t\t\t<a href=\"https:\/\/ddrheinrich.com\/de\/wp-content\/uploads\/sites\/2\/galleries\/ddr-heinrich\/yoshimura-2007.jpg\" title=\"DDr. Heinrich und Dr. Kotaro Yoshimura in Tokio, September 2007.\" class=\"shutterset_set_4\" >\n\t\t\t\t\t\t\t<\/a>\n\t\t<\/div>\n\t<\/div>\n\t\n\t \t\n\t<!-- Pagination -->\n \t<div class='ngg-navigation'><span class=\"current\">1<\/span><a class=\"page-numbers\" href=\"https:\/\/ddrheinrich.com\/de\/ordination-ddr-heinrich\/philosophie\/?nggpage=2\">2<\/a><a class=\"page-numbers\" href=\"https:\/\/ddrheinrich.com\/de\/ordination-ddr-heinrich\/philosophie\/?nggpage=3\">3<\/a><a class=\"page-numbers\" href=\"https:\/\/ddrheinrich.com\/de\/ordination-ddr-heinrich\/philosophie\/?nggpage=4\">4<\/a><a class=\"page-numbers\" href=\"https:\/\/ddrheinrich.com\/de\/ordination-ddr-heinrich\/philosophie\/?nggpage=5\">5<\/a><a class=\"page-numbers\" href=\"https:\/\/ddrheinrich.com\/de\/ordination-ddr-heinrich\/philosophie\/?nggpage=6\">6<\/a><a class=\"next\" id=\"ngg-next-2\" href=\"https:\/\/ddrheinrich.com\/de\/ordination-ddr-heinrich\/philosophie\/?nggpage=2\">&#9658;<\/a><\/div> \t\n<\/div>\n\n\n","protected":false},"excerpt":{"rendered":"<p>DDr.&nbsp;Karl-Georg Heinrich Im legend\u00e4ren Goldenen Zeitalter lebten die Menschen in relativer Mu\u00dfe mehr als 100 Jahre, blieben gesund, attraktiv und vital und alterten nur kaum merkbar, etwa indem ihr Haar grauer wurde. Durch ihre eigene Schuld, die in den Legenden der V\u00f6lker moralisch verbr\u00e4mt wurde, verloren die Menschen dieses Paradies und tauschten es gegen unsere [&hellip;]<\/p>\n","protected":false},"author":6,"featured_media":0,"parent":66,"menu_order":0,"comment_status":"closed","ping_status":"closed","template":"","meta":{"footnotes":""},"class_list":["post-390","page","type-page","status-publish","hentry"],"_links":{"self":[{"href":"https:\/\/ddrheinrich.com\/de\/wp-json\/wp\/v2\/pages\/390","targetHints":{"allow":["GET"]}}],"collection":[{"href":"https:\/\/ddrheinrich.com\/de\/wp-json\/wp\/v2\/pages"}],"about":[{"href":"https:\/\/ddrheinrich.com\/de\/wp-json\/wp\/v2\/types\/page"}],"author":[{"embeddable":true,"href":"https:\/\/ddrheinrich.com\/de\/wp-json\/wp\/v2\/users\/6"}],"replies":[{"embeddable":true,"href":"https:\/\/ddrheinrich.com\/de\/wp-json\/wp\/v2\/comments?post=390"}],"version-history":[{"count":26,"href":"https:\/\/ddrheinrich.com\/de\/wp-json\/wp\/v2\/pages\/390\/revisions"}],"predecessor-version":[{"id":13404,"href":"https:\/\/ddrheinrich.com\/de\/wp-json\/wp\/v2\/pages\/390\/revisions\/13404"}],"up":[{"embeddable":true,"href":"https:\/\/ddrheinrich.com\/de\/wp-json\/wp\/v2\/pages\/66"}],"wp:attachment":[{"href":"https:\/\/ddrheinrich.com\/de\/wp-json\/wp\/v2\/media?parent=390"}],"curies":[{"name":"wp","href":"https:\/\/api.w.org\/{rel}","templated":true}]}}