{"id":3554,"date":"2010-12-27T02:24:42","date_gmt":"2010-12-27T01:24:42","guid":{"rendered":"http:\/\/ddrheinrich.com\/?page_id=3554"},"modified":"2017-12-09T17:37:58","modified_gmt":"2017-12-09T16:37:58","slug":"faq","status":"publish","type":"page","link":"https:\/\/ddrheinrich.com\/de\/behandlungen\/gewichtsabnahme\/faq\/","title":{"rendered":"FAQ"},"content":{"rendered":"<h3 class=\"faq-question\"><a href=\"#\">Wie ist der Ablauf der \u00e4rztlich unterst\u00fctzten Gewichtsabnahme?<\/a><\/h3><div class=\"faq-answer\"><p>Am Beginn der \u00e4rztlich unterst\u00fctzten Gewichtsabnahme steht die Aufnahme Ihres medizinischen Zustandes. Diese umfasst Anamnese, \u00e4rztliche Untersuchung und Erhebung wesentlicher Laborbefunde. Bei fast allen F\u00e4llen von \u00dcbergewicht besteht ein hormonelles Ungleichgewicht. Diese Imbalance sollte vor Beginn der Gewichtsabnahmetherapie diagnostiziert und behandelt werden. Wurde die hormonelle Balance wiederhergestellt, ist die Gewichtsabnahme mit durchdachter Ern\u00e4hrungsumstellung und einem individuellen Trainingsprogramm meist leicht erzielbar. Durch Gabe von individuell auf die Erfordernisse des\/der Patienten\/in abgestimmten Nahrungserg\u00e4nzungen wir der Weg zum Idealgewicht erleichtert.<\/p>\n<\/div>\n<h3 class=\"faq-question\"><a href=\"#\">Wann treten im Allgemeinen erste Erfolge bei der \u00e4rztlich unterst\u00fctzten Gewichtsabnahme ein?<\/a><\/h3><div class=\"faq-answer\"><p>\u00dcblicherweise treten erste Erfolge nach rund einem Monat ein. Eine nachhaltige Gewichtsabnahme setzt eine mehrmonatige Therapie mit Ern\u00e4hrungsumstellung und k\u00f6rperlichem Training voraus.<\/p>\n<\/div>\n<h3 class=\"faq-question\"><a href=\"#\">Wie viel kostet die \u00e4rztlich unterst\u00fctzte Gewichtsabnahme?<\/a><\/h3><div class=\"faq-answer\"><p>Jede \u00e4rztlich unterst\u00fctzte Gewichtsabnahme ist individuell auf die Bed\u00fcrfnisse der Patienten\/innen zugeschnitten. Die Kosten h\u00e4ngen insbesondere von den Therapiezielen und der Dauer der Therapie ab.<\/p>\n<\/div>\n<h3 class=\"faq-question\"><a href=\"#\">Welche Rolle spielen Ern\u00e4hrung und Sport bei der \u00e4rztlich unterst\u00fctzten Gewichtsabnahme?<\/a><\/h3><div class=\"faq-answer\"><p>Unsere Erfahrung hat gezeigt, dass f\u00fcr den Erfolg Ihrer \u00e4rztlich unterst\u00fctzten Gewichtsabnahmetherapie Ern\u00e4hrungsumstellung, Kalorienreduktion und k\u00f6rperliches Training (Ausdauertraining wie z.B. Jogging und Radfahren) erfahrungsgem\u00e4\u00df f\u00fcr den Erfolg Ihrer \u00e4rztlich unterst\u00fctzten Gewichtsabnahme unerl\u00e4sslich sind. Zu Beginn der \u00e4rztlich unterst\u00fctzten Gewichtsabnahme geben wir Ihnen Ern\u00e4hrungsempfehlungen, die w\u00e4hrend der Therapie (und auch dar\u00fcber hinaus) eingehalten werden sollten.<\/p>\n<\/div>\n<h3 class=\"faq-question\"><a href=\"#\">Wie viele Monate lang dauert eine \u00e4rztlich unterst\u00fctzte Gewichtsabnahme?<\/a><\/h3><div class=\"faq-answer\"><p>Im Normalfall entweder 3 Monate oder 6 Monate. Abh\u00e4ngig von der individuellen Situation des\/der Patienten\/in werden Wiederholungen individuell festgelegt und k\u00f6nnen nach der Therapie besprochen werden. W\u00e4hrend der Therapie sind Sie laufend mit uns in Kontakt. Es finden regelm\u00e4\u00dfig Kontrolluntersuchungen statt.<\/p>\n<\/div>\n<h3 class=\"faq-question\"><a href=\"#\">Kann man durch eine Fettabsaugung Gewicht abnehmen?<\/a><\/h3><div class=\"faq-answer\"><p>Im Allgemeinen nicht, da die Fettabsaugung ein chirurgisches Verfahren zur Figurformung und Reduktion lokaler Fettpolster ist. Allerdings kann eine Fettabsaugung ein sehr wichtiger Teil einer Gewichtsabnahmetherapie sein, da der K\u00f6rper offenbar nach der Fettabsaugung auf \u201eFettabbau\u201c programmiert ist. Eine Rolle spielt dabei die Reduktion von \u00f6strogenproduzierenden Fettpolstern an Bauch und H\u00fcften, die die Fettansammlung f\u00f6rdern und so einen Teufelskreis der Gewichtszunahme bewirken. Daher k\u00f6nnte eine zielgerichtete Fettabsaugung den Teufelskreis der Gewichtszunahme durchbrechen. Nach der Fettabsaugung f\u00e4llt es meist viel leichter, durch Di\u00e4t, k\u00f6rperliches Training und \u00e4rztlich unterst\u00fctzte Gewichtsabnahmetherapien Kilos dauerhaft und schnell abzunehmen. Eine Fettabsaugung zur Gewichtsabnahme sollte in ein Gesamtkonzept zur Gewichtsreduktion eingebunden sein. Absaugen ohne anschlie\u00dfende Gewichtsabnahme ist in der Regel zu wenig, um abzunehmen.<\/p>\n<\/div>\n<h3 class=\"faq-question\"><a href=\"#\">Soll ich vor oder nach der Gewichtsabnahme eine Fettabsaugung durchf\u00fchren?<\/a><\/h3><div class=\"faq-answer\"><p>Wenn eine Fettabsaugung zur Figurformung und eine Gewichtsabnahme geplant sind, beginnen Sie mit der Fettabsaugung und machen danach das Gewichtsabnahmeprogramm (dann geht das Abnehmen erfahrungsgem\u00e4\u00df auch leichter). Au\u00dferdem beg\u00fcnstigt eine Fettabsaugung vor einer Gewichtsabnahmetherapie in der Regel die R\u00fcckbildung \u201e\u00fcbersch\u00fcssiger\u201c Haut, wodurch das Risiko der Entstehung von h\u00e4ngenden Hautfalten gemindert werden kann.<\/p>\n<\/div>\n","protected":false},"excerpt":{"rendered":"","protected":false},"author":6,"featured_media":0,"parent":50,"menu_order":3,"comment_status":"closed","ping_status":"closed","template":"page-detail.php","meta":{"footnotes":""},"class_list":["post-3554","page","type-page","status-publish","hentry"],"_links":{"self":[{"href":"https:\/\/ddrheinrich.com\/de\/wp-json\/wp\/v2\/pages\/3554","targetHints":{"allow":["GET"]}}],"collection":[{"href":"https:\/\/ddrheinrich.com\/de\/wp-json\/wp\/v2\/pages"}],"about":[{"href":"https:\/\/ddrheinrich.com\/de\/wp-json\/wp\/v2\/types\/page"}],"author":[{"embeddable":true,"href":"https:\/\/ddrheinrich.com\/de\/wp-json\/wp\/v2\/users\/6"}],"replies":[{"embeddable":true,"href":"https:\/\/ddrheinrich.com\/de\/wp-json\/wp\/v2\/comments?post=3554"}],"version-history":[{"count":5,"href":"https:\/\/ddrheinrich.com\/de\/wp-json\/wp\/v2\/pages\/3554\/revisions"}],"predecessor-version":[{"id":12234,"href":"https:\/\/ddrheinrich.com\/de\/wp-json\/wp\/v2\/pages\/3554\/revisions\/12234"}],"up":[{"embeddable":true,"href":"https:\/\/ddrheinrich.com\/de\/wp-json\/wp\/v2\/pages\/50"}],"wp:attachment":[{"href":"https:\/\/ddrheinrich.com\/de\/wp-json\/wp\/v2\/media?parent=3554"}],"curies":[{"name":"wp","href":"https:\/\/api.w.org\/{rel}","templated":true}]}}