{"id":3533,"date":"2010-12-16T16:37:49","date_gmt":"2010-12-16T15:37:49","guid":{"rendered":"http:\/\/ddrheinrich.com\/?page_id=3533"},"modified":"2017-12-09T17:38:56","modified_gmt":"2017-12-09T16:38:56","slug":"make-a-wish","status":"publish","type":"page","link":"https:\/\/ddrheinrich.com\/de\/ddr-heinrich-foundation\/make-a-wish\/","title":{"rendered":"Make-A-Wish"},"content":{"rendered":"<p><a href=\"http:\/\/www.make-a-wish.at\/\" target=\"_blank\"><img loading=\"lazy\" decoding=\"async\" class=\"alignright ausstellen dropshadow size-full wp-image-3535\" src=\"https:\/\/ddrheinrich.com\/de\/wp-content\/uploads\/sites\/2\/make-a-wish-austria-logo.png\" alt=\"Logo der Make-A-Wish Foundation\u00ae\" width=\"273\" height=\"118\" srcset=\"https:\/\/ddrheinrich.com\/de\/wp-content\/uploads\/sites\/2\/make-a-wish-austria-logo.png 273w, https:\/\/ddrheinrich.com\/de\/wp-content\/uploads\/sites\/2\/make-a-wish-austria-logo-200x86.png 200w\" sizes=\"auto, (max-width: 273px) 100vw, 273px\" \/><\/a>Die Make-A-Wish Foundation\u00ae wurde 1980 in den USA gegr\u00fcndet und hat es sich zur Aufgabe gemacht, die W\u00fcnsche schwer kranker Kinder im Alter von 3 bis 18 Jahren zu erf\u00fcllen. Wie auch immer die W\u00fcnsche aussehen, eines haben sie alle gemeinsam \u2013 werden sie erf\u00fcllt, fassen die Kinder neuen Mut und k\u00f6nnen Leid und Krankheit f\u00fcr einige Zeit vergessen.<\/p>\n<p>Die DDr.&nbsp;Heinrich Foundation\u00ae \u00fcbernimmt die Wunsch-Patenschaft f\u00fcr konkrete Herzensw\u00fcnsche und l\u00e4sst so gemeinsam mit dem Team der Make-A-Wish Foundation\u00ae rasch und unb\u00fcrokratisch Kinderw\u00fcnsche in Erf\u00fcllung gehen.<\/p>\n<h2>Sofias Herzenswunsch<\/h2>\n<p>Liebes Make-A-Wish-Team!<\/p>\n<p>Ich m\u00f6chte mich recht herzlich f\u00fcr den netten Abend in meiner Lieblingspizzeria bedanken. Nun geh\u00f6re ich zu den ersten \u00d6sterreichern, die das neue Galaxy Tab 10.1 ihr eigen nennen k\u00f6nnen\u2026 das lange Warten hat sich gelohnt!<\/p>\n<p>Das einzig Sch\u00f6ne, das mir meine harte Zeit meiner Krankheit beschert hat, sind die tollen Menschen, die ich kennengelernt habe und dazu geh\u00f6rt auch ihr alle\u2026<\/p>\n<p>Ich habe den Kampf erfolgreich hinter mich gebracht, doch es sind noch immer viel zu viele Kinder, die immer noch k\u00e4mpfen m\u00fcssen\u2026 und die ihr auch bestimmt noch gl\u00fccklich machen k\u00f6nnt\u2026<\/p>\n<p>Alles Liebe<br \/>\nSofia<\/p>\n<h2>Uschis Herzenswunsch<\/h2>\n<p><img loading=\"lazy\" decoding=\"async\" class=\"alignright ausstellen dropshadow size-full wp-image-11174\" src=\"https:\/\/ddrheinrich.com\/de\/wp-content\/uploads\/sites\/2\/make-a-wish-herzenswunsch-uschi.jpg\" alt=\"\" title=\"Uschis Herzenswunsch\" width=\"275\" height=\"206\" srcset=\"https:\/\/ddrheinrich.com\/de\/wp-content\/uploads\/sites\/2\/make-a-wish-herzenswunsch-uschi.jpg 275w, https:\/\/ddrheinrich.com\/de\/wp-content\/uploads\/sites\/2\/make-a-wish-herzenswunsch-uschi-200x150.jpg 200w\" sizes=\"auto, (max-width: 275px) 100vw, 275px\" \/>Hier eine Impression von sicherlich dem spannendsten Tag meines bisherigen Lebens :-).<\/p>\n<p>Dieses Gef\u00fchl bei den tausenden verr\u00fcckten Fans vorbei zu gehen durch die Menge wo sonst nur selten jemand rein darf ist fantastisch, die Leute waren sehr freundlich, zuvorkommend und kein bisschen \u00fcberheblich.<\/p>\n<p>Als wir an der Holzterrasse ankamen sahen wir sie schon, FC Bayern M\u00fcnchen, eine der besten Fu\u00dfballmannschaften der Welt, gerade beim Trainieren, ein Blick zu meinen Bruder hat gen\u00fcgt was in uns vorging.<\/p>\n<p>Nach gut 1\u00bd Stunden war das Training vorbei rund um den Trainingsplatz hunderte Menschen die nach ihren Idolen schrien, die Spieler liefen noch ein paar Runden f\u00fcr Unterschriften etc. \u2013 dann kamen die Spieler, welche man normal nur aus dem Fernsehen oder Internet kennt.<\/p>\n<p>Jeder war bereit Fotos f\u00fcr und mit uns zu machen \u2013 Unterschriften und der ein oder andere Smalltalk, im Grunde kann ich nicht wirklich sagen was mein besonderes Highlight war, da der Tag im Ganzen unbezahlbar war.<\/p>\n<p>Vielen Dank an Sara die uns begleitet hat, an Make-A-Wish und alle die dazu beigetragen haben mir diesen Wunsch zu erf\u00fcllen!<\/p>\n<h2>Marcels Herzenswunsch<\/h2>\n<p>Im Rahmen einer Make-A-Wish Herzenswunsch-Patenschaft konnten wir den Herzenswunsch unseres Wunschkindes Marcel erf\u00fcllen. Marcel war schwer erkrankt und w\u00fcnschte sich nichts sehnlicher als ein iPhone. In einer Pizzeria traf er seine Mutter und seine Schwester. Als der Kellner mit einer gro\u00dfen K\u00e4seglocke zu ihm kam, war er erst skeptisch. Wie gro\u00df war die \u00dcberraschung, als Marcel in den Servietten ein nagelneues iPhone fand! Wir hoffen, dass wir durch diesen kleinen Beitrag Marcel trotz seines schweren Schicksals eine Freude bereiten konnten.<\/p>\n","protected":false},"excerpt":{"rendered":"<p>Die Make-A-Wish Foundation\u00ae wurde 1980 in den USA gegr\u00fcndet und hat es sich zur Aufgabe gemacht, die W\u00fcnsche schwer kranker Kinder im Alter von 3 bis 18 Jahren zu erf\u00fcllen. Wie auch immer die W\u00fcnsche aussehen, eines haben sie alle gemeinsam \u2013 werden sie erf\u00fcllt, fassen die Kinder neuen Mut und k\u00f6nnen Leid und Krankheit [&hellip;]<\/p>\n","protected":false},"author":6,"featured_media":0,"parent":318,"menu_order":0,"comment_status":"closed","ping_status":"closed","template":"","meta":{"footnotes":""},"class_list":["post-3533","page","type-page","status-publish","hentry"],"_links":{"self":[{"href":"https:\/\/ddrheinrich.com\/de\/wp-json\/wp\/v2\/pages\/3533","targetHints":{"allow":["GET"]}}],"collection":[{"href":"https:\/\/ddrheinrich.com\/de\/wp-json\/wp\/v2\/pages"}],"about":[{"href":"https:\/\/ddrheinrich.com\/de\/wp-json\/wp\/v2\/types\/page"}],"author":[{"embeddable":true,"href":"https:\/\/ddrheinrich.com\/de\/wp-json\/wp\/v2\/users\/6"}],"replies":[{"embeddable":true,"href":"https:\/\/ddrheinrich.com\/de\/wp-json\/wp\/v2\/comments?post=3533"}],"version-history":[{"count":2,"href":"https:\/\/ddrheinrich.com\/de\/wp-json\/wp\/v2\/pages\/3533\/revisions"}],"predecessor-version":[{"id":11648,"href":"https:\/\/ddrheinrich.com\/de\/wp-json\/wp\/v2\/pages\/3533\/revisions\/11648"}],"up":[{"embeddable":true,"href":"https:\/\/ddrheinrich.com\/de\/wp-json\/wp\/v2\/pages\/318"}],"wp:attachment":[{"href":"https:\/\/ddrheinrich.com\/de\/wp-json\/wp\/v2\/media?parent=3533"}],"curies":[{"name":"wp","href":"https:\/\/api.w.org\/{rel}","templated":true}]}}