{"id":318,"date":"2010-10-21T20:07:41","date_gmt":"2010-10-21T18:07:41","guid":{"rendered":"http:\/\/ddrheinrich.com\/?page_id=318"},"modified":"2017-12-09T17:38:44","modified_gmt":"2017-12-09T16:38:44","slug":"ddr-heinrich-foundation","status":"publish","type":"page","link":"https:\/\/ddrheinrich.com\/de\/ddr-heinrich-foundation\/","title":{"rendered":"Foundation"},"content":{"rendered":"<p>Die sch\u00f6nsten Momente in unserer Arbeit sind, wenn unsere Patientinnen und Patienten berichten, dass ihre k\u00f6rperliche Ver\u00e4nderung zu mehr Gesundheit, Selbstbewusstsein und Lebensfreude gef\u00fchrt hat. Oft ist es aber so, dass Menschen mit ganz anderen Problemen und Schicksalsschl\u00e4gen zu k\u00e4mpfen haben. Uns ist es ein Anliegen, einen Beitrag zu leisten, um diesen Personen unsere Wertsch\u00e4tzung und Anteilnahme auszudr\u00fccken. Im Rahmen der DDr.&nbsp;Heinrich Foundation\u00ae unterst\u00fctzen wir sorgf\u00e4ltig ausgew\u00e4hlte Projekte.<\/p>\n<p><img loading=\"lazy\" decoding=\"async\" class=\"aligncenter banner size-full wp-image-12257\" src=\"https:\/\/ddrheinrich.com\/de\/wp-content\/uploads\/sites\/2\/ddr-heinrich-foundation-banner.jpg\" alt=\"\" width=\"1020\" height=\"283\" srcset=\"https:\/\/ddrheinrich.com\/de\/wp-content\/uploads\/sites\/2\/ddr-heinrich-foundation-banner.jpg 1020w, https:\/\/ddrheinrich.com\/de\/wp-content\/uploads\/sites\/2\/ddr-heinrich-foundation-banner-200x55.jpg 200w, https:\/\/ddrheinrich.com\/de\/wp-content\/uploads\/sites\/2\/ddr-heinrich-foundation-banner-320x89.jpg 320w, https:\/\/ddrheinrich.com\/de\/wp-content\/uploads\/sites\/2\/ddr-heinrich-foundation-banner-768x213.jpg 768w, https:\/\/ddrheinrich.com\/de\/wp-content\/uploads\/sites\/2\/ddr-heinrich-foundation-banner-920x255.jpg 920w\" sizes=\"auto, (max-width: 1020px) 100vw, 1020px\" \/><\/p>\n<p><img loading=\"lazy\" decoding=\"async\" class=\"alignright logo size-full wp-image-11626\" src=\"https:\/\/ddrheinrich.com\/de\/wp-content\/uploads\/sites\/2\/ddr-heinrich-foundation.png\" alt=\"\" width=\"500\" height=\"42\" srcset=\"https:\/\/ddrheinrich.com\/de\/wp-content\/uploads\/sites\/2\/ddr-heinrich-foundation.png 500w, https:\/\/ddrheinrich.com\/de\/wp-content\/uploads\/sites\/2\/ddr-heinrich-foundation-200x17.png 200w, https:\/\/ddrheinrich.com\/de\/wp-content\/uploads\/sites\/2\/ddr-heinrich-foundation-320x27.png 320w\" sizes=\"auto, (max-width: 500px) 100vw, 500px\" \/><\/p>\n","protected":false},"excerpt":{"rendered":"<p>Die sch\u00f6nsten Momente in unserer Arbeit sind, wenn unsere Patientinnen und Patienten berichten, dass ihre k\u00f6rperliche Ver\u00e4nderung zu mehr Gesundheit, Selbstbewusstsein und Lebensfreude gef\u00fchrt hat. Oft ist es aber so, dass Menschen mit ganz anderen Problemen und Schicksalsschl\u00e4gen zu k\u00e4mpfen haben. Uns ist es ein Anliegen, einen Beitrag zu leisten, um diesen Personen unsere Wertsch\u00e4tzung [&hellip;]<\/p>\n","protected":false},"author":6,"featured_media":0,"parent":0,"menu_order":4,"comment_status":"closed","ping_status":"closed","template":"page-banner.php","meta":{"footnotes":""},"class_list":["post-318","page","type-page","status-publish","hentry"],"_links":{"self":[{"href":"https:\/\/ddrheinrich.com\/de\/wp-json\/wp\/v2\/pages\/318","targetHints":{"allow":["GET"]}}],"collection":[{"href":"https:\/\/ddrheinrich.com\/de\/wp-json\/wp\/v2\/pages"}],"about":[{"href":"https:\/\/ddrheinrich.com\/de\/wp-json\/wp\/v2\/types\/page"}],"author":[{"embeddable":true,"href":"https:\/\/ddrheinrich.com\/de\/wp-json\/wp\/v2\/users\/6"}],"replies":[{"embeddable":true,"href":"https:\/\/ddrheinrich.com\/de\/wp-json\/wp\/v2\/comments?post=318"}],"version-history":[{"count":7,"href":"https:\/\/ddrheinrich.com\/de\/wp-json\/wp\/v2\/pages\/318\/revisions"}],"predecessor-version":[{"id":12258,"href":"https:\/\/ddrheinrich.com\/de\/wp-json\/wp\/v2\/pages\/318\/revisions\/12258"}],"wp:attachment":[{"href":"https:\/\/ddrheinrich.com\/de\/wp-json\/wp\/v2\/media?parent=318"}],"curies":[{"name":"wp","href":"https:\/\/api.w.org\/{rel}","templated":true}]}}