{"id":300,"date":"2010-10-21T18:32:30","date_gmt":"2010-10-21T16:32:30","guid":{"rendered":"http:\/\/ddrheinrich.com\/?post_id=300"},"modified":"2021-06-08T17:56:26","modified_gmt":"2021-06-08T15:56:26","slug":"impressum","status":"publish","type":"page","link":"https:\/\/ddrheinrich.com\/de\/kontakt\/impressum\/","title":{"rendered":"Impressum"},"content":{"rendered":"<h2>Information gem\u00e4\u00df \u00a7\u00a05 E-Commerce-Gesetz und<br \/>\nOffenlegung gem\u00e4\u00df \u00a7\u00a025 Mediengesetz<\/h2>\n<p><strong>Diensteanbieter und Medieninhaber<\/strong><\/p>\n<p>DDr.&nbsp;Karl-Georg Heinrich<br \/>\nLandhausgasse 2<br \/>\nA\u20131010 Wien<\/p>\n<p>Tel.: +43\u00a01\u00a0532\u00a018\u00a001<br \/>\nFax: +43\u00a01\u00a0532\u00a018\u00a001-40<\/p>\n<p>E-Mail: <a href=\"mailto:info@ddrheinrich.com\">info@ddrheinrich.com<\/a><br \/>\nE-Mail Shop: <a href=\"mailto:shop@ddrheinrich.com\">shop@ddrheinrich.com<\/a><br \/>\nWeb: <a href=\"https:\/\/ddrheinrich.com\/\">ddrheinrich.com<\/a><\/p>\n<p>Mitglied der \u00c4rztekammer f\u00fcr Wien<br \/>\nMitglied der Wirtschaftskammer f\u00fcr Wien<br \/>\nBerufsbezeichnung: Arzt f\u00fcr Allgemeinmedizin (verliehen in \u00d6sterreich)<br \/>\nT\u00e4tigkeit unterliegt dem \u00c4rztegesetz 1998 (siehe <a href=\"https:\/\/www.ris.bka.gv.at\/bundesrecht\" target=\"_blank\">www.ris.bka.gv.at\/bundesrecht<\/a>)<\/p>\n<p>UID-Nr.: ATU61103326<\/p>\n<p>Clinic DDr.&nbsp;Heinrich\u00ae ist eine eingetragene Marke \u2013 keine Krankenanstalt (Klinik) nach dem Bundesgesetz \u00fcber Krankenanstalten und Kuranstalten (KAKuG).<\/p>\n<p><a href=\"https:\/\/ddrheinrich.com\/de\/kontakt\/datenschutzerklaerung\/\" target=\"_blank\">Datenschutzerkl\u00e4rung<\/a><\/p>\n","protected":false},"excerpt":{"rendered":"<p>Information gem\u00e4\u00df \u00a7\u00a05 E-Commerce-Gesetz und Offenlegung gem\u00e4\u00df \u00a7\u00a025 Mediengesetz Diensteanbieter und Medieninhaber DDr.&nbsp;Karl-Georg Heinrich Landhausgasse 2 A\u20131010 Wien Tel.: +43\u00a01\u00a0532\u00a018\u00a001 Fax: +43\u00a01\u00a0532\u00a018\u00a001-40 E-Mail: info@ddrheinrich.com E-Mail Shop: shop@ddrheinrich.com Web: ddrheinrich.com Mitglied der \u00c4rztekammer f\u00fcr Wien Mitglied der Wirtschaftskammer f\u00fcr Wien Berufsbezeichnung: Arzt f\u00fcr Allgemeinmedizin (verliehen in \u00d6sterreich) T\u00e4tigkeit unterliegt dem \u00c4rztegesetz 1998 (siehe www.ris.bka.gv.at\/bundesrecht) UID-Nr.: ATU61103326 [&hellip;]<\/p>\n","protected":false},"author":6,"featured_media":0,"parent":297,"menu_order":3,"comment_status":"closed","ping_status":"closed","template":"","meta":{"footnotes":""},"class_list":["post-300","page","type-page","status-publish","hentry"],"_links":{"self":[{"href":"https:\/\/ddrheinrich.com\/de\/wp-json\/wp\/v2\/pages\/300","targetHints":{"allow":["GET"]}}],"collection":[{"href":"https:\/\/ddrheinrich.com\/de\/wp-json\/wp\/v2\/pages"}],"about":[{"href":"https:\/\/ddrheinrich.com\/de\/wp-json\/wp\/v2\/types\/page"}],"author":[{"embeddable":true,"href":"https:\/\/ddrheinrich.com\/de\/wp-json\/wp\/v2\/users\/6"}],"replies":[{"embeddable":true,"href":"https:\/\/ddrheinrich.com\/de\/wp-json\/wp\/v2\/comments?post=300"}],"version-history":[{"count":7,"href":"https:\/\/ddrheinrich.com\/de\/wp-json\/wp\/v2\/pages\/300\/revisions"}],"predecessor-version":[{"id":13320,"href":"https:\/\/ddrheinrich.com\/de\/wp-json\/wp\/v2\/pages\/300\/revisions\/13320"}],"up":[{"embeddable":true,"href":"https:\/\/ddrheinrich.com\/de\/wp-json\/wp\/v2\/pages\/297"}],"wp:attachment":[{"href":"https:\/\/ddrheinrich.com\/de\/wp-json\/wp\/v2\/media?parent=300"}],"curies":[{"name":"wp","href":"https:\/\/api.w.org\/{rel}","templated":true}]}}