{"id":297,"date":"2010-10-21T18:31:48","date_gmt":"2010-10-21T16:31:48","guid":{"rendered":"http:\/\/ddrheinrich.com\/?post_id=297"},"modified":"2025-10-16T17:41:46","modified_gmt":"2025-10-16T15:41:46","slug":"kontakt","status":"publish","type":"page","link":"https:\/\/ddrheinrich.com\/de\/kontakt\/","title":{"rendered":"Kontakt"},"content":{"rendered":"<div class=\"contact\">\n<div class=\"contact-form\">\n<h2>Ihre Nachricht an uns<\/h2>\n\n<div class=\"wpcf7 no-js\" id=\"wpcf7-f11561-o1\" lang=\"de-DE\" dir=\"ltr\" data-wpcf7-id=\"11561\">\n<div class=\"screen-reader-response\"><p role=\"status\" aria-live=\"polite\" aria-atomic=\"true\"><\/p> <ul><\/ul><\/div>\n<form action=\"\/de\/wp-json\/wp\/v2\/pages\/297#wpcf7-f11561-o1\" method=\"post\" class=\"wpcf7-form init\" aria-label=\"Kontaktformular\" novalidate=\"novalidate\" data-status=\"init\">\n<fieldset class=\"hidden-fields-container\"><input type=\"hidden\" name=\"_wpcf7\" value=\"11561\" \/><input type=\"hidden\" name=\"_wpcf7_version\" value=\"6.1.5\" \/><input type=\"hidden\" name=\"_wpcf7_locale\" value=\"de_DE_formal\" \/><input type=\"hidden\" name=\"_wpcf7_unit_tag\" value=\"wpcf7-f11561-o1\" \/><input type=\"hidden\" name=\"_wpcf7_container_post\" value=\"0\" \/><input type=\"hidden\" name=\"_wpcf7_posted_data_hash\" value=\"\" \/>\n<\/fieldset>\n<div class=\"form-input\">\n\t<p><label for=\"your-name\">Name*<\/label><span class=\"wpcf7-form-control-wrap\" data-name=\"your-name\"><input size=\"40\" maxlength=\"400\" class=\"wpcf7-form-control wpcf7-text wpcf7-validates-as-required\" id=\"your-name\" aria-required=\"true\" aria-invalid=\"false\" value=\"\" type=\"text\" name=\"your-name\" \/><\/span><span id=\"wpcf7-69d4921040e94-wrapper\" class=\"wpcf7-form-control-wrap your-website-wrap\" style=\"display:none !important; visibility:hidden !important;\"><label for=\"your-website\" class=\"hp-message\">Bitte lassen Sie dieses Feld leer.<\/label><input id=\"your-website\"  class=\"wpcf7-form-control wpcf7-text\" type=\"text\" name=\"your-website\" value=\"\" size=\"40\" tabindex=\"-1\" autocomplete=\"new-password\" \/><\/span>\n\t<\/p>\n\t<p><label for=\"your-email\">E-Mail-Adresse*<\/label><span class=\"wpcf7-form-control-wrap\" data-name=\"your-email\"><input size=\"40\" maxlength=\"400\" class=\"wpcf7-form-control wpcf7-email wpcf7-validates-as-required wpcf7-text wpcf7-validates-as-email\" id=\"your-email\" aria-required=\"true\" aria-invalid=\"false\" value=\"\" type=\"email\" name=\"your-email\" \/><\/span><span id=\"wpcf7-69d4921040f89-wrapper\" class=\"wpcf7-form-control-wrap your-city-wrap\" style=\"display:none !important; visibility:hidden !important;\"><label for=\"your-city\" class=\"hp-message\">Bitte lassen Sie dieses Feld leer.<\/label><input id=\"your-city\"  class=\"wpcf7-form-control wpcf7-text\" type=\"text\" name=\"your-city\" value=\"\" size=\"40\" tabindex=\"-1\" autocomplete=\"new-password\" \/><\/span>\n\t<\/p>\n\t<p><label for=\"your-phone\">Telefonnummer (optional)<\/label><span class=\"wpcf7-form-control-wrap\" data-name=\"your-phone\"><input size=\"40\" maxlength=\"400\" class=\"wpcf7-form-control wpcf7-tel wpcf7-text wpcf7-validates-as-tel\" id=\"your-phone\" aria-invalid=\"false\" value=\"\" type=\"tel\" name=\"your-phone\" \/><\/span>\n\t<\/p>\n\t<p><label for=\"your-message\">Ihre Nachricht*<\/label><span class=\"wpcf7-form-control-wrap\" data-name=\"your-message\"><textarea cols=\"40\" rows=\"10\" maxlength=\"2000\" class=\"wpcf7-form-control wpcf7-textarea wpcf7-validates-as-required\" id=\"your-message\" aria-required=\"true\" aria-invalid=\"false\" name=\"your-message\"><\/textarea><\/span><span id=\"wpcf7-69d4921041088-wrapper\" class=\"wpcf7-form-control-wrap your-subject-wrap\" style=\"display:none !important; visibility:hidden !important;\"><label for=\"your-subject\" class=\"hp-message\">Bitte lassen Sie dieses Feld leer.<\/label><input id=\"your-subject\"  class=\"wpcf7-form-control wpcf7-text\" type=\"text\" name=\"your-subject\" value=\"\" size=\"40\" tabindex=\"-1\" autocomplete=\"new-password\" \/><\/span>\n\t<\/p>\n\t<p><input class=\"wpcf7-form-control wpcf7-submit has-spinner\" type=\"submit\" value=\"Nachricht senden\" \/>\n\t<\/p>\n<\/div><div class=\"wpcf7-response-output\" aria-hidden=\"true\"><\/div>\n<\/form>\n<\/div>\n<\/div>\n<div class=\"contact-info\">\n<h2>Ordination DDr.&nbsp;Heinrich<\/h2>\n<p><strong>Hauptstandort<\/strong><br \/>\nLandhausgasse 2, A\u20131010 Wien<\/p>\n<p><strong>Zweitstandort (in Planung)<\/strong><br \/>\nA\u20138992 Altaussee<br \/>\n<span style=\"color: darkred\"><strong>AKTUELLES<\/strong><br \/>\nErstberatungstermine von<br \/>\n24.08.2025 bis 01.09.2025<br \/>\nnach telefonischer Vorvereinbarung.<\/span><\/p>\n<h3>Termine und Informationen<\/h3>\n<p>Telefon: <a href=\"tel:+4315321801\"><span class=\"phone\">01&thinsp;\/&thinsp;532&nbsp;18&nbsp;01<\/span><\/a><br \/>\nTelefon international: <a href=\"tel:+4315321801\"><span class=\"phone\">+43&nbsp;1&nbsp;532&nbsp;18&nbsp;01<\/span><\/a><\/p>\n<p>E-Mail: <a href=\"mailto:info@ddrheinrich.com\">info@ddrheinrich.com<\/a><\/p>\n<h3>\u00d6ffnungszeiten<\/h3>\n<p>Montag bis Donnerstag, 9:00 bis 18:00&nbsp;Uhr<br \/>\n(Termine nur nach Voranmeldung)<\/p>\n<h3>Erreichbarkeit au\u00dferhalb der \u00d6ffnungszeiten<\/h3>\n<ul>\n<li>In der Nacht nach Eingriffen erreichen Sie unseren Bereitschaftsdienst unter der bekannt gegebenen Telefonnummer.<\/li>\n<li>In anderen dringenden F\u00e4llen wenden Sie sich an den \u00c4rztefunkdienst (141) oder den Rettungsnotruf (144).<\/li>\n<\/ul>\n<\/div>\n<\/div>\n<h2>So erreichen Sie uns<\/h2>\n<p>Unsere Ordination befindet sich in einem denkmalgesch\u00fctzten Geb\u00e4ude aus dem 19. Jahrhundert und ist nicht barrierefrei erreichbar. Wenn Sie k\u00f6rperlich beeintr\u00e4chtigt sind, ersuchen wir bereits anl\u00e4sslich der Vereinbarung des Ersttermins um Information.<\/p>\n<h3>Mit dem Auto<\/h3>\n<p>Sie k\u00f6nnen Ihr Auto in der Parkgarage <i>Freyung<\/i> abstellen und erreichen die Ordination innerhalb weniger Minuten zu Fu\u00df.<\/p>\n<h3>Mit \u00f6ffentlichen Verkehrsmitteln<\/h3>\n<p>Verlassen Sie die U-Bahn-Linie U3 bei der Station <i>Herrengasse<\/i>. Die Ordination ist zu Fu\u00df innerhalb weniger Minuten vom Ausgang <i>Herrengasse<\/i> erreichbar.<\/p>\n<div class=\"googlemaps\" data-place-id=\"place_id:ChIJmcwG9JcHbUcR0s3IRdYnno8\"><div class=\"privacy\"><p><button>Anfahrtsplan auf Google Maps anzeigen<\/button><\/p><p><a href=\"https:\/\/ddrheinrich.com\/de\/kontakt\/datenschutzerklaerung\/\" target=\"_blank\">Informationen zum Datenschutz<\/a><\/p><\/div><\/div>\n<p class=\"remark\">Clinic DDr.&nbsp;Heinrich\u00ae ist eine eingetragene Marke \u2013 keine Krankenanstalt nach dem Bundesgesetz \u00fcber Krankenanstalten und Kuranstalten (KAKuG).<\/p>\n","protected":false},"excerpt":{"rendered":"<p>Ihre Nachricht an uns Ordination DDr.&nbsp;Heinrich Hauptstandort Landhausgasse 2, A\u20131010 Wien Zweitstandort (in Planung) A\u20138992 Altaussee AKTUELLES Erstberatungstermine von 24.08.2025 bis 01.09.2025 nach telefonischer Vorvereinbarung. Termine und Informationen Telefon: 01&thinsp;\/&thinsp;532&nbsp;18&nbsp;01 Telefon international: +43&nbsp;1&nbsp;532&nbsp;18&nbsp;01 E-Mail: info@ddrheinrich.com \u00d6ffnungszeiten Montag bis Donnerstag, 9:00 bis 18:00&nbsp;Uhr (Termine nur nach Voranmeldung) Erreichbarkeit au\u00dferhalb der \u00d6ffnungszeiten In der Nacht nach Eingriffen [&hellip;]<\/p>\n","protected":false},"author":6,"featured_media":0,"parent":0,"menu_order":8,"comment_status":"closed","ping_status":"closed","template":"page-kontakt.php","meta":{"footnotes":""},"class_list":["post-297","page","type-page","status-publish","hentry"],"_links":{"self":[{"href":"https:\/\/ddrheinrich.com\/de\/wp-json\/wp\/v2\/pages\/297","targetHints":{"allow":["GET"]}}],"collection":[{"href":"https:\/\/ddrheinrich.com\/de\/wp-json\/wp\/v2\/pages"}],"about":[{"href":"https:\/\/ddrheinrich.com\/de\/wp-json\/wp\/v2\/types\/page"}],"author":[{"embeddable":true,"href":"https:\/\/ddrheinrich.com\/de\/wp-json\/wp\/v2\/users\/6"}],"replies":[{"embeddable":true,"href":"https:\/\/ddrheinrich.com\/de\/wp-json\/wp\/v2\/comments?post=297"}],"version-history":[{"count":46,"href":"https:\/\/ddrheinrich.com\/de\/wp-json\/wp\/v2\/pages\/297\/revisions"}],"predecessor-version":[{"id":13522,"href":"https:\/\/ddrheinrich.com\/de\/wp-json\/wp\/v2\/pages\/297\/revisions\/13522"}],"wp:attachment":[{"href":"https:\/\/ddrheinrich.com\/de\/wp-json\/wp\/v2\/media?parent=297"}],"curies":[{"name":"wp","href":"https:\/\/api.w.org\/{rel}","templated":true}]}}