{"id":2732,"date":"2010-12-14T13:49:18","date_gmt":"2010-12-14T12:49:18","guid":{"rendered":"http:\/\/ddrheinrich.com\/?page_id=2732"},"modified":"2023-02-22T15:02:00","modified_gmt":"2023-02-22T14:02:00","slug":"stammzellen","status":"publish","type":"page","link":"https:\/\/ddrheinrich.com\/de\/behandlungen\/regenerative-therapien\/stammzellen\/","title":{"rendered":"Stammzellen"},"content":{"rendered":"<p><img loading=\"lazy\" decoding=\"async\" class=\"alignright ausstellen dropshadow size-full wp-image-11900\" src=\"https:\/\/ddrheinrich.com\/de\/wp-content\/uploads\/sites\/2\/regenerative-therapien-stammzellen.jpg\" alt=\"\" width=\"275\" height=\"183\" srcset=\"https:\/\/ddrheinrich.com\/de\/wp-content\/uploads\/sites\/2\/regenerative-therapien-stammzellen.jpg 275w, https:\/\/ddrheinrich.com\/de\/wp-content\/uploads\/sites\/2\/regenerative-therapien-stammzellen-200x133.jpg 200w\" sizes=\"auto, (max-width: 275px) 100vw, 275px\" \/>K\u00f6rpereigene (autologe) Stammzellen altern kaum und haben die F\u00e4higkeit, Organe und Gewebe des K\u00f6rpers zu regenerieren und zu verj\u00fcngen. Dies ist seit Jahren bekannt und diese Erkenntnisse werden neben der \u00e4sthetischen Medizin weltweit zunehmend bei der Therapie von degenerativen und chronischen Krankheiten genutzt. Das Fettgewebe ist der wichtigste \u201ek\u00f6rpereigene Speicher\u201c dieser wertvollen Zellen; dessen Dichte an Stammzellen ist viel h\u00f6her als z.B. im Knochenmark.<\/p>\n<h2>Regeneration durch k\u00f6rpereigene Ressourcen<\/h2>\n<p>Oft wird uns die Frage gestellt, weshalb Stammzellen zur Behandlung h\u00f6chst unterschiedlicher Krankheiten eingesetzt werden k\u00f6nnen. Patienten und Patientinnen fragen uns, helfen Stammzellen bei Arthrose, helfen Stammzellen bei Durchblutungsst\u00f6rungen, bzw. ganz generell, bei welchen Krankheiten helfen Stammzellen und kann man mit Stammzellen den Alterungsprozess aufhalten?<\/p>\n<p><a href=\"https:\/\/www.puls4.com\/tv\/cafe-puls\/cafe-puls-mit-puls-4-news-februar-2017\/cafe-puls-mit-puls-4-news-vom-24012018\/schmerzfrei-dank-stammzellen\" target=\"_blank\" title=\"Puls4-Beitrag \u201eSchmerzfrei dank Stammzellen\u201c ansehen\"><img loading=\"lazy\" decoding=\"async\" class=\"alignright ausstellen overlap dropshadow size-full wp-image-12691\" src=\"https:\/\/ddrheinrich.com\/de\/wp-content\/uploads\/sites\/2\/puls4-cafe-puls-2018-01-24.jpg\" alt=\"\" width=\"450\" height=\"253\" srcset=\"https:\/\/ddrheinrich.com\/de\/wp-content\/uploads\/sites\/2\/puls4-cafe-puls-2018-01-24.jpg 450w, https:\/\/ddrheinrich.com\/de\/wp-content\/uploads\/sites\/2\/puls4-cafe-puls-2018-01-24-200x112.jpg 200w, https:\/\/ddrheinrich.com\/de\/wp-content\/uploads\/sites\/2\/puls4-cafe-puls-2018-01-24-320x180.jpg 320w\" sizes=\"auto, (max-width: 450px) 100vw, 450px\" \/><\/a>Vielen scheinbar unterschiedlichen Krankheiten liegt derselbe Krankheitsmechanismus zugrunde. Aufgrund einer Sch\u00e4digung des Gewebes kommt es zu \u00fcberschie\u00dfenden Reaktionen des Immunsystems gegen die defekten Zellen (sogenannte Autoimmunreaktion). In der Folge zerst\u00f6rt das Immunsystem die defekten Zellen, ein Degenerationsprozess setzt ein. Stammzellen (sogenannte \u201emesenchymale Stammzellen\u201c) haben das Potential, diese \u00dcberreaktionen des K\u00f6rpers zu d\u00e4mpfen und gleichzeitig die k\u00f6rpereigene Regeneration der betroffenen Zellen, Gewebe und Organe anzuregen.<\/p>\n<p>Deshalb k\u00f6nnten Stammzelltherapien mit k\u00f6rpereigenen, mesenchymalen Stammzellen bei unterschiedlichen Krankheiten helfen, die auf den ersten Blick keine Gemeinsamkeiten aufweisen. So etwa bei Gelenkserkrankungen wie Arthrose, Durchblutungsst\u00f6rungen, Herzerkrankungen, Diabetes, Erkrankungen des Nervensystems, von Organen und von Hormondr\u00fcsen sowie vielen anderen chronischen und degenerativen Erkrankungen. Aufgrund des regenerativen Potentials eignen sich diese Behandlungen auch zur Hautverj\u00fcngung, zur Verbesserung der Wundheilung z.B. bei Sportverletzungen und zur Anregung von neuem Haarwuchs bei sch\u00fctterem Haar.<\/p>\n<div class=\"ausstellen alignright overlap quote\">\n<blockquote><p>Wir haben uns nach zahlreichen Recherchen im Internet f\u00fcr die Stammzelltherapie entschieden und sind so auf diese Ordination in Wien gesto\u00dfen. Alles hat reibungslos geklappt. Die Kommunikation und alles andere. Terminabsprache, Telefongespr\u00e4che und E-Mail-Kontakt. Alles top. Wir haben die Stammzellbehandlung erst vor drei Tagen machen lassen und haben sehr gro\u00dfe Hoffnung, wobei wir sehr wohl wissen, dass man diese Krankheit nicht heilen, aber vielleicht mit ein bisschen Gl\u00fcck etwas aufhalten oder verbessern kann. Vielen Dank an dieses tolle Team. Hier ist man allerbestens aufgehoben.<\/p><\/blockquote>\n<\/div>\n<p>Der Wirkungsweise von k\u00f6rpereigenen Stammzellen liegt ein nat\u00fcrlicher Vorgang zugrunde, der bei jeder Verletzung, z.B. bei einem Knochenbruch, im K\u00f6rperinneren vor sich geht. F\u00fchrt man im Rahmen einer Stammzelltherapie gezielt bestimmten K\u00f6rperregionen Stammzellen zu, wird der k\u00f6rpereigene Heilungsprozess gef\u00f6rdert, indem mehr Stammzellen am regenerationsbed\u00fcrftigen K\u00f6rperbereich die Heilung unterst\u00fctzen.<\/p>\n<h2>Ablauf der Stammzelltherapie<\/h2>\n<p>Eine regenerative Stammzelltherapie erfordert die Absaugung einer kleineren Fettmenge. Anschlie\u00dfend werden daraus die Stammzellen isoliert und nach entsprechender Vorbereitung injiziert. Wegen der gro\u00dfen Menge an Stammzellen im Fettgewebe ist es nicht erforderlich, die Stammzellen im Labor k\u00fcnstlich zu vermehren. Nach Gewinnung und Isolation der Stammzellen k\u00f6nnen sie unmittelbar verabreicht werden.<\/p>\n<p>Der Eingriff erfolgt ambulant und unter \u00f6rtlicher Bet\u00e4ubung. Der therapeutische Effekt tritt in der Regel einige Wochen nach der Behandlung ein. Eine allf\u00e4llige weitere Behandlung kann, abh\u00e4ngig von der eingetretenen Besserung, fr\u00fchestens nach einigen Monaten erfolgen. Kontrolltermine werden nach dem Eingriff individuell vereinbart.<\/p>\n<p>Bitte beachten Sie, dass in der Medizin generell und daher insbesondere auch bei neuartigen Behandlungsmethoden wie Stammzelltherapien keine Garantien gegeben werden k\u00f6nnen. Obwohl wir Ihren Eingriff mit gr\u00f6\u00dfter Sorgfalt durchf\u00fchren und wir mit Stammzellbehandlungen bereits zum Teil sehr gute Ergebnisse erzielt haben, sind adulte Stammzellen kein Allheilmittel.<\/p>\n<p><strong><a href=\"http:\/\/stammzelltherapie-wien.com\/\" target=\"_blank\">N\u00e4here Informationen zu Stammzelltherapien<\/a><\/strong><\/p>\n<p class=\"remark\">Diese Seite dient einzig Informationszwecken und stellt keine medizinische Beratung dar. Es wird ausdr\u00fccklich kein Heilversprechen gegeben. Stammzelltherapie ist ein neuartiges Verfahren, das weltweit erst seit kurzem angewandt wird und zu dem daher die f\u00fcr ein anerkanntes Verfahren notwendigen Langzeitstudien und verl\u00e4sslichen Dokumentationen zu Erfolgen, Risiken und Nebenwirkungen noch nicht vorliegen.<\/p>\n<p class=\"remark\">Die Rechtsvorschriften betreffend Stammzelltherapien und die Durchf\u00fchrung neuer Therapien sind weltweit unterschiedlich. In unserer Ordination in \u00d6sterreich f\u00fchren wir ausschlie\u00dflich die nach der hier geltenden Rechtslage zul\u00e4ssigen Behandlungen durch. F\u00fcr andere Behandlungen verf\u00fcgen wir im Rahmen unseres Kooperationsnetzwerks \u00fcber weltweite Kontakte und k\u00f6nnen bei der Auswahl spezialisierter medizinischer Einrichtungen im Ausland unterst\u00fctzen.<\/p>\n","protected":false},"excerpt":{"rendered":"<p>K\u00f6rpereigene (autologe) Stammzellen altern kaum und haben die F\u00e4higkeit, Organe und Gewebe des K\u00f6rpers zu regenerieren und zu verj\u00fcngen. Dies ist seit Jahren bekannt und diese Erkenntnisse werden neben der \u00e4sthetischen Medizin weltweit zunehmend bei der Therapie von degenerativen und chronischen Krankheiten genutzt. Das Fettgewebe ist der wichtigste \u201ek\u00f6rpereigene Speicher\u201c dieser wertvollen Zellen; dessen Dichte [&hellip;]<\/p>\n","protected":false},"author":6,"featured_media":0,"parent":16,"menu_order":0,"comment_status":"closed","ping_status":"closed","template":"page-detail.php","meta":{"footnotes":""},"class_list":["post-2732","page","type-page","status-publish","hentry"],"_links":{"self":[{"href":"https:\/\/ddrheinrich.com\/de\/wp-json\/wp\/v2\/pages\/2732","targetHints":{"allow":["GET"]}}],"collection":[{"href":"https:\/\/ddrheinrich.com\/de\/wp-json\/wp\/v2\/pages"}],"about":[{"href":"https:\/\/ddrheinrich.com\/de\/wp-json\/wp\/v2\/types\/page"}],"author":[{"embeddable":true,"href":"https:\/\/ddrheinrich.com\/de\/wp-json\/wp\/v2\/users\/6"}],"replies":[{"embeddable":true,"href":"https:\/\/ddrheinrich.com\/de\/wp-json\/wp\/v2\/comments?post=2732"}],"version-history":[{"count":25,"href":"https:\/\/ddrheinrich.com\/de\/wp-json\/wp\/v2\/pages\/2732\/revisions"}],"predecessor-version":[{"id":13439,"href":"https:\/\/ddrheinrich.com\/de\/wp-json\/wp\/v2\/pages\/2732\/revisions\/13439"}],"up":[{"embeddable":true,"href":"https:\/\/ddrheinrich.com\/de\/wp-json\/wp\/v2\/pages\/16"}],"wp:attachment":[{"href":"https:\/\/ddrheinrich.com\/de\/wp-json\/wp\/v2\/media?parent=2732"}],"curies":[{"name":"wp","href":"https:\/\/api.w.org\/{rel}","templated":true}]}}