{"id":2,"date":"2010-06-18T11:53:26","date_gmt":"2010-06-18T09:53:26","guid":{"rendered":"http:\/\/ddrheinrich.com\/?page_id=2"},"modified":"2019-04-03T16:12:20","modified_gmt":"2019-04-03T14:12:20","slug":"brust","status":"publish","type":"page","link":"https:\/\/ddrheinrich.com\/de\/behandlungen\/brust\/","title":{"rendered":"Brust"},"content":{"rendered":"<h2>Die weibliche Brust<\/h2>\n<p><img loading=\"lazy\" decoding=\"async\" class=\"alignright ausstellen dropshadow portrait size-full wp-image-11954\" src=\"https:\/\/ddrheinrich.com\/de\/wp-content\/uploads\/sites\/2\/brust.jpg\" alt=\"\" width=\"275\" height=\"413\" srcset=\"https:\/\/ddrheinrich.com\/de\/wp-content\/uploads\/sites\/2\/brust.jpg 275w, https:\/\/ddrheinrich.com\/de\/wp-content\/uploads\/sites\/2\/brust-133x200.jpg 133w, https:\/\/ddrheinrich.com\/de\/wp-content\/uploads\/sites\/2\/brust-213x320.jpg 213w\" sizes=\"auto, (max-width: 275px) 100vw, 275px\" \/>Viele Frauen sehen ihre Brust als kennzeichnendes Merkmal ihrer Weiblichkeit. Das ist wohl der Grund, warum die Gr\u00f6\u00dfe und Form der Br\u00fcste altersunabh\u00e4ngig oft ein wichtiges Thema sind. Fast alle unsere Patientinnen w\u00fcnschen sich eine nat\u00fcrlich aussehende, zu ihren \u00fcbrigen K\u00f6rperproportionen passende Brust. Entscheidend f\u00fcr das Aussehen der Brust sind im Wesentlichen genetische und hormonelle Faktoren. Lebensgewohnheiten, Alltagssport, Ern\u00e4hrung etc. wirken sich auf die Brustform nur begrenzt aus.<\/p>\n<p>Gro\u00dfen Leidensdruck erleben wir bei Patientinnen, die sich an uns wenden, weil sie ihre Br\u00fcste als zu klein empfinden. Gr\u00f6\u00dfenungleichheiten oder unerw\u00fcnschte Formver\u00e4nderungen und Volumensverlust insbesondere nach dem Stillen sich ebenfalls h\u00e4ufig der Grund f\u00fcr Unzufriedenheit und das Unwohlf\u00fchlen im eigenen K\u00f6rper. Musste die Brust z.B. nach einer Krebserkrankung entfernt werden, w\u00fcnschen sich viele Frauen, dass die \u00e4u\u00dferlichen Spuren soweit m\u00f6glich beseitigt werden.<\/p>\n<h2>Sanfte Nat\u00fcrlichkeit mit Eigenfett<\/h2>\n<p>Die Brustvergr\u00f6\u00dferung mit Eigenfett und Stammzellen erm\u00f6glicht eine schonende Formung ohne Silikon und sonstige k\u00fcnstliche F\u00fcllstoffe, ohne Narben, ohne Vollnarkose und ohne Beeintr\u00e4chtigung der nat\u00fcrlichen Funktion der Brust.<\/p>\n<div class=\"quote\">\n<blockquote><p>Die Brust sieht ganz nat\u00fcrlich aus und greift sich auch nat\u00fcrlich an. Was mich besonders beeindruckt ist, dass mein K\u00f6rper auch durch die Fettabsaugung zwar optimiert wurde, aber immer noch eindeutig mein K\u00f6rper ist.<\/p>\n<footer><cite>Birgit<\/cite>, 37 Jahre<\/footer>\n<\/blockquote>\n<\/div>\n<p>Diese Technik eignet sich sowohl f\u00fcr Frauen, die sich schon immer eine gr\u00f6\u00dfere Brust gew\u00fcnscht haben, als auch f\u00fcr Frauen, die urspr\u00fcnglich vorhandenes Brustvolumen z.B. durch Stillen oder Gewichtsabnahme verloren haben. Im Rahmen eines Eingriffs kann \u00fcblicherweise eine Vergr\u00f6\u00dferung von ungef\u00e4hr einer halben bis zu zwei K\u00f6rbchengr\u00f6\u00dfen erzielt werden.<\/p>\n\n<div class=\"ngg-galleryoverview\" id=\"ngg-gallery-9-2\">\n\n\n\t\n\t<!-- Thumbnails -->\n\t\t\n\t<div id=\"ngg-image-698\" class=\"ngg-gallery-thumbnail-box\"  >\n\t\t<div class=\"ngg-gallery-thumbnail\" >\n\t\t\t<a href=\"https:\/\/ddrheinrich.com\/de\/wp-content\/uploads\/sites\/2\/galleries\/brustvergroesserung\/ddrheinrich-brustvergroesserung-39.jpg\" title=\"&lt;strong&gt;Brustvergr\u00f6\u00dferung mit stammzellangereichertem Eigenfett.&lt;\/strong&gt; Links: Vorher. Rechts: Langzeiterfolg nach vier Jahren.\" class=\"shutterset_set_9\" >\n\t\t\t\t\t\t\t\t<img decoding=\"async\" loading=\"lazy\" title=\"Brustvergr\u00f6\u00dferung mit stammzellangereichertem Eigenfett\" alt=\"Brustvergr\u00f6\u00dferung mit stammzellangereichertem Eigenfett\" src=\"https:\/\/ddrheinrich.com\/de\/wp-content\/uploads\/sites\/2\/galleries\/brustvergroesserung\/thumbs\/thumbs_ddrheinrich-brustvergroesserung-39.jpg\" width=\"250\" height=\"240\" \/>\n\t\t\t\t\t\t\t<\/a>\n\t\t<\/div>\n\t<\/div>\n\t\n\t\t\n \t\t\n\t<div id=\"ngg-image-685\" class=\"ngg-gallery-thumbnail-box\"  >\n\t\t<div class=\"ngg-gallery-thumbnail\" >\n\t\t\t<a href=\"https:\/\/ddrheinrich.com\/de\/wp-content\/uploads\/sites\/2\/galleries\/brustvergroesserung\/ddrheinrich-brustvergroesserung-38.jpg\" title=\"&lt;strong&gt;Brustvergr\u00f6\u00dferung mit stammzellangereichertem Eigenfett.&lt;\/strong&gt; Links: Vorher. Rechts: Langzeiterfolg nach sieben Jahren.\" class=\"shutterset_set_9\" >\n\t\t\t\t\t\t\t\t<img decoding=\"async\" loading=\"lazy\" title=\"Brustvergr\u00f6\u00dferung mit stammzellangereichertem Eigenfett\" alt=\"Brustvergr\u00f6\u00dferung mit stammzellangereichertem Eigenfett\" src=\"https:\/\/ddrheinrich.com\/de\/wp-content\/uploads\/sites\/2\/galleries\/brustvergroesserung\/thumbs\/thumbs_ddrheinrich-brustvergroesserung-38.jpg\" width=\"250\" height=\"236\" \/>\n\t\t\t\t\t\t\t<\/a>\n\t\t<\/div>\n\t<\/div>\n\t\n\t\t\n \t\t\n\t<div id=\"ngg-image-623\" class=\"ngg-gallery-thumbnail-box\" style=\"display: none;\" >\n\t\t<div class=\"ngg-gallery-thumbnail\" >\n\t\t\t<a href=\"https:\/\/ddrheinrich.com\/de\/wp-content\/uploads\/sites\/2\/galleries\/brustvergroesserung\/ddrheinrich-brustvergroesserung-37.jpg\" title=\"&lt;strong&gt;Brustvergr\u00f6\u00dferung mit stammzellangereichertem Eigenfett.&lt;\/strong&gt; Links: Vorher. Rechts: Langzeiterfolg nach einem Jahr.\" class=\"shutterset_set_9\" >\n\t\t\t\t\t\t\t<\/a>\n\t\t<\/div>\n\t<\/div>\n\t\n\t\t\n\t<div id=\"ngg-image-616\" class=\"ngg-gallery-thumbnail-box\" style=\"display: none;\" >\n\t\t<div class=\"ngg-gallery-thumbnail\" >\n\t\t\t<a href=\"https:\/\/ddrheinrich.com\/de\/wp-content\/uploads\/sites\/2\/galleries\/brustvergroesserung\/ddrheinrich-brustvergroesserung-36.jpg\" title=\"&lt;strong&gt;Brustvergr\u00f6\u00dferung mit stammzellangereichertem Eigenfett.&lt;\/strong&gt; Links: Vorher. Rechts: Nachher.\" class=\"shutterset_set_9\" >\n\t\t\t\t\t\t\t<\/a>\n\t\t<\/div>\n\t<\/div>\n\t\n\t\t\n\t<div id=\"ngg-image-609\" class=\"ngg-gallery-thumbnail-box\" style=\"display: none;\" >\n\t\t<div class=\"ngg-gallery-thumbnail\" >\n\t\t\t<a href=\"https:\/\/ddrheinrich.com\/de\/wp-content\/uploads\/sites\/2\/galleries\/brustvergroesserung\/ddrheinrich-brustvergroesserung-35.jpg\" title=\"&lt;strong&gt;Brustvergr\u00f6\u00dferung mit stammzellangereichertem Eigenfett.&lt;\/strong&gt; Links: Vorher. Mitte: Nach einem Jahr. Rechts: Langzeiterfolg nach zwei Jahren.\" class=\"shutterset_set_9\" >\n\t\t\t\t\t\t\t<\/a>\n\t\t<\/div>\n\t<\/div>\n\t\n\t\t\n\t<div id=\"ngg-image-600\" class=\"ngg-gallery-thumbnail-box\" style=\"display: none;\" >\n\t\t<div class=\"ngg-gallery-thumbnail\" >\n\t\t\t<a href=\"https:\/\/ddrheinrich.com\/de\/wp-content\/uploads\/sites\/2\/galleries\/brustvergroesserung\/ddrheinrich-brustvergroesserung-34.jpg\" title=\"&lt;strong&gt;Brustvergr\u00f6\u00dferung mit stammzellangereichertem Eigenfett.&lt;\/strong&gt; Links: Vorher. Rechts: Langzeiterfolg nach einem Jahr.\" class=\"shutterset_set_9\" >\n\t\t\t\t\t\t\t<\/a>\n\t\t<\/div>\n\t<\/div>\n\t\n\t\t\n\t<div id=\"ngg-image-516\" class=\"ngg-gallery-thumbnail-box\" style=\"display: none;\" >\n\t\t<div class=\"ngg-gallery-thumbnail\" >\n\t\t\t<a href=\"https:\/\/ddrheinrich.com\/de\/wp-content\/uploads\/sites\/2\/galleries\/brustvergroesserung\/ddrheinrich-brustvergroesserung-33.jpg\" title=\"&lt;strong&gt;Brustvergr\u00f6\u00dferung mit stammzellangereichertem Eigenfett.&lt;\/strong&gt; Links: Vorher. Rechts: Langzeiterfolg nach einem Jahr.\" class=\"shutterset_set_9\" >\n\t\t\t\t\t\t\t<\/a>\n\t\t<\/div>\n\t<\/div>\n\t\n\t\t\n\t<div id=\"ngg-image-508\" class=\"ngg-gallery-thumbnail-box\" style=\"display: none;\" >\n\t\t<div class=\"ngg-gallery-thumbnail\" >\n\t\t\t<a href=\"https:\/\/ddrheinrich.com\/de\/wp-content\/uploads\/sites\/2\/galleries\/brustvergroesserung\/ddrheinrich-brustvergroesserung-32.jpg\" title=\"&lt;strong&gt;Brustvergr\u00f6\u00dferung mit stammzellangereichertem Eigenfett.&lt;\/strong&gt; Links: Vorher. Rechts: Nachher.\" class=\"shutterset_set_9\" >\n\t\t\t\t\t\t\t<\/a>\n\t\t<\/div>\n\t<\/div>\n\t\n\t\t\n\t<div id=\"ngg-image-506\" class=\"ngg-gallery-thumbnail-box\" style=\"display: none;\" >\n\t\t<div class=\"ngg-gallery-thumbnail\" >\n\t\t\t<a href=\"https:\/\/ddrheinrich.com\/de\/wp-content\/uploads\/sites\/2\/galleries\/brustvergroesserung\/ddrheinrich-brustvergroesserung-31.jpg\" title=\"&lt;strong&gt;Brustvergr\u00f6\u00dferung mit stammzellangereichertem Eigenfett.&lt;\/strong&gt; Links: Vorher. Rechts: Nachher.\" class=\"shutterset_set_9\" >\n\t\t\t\t\t\t\t<\/a>\n\t\t<\/div>\n\t<\/div>\n\t\n\t\t\n\t<div id=\"ngg-image-503\" class=\"ngg-gallery-thumbnail-box\" style=\"display: none;\" >\n\t\t<div class=\"ngg-gallery-thumbnail\" >\n\t\t\t<a href=\"https:\/\/ddrheinrich.com\/de\/wp-content\/uploads\/sites\/2\/galleries\/brustvergroesserung\/ddrheinrich-brustvergroesserung-30.jpg\" title=\"&lt;strong&gt;Brustvergr\u00f6\u00dferung mit stammzellangereichertem Eigenfett.&lt;\/strong&gt; Links: Vorher. Rechts: Nachher.\" class=\"shutterset_set_9\" >\n\t\t\t\t\t\t\t<\/a>\n\t\t<\/div>\n\t<\/div>\n\t\n\t\t\n\t<div id=\"ngg-image-497\" class=\"ngg-gallery-thumbnail-box\" style=\"display: none;\" >\n\t\t<div class=\"ngg-gallery-thumbnail\" >\n\t\t\t<a href=\"https:\/\/ddrheinrich.com\/de\/wp-content\/uploads\/sites\/2\/galleries\/brustvergroesserung\/ddrheinrich-brustvergroesserung-29.jpg\" title=\"&lt;strong&gt;Brustvergr\u00f6\u00dferung mit stammzellangereichertem Eigenfett.&lt;\/strong&gt; Links: Vorher. Rechts: Nachher.\" class=\"shutterset_set_9\" >\n\t\t\t\t\t\t\t<\/a>\n\t\t<\/div>\n\t<\/div>\n\t\n\t\t\n\t<div id=\"ngg-image-486\" class=\"ngg-gallery-thumbnail-box\" style=\"display: none;\" >\n\t\t<div class=\"ngg-gallery-thumbnail\" >\n\t\t\t<a href=\"https:\/\/ddrheinrich.com\/de\/wp-content\/uploads\/sites\/2\/galleries\/brustvergroesserung\/ddrheinrich-brustvergroesserung-28.jpg\" title=\"&lt;strong&gt;Brustvergr\u00f6\u00dferung mit stammzellangereichertem Eigenfett.&lt;\/strong&gt; Links: Vorher. Rechts: Nachher.\" class=\"shutterset_set_9\" >\n\t\t\t\t\t\t\t<\/a>\n\t\t<\/div>\n\t<\/div>\n\t\n\t\t\n\t<div id=\"ngg-image-485\" class=\"ngg-gallery-thumbnail-box\" style=\"display: none;\" >\n\t\t<div class=\"ngg-gallery-thumbnail\" >\n\t\t\t<a href=\"https:\/\/ddrheinrich.com\/de\/wp-content\/uploads\/sites\/2\/galleries\/brustvergroesserung\/ddrheinrich-brustvergroesserung-27.jpg\" title=\"&lt;strong&gt;Brustvergr\u00f6\u00dferung mit stammzellangereichertem Eigenfett.&lt;\/strong&gt; Links: Vorher. Rechts: Nachher.\" class=\"shutterset_set_9\" >\n\t\t\t\t\t\t\t<\/a>\n\t\t<\/div>\n\t<\/div>\n\t\n\t\t\n\t<div id=\"ngg-image-436\" class=\"ngg-gallery-thumbnail-box\" style=\"display: none;\" >\n\t\t<div class=\"ngg-gallery-thumbnail\" >\n\t\t\t<a href=\"https:\/\/ddrheinrich.com\/de\/wp-content\/uploads\/sites\/2\/galleries\/brustvergroesserung\/ddrheinrich-brustvergroesserung-26.jpg\" title=\"&lt;strong&gt;Brustvergr\u00f6\u00dferung mit stammzellangereichertem Eigenfett.&lt;\/strong&gt; Links: Vorher. Rechts: Nachher.\" class=\"shutterset_set_9\" >\n\t\t\t\t\t\t\t<\/a>\n\t\t<\/div>\n\t<\/div>\n\t\n\t\t\n\t<div id=\"ngg-image-422\" class=\"ngg-gallery-thumbnail-box\" style=\"display: none;\" >\n\t\t<div class=\"ngg-gallery-thumbnail\" >\n\t\t\t<a href=\"https:\/\/ddrheinrich.com\/de\/wp-content\/uploads\/sites\/2\/galleries\/brustvergroesserung\/ddrheinrich-brustvergroesserung-25.jpg\" title=\"&lt;strong&gt;Brustvergr\u00f6\u00dferung mit stammzellangereichertem Eigenfett.&lt;\/strong&gt; Links: Vorher. Rechts: Nachher.\" class=\"shutterset_set_9\" >\n\t\t\t\t\t\t\t<\/a>\n\t\t<\/div>\n\t<\/div>\n\t\n\t\t\n\t<div id=\"ngg-image-420\" class=\"ngg-gallery-thumbnail-box\" style=\"display: none;\" >\n\t\t<div class=\"ngg-gallery-thumbnail\" >\n\t\t\t<a href=\"https:\/\/ddrheinrich.com\/de\/wp-content\/uploads\/sites\/2\/galleries\/brustvergroesserung\/ddrheinrich-brustvergroesserung-24.jpg\" title=\"&lt;strong&gt;Brustvergr\u00f6\u00dferung mit stammzellangereichertem Eigenfett.&lt;\/strong&gt; Links: Vorher. Rechts: Nachher.\" class=\"shutterset_set_9\" >\n\t\t\t\t\t\t\t<\/a>\n\t\t<\/div>\n\t<\/div>\n\t\n\t\t\n\t<div id=\"ngg-image-402\" class=\"ngg-gallery-thumbnail-box\" style=\"display: none;\" >\n\t\t<div class=\"ngg-gallery-thumbnail\" >\n\t\t\t<a href=\"https:\/\/ddrheinrich.com\/de\/wp-content\/uploads\/sites\/2\/galleries\/brustvergroesserung\/ddrheinrich-brustvergroesserung-23.jpg\" title=\"&lt;strong&gt;Brustvergr\u00f6\u00dferung mit stammzellangereichertem Eigenfett.&lt;\/strong&gt; Links: Vorher. Rechts: Nachher.\" class=\"shutterset_set_9\" >\n\t\t\t\t\t\t\t<\/a>\n\t\t<\/div>\n\t<\/div>\n\t\n\t\t\n\t<div id=\"ngg-image-399\" class=\"ngg-gallery-thumbnail-box\" style=\"display: none;\" >\n\t\t<div class=\"ngg-gallery-thumbnail\" >\n\t\t\t<a href=\"https:\/\/ddrheinrich.com\/de\/wp-content\/uploads\/sites\/2\/galleries\/brustvergroesserung\/ddrheinrich-brustvergroesserung-22.jpg\" title=\"&lt;strong&gt;Brustvergr\u00f6\u00dferung mit stammzellangereichertem Eigenfett.&lt;\/strong&gt; Links: Vorher. Rechts: Nachher.\" class=\"shutterset_set_9\" >\n\t\t\t\t\t\t\t<\/a>\n\t\t<\/div>\n\t<\/div>\n\t\n\t\t\n\t<div id=\"ngg-image-364\" class=\"ngg-gallery-thumbnail-box\" style=\"display: none;\" >\n\t\t<div class=\"ngg-gallery-thumbnail\" >\n\t\t\t<a href=\"https:\/\/ddrheinrich.com\/de\/wp-content\/uploads\/sites\/2\/galleries\/brustvergroesserung\/ddrheinrich-brustvergroesserung-21.jpg\" title=\"&lt;strong&gt;Brustvergr\u00f6\u00dferung mit stammzellangereichertem Eigenfett.&lt;\/strong&gt; Links: Vorher. Rechts: Nachher.\" class=\"shutterset_set_9\" >\n\t\t\t\t\t\t\t<\/a>\n\t\t<\/div>\n\t<\/div>\n\t\n\t\t\n\t<div id=\"ngg-image-280\" class=\"ngg-gallery-thumbnail-box\" style=\"display: none;\" >\n\t\t<div class=\"ngg-gallery-thumbnail\" >\n\t\t\t<a href=\"https:\/\/ddrheinrich.com\/de\/wp-content\/uploads\/sites\/2\/galleries\/brustvergroesserung\/ddrheinrich-brustvergroesserung-20.jpg\" title=\"&lt;strong&gt;Brustvergr\u00f6\u00dferung mit stammzellangereichertem Eigenfett.&lt;\/strong&gt; Links: Vorher. Rechts: Nachher.\" class=\"shutterset_set_9\" >\n\t\t\t\t\t\t\t<\/a>\n\t\t<\/div>\n\t<\/div>\n\t\n\t\t\n\t<div id=\"ngg-image-188\" class=\"ngg-gallery-thumbnail-box\" style=\"display: none;\" >\n\t\t<div class=\"ngg-gallery-thumbnail\" >\n\t\t\t<a href=\"https:\/\/ddrheinrich.com\/de\/wp-content\/uploads\/sites\/2\/galleries\/brustvergroesserung\/ddrheinrich-brustvergroesserung-19.jpg\" title=\"&lt;strong&gt;Brustvergr\u00f6\u00dferung mit stammzellangereichertem Eigenfett.&lt;\/strong&gt; (1) Vorher. (2) Nach einigen Monaten. (3) Nach zwei Jahren. (4) Nach zweieinhalb Jahren. (5) Langzeiterfolg nach dreieinhalb Jahren.\" class=\"shutterset_set_9\" >\n\t\t\t\t\t\t\t<\/a>\n\t\t<\/div>\n\t<\/div>\n\t\n\t\t\n\t<div id=\"ngg-image-186\" class=\"ngg-gallery-thumbnail-box\" style=\"display: none;\" >\n\t\t<div class=\"ngg-gallery-thumbnail\" >\n\t\t\t<a href=\"https:\/\/ddrheinrich.com\/de\/wp-content\/uploads\/sites\/2\/galleries\/brustvergroesserung\/ddrheinrich-brustvergroesserung-18.jpg\" title=\"&lt;strong&gt;Brustvergr\u00f6\u00dferung mit stammzellangereichertem Eigenfett.&lt;\/strong&gt; Links: Vorher. Mitte: Nach einigen Monaten. Rechts: Langzeiterfolg nach 1\u00bd Jahren.\" class=\"shutterset_set_9\" >\n\t\t\t\t\t\t\t<\/a>\n\t\t<\/div>\n\t<\/div>\n\t\n\t\t\n\t<div id=\"ngg-image-185\" class=\"ngg-gallery-thumbnail-box\" style=\"display: none;\" >\n\t\t<div class=\"ngg-gallery-thumbnail\" >\n\t\t\t<a href=\"https:\/\/ddrheinrich.com\/de\/wp-content\/uploads\/sites\/2\/galleries\/brustvergroesserung\/ddrheinrich-brustvergroesserung-17.jpg\" title=\"&lt;strong&gt;Brustvergr\u00f6\u00dferung mit stammzellangereichertem Eigenfett.&lt;\/strong&gt; Links: Vorher. Rechts: Nach einigen Monaten.\" class=\"shutterset_set_9\" >\n\t\t\t\t\t\t\t<\/a>\n\t\t<\/div>\n\t<\/div>\n\t\n\t\t\n\t<div id=\"ngg-image-184\" class=\"ngg-gallery-thumbnail-box\" style=\"display: none;\" >\n\t\t<div class=\"ngg-gallery-thumbnail\" >\n\t\t\t<a href=\"https:\/\/ddrheinrich.com\/de\/wp-content\/uploads\/sites\/2\/galleries\/brustvergroesserung\/ddrheinrich-brustvergroesserung-16.jpg\" title=\"&lt;strong&gt;Brustvergr\u00f6\u00dferung mit stammzellangereichertem Eigenfett.&lt;\/strong&gt; Links: Vorher. Mitte: Nach einigen Monaten. Rechts: Langzeiterfolg nach einem halben Jahr.\" class=\"shutterset_set_9\" >\n\t\t\t\t\t\t\t<\/a>\n\t\t<\/div>\n\t<\/div>\n\t\n\t\t\n\t<div id=\"ngg-image-183\" class=\"ngg-gallery-thumbnail-box\" style=\"display: none;\" >\n\t\t<div class=\"ngg-gallery-thumbnail\" >\n\t\t\t<a href=\"https:\/\/ddrheinrich.com\/de\/wp-content\/uploads\/sites\/2\/galleries\/brustvergroesserung\/ddrheinrich-brustvergroesserung-15.jpg\" title=\"&lt;strong&gt;Brustvergr\u00f6\u00dferung mit stammzellangereichertem Eigenfett.&lt;\/strong&gt; Links: Vorher. Mitte: Nach einigen Monaten. Rechts: Langzeiterfolg nach einem Jahr.\" class=\"shutterset_set_9\" >\n\t\t\t\t\t\t\t<\/a>\n\t\t<\/div>\n\t<\/div>\n\t\n\t\t\n\t<div id=\"ngg-image-123\" class=\"ngg-gallery-thumbnail-box\" style=\"display: none;\" >\n\t\t<div class=\"ngg-gallery-thumbnail\" >\n\t\t\t<a href=\"https:\/\/ddrheinrich.com\/de\/wp-content\/uploads\/sites\/2\/galleries\/brustvergroesserung\/ddrheinrich-brustvergroesserung-14.jpg\" title=\"&lt;strong&gt;Brustvergr\u00f6\u00dferung mit stammzellangereichertem Eigenfett.&lt;\/strong&gt; Links: Vorher. Rechts: Nach einigen Monaten.\" class=\"shutterset_set_9\" >\n\t\t\t\t\t\t\t<\/a>\n\t\t<\/div>\n\t<\/div>\n\t\n\t\t\n\t<div id=\"ngg-image-134\" class=\"ngg-gallery-thumbnail-box\" style=\"display: none;\" >\n\t\t<div class=\"ngg-gallery-thumbnail\" >\n\t\t\t<a href=\"https:\/\/ddrheinrich.com\/de\/wp-content\/uploads\/sites\/2\/galleries\/brustvergroesserung\/ddrheinrich-brustvergroesserung-13.jpg\" title=\"&lt;strong&gt;Brustvergr\u00f6\u00dferung mit stammzellangereichertem Eigenfett.&lt;\/strong&gt; Links: Vorher. Rechts: Nachher.\" class=\"shutterset_set_9\" >\n\t\t\t\t\t\t\t<\/a>\n\t\t<\/div>\n\t<\/div>\n\t\n\t\t\n\t<div id=\"ngg-image-121\" class=\"ngg-gallery-thumbnail-box\" style=\"display: none;\" >\n\t\t<div class=\"ngg-gallery-thumbnail\" >\n\t\t\t<a href=\"https:\/\/ddrheinrich.com\/de\/wp-content\/uploads\/sites\/2\/galleries\/brustvergroesserung\/ddrheinrich-brustvergroesserung-12.jpg\" title=\"&lt;strong&gt;Brustvergr\u00f6\u00dferung mit stammzellangereichertem Eigenfett.&lt;\/strong&gt; Links: Vorher. Rechts: Nach einigen Monaten.\" class=\"shutterset_set_9\" >\n\t\t\t\t\t\t\t<\/a>\n\t\t<\/div>\n\t<\/div>\n\t\n\t\t\n\t<div id=\"ngg-image-120\" class=\"ngg-gallery-thumbnail-box\" style=\"display: none;\" >\n\t\t<div class=\"ngg-gallery-thumbnail\" >\n\t\t\t<a href=\"https:\/\/ddrheinrich.com\/de\/wp-content\/uploads\/sites\/2\/galleries\/brustvergroesserung\/ddrheinrich-brustvergroesserung-11.jpg\" title=\"&lt;strong&gt;Brustvergr\u00f6\u00dferung mit stammzellangereichertem Eigenfett.&lt;\/strong&gt; Links: Vorher. Rechts: Nachher.\" class=\"shutterset_set_9\" >\n\t\t\t\t\t\t\t<\/a>\n\t\t<\/div>\n\t<\/div>\n\t\n\t\t\n\t<div id=\"ngg-image-162\" class=\"ngg-gallery-thumbnail-box\" style=\"display: none;\" >\n\t\t<div class=\"ngg-gallery-thumbnail\" >\n\t\t\t<a href=\"https:\/\/ddrheinrich.com\/de\/wp-content\/uploads\/sites\/2\/galleries\/brustvergroesserung\/ddrheinrich-brustvergroesserung-10.jpg\" title=\"&lt;strong&gt;Brustvergr\u00f6\u00dferung mit stammzellangereichertem Eigenfett.&lt;\/strong&gt; Links: Vorher. Rechts: Nachher.\" class=\"shutterset_set_9\" >\n\t\t\t\t\t\t\t<\/a>\n\t\t<\/div>\n\t<\/div>\n\t\n\t\t\n\t<div id=\"ngg-image-132\" class=\"ngg-gallery-thumbnail-box\" style=\"display: none;\" >\n\t\t<div class=\"ngg-gallery-thumbnail\" >\n\t\t\t<a href=\"https:\/\/ddrheinrich.com\/de\/wp-content\/uploads\/sites\/2\/galleries\/brustvergroesserung\/ddrheinrich-brustvergroesserung-9.jpg\" title=\"&lt;strong&gt;Brustvergr\u00f6\u00dferung mit stammzellangereichertem Eigenfett.&lt;\/strong&gt; Links: Vorher. Rechts: Nachher.\" class=\"shutterset_set_9\" >\n\t\t\t\t\t\t\t<\/a>\n\t\t<\/div>\n\t<\/div>\n\t\n\t\t\n\t<div id=\"ngg-image-117\" class=\"ngg-gallery-thumbnail-box\" style=\"display: none;\" >\n\t\t<div class=\"ngg-gallery-thumbnail\" >\n\t\t\t<a href=\"https:\/\/ddrheinrich.com\/de\/wp-content\/uploads\/sites\/2\/galleries\/brustvergroesserung\/ddrheinrich-brustvergroesserung-8.jpg\" title=\"&lt;strong&gt;Brustvergr\u00f6\u00dferung mit stammzellangereichertem Eigenfett.&lt;\/strong&gt; Links: Vorher. Rechts: Nachher.\" class=\"shutterset_set_9\" >\n\t\t\t\t\t\t\t<\/a>\n\t\t<\/div>\n\t<\/div>\n\t\n\t\t\n\t<div id=\"ngg-image-131\" class=\"ngg-gallery-thumbnail-box\" style=\"display: none;\" >\n\t\t<div class=\"ngg-gallery-thumbnail\" >\n\t\t\t<a href=\"https:\/\/ddrheinrich.com\/de\/wp-content\/uploads\/sites\/2\/galleries\/brustvergroesserung\/ddrheinrich-brustvergroesserung-7.jpg\" title=\"&lt;strong&gt;Brustvergr\u00f6\u00dferung mit stammzellangereichertem Eigenfett.&lt;\/strong&gt; Links: Vorher. Rechts: Nachher.\" class=\"shutterset_set_9\" >\n\t\t\t\t\t\t\t<\/a>\n\t\t<\/div>\n\t<\/div>\n\t\n\t\t\n\t<div id=\"ngg-image-115\" class=\"ngg-gallery-thumbnail-box\" style=\"display: none;\" >\n\t\t<div class=\"ngg-gallery-thumbnail\" >\n\t\t\t<a href=\"https:\/\/ddrheinrich.com\/de\/wp-content\/uploads\/sites\/2\/galleries\/brustvergroesserung\/ddrheinrich-brustvergroesserung-6.jpg\" title=\"&lt;strong&gt;Brustvergr\u00f6\u00dferung mit stammzellangereichertem Eigenfett.&lt;\/strong&gt; Links: Vorher. Rechts: Nachher.\" class=\"shutterset_set_9\" >\n\t\t\t\t\t\t\t<\/a>\n\t\t<\/div>\n\t<\/div>\n\t\n\t\t\n\t<div id=\"ngg-image-130\" class=\"ngg-gallery-thumbnail-box\" style=\"display: none;\" >\n\t\t<div class=\"ngg-gallery-thumbnail\" >\n\t\t\t<a href=\"https:\/\/ddrheinrich.com\/de\/wp-content\/uploads\/sites\/2\/galleries\/brustvergroesserung\/ddrheinrich-brustvergroesserung-5.jpg\" title=\"&lt;strong&gt;Brustvergr\u00f6\u00dferung mit stammzellangereichertem Eigenfett.&lt;\/strong&gt; Links: Vorher. Mitte: Nach einigen Monaten. Rechts: Langzeiterfolg.\" class=\"shutterset_set_9\" >\n\t\t\t\t\t\t\t<\/a>\n\t\t<\/div>\n\t<\/div>\n\t\n\t\t\n\t<div id=\"ngg-image-113\" class=\"ngg-gallery-thumbnail-box\" style=\"display: none;\" >\n\t\t<div class=\"ngg-gallery-thumbnail\" >\n\t\t\t<a href=\"https:\/\/ddrheinrich.com\/de\/wp-content\/uploads\/sites\/2\/galleries\/brustvergroesserung\/ddrheinrich-brustvergroesserung-4.jpg\" title=\"&lt;strong&gt;Brustvergr\u00f6\u00dferung mit stammzellangereichertem Eigenfett.&lt;\/strong&gt; Links: Vorher. Rechts: Nachher.\" class=\"shutterset_set_9\" >\n\t\t\t\t\t\t\t<\/a>\n\t\t<\/div>\n\t<\/div>\n\t\n\t\t\n\t<div id=\"ngg-image-126\" class=\"ngg-gallery-thumbnail-box\" style=\"display: none;\" >\n\t\t<div class=\"ngg-gallery-thumbnail\" >\n\t\t\t<a href=\"https:\/\/ddrheinrich.com\/de\/wp-content\/uploads\/sites\/2\/galleries\/brustvergroesserung\/ddrheinrich-brustvergroesserung-3.jpg\" title=\"&lt;strong&gt;Brustvergr\u00f6\u00dferung mit stammzellangereichertem Eigenfett.&lt;\/strong&gt; Links: Vorher. Rechts: Nachher.\" class=\"shutterset_set_9\" >\n\t\t\t\t\t\t\t<\/a>\n\t\t<\/div>\n\t<\/div>\n\t\n\t\t\n\t<div id=\"ngg-image-125\" class=\"ngg-gallery-thumbnail-box\" style=\"display: none;\" >\n\t\t<div class=\"ngg-gallery-thumbnail\" >\n\t\t\t<a href=\"https:\/\/ddrheinrich.com\/de\/wp-content\/uploads\/sites\/2\/galleries\/brustvergroesserung\/ddrheinrich-brustvergroesserung-2.jpg\" title=\"&lt;strong&gt;Brustvergr\u00f6\u00dferung mit stammzellangereichertem Eigenfett.&lt;\/strong&gt; Links: Vorher. Rechts: Nachher.\" class=\"shutterset_set_9\" >\n\t\t\t\t\t\t\t<\/a>\n\t\t<\/div>\n\t<\/div>\n\t\n\t\t\n\t<div id=\"ngg-image-124\" class=\"ngg-gallery-thumbnail-box\" style=\"display: none;\" >\n\t\t<div class=\"ngg-gallery-thumbnail\" >\n\t\t\t<a href=\"https:\/\/ddrheinrich.com\/de\/wp-content\/uploads\/sites\/2\/galleries\/brustvergroesserung\/ddrheinrich-brustvergroesserung-1.jpg\" title=\"&lt;strong&gt;Brustvergr\u00f6\u00dferung mit stammzellangereichertem Eigenfett.&lt;\/strong&gt; Links: Vorher. Mitte: Nach einigen Monaten. Rechts: Langzeiterfolg nach 1\u00bd Jahren.\" class=\"shutterset_set_9\" >\n\t\t\t\t\t\t\t<\/a>\n\t\t<\/div>\n\t<\/div>\n\t\n\t \t\n\t<!-- Pagination -->\n \t<div class='ngg-navigation'><span class=\"current\">1<\/span><a class=\"page-numbers\" href=\"https:\/\/ddrheinrich.com\/de\/behandlungen\/brust\/?nggpage=2\">2<\/a><a class=\"page-numbers\" href=\"https:\/\/ddrheinrich.com\/de\/behandlungen\/brust\/?nggpage=3\">3<\/a><a class=\"page-numbers\" href=\"https:\/\/ddrheinrich.com\/de\/behandlungen\/brust\/?nggpage=4\">4<\/a><span class=\"more\">...<\/span><a class=\"page-numbers\" href=\"https:\/\/ddrheinrich.com\/de\/behandlungen\/brust\/?nggpage=18\">18<\/a><a class=\"page-numbers\" href=\"https:\/\/ddrheinrich.com\/de\/behandlungen\/brust\/?nggpage=19\">19<\/a><a class=\"page-numbers\" href=\"https:\/\/ddrheinrich.com\/de\/behandlungen\/brust\/?nggpage=20\">20<\/a><a class=\"next\" id=\"ngg-next-2\" href=\"https:\/\/ddrheinrich.com\/de\/behandlungen\/brust\/?nggpage=2\">&#9658;<\/a><\/div> \t\n<\/div>\n\n\n<p class=\"remark\">S\u00e4mtliche Nachher-Fotos geben das tats\u00e4chlich erzielte Behandlungsergebnis wieder. Zum Schutz der Anonymit\u00e4t der dargestellten Personen k\u00f6nnen individuelle physische Besonderheiten (z.B. Muttermale, Tattoos) entfernt worden sein.<\/p>\n","protected":false},"excerpt":{"rendered":"<p>Die weibliche Brust Viele Frauen sehen ihre Brust als kennzeichnendes Merkmal ihrer Weiblichkeit. Das ist wohl der Grund, warum die Gr\u00f6\u00dfe und Form der Br\u00fcste altersunabh\u00e4ngig oft ein wichtiges Thema sind. Fast alle unsere Patientinnen w\u00fcnschen sich eine nat\u00fcrlich aussehende, zu ihren \u00fcbrigen K\u00f6rperproportionen passende Brust. Entscheidend f\u00fcr das Aussehen der Brust sind im Wesentlichen [&hellip;]<\/p>\n","protected":false},"author":6,"featured_media":0,"parent":188,"menu_order":2,"comment_status":"closed","ping_status":"closed","template":"page-behandlungshauptseite.php","meta":{"footnotes":""},"class_list":["post-2","page","type-page","status-publish","hentry"],"_links":{"self":[{"href":"https:\/\/ddrheinrich.com\/de\/wp-json\/wp\/v2\/pages\/2","targetHints":{"allow":["GET"]}}],"collection":[{"href":"https:\/\/ddrheinrich.com\/de\/wp-json\/wp\/v2\/pages"}],"about":[{"href":"https:\/\/ddrheinrich.com\/de\/wp-json\/wp\/v2\/types\/page"}],"author":[{"embeddable":true,"href":"https:\/\/ddrheinrich.com\/de\/wp-json\/wp\/v2\/users\/6"}],"replies":[{"embeddable":true,"href":"https:\/\/ddrheinrich.com\/de\/wp-json\/wp\/v2\/comments?post=2"}],"version-history":[{"count":13,"href":"https:\/\/ddrheinrich.com\/de\/wp-json\/wp\/v2\/pages\/2\/revisions"}],"predecessor-version":[{"id":12022,"href":"https:\/\/ddrheinrich.com\/de\/wp-json\/wp\/v2\/pages\/2\/revisions\/12022"}],"up":[{"embeddable":true,"href":"https:\/\/ddrheinrich.com\/de\/wp-json\/wp\/v2\/pages\/188"}],"wp:attachment":[{"href":"https:\/\/ddrheinrich.com\/de\/wp-json\/wp\/v2\/media?parent=2"}],"curies":[{"name":"wp","href":"https:\/\/api.w.org\/{rel}","templated":true}]}}