{"id":188,"date":"2010-09-29T17:20:55","date_gmt":"2010-09-29T15:20:55","guid":{"rendered":"http:\/\/ddrheinrich.com\/?post_id=188"},"modified":"2023-08-05T22:58:00","modified_gmt":"2023-08-05T20:58:00","slug":"behandlungen","status":"publish","type":"page","link":"https:\/\/ddrheinrich.com\/de\/behandlungen\/","title":{"rendered":"Behandlungen"},"content":{"rendered":"<p class=\"slogan\">Schonende Behandlungen zur Regeneration, Verj\u00fcngung und Optimierung des K\u00f6rpers<\/p>\r\n<div class=\"teasers blurb\"><section class=\"teaser dropshadow\">\n  <a class=\"teaser-link\" href=\"https:\/\/ddrheinrich.com\/de\/behandlungen\/gelenke-arthrose\/\">\n    <div class=\"foo\"><div class=\"bar\"><div class=\"teaser-image\"><img fetchpriority=\"high\" decoding=\"async\" width=\"550\" height=\"275\" src=\"https:\/\/ddrheinrich.com\/de\/wp-content\/uploads\/sites\/2\/teaser-gelenke-550x275.jpg\" class=\"attachment-medium size-medium\" alt=\"\" loading=\"eager\" srcset=\"https:\/\/ddrheinrich.com\/de\/wp-content\/uploads\/sites\/2\/teaser-gelenke-550x275.jpg 550w, https:\/\/ddrheinrich.com\/de\/wp-content\/uploads\/sites\/2\/teaser-gelenke-275x138.jpg 275w, https:\/\/ddrheinrich.com\/de\/wp-content\/uploads\/sites\/2\/teaser-gelenke-800x400.jpg 800w, https:\/\/ddrheinrich.com\/de\/wp-content\/uploads\/sites\/2\/teaser-gelenke-1536x768.jpg 1536w, https:\/\/ddrheinrich.com\/de\/wp-content\/uploads\/sites\/2\/teaser-gelenke-200x100.jpg 200w, https:\/\/ddrheinrich.com\/de\/wp-content\/uploads\/sites\/2\/teaser-gelenke-500x250.jpg 500w, https:\/\/ddrheinrich.com\/de\/wp-content\/uploads\/sites\/2\/teaser-gelenke.jpg 1600w\" sizes=\"(max-width: 550px) 100vw, 550px\" \/><\/div><\/div><\/div>\n    <div class=\"teaser-content\">\n      <h2>Stammzellen bei Gelenksproblemen, Arthrose und Knorpelsch\u00e4den<\/h2><p>Stammzellen aus dem eigenen K\u00f6rperfett bieten eine schonende Behandlungsoption bei Arthrose, Knorpelsch\u00e4den und Sportverletzungen von Knien, H\u00fcften und allen anderen Gelenken. Die Stammzellbehandlung erfolgt ambulant in \u00f6rtlicher Bet\u00e4ubung.<\/p><\/div>\n  <\/a>\n<\/section><section class=\"teaser dropshadow\">\n  <a class=\"teaser-link\" href=\"https:\/\/ddrheinrich.com\/de\/behandlungen\/regenerative-therapien\/\">\n    <div class=\"foo\"><div class=\"bar\"><div class=\"teaser-image\"><img decoding=\"async\" width=\"550\" height=\"275\" src=\"https:\/\/ddrheinrich.com\/de\/wp-content\/uploads\/sites\/2\/teaser-regeneration-550x275.jpg\" class=\"attachment-medium size-medium\" alt=\"\" loading=\"eager\" srcset=\"https:\/\/ddrheinrich.com\/de\/wp-content\/uploads\/sites\/2\/teaser-regeneration-550x275.jpg 550w, https:\/\/ddrheinrich.com\/de\/wp-content\/uploads\/sites\/2\/teaser-regeneration-275x138.jpg 275w, https:\/\/ddrheinrich.com\/de\/wp-content\/uploads\/sites\/2\/teaser-regeneration-800x400.jpg 800w, https:\/\/ddrheinrich.com\/de\/wp-content\/uploads\/sites\/2\/teaser-regeneration-1536x768.jpg 1536w, https:\/\/ddrheinrich.com\/de\/wp-content\/uploads\/sites\/2\/teaser-regeneration-200x100.jpg 200w, https:\/\/ddrheinrich.com\/de\/wp-content\/uploads\/sites\/2\/teaser-regeneration-500x250.jpg 500w, https:\/\/ddrheinrich.com\/de\/wp-content\/uploads\/sites\/2\/teaser-regeneration.jpg 1600w\" sizes=\"(max-width: 550px) 100vw, 550px\" \/><\/div><\/div><\/div>\n    <div class=\"teaser-content\">\n      <h2>Regeneration mit Stammzellen, BHRT, Zelltherapien und Infusionen<\/h2><p>Regenerative Stammzelltherapien, Hormonelle Regeneration mit bioidentischen Hormonen (BHRT), (biomolekulare) Zelltherapien und Infusionsbehandlungen verj\u00fcngen und regenerieren von innen und au\u00dfen. K\u00f6rper und Geist gewinnen neue Lebenskraft, Energie und Vitalit\u00e4t.<\/p><\/div>\n  <\/a>\n<\/section><section class=\"teaser dropshadow\">\n  <a class=\"teaser-link\" href=\"https:\/\/ddrheinrich.com\/de\/behandlungen\/brust\/brustvergroesserung-eigenfett-stammzellen\/\">\n    <div class=\"foo\"><div class=\"bar\"><div class=\"teaser-image\"><img decoding=\"async\" width=\"550\" height=\"275\" src=\"https:\/\/ddrheinrich.com\/de\/wp-content\/uploads\/sites\/2\/teaser-brustvergroesserung-550x275.jpg\" class=\"attachment-medium size-medium\" alt=\"\" loading=\"lazy\" srcset=\"https:\/\/ddrheinrich.com\/de\/wp-content\/uploads\/sites\/2\/teaser-brustvergroesserung-550x275.jpg 550w, https:\/\/ddrheinrich.com\/de\/wp-content\/uploads\/sites\/2\/teaser-brustvergroesserung-275x138.jpg 275w, https:\/\/ddrheinrich.com\/de\/wp-content\/uploads\/sites\/2\/teaser-brustvergroesserung-800x400.jpg 800w, https:\/\/ddrheinrich.com\/de\/wp-content\/uploads\/sites\/2\/teaser-brustvergroesserung-1536x768.jpg 1536w, https:\/\/ddrheinrich.com\/de\/wp-content\/uploads\/sites\/2\/teaser-brustvergroesserung-200x100.jpg 200w, https:\/\/ddrheinrich.com\/de\/wp-content\/uploads\/sites\/2\/teaser-brustvergroesserung-500x250.jpg 500w, https:\/\/ddrheinrich.com\/de\/wp-content\/uploads\/sites\/2\/teaser-brustvergroesserung.jpg 1600w\" sizes=\"auto, (max-width: 550px) 100vw, 550px\" \/><\/div><\/div><\/div>\n    <div class=\"teaser-content\">\n      <h2>Brustvergr\u00f6\u00dferung und Brustrekonstruktion mit Eigenfett und Stammzellen<\/h2><p>K\u00f6rpereigenes Fett und Stammzellen erm\u00f6glichen eine schonende nat\u00fcrliche Formung der Brust ohne Silikon und sonstige k\u00fcnstliche F\u00fcllstoffe, ohne Narben, ohne Vollnarkose und ohne Beeintr\u00e4chtigung der nat\u00fcrlichen Funktion der Brust.<\/p><\/div>\n  <\/a>\n<\/section><section class=\"teaser dropshadow\">\n  <a class=\"teaser-link\" href=\"https:\/\/ddrheinrich.com\/de\/behandlungen\/fettabsaugung\/\">\n    <div class=\"foo\"><div class=\"bar\"><div class=\"teaser-image\"><img decoding=\"async\" width=\"550\" height=\"275\" src=\"https:\/\/ddrheinrich.com\/de\/wp-content\/uploads\/sites\/2\/teaser-aesthetik-550x275.jpg\" class=\"attachment-medium size-medium\" alt=\"\" loading=\"lazy\" srcset=\"https:\/\/ddrheinrich.com\/de\/wp-content\/uploads\/sites\/2\/teaser-aesthetik-550x275.jpg 550w, https:\/\/ddrheinrich.com\/de\/wp-content\/uploads\/sites\/2\/teaser-aesthetik-275x138.jpg 275w, https:\/\/ddrheinrich.com\/de\/wp-content\/uploads\/sites\/2\/teaser-aesthetik-800x400.jpg 800w, https:\/\/ddrheinrich.com\/de\/wp-content\/uploads\/sites\/2\/teaser-aesthetik-1536x768.jpg 1536w, https:\/\/ddrheinrich.com\/de\/wp-content\/uploads\/sites\/2\/teaser-aesthetik-200x100.jpg 200w, https:\/\/ddrheinrich.com\/de\/wp-content\/uploads\/sites\/2\/teaser-aesthetik-500x250.jpg 500w, https:\/\/ddrheinrich.com\/de\/wp-content\/uploads\/sites\/2\/teaser-aesthetik.jpg 1600w\" sizes=\"auto, (max-width: 550px) 100vw, 550px\" \/><\/div><\/div><\/div>\n    <div class=\"teaser-content\">\n      <h2>Fettabsaugung und Dellenkorrektur \u2013 Liposkulptur nach DDr.&nbsp;Heinrich<\/h2><p>Fettpolster und Dellen k\u00f6nnen schonend durch Fettabsaugung mit Mikrokan\u00fclen beseitigt werden. Jahrzehntelange Erfahrung, pr\u00e4zise Handarbeit statt Saugmaschinen, keine sichtbaren Narben und \u00f6rtliche Bet\u00e4ubung statt Vollnarkose kennzeichnen unsere Eingriffstechnik.<\/p><\/div>\n  <\/a>\n<\/section><section class=\"teaser dropshadow\">\n  <a class=\"teaser-link\" href=\"https:\/\/ddrheinrich.com\/de\/behandlungen\/gesicht-haut-haar\/\">\n    <div class=\"foo\"><div class=\"bar\"><div class=\"teaser-image\"><img decoding=\"async\" width=\"550\" height=\"275\" src=\"https:\/\/ddrheinrich.com\/de\/wp-content\/uploads\/sites\/2\/teaser-gesicht-haut-haar-550x275.jpg\" class=\"attachment-medium size-medium\" alt=\"\" loading=\"lazy\" srcset=\"https:\/\/ddrheinrich.com\/de\/wp-content\/uploads\/sites\/2\/teaser-gesicht-haut-haar-550x275.jpg 550w, https:\/\/ddrheinrich.com\/de\/wp-content\/uploads\/sites\/2\/teaser-gesicht-haut-haar-275x138.jpg 275w, https:\/\/ddrheinrich.com\/de\/wp-content\/uploads\/sites\/2\/teaser-gesicht-haut-haar-800x400.jpg 800w, https:\/\/ddrheinrich.com\/de\/wp-content\/uploads\/sites\/2\/teaser-gesicht-haut-haar-1536x768.jpg 1536w, https:\/\/ddrheinrich.com\/de\/wp-content\/uploads\/sites\/2\/teaser-gesicht-haut-haar-200x100.jpg 200w, https:\/\/ddrheinrich.com\/de\/wp-content\/uploads\/sites\/2\/teaser-gesicht-haut-haar-500x250.jpg 500w, https:\/\/ddrheinrich.com\/de\/wp-content\/uploads\/sites\/2\/teaser-gesicht-haut-haar.jpg 1600w\" sizes=\"auto, (max-width: 550px) 100vw, 550px\" \/><\/div><\/div><\/div>\n    <div class=\"teaser-content\">\n      <h2>Regeneration und Verj\u00fcngung von Gesicht, Haut und Haar<\/h2><p>Zur Hautregeneration an Gesicht und K\u00f6rper sowie zur Haarwuchsbehandlung bieten wir Therapien mit k\u00f6rpereigenen Stammzellen, PRP und Wachstumsfaktoren an, die Facelifts und Lidkorrekturen sowie Haartransplantationen in vielen F\u00e4llen verzichtbar machen.<\/p><\/div>\n  <\/a>\n<\/section><section class=\"teaser dropshadow\">\n  <a class=\"teaser-link\" href=\"https:\/\/ddrheinrich.com\/de\/behandlungen\/gewichtsabnahme\/\">\n    <div class=\"foo\"><div class=\"bar\"><div class=\"teaser-image\"><img decoding=\"async\" width=\"550\" height=\"275\" src=\"https:\/\/ddrheinrich.com\/de\/wp-content\/uploads\/sites\/2\/teaser-abnehmen-550x275.jpg\" class=\"attachment-medium size-medium\" alt=\"\" loading=\"lazy\" srcset=\"https:\/\/ddrheinrich.com\/de\/wp-content\/uploads\/sites\/2\/teaser-abnehmen-550x275.jpg 550w, https:\/\/ddrheinrich.com\/de\/wp-content\/uploads\/sites\/2\/teaser-abnehmen-275x138.jpg 275w, https:\/\/ddrheinrich.com\/de\/wp-content\/uploads\/sites\/2\/teaser-abnehmen-800x400.jpg 800w, https:\/\/ddrheinrich.com\/de\/wp-content\/uploads\/sites\/2\/teaser-abnehmen-1536x768.jpg 1536w, https:\/\/ddrheinrich.com\/de\/wp-content\/uploads\/sites\/2\/teaser-abnehmen-200x100.jpg 200w, https:\/\/ddrheinrich.com\/de\/wp-content\/uploads\/sites\/2\/teaser-abnehmen-500x250.jpg 500w, https:\/\/ddrheinrich.com\/de\/wp-content\/uploads\/sites\/2\/teaser-abnehmen.jpg 1600w\" sizes=\"auto, (max-width: 550px) 100vw, 550px\" \/><\/div><\/div><\/div>\n    <div class=\"teaser-content\">\n      <h2>Gewichtsabnahme nach DDr.&nbsp;Heinrich<\/h2><p>Unser Gesamtkonzept zur Gewichtsabnahme verhilft mit individuellen, ma\u00dfgeschneiderten Therapie- und Behandlungspl\u00e4nen zum Idealgewicht. Hormonelle Rebalancierung, \u00c4nderung der Ern\u00e4hrungsgewohnheiten und gezielte Fettabsaugung erm\u00f6glichen eine nachhaltige Gewichtsabnahme ohne \u201eJojo-Effekt\u201c.<\/p><\/div>\n  <\/a>\n<\/section><\/div>","protected":false},"excerpt":{"rendered":"<p>Schonende Behandlungen zur Regeneration, Verj\u00fcngung und Optimierung des K\u00f6rpers<\/p>\n","protected":false},"author":6,"featured_media":0,"parent":0,"menu_order":2,"comment_status":"closed","ping_status":"closed","template":"page-banner.php","meta":{"footnotes":""},"class_list":["post-188","page","type-page","status-publish","hentry"],"_links":{"self":[{"href":"https:\/\/ddrheinrich.com\/de\/wp-json\/wp\/v2\/pages\/188","targetHints":{"allow":["GET"]}}],"collection":[{"href":"https:\/\/ddrheinrich.com\/de\/wp-json\/wp\/v2\/pages"}],"about":[{"href":"https:\/\/ddrheinrich.com\/de\/wp-json\/wp\/v2\/types\/page"}],"author":[{"embeddable":true,"href":"https:\/\/ddrheinrich.com\/de\/wp-json\/wp\/v2\/users\/6"}],"replies":[{"embeddable":true,"href":"https:\/\/ddrheinrich.com\/de\/wp-json\/wp\/v2\/comments?post=188"}],"version-history":[{"count":83,"href":"https:\/\/ddrheinrich.com\/de\/wp-json\/wp\/v2\/pages\/188\/revisions"}],"predecessor-version":[{"id":13489,"href":"https:\/\/ddrheinrich.com\/de\/wp-json\/wp\/v2\/pages\/188\/revisions\/13489"}],"wp:attachment":[{"href":"https:\/\/ddrheinrich.com\/de\/wp-json\/wp\/v2\/media?parent=188"}],"curies":[{"name":"wp","href":"https:\/\/api.w.org\/{rel}","templated":true}]}}