{"id":1824,"date":"2010-11-25T15:57:18","date_gmt":"2010-11-25T14:57:18","guid":{"rendered":"http:\/\/ddrheinrich.com\/?page_id=1824"},"modified":"2017-12-09T17:37:49","modified_gmt":"2017-12-09T16:37:49","slug":"testimonials","status":"publish","type":"page","link":"https:\/\/ddrheinrich.com\/de\/behandlungen\/gewichtsabnahme\/testimonials\/","title":{"rendered":"Testimonials"},"content":{"rendered":"<p>Danke, DDr.&nbsp;Heinrich!<\/p>\n<p>Als Patientin mit einer schweren Schilddr\u00fcsenerkrankung habe ich in wenigen Jahren leider mehr als 30 kg zugenommen. Die Verzweiflung wegen der Krankheit, dem \u00dcbergewicht und wiederkehrenden depressiven Phasen haben meinen beruflichen und privaten Alltag massiv beeintr\u00e4chtigt.<\/p>\n<p>Dank DDr.&nbsp;Heinrich wurde die Schilddr\u00fcsenerkrankung diagnostiziert. Nach deren Behandlung konnte ich mit DDr.&nbsp;Heinrichs Hilfe sehr erfolgreich mein \u00dcbergewicht verlieren. Nach sechs Monaten \u201ealtsteinzeitlicher Ern\u00e4hrung\u201c, unterst\u00fctzt durch die \u201eFettwegspritze\u201c und einer strikten 5-Stunden-Regelung bzgl. der Essenszeiten, habe ich 25 kg abgenommen.<\/p>\n<p>Ich verdanke der Behandlung von DDr.&nbsp;Heinrich meine zur\u00fcckgewonnene Lebensqualit\u00e4t als gesunde und jetzt wieder zunehmend modisch gekleidete, selbstbewusste Frau \u2013 beruflich und privat rundum zufrieden, leistungsf\u00e4hig und lebensfroh.<\/p>\n<p>\u2014 Frau M. Sch\u00fcller, 59 Jahre<\/p>\n<hr \/>\n<p>Nach 3 Monaten Therapie f\u00fchle ich mich deutlich besser und schlanker. Meine Haut sieht fantastisch und strahlend aus. Ich bekomme viele Komplimente f\u00fcr mein Aussehen und meine Haut. Ich kann Dr. Heinrich und sein Team nur empfehlen.<\/p>\n<hr \/>\n<p>Ich habe mit der Weight-Loss-Therapie in sechs Wochen 10 Kilo abgenommen und f\u00fchle mich ungleich besser und fitter als davor. Neueste Messungen haben auch gezeigt, dass sich meine Cholesterinwerte positiv ver\u00e4ndert haben. \u2014 Adolf Wallner, 68 Jahre<\/p>\n<hr \/>\n<p>Das Problem, das mich zu DDr.&nbsp;Heinrich gebracht hat, war das \u00dcbergewicht. Ich habe keinen Sport mehr gemacht und innerhalb weniger Jahre 25 Kilo zugenommen. Das wurde mir dann etwas unheimlich, insbesondere weil ich auch schon Probleme mit den Knien bekam. Daraufhin habe ich meine eigenen Recherchen begonnen und bin immer wieder auf DDr.&nbsp;Heinrich gesto\u00dfen. Ich habe mich zu einem Besuch in der Ordination entschlossen. Der Herr Doktor hat dabei auf mich einen sehr kompetenten und vertrauensw\u00fcrdigen Eindruck gemacht.<\/p>\n<p>Ich habe von ihm erfahren, dass man durch die Kombination von Ern\u00e4hrungsumstellung und bestimmten Hormonen wesentlich leichter abnehmen kann. Zun\u00e4chst wurde ich umfassend beraten und aufgekl\u00e4rt, zum Beispiel hatte ich Bedenken wegen eines m\u00f6glichen Brustkrebsrisikos. Diese Bedenken konnten ausger\u00e4umt werden.<\/p>\n<p>Mein Ziel war es, viel Gewicht zu verlieren, daher habe ich mit Di\u00e4t und Therapie mit bioidentischen Hormonen begonnen. Die Di\u00e4t basiert auf der Reduktion von Kohlenhydraten, ich habe viel Gem\u00fcse, wei\u00dfes Fleisch, Fisch und mageres rotes Fleisch gegessen. Leider bin ich in Sachen Ern\u00e4hrung nicht besonders konsequent. Di\u00e4t betrachte ich als Minderung meiner Lebensqualit\u00e4t. Trotzdem habe ich drei Wochen lang durchgehalten. Das hat rund sieben Kilo Gewichtsabnahme gebracht. Leider war ich dann mit der Di\u00e4t nicht mehr so konsequent, habe aber trotzdem drei weitere Kilo verloren. Das sind jetzt zehn Kilo in drei Monaten. Ich nehme aber nach wie vor meine bioidentischen Hormone und verschiedene Wirkstoffe.<\/p>\n<p>Vor allem f\u00fchle ich mich insgesamt sehr gut mit dieser Behandlung. Ich bin konzentrationsf\u00e4higer als fr\u00fcher und f\u00fchle mich sehr wach. Die einzige Nebenwirkung waren zu Beginn der Therapie Schlafst\u00f6rungen. Das habe ich DDr.&nbsp;Heinrich auch gesagt, er hat die Therapie darauf leicht ver\u00e4ndert und das Problem war verschwunden.<\/p>\n<p>Jetzt m\u00f6chte ich die Therapie noch ein Monat weiterf\u00fchren und mich wieder strikt an die Di\u00e4t halten. Ideal w\u00e4re nat\u00fcrlich eine dauerhafte Umstellung der Ern\u00e4hrung und mehr Bewegung.<\/p>\n<p>\u2014 Frau Kunz, 32 Jahre<\/p>\n","protected":false},"excerpt":{"rendered":"<p>Danke, DDr.&nbsp;Heinrich! Als Patientin mit einer schweren Schilddr\u00fcsenerkrankung habe ich in wenigen Jahren leider mehr als 30 kg zugenommen. Die Verzweiflung wegen der Krankheit, dem \u00dcbergewicht und wiederkehrenden depressiven Phasen haben meinen beruflichen und privaten Alltag massiv beeintr\u00e4chtigt. Dank DDr.&nbsp;Heinrich wurde die Schilddr\u00fcsenerkrankung diagnostiziert. Nach deren Behandlung konnte ich mit DDr.&nbsp;Heinrichs Hilfe sehr erfolgreich mein [&hellip;]<\/p>\n","protected":false},"author":6,"featured_media":0,"parent":50,"menu_order":2,"comment_status":"closed","ping_status":"closed","template":"page-detail.php","meta":{"footnotes":""},"class_list":["post-1824","page","type-page","status-publish","hentry"],"_links":{"self":[{"href":"https:\/\/ddrheinrich.com\/de\/wp-json\/wp\/v2\/pages\/1824","targetHints":{"allow":["GET"]}}],"collection":[{"href":"https:\/\/ddrheinrich.com\/de\/wp-json\/wp\/v2\/pages"}],"about":[{"href":"https:\/\/ddrheinrich.com\/de\/wp-json\/wp\/v2\/types\/page"}],"author":[{"embeddable":true,"href":"https:\/\/ddrheinrich.com\/de\/wp-json\/wp\/v2\/users\/6"}],"replies":[{"embeddable":true,"href":"https:\/\/ddrheinrich.com\/de\/wp-json\/wp\/v2\/comments?post=1824"}],"version-history":[{"count":1,"href":"https:\/\/ddrheinrich.com\/de\/wp-json\/wp\/v2\/pages\/1824\/revisions"}],"predecessor-version":[{"id":11600,"href":"https:\/\/ddrheinrich.com\/de\/wp-json\/wp\/v2\/pages\/1824\/revisions\/11600"}],"up":[{"embeddable":true,"href":"https:\/\/ddrheinrich.com\/de\/wp-json\/wp\/v2\/pages\/50"}],"wp:attachment":[{"href":"https:\/\/ddrheinrich.com\/de\/wp-json\/wp\/v2\/media?parent=1824"}],"curies":[{"name":"wp","href":"https:\/\/api.w.org\/{rel}","templated":true}]}}