{"id":1693,"date":"2010-11-24T20:45:46","date_gmt":"2010-11-24T19:45:46","guid":{"rendered":"http:\/\/ddrheinrich.com\/?page_id=1693"},"modified":"2023-07-26T18:14:48","modified_gmt":"2023-07-26T16:14:48","slug":"faq","status":"publish","type":"page","link":"https:\/\/ddrheinrich.com\/de\/behandlungen\/fettabsaugung\/faq\/","title":{"rendered":"FAQ"},"content":{"rendered":"<p class=\"ausstellen\"><a href=\"https:\/\/ddrheinrich.com\/de\/behandlungen\/fettabsaugung\/faq\/2\/\">FAQ zur Fettwegspritze\u2026<\/a><\/p>\n<h2>H\u00e4ufig gestellte Fragen zur Fettabsaugung<\/h2>\n<h3 class=\"faq-question\"><a href=\"#\">Muss ich mir Krankenstand oder Urlaub nehmen?<\/a><\/h3><div class=\"faq-answer\"><p>Bitte beachten Sie, dass kosmetische Behandlungen, denen Sie sich freiwillig unterziehen, nicht zum Krankenstand berechtigen. Je nach Art und Umfang der abgesaugten Regionen und individuellem Schmerzempfinden kann es angenehmer sein, sich 1 bis 2 Tage nach dem Eingriff frei zu nehmen. \u00dcblicherweise ist es aus medizinischer Sicht nicht notwendig, sich Urlaub zu nehmen.<\/p>\n<\/div>\n<h3 class=\"faq-question\"><a href=\"#\">Kann man durch eine Fettabsaugung Gewicht abnehmen?<\/a><\/h3><div class=\"faq-answer\"><p>Nein! Die Fettabsaugung dient der Figurformung und Reduktion von Problemzonen. Allerdings kann eine Fettabsaugung als Initialtherapie f\u00fcr eine Gewichtsabnahme sehr n\u00fctzlich sein, weil der K\u00f6rper offenbar nach der Fettabsaugung auf \u201eFettabbau\u201c programmiert ist. In der Folge f\u00e4llt es meist viel leichter, durch Di\u00e4t, k\u00f6rperliches Training und <a href=\"https:\/\/ddrheinrich.com\/de\/behandlungen\/gewichtsabnahme\/\">(\u00e4rztlich unterst\u00fctzte) Gewichtsabnahmetherapien<\/a> Kilos dauerhaft und schnell abzunehmen. Eine Fettabsaugung zur Gewichtsabnahme sollte in ein Gesamtkonzept zur Gewichtsreduktion eingebunden sein. Absaugen ohne anschlie\u00dfende Gewichtsabnahme ist in der Regel zu wenig.<\/p>\n<\/div>\n<h3 class=\"faq-question\"><a href=\"#\">Sollte ich vor einer Fettabsaugung so viel wie m\u00f6glich abnehmen?<\/a><\/h3><div class=\"faq-answer\"><p>Nein! Dadurch w\u00fcrde das Absaugen erheblich erschwert! Warten Sie bitte mit dem Abnehmen bis nach der Fettabsaugung (dann geht es erfahrungsgem\u00e4\u00df auch viel leichter). Au\u00dferdem beg\u00fcnstigt eine Fettabsaugung vor einer Gewichtsabnahme in der Regel die R\u00fcckbildung \u201e\u00fcbersch\u00fcssiger\u201c Haut, wodurch das Risiko der Entstehung von h\u00e4ngenden Hautfalten gemindert werden kann.<\/p>\n<\/div>\n<h3 class=\"faq-question\"><a href=\"#\">Wann kann ich wieder Sport machen?<\/a><\/h3><div class=\"faq-answer\"><p>Leichte k\u00f6rperliche Bet\u00e4tigung ist schon nach 1 bis 2 Tagen m\u00f6glich. Je nach Art und Anzahl der abgesaugten Regionen k\u00f6nnen Sie intensive sportliche Bet\u00e4tigung ab ca. 1 bis 4 Wochen nach dem Eingriff aus\u00fcben.<\/p>\n<\/div>\n<h3 class=\"faq-question\"><a href=\"#\">Was ist danach zu beachten?<\/a><\/h3><div class=\"faq-answer\"><p>Der Verband, den Sie von uns bekommen, wird \u00fcber Nacht getragen und am n\u00e4chsten Tag von Ihnen selbst entfernt. Anschlie\u00dfend m\u00fcssen Sie bei der <a href=\"https:\/\/ddrheinrich.com\/de\/behandlungen\/fettabsaugung\/\">Fettabsaugung mit Mikrokan\u00fclen<\/a> je nach Art der abgesaugten Regionen ca. 7 Tage Kompressionsw\u00e4sche bzw. eine St\u00fctzstrumpfhose tragen. Bei der <a href=\"https:\/\/ddrheinrich.com\/de\/behandlungen\/fettabsaugung\/\">Fettabsaugung mit Standardkan\u00fclen<\/a> ist die Kompressionsw\u00e4sche ca. 4 bis 8 Wochen zu tragen. In der Regel treten R\u00f6tungen, blaue Flecken und Schwellungen auf. Bis zum Verheilen der Einstichstellen empfehlen wir insbesondere Sauna, Dampfbad, Schwimmbad, \u201eschwei\u00dftreibende\u201c T\u00e4tigkeiten und Solarium zu meiden.<\/p>\n<\/div>\n<h3 class=\"faq-question\"><a href=\"#\">Um wie viel wiege ich nach einer Fettabsaugung weniger?<\/a><\/h3><div class=\"faq-answer\"><p>Die abgesaugte Menge an Fett kann nicht in Kilos umgelegt werden. Die Fettabsaugung dient in erster Linie der Perfektionierung der Silhouette und der Problemzonenbeseitigung. Je nach Art und Umfang der abgesaugten Regionen kann eine Reduktion um bis zu zwei Kleidergr\u00f6\u00dfen erzielt werden.<\/p>\n<\/div>\n<h3 class=\"faq-question\"><a href=\"#\">Kann man eine Fettabsaugung auch in h\u00f6herem Alter machen?<\/a><\/h3><div class=\"faq-answer\"><p>Grunds\u00e4tzlich k\u00f6nnen Fettabsaugungen in jedem Alter gemacht werden. Je nach Alter und Gesundheitszustand kann die Einholung einer internistischen Operationsfreigabe erforderlich sein.<\/p>\n<\/div>\n<h3 class=\"faq-question\"><a href=\"#\">Kommt das Fett wieder?<\/a><\/h3><div class=\"faq-answer\"><p>Bei der Liposkulptur wird nicht nur das Fett entfernt, sondern auch die Anzahl der Fettzellen stark verringert. Im Falle einer neuerlichen moderaten Gewichtszunahme wird das Fett nicht in den den zuvor abgesaugten Regionen eingelagert. Da bei Erwachsenen keine neuen Fettzellen nachwachsen, ist das Ergebnis dauerhaft. Somit ist, anders als bei einer Di\u00e4t, die Fettspeicherkapazit\u00e4t in den abgesaugten Arealen stark reduziert. Trotzdem k\u00f6nnen sich bei massiver Gewichtszunahme (z.B. um 30 Kilo) in den abgesaugten Arealen Fettzellen regenerieren. In diesem Fall kann das kosmetische Ergebnis der Fettabsaugung beeintr\u00e4chtigt werden.<\/p>\n<\/div>\n<h3 class=\"faq-question\"><a href=\"#\">Wie viel kostet eine Fettabsaugung?<\/a><\/h3><div class=\"faq-answer\"><p>Die Kosten f\u00fcr eine Fettabsaugung sind abh\u00e4ngig vom gew\u00e4hlten Verfahren und Ihren W\u00fcnschen und Erfordernissen. Umfassende Informationen zu Ihrer individuellen Behandlung, auf Wunsch mit <a href=\"https:\/\/ddrheinrich.com\/de\/kontakt\/vip-service\/\">VIP-Service<\/a>, erhalten Sie im Zuge einer <a href=\"https:\/\/ddrheinrich.com\/de\/kontakt\/\">Erstordination<\/a>.<\/p>\n<\/div>\n<h3 class=\"faq-question\"><a href=\"#\">Ist eine Fettabsaugung schmerzhaft?<\/a><\/h3><div class=\"faq-answer\"><p>Normalerweise nicht, da die Fettpolster mit einer schmerzstillenden Fl\u00fcssigkeit infiltriert werden. Komplette Schmerzfreiheit kann aber bei keinem Eingriff unter \u00f6rtlicher Bet\u00e4ubung garantiert werden. Alternativ besteht die M\u00f6glichkeit, sich in einen tiefen Schlafzustand (D\u00e4mmerschlaf) versetzen zu lassen. Diese Vorgehensweise empfehlen wir aber nur im Ausnahmefall, weil f\u00fcr Ihr optimales kosmetisches Ergebnis normalerweise sowohl im Liegen als auch im Stehen abgesaugt werden muss und Sie deshalb w\u00e4hrend des Eingriffs bei Bewusstsein sein sollten.<\/p>\n<\/div>\n<h3 class=\"faq-question\"><a href=\"#\">Worin liegt der Unterschied zwischen der Liposkulptur und anderen Verfahren der Fettabsaugung (z.B. Ultraschall, Laser)?<\/a><\/h3><div class=\"faq-answer\"><p>Fettabsaugung ist nicht gleich Fettabsaugung! Es gibt eine Vielzahl von unterschiedlichen Verfahren. Die Liposkulptur ist besonders gewebeschonend. Bei anderen Verfahren mit maschinellen Absaugungsger\u00e4ten werden in der Regeln die Fettzellen vorher zerst\u00f6rt und dann abgesaugt. Dies ist nicht notwendig, da es keine merklichen Vorteile bietet, das Gewebe zus\u00e4tzlich belastet und die Heilungszeit verl\u00e4ngert. Andere Methoden verwenden aggressiven Ultraschall, um die Fettzellen zu zerst\u00f6ren, bevor sie abgesaugt werden. Da die Fettzellen ohnedies entfernt werden, ist es nutzlos, sie vorher zu zerst\u00f6ren. Au\u00dferdem k\u00f6nnen dadurch zus\u00e4tzliche Komplikationen wie Hautverbrennungen auftreten. Narbenbildungen und Unregelm\u00e4\u00dfigkeiten k\u00f6nnen die Folge sein.<\/p>\n<\/div>\n<p><!--nextpage--><\/p>\n<p class=\"ausstellen\"><a href=\"https:\/\/ddrheinrich.com\/de\/behandlungen\/fettabsaugung\/faq\/\">FAQ zur Fettabsaugung\u2026<\/a><\/p>\n<h2>H\u00e4ufig gestellte Fragen zur Fettwegspritze<\/h2>\n<h3 class=\"faq-question\"><a href=\"#\">Muss ich mir Krankenstand oder Urlaub nehmen?<\/a><\/h3><div class=\"faq-answer\"><p>Bitte beachten Sie, dass kosmetische Behandlungen, denen Sie sich freiwillig unterziehen, nicht zum Krankenstand berechtigen. \u00dcblicherweise ist es aus medizinischer Sicht nicht notwendig, sich Urlaub zu nehmen.<\/p>\n<\/div>\n<h3 class=\"faq-question\"><a href=\"#\">Was ist danach zu beachten?<\/a><\/h3><div class=\"faq-answer\"><p>Der Schutzverband kann nach einigen Stunden wieder entfernt werden. R\u00f6tungen, blaue Flecken und Schwellungen sind durchaus \u00fcblich. Bis zum Verheilen der Einstichstellen empfehlen wir insbesondere Sauna, Dampfbad, Schwimmbad, \u201eschwei\u00dftreibende\u201c T\u00e4tigkeiten und Solarium zu meiden.<\/p>\n<\/div>\n<h3 class=\"faq-question\"><a href=\"#\">Wie viel wiege ich nach einer Behandlung weniger?<\/a><\/h3><div class=\"faq-answer\"><p>Die Behandlung mit der Fettwegspritze dient nicht der Gewichtsreduktion, sondern erm\u00f6glicht die \u201eHarmonisierung\u201c von Problemzonen. Allerdings reduziert sich normalerweise das Volumen der behandelten Regionen. Das Ergebnis ist individuell verschieden, erfahrungsgem\u00e4\u00df kann die Umfangreduktion vor\/nach der Behandlung 2 bis 4 Zentimeter relativ zur Ausgangssituation betragen.<\/p>\n<\/div>\n<h3 class=\"faq-question\"><a href=\"#\">Wie viele Behandlungen sind n\u00f6tig?<\/a><\/h3><div class=\"faq-answer\"><p>Die Anzahl der Behandlungen richtet sich nach der Art und Anzahl der Problemzonen und dem Ausma\u00df der gew\u00fcnschten Ver\u00e4nderung. Im Durchschnitt sind zwei Behandlungen im Abstand von mindestens zwei Wochen notwendig.<\/p>\n<\/div>\n<h3 class=\"faq-question\"><a href=\"#\">Wie viel kostet eine Behandlung?<\/a><\/h3><div class=\"faq-answer\"><p>Mehrere Faktoren sind f\u00fcr die Honorarh\u00f6he entscheidend, insbesondere die Lage und Anzahl der zu behandelnden Regionen. Eine \u00e4rztliche Untersuchung und eine genaue Analyse Ihrer W\u00fcnsche sind somit unbedingt n\u00f6tig. Bei der <a href=\"https:\/\/ddrheinrich.com\/de\/kontakt\/\">Erstuntersuchung<\/a> wird ein Behandlungsplan erstellt und die Kosten hierf\u00fcr festgelegt.<\/p>\n<\/div>\n<h3 class=\"faq-question\"><a href=\"#\">Wo kann die Fettwegspritze angewendet werden?<\/a><\/h3><div class=\"faq-answer\"><p>Die Injektionslipolyse kann im Grunde an jeder K\u00f6rperstelle mit unerw\u00fcnschten Fettdepots angewendet werden. Vor einer Behandlung ist nat\u00fcrlich eine \u00e4rztliche Untersuchung im Rahmen einer <a href=\"https:\/\/ddrheinrich.com\/de\/kontakt\/\">Erstordination<\/a> unerl\u00e4sslich.<\/p>\n<\/div>\n<h3 class=\"faq-question\"><a href=\"#\">Wie funktioniert die Fettwegspritze wirklich?<\/a><\/h3><div class=\"faq-answer\"><p>Die Fettwegspritze erm\u00f6glicht die Beseitigung von kleineren Fettdepots\/Cellulite ohne operativen Eingriff. Die Fettpolster werden durch die gezielte Verabreichung einer speziellen Substanz zum \u201eSchmelzen\u201c gebracht. Die zerst\u00f6rten Fettzellen werden dann in vom Lymphsystem des K\u00f6rpers abtransportiert und auf nat\u00fcrliche Weise abgebaut. Das Ergebnis ist im Allgemeinen nach ungef\u00e4hr zwei Wochen sichtbar.<\/p>\n<\/div>\n","protected":false},"excerpt":{"rendered":"<p>FAQ zur Fettwegspritze\u2026 H\u00e4ufig gestellte Fragen zur Fettabsaugung<\/p>\n","protected":false},"author":6,"featured_media":0,"parent":14,"menu_order":8,"comment_status":"closed","ping_status":"closed","template":"page-detail.php","meta":{"footnotes":""},"class_list":["post-1693","page","type-page","status-publish","hentry"],"_links":{"self":[{"href":"https:\/\/ddrheinrich.com\/de\/wp-json\/wp\/v2\/pages\/1693","targetHints":{"allow":["GET"]}}],"collection":[{"href":"https:\/\/ddrheinrich.com\/de\/wp-json\/wp\/v2\/pages"}],"about":[{"href":"https:\/\/ddrheinrich.com\/de\/wp-json\/wp\/v2\/types\/page"}],"author":[{"embeddable":true,"href":"https:\/\/ddrheinrich.com\/de\/wp-json\/wp\/v2\/users\/6"}],"replies":[{"embeddable":true,"href":"https:\/\/ddrheinrich.com\/de\/wp-json\/wp\/v2\/comments?post=1693"}],"version-history":[{"count":9,"href":"https:\/\/ddrheinrich.com\/de\/wp-json\/wp\/v2\/pages\/1693\/revisions"}],"predecessor-version":[{"id":13475,"href":"https:\/\/ddrheinrich.com\/de\/wp-json\/wp\/v2\/pages\/1693\/revisions\/13475"}],"up":[{"embeddable":true,"href":"https:\/\/ddrheinrich.com\/de\/wp-json\/wp\/v2\/pages\/14"}],"wp:attachment":[{"href":"https:\/\/ddrheinrich.com\/de\/wp-json\/wp\/v2\/media?parent=1693"}],"curies":[{"name":"wp","href":"https:\/\/api.w.org\/{rel}","templated":true}]}}