{"id":1691,"date":"2010-11-24T20:43:59","date_gmt":"2010-11-24T19:43:59","guid":{"rendered":"http:\/\/ddrheinrich.com\/?page_id=1691"},"modified":"2018-05-23T11:41:03","modified_gmt":"2018-05-23T09:41:03","slug":"testimonials","status":"publish","type":"page","link":"https:\/\/ddrheinrich.com\/de\/behandlungen\/fettabsaugung\/testimonials\/","title":{"rendered":"Testimonials"},"content":{"rendered":"<div class=\"youtube dropshadow\" style=\"max-width: 420px\"><div class=\"lyte-wrapper  ratio-1_3333\" title=\"Fettabsaugung\" style=\"width: 420px;max-width:100%;margin:5px;\"><div class=\"lyMe\" id=\"WYL_HPGOrsXIxzw\" itemprop=\"video\" itemscope itemtype=\"https:\/\/schema.org\/VideoObject\"><div><meta itemprop=\"thumbnailUrl\" content=\"https:\/\/ddrheinrich.com\/de\/wp-content\/plugins\/wp-youtube-lyte\/lyteCache.php?origThumbUrl=https%3A%2F%2Fi.ytimg.com%2Fvi%2FHPGOrsXIxzw%2Fhqdefault.jpg\" \/><meta itemprop=\"embedURL\" content=\"https:\/\/www.youtube.com\/embed\/HPGOrsXIxzw\" \/><meta itemprop=\"duration\" content=\"PT1M21S\" \/><meta itemprop=\"uploadDate\" content=\"2008-03-25T13:48:23Z\" \/><\/div><div id=\"lyte_HPGOrsXIxzw\" data-src=\"https:\/\/ddrheinrich.com\/de\/wp-content\/plugins\/wp-youtube-lyte\/lyteCache.php?origThumbUrl=https%3A%2F%2Fi.ytimg.com%2Fvi%2FHPGOrsXIxzw%2Fhqdefault.jpg\" class=\"pL\"><div class=\"tC\"><div class=\"tT\" itemprop=\"name\">Fettabsaugung<\/div><\/div><div class=\"play\"><\/div><div class=\"ctrl\"><div class=\"Lctrl\"><\/div><div class=\"Rctrl\"><\/div><\/div><\/div><noscript><a href=\"https:\/\/youtu.be\/HPGOrsXIxzw\" rel=\"nofollow\"><img loading=\"lazy\" decoding=\"async\" src=\"https:\/\/ddrheinrich.com\/de\/wp-content\/plugins\/wp-youtube-lyte\/lyteCache.php?origThumbUrl=https%3A%2F%2Fi.ytimg.com%2Fvi%2FHPGOrsXIxzw%2F0.jpg\" alt=\"Fettabsaugung\" width=\"420\" height=\"295\" \/><br \/>Watch this video on YouTube<\/a><\/noscript><meta itemprop=\"description\" content=\"Eine Fettabsaugung mit Mikrokan\u00fclen bei DDr Heinrich\"><\/div><\/div><div class=\"lL\" style=\"max-width:100%;width: 420px;margin:5px;\"><\/div><\/div>\n<p><img loading=\"lazy\" decoding=\"async\" class=\"alignright dropshadow size-full wp-image-701\" title=\"Katharina Z.\" src=\"https:\/\/ddrheinrich.com\/de\/wp-content\/uploads\/sites\/2\/testimonial-katharina-z.jpg\" alt=\"\" width=\"100\" height=\"135\" \/>Das Ergebnis meiner Fettabsaugung mit Mikrokan\u00fclen l\u00e4sst sich sehen. DDr.&nbsp;Heinrich hat meine Vorstellung von einer weiblichen Figur haargenau umgesetzt. Es wurde nicht zu viel und nicht zu wenig abgesaugt. Kleider und Hosen sitzen jetzt so, wie sie sollten, einfach perfekt! Ich gehe jetzt viel selbstbewusster durch das Leben.<\/p>\n<p>\u2014 Katharina Z., 21\u00a0Jahre<\/p>\n<hr \/>\n<p>Das Team um DDr.&nbsp;Heinrich war einmalig! Immer sehr hilfsbereit und \u00fcberaus freundlich. Fragen meinerseits, die ich im Vorfeld zu meinem Eingriff hatte, wurden immer rasch und sehr ausf\u00fchrlich beantwortet. Einfach toll!<\/p>\n<p>Das Infomaterial war durchaus als Lekt\u00fcre f\u00fcr zu Hause hilfreich. Jedoch war das Gespr\u00e4ch mit DDr.&nbsp;Heinrich so detailliert, dass kaum noch Lekt\u00fcre vonn\u00f6ten war.<\/p>\n<p>Ich wusste genau, was mich erwartet und was zu tun ist. Bei Fragen war das Team jederzeit erreichbar.<\/p>\n<p>Besser geht\u2019s nicht! Sowohl DDr.&nbsp;Heinrich als auch das Team waren total freundlich, ich habe mich jede Sekunde hervorragend aufgehoben gef\u00fchlt und auch im Rahmen der Nachsorge wurde ich r\u00fchrend umsorgt.<\/p>\n<p>\u2014 Frau K.<\/p>\n<hr \/>\n<p>Au\u00dferordentlich zufrieden, ich wurde sehr freundlich empfangen, hatte schon im Vorzimmer das Gef\u00fchl, gut aufgehoben zu sein \u2013 unter sehr kompetentem Personal.<\/p>\n<p>Ohne die Aufmunterung, das intensive Betreuen, Erleichterung geben, auch durch die Kommunikation, h\u00e4tte ich \u201ees\u201c nicht so gut \u00fcberstanden! Ich danke sehr f\u00fcr die sehr gute Betreuung.<\/p>\n<p>\u2014 Frau P.<\/p>\n<hr \/>\n<p>Ausgezeichnete Betreuung, sehr f\u00fcrsorglich; ich war sehr zufrieden und habe mich sehr wohl gef\u00fchlt. Die Ruhe der medizinischen Assistentin hat mir die Nervosit\u00e4t genommen. \u2014 Frau E.<\/p>\n<hr \/>\n<p><img loading=\"lazy\" decoding=\"async\" class=\"alignnone dropshadow size-full wp-image-3544\" title=\"Testimonial von Frau H.\" src=\"https:\/\/ddrheinrich.com\/de\/wp-content\/uploads\/sites\/2\/testimonial-frau-h.jpg\" alt=\"Sehr schnelle Terminvergabe. Telefonische Kontaktaufnahme zwecks Sicherstellung Einhalten des Termins. Auch nach der OP mehrmalige tel. F\u00fcrsorge. Sehr nettes Pflegepersonal. Ausreichende Auskunft bzgl. des Fortschritts der OP. Medikamentenverabreichung gut beschrieben.\" width=\"550\" height=\"227\" srcset=\"https:\/\/ddrheinrich.com\/de\/wp-content\/uploads\/sites\/2\/testimonial-frau-h.jpg 550w, https:\/\/ddrheinrich.com\/de\/wp-content\/uploads\/sites\/2\/testimonial-frau-h-200x83.jpg 200w, https:\/\/ddrheinrich.com\/de\/wp-content\/uploads\/sites\/2\/testimonial-frau-h-320x132.jpg 320w\" sizes=\"auto, (max-width: 550px) 100vw, 550px\" \/><\/p>\n<hr \/>\n<p>Schon seit meiner Jugend litt ich unter meinen \u201eunf\u00f6rmigen\u201c Beinen. Es war nicht so, dass ich dick war, meine Beine passten nur einfach nicht zu meinem schlanken Oberk\u00f6rper. Besonders im Sommer war dies immer ein gro\u00dfes Problem f\u00fcr mich, da ich mich in Bikini oder kurzen Kleidern total unwohl f\u00fchlte. Ich betrieb haufenweise Sport, hielt Di\u00e4ten, doch nahm immer nur an den falschen Stellen ab. Als ich merkte, dass einfach nichts half, begann ich mit dem Gedanken einer Fettabsaugung zu spielen. Es zog sich noch \u00fcber l\u00e4ngere Zeit hin, bis ich den endg\u00fcltigen Entschluss fasste mich operieren zu lassen. Dann begann die Suche nach dem geeigneten Arzt. Ich erkundigte mich im Bekanntenkreis und recherchierte im Internet. Immer wieder f\u00fchrte mich meine Suche zu DDr.&nbsp;Heinrich, bei dem ich dann schlie\u00dflich auch einen Termin f\u00fcr ein Beratungsgespr\u00e4ch vereinbarte. Ich war sofort von ihm beeindruckt und \u00fcberzeugt, dass er derjenige war, der mir helfen konnte.<\/p>\n<p>Drei Wochen sp\u00e4ter war es dann soweit und ich lie\u00df mir mit Mikrokan\u00fclen Fett an Ober- und Unterschenkel absaugen. Der Eingriff fand unter lokaler Bet\u00e4ubung statt und war nur mit geringen Schmerzen verbunden. Die ersten zwei Wochen nach der Operation waren relativ m\u00fchsam aufgrund der Schwellungen und der Kompressionsw\u00e4sche, die in den ersten sieben Tagen zu tragen ist. Jedoch ist das ohne weiteres ertr\u00e4glich.<\/p>\n<p>Ich habe wieder ein St\u00fcck Selbstbewusstsein gewonnen und bin wirklich sehr froh \u00fcber meine Entscheidung, dass ich eine Fettabsaugung durchf\u00fchren lie\u00df. Mit dem Ergebnis bin ich absolut zufrieden und kann DDr.&nbsp;Heinrich mit gutem Gewissen weiterempfehlen.<\/p>\n<p>\u2014 Amelie K.\u00a0<\/p>\n<hr \/>\n<p>ich hab mir beim dr. heinrich fett absaugen lassen. hab\u2019s mir lang \u00fcberlegt und mich dann nach mehreren beratungsgespr\u00e4chen f\u00fcr ihn entschieden, weil er mir sympathisch war und bei fettabsaugung einen guten ruf hat. \u2014 liesaschatz<\/p>\n<hr \/>\n<p><img loading=\"lazy\" decoding=\"async\" class=\"alignnone dropshadow size-full wp-image-3542\" title=\"Testimonial von Frau I.\" src=\"https:\/\/ddrheinrich.com\/de\/wp-content\/uploads\/sites\/2\/testimonial-frau-i.jpg\" alt=\"Freundlich, f\u00fcrsorglich, einfach perfekt. Bleiben Sie so, wie Sie sind. Danke f\u00fcr alles!\" width=\"550\" height=\"173\" srcset=\"https:\/\/ddrheinrich.com\/de\/wp-content\/uploads\/sites\/2\/testimonial-frau-i.jpg 550w, https:\/\/ddrheinrich.com\/de\/wp-content\/uploads\/sites\/2\/testimonial-frau-i-200x63.jpg 200w, https:\/\/ddrheinrich.com\/de\/wp-content\/uploads\/sites\/2\/testimonial-frau-i-320x101.jpg 320w\" sizes=\"auto, (max-width: 550px) 100vw, 550px\" \/><\/p>\n<hr \/>\n<p>Also ich hab mir gerade die Berichte \u00fcber Fettabsaugungen durchgelesen. Ich muss sagen das waren fast nur Horrorberichte. Von wegen 12 Wochen Kompressionsw\u00e4sche tragen etc. Es geht auch anders.<\/p>\n<p>Ich war bei DDr.&nbsp;Heinrich in Wien zur Fettabsaugung. Er macht das mit Mikrokan\u00fclen und ohne Narkose, nur lokale Bet\u00e4ubung. Der Vorteil bei diesen Mikrokan\u00fclen ist der: Die Heilung verl\u00e4uft besser und schneller, man braucht die Kompressionsw\u00e4sche nur insgesamt 8 Tage tragen. Au\u00dferdem schneidet Hr. Dr. Heinrich nicht mit einem Skalpell sondern sticht nur so kleine L\u00f6cher raus wie die Haut\u00e4rzte wenn sie eine Probe nehmen. Dadurch heilen die Einstichstellen auch viel schneller. Der Vorteil einer OP ohne Narkose ist auch, dass er dann auch absaugt wenn man steht und so kann er besser modellieren. Die Absaugung war gar nicht schmerzhaft, und die Schmerzen danach hielten sich in Grenzen, es war wie ein starker Muskelkater. Ich bin mit meinem Ergebnis sehr zufrieden. Man konnte schon direkt nach der OP sehen dass es etwas gebracht hat und heute \u2013 nach 6 Wochen ist es perfekt.<\/p>\n<p>\u2014 Martha<\/p>\n<p><!--nextpage--><\/p>\n<p>Ich bin 42 Jahre und hatte eigentlich nie Figurprobleme, sogar nach der Geburt meines Kindes habe ich nach 5 Tagen wieder mein normales Gewand tragen k\u00f6nnen.<\/p>\n<p>Umso best\u00fcrzter war ich, dass ich in den letzten zwei Jahren stetig an Gewicht zugelegt habe, ohne meinen Lebensstil ge\u00e4ndert zu haben. Ich ern\u00e4hre mich \u00e4u\u00dferst bewusst und gesund und betreibe t\u00e4glich Sport. Trotzdem hat sich vor allem an den H\u00fcften und am Bauch Fett angesammelt.<\/p>\n<p>Die Verzweiflung wurde immer gr\u00f6\u00dfer und so habe ich mich langsam mit dem Gedanken einer Fettabsaugung auseinandergesetzt. Der Name DDr.&nbsp;Heinrich war mir schon l\u00e4nger durch diverse Medien ein Begriff und so habe ich begonnen, mich im Internet zu erkundigen und die verschiedenen \u00c4rzte zu vergleichen.<\/p>\n<p>Da ich panische Angst vor Narkosen habe, war es mir wichtig, jemanden zu finden, der den Eingriff unter Lokalan\u00e4sthesie durchf\u00fchrt, ebenso wollte ich nicht eine Nacht im Spital verbringen, sondern nach dem Eingriff gleich nach Hause gehen k\u00f6nnen. Dass DDr.&nbsp;Heinrich Mikrokan\u00fclen verwendet, hat meine Entscheidung dann auch noch wesentlich beeinflusst.<\/p>\n<p>Ich habe also mal eine erste Anfrage per E-Mail an die Ordination geschickt und habe prompt eine Antwort erhalten. Ich habe dann f\u00fcr zwei Monate sp\u00e4ter, nach dem Sommer, einen Termin ausgemacht.<\/p>\n<p>Bei diesem Gespr\u00e4ch hat mir DDr.&nbsp;Heinrich sehr ausf\u00fchrlich alles erkl\u00e4rt und alle meine Fragen, die ich vorbereitet hatte, geduldig beantwortet.<\/p>\n<p>Ich hatte nie das Gef\u00fchl, gedr\u00e4ngt zu werden oder dass irgendetwas besch\u00f6nigt oder verschwiegen wird. DDr.&nbsp;Heinrich konnte mir dann sogar einen Termin schon 5 Wochen sp\u00e4ter anbieten, den ich mal mit Vorbehalt reservieren lie\u00df. Ich konnte mir eine Woche Zeit nehmen um zu \u00fcberlegen, ob ich den Eingriff nun wirklich an diesem Tag durchf\u00fchren lassen wolle oder nicht. Nachdem ich mehr oder weniger Tag und Nacht \u00fcberlegt habe, habe ich mich dann doch dazu entschlossen, den Eingriff vornehmen zu lassen. Ich habe mich einfach in meinem K\u00f6rper nicht mehr wohl gef\u00fchlt und das wollte ich unbedingt \u00e4ndern!<\/p>\n<p>Au\u00dferdem f\u00fchlte ich mich in der Ordination DDr.&nbsp;Heinrich in den richtigen H\u00e4nden, auch die Assistentinnen haben sich ausf\u00fchrlich f\u00fcr mich Zeit genommen und mich bei der Auswahl der Kompressionsw\u00e4sche bestens beraten und waren auch sonst bei jedem Anliegen stets da.<\/p>\n<p>Ich wurde mit ausf\u00fchrlichem Informationsmaterial und Anweisungen, was vor der OP alles zu tun ist, versorgt und wurde sogar ein paar Tage vor dem Termin noch einmal telefonisch kontaktiert, um sicherzugehen, dass ich alles besorgt habe und es mir gut geht.<\/p>\n<p>Am Tag der OP war ich extrem nerv\u00f6s \u2013 viel nerv\u00f6ser als vor der Geburt! \u2013, aber durch die liebevolle und professionelle Betreuung hat sich die Nervosit\u00e4t bald gelegt. Ich wurde nie allein gelassen, es war immer entweder eine Schwester oder ein OP Gehilfe bei mir und hat versucht, ich durch Gespr\u00e4che abzulenken.<\/p>\n<p>Vor dem Eingriff wurde ich noch fotografiert und dann bekam ich das Bet\u00e4ubungsmittel in den Bauch und in die H\u00fcften gespritzt, was \u00fcberhaupt nicht schmerzhaft war.<\/p>\n<p>Der Eingriff selbst hat rund 1,5 Stunden gedauert und war nicht so schlimm, wie ich es mir vorgestellt habe! Nat\u00fcrlich gibt es Angenehmeres als eine Fettabsaugung, aber ich w\u00fcrde es jederzeit wieder tun! Ich hatte keine Schmerzen und es war absolut auszuhalten.<\/p>\n<p>Nach dem Eingriff wurde ich gut verbunden und noch einmal ausf\u00fchrlich \u00fcber die Nachsorge aufgekl\u00e4rt und konnte dann nach Hause fahren. Es ging mir so gut, dass ich mit \u00f6ffentlichen Verkehrsmitteln fahren konnte.<\/p>\n<p>Leider konnte ich mir den n\u00e4chsten Tag nicht frei nehmen und ging gleich wieder arbeiten, was aber \u00fcberhaupt kein Problem war. Ich hatte keine Schmerzen, es hat sich nur wie ein starker Muskelkater angef\u00fchlt. Ich hatte auch kaum blaue Flecken, gerade mal einen auf einer Pobacke und einen auf einer H\u00fcfte, das war\u2019s auch schon!<\/p>\n<p>Die Einstichstellen sind sehr dezent und sind schnell verheilt, so wie die ganze Heilung eigentlich recht schnell vorangegangen ist. Ich habe die Kompressionsw\u00e4sche l\u00e4nger als notwendig getragen, weil ich sie als angenehm empfunden habe. Die Haut ist am Anfang ja doch sehr weich und f\u00fchlt sich schwammig an, da habe ich mich mit dem Halt der Kompressionsw\u00e4sche sicherer gef\u00fchlt.<\/p>\n<p>Eigentlich konnte ich schon vom ersten Tag an einen Erfolg sehen und jetzt nach zwei Monaten ist er nat\u00fcrlich noch sch\u00f6ner und deutlicher sichtbar. Ich kann mich wieder in den Spiegel schauen, ohne das Gef\u00fchl zu haben, gleich in Tr\u00e4nen ausbrechen zu m\u00fcssen, ich trage jetzt eine Kleidergr\u00f6\u00dfe weniger!<\/p>\n<p>Das Ergebnis ist genauso wie ich es mir erhofft habe und ich sehr froh, bei DDr.&nbsp;Heinrich gewesen zu sein.<\/p>\n<p>Ich wurde von Anfang an sehr nett betreut und es haben sich <em>alle<\/em> immer sehr viel Zeit f\u00fcr mich genommen. Ich habe vor der OP ein paar Mal angerufen und meine Fragen wurden immer sehr ausf\u00fchrlich beantwortet. Ich hatte nie das Gef\u00fchl, dass ich jemandem l\u00e4stig bin oder auf die Nerven gehe. Nach der OP hat sich die Schwester noch zweimal bei mir telefonisch gemeldet und nach meinem Befinden erkundigt und nachdem es mir sehr gut ging, habe ich ihr gesagt, dass weitere Anrufe nicht n\u00f6tig seien.<\/p>\n<p>F\u00fcr mich war es wichtig, das Gef\u00fchl zu haben, jederzeit anrufen zu k\u00f6nnen und alles fragen zu k\u00f6nnen, und das war absolut der Fall.<\/p>\n<p>Falls ich je wieder einen Eingriff vornehmen lassen sollte (ich hoffe allerdings, dass das nicht notwendig sein wird), w\u00fcrde ich auf jeden Fall wieder zu DDr.&nbsp;Heinrich gehen! Er vereint Professionalit\u00e4t mit perfekter Patientenbetreuung!<\/p>\n<p>\u2014 Dagmar K., 42\u00a0Jahre<\/p>\n<p><!--nextpage--><\/p>\n<p>Die Betreuung bei der Erstordination war sehr gut; ich hatte einen informativen \u00dcberblick. Auf meine Fragen wurde gut eingegangen und ich f\u00fchlte mich beim Empfang einfach willkommen.<\/p>\n<p>Nach der Erstordination sind mir zu Hause sehr viele Fragen eingefallen. Bei einem Anruf wurden wirklich sehr gut und informativ alle meine offenen Fragen beantwortet.<\/p>\n<p>Dasselbe gilt auch f\u00fcr die telefonische Nachsorge. Es ist einfach gut zu wissen, dass man jederzeit anrufen kann und auch ernst genommen wird. Ich hatte stets das Gef\u00fchl, ehrliche Aufmerksamkeit zu erhalten.<\/p>\n<p>Des Weiteren m\u00f6chte ich auch das tolle Engagement der Mitarbeiterinnen bei der Auswahl meiner Kompressionsw\u00e4sche erw\u00e4hnen. Da ich absoluter Laie in solchen Angelegenheiten bin, h\u00e4tte ich ohne die Beratung eine unpassende Hose gekauft.<\/p>\n<p>\u2014 Frau M.<\/p>\n<hr \/>\n<p>Anfang M\u00e4rz kontaktierte ich zum ersten Mal die Ordination DDr.&nbsp;Heinrich in Wien. Ich bekam einige Zeit sp\u00e4ter einen Termin f\u00fcr ein erstes Kennenlernen.<\/p>\n<p>Als ich die Ordination betrat, wurde ich am Eingang sehr freundlich von einer Empfangsdame begr\u00fc\u00dft. Mir wurde mein Mantel abgenommen und ich wurde pers\u00f6nlich ins Wartezimmer geleitet. Nachdem man mir Kaffee angeboten hatte, bekam ich einige Unterlagen, die ich ausf\u00fcllen sollte. Hierbei wurde sehr ausf\u00fchrlich Daten zu meiner Person erhoben, wie etwa mein Alter, Name, aber auch wichtige gesundheitliche Aspekte, wie etwa Allergien oder Krankheitsgeschichte.<\/p>\n<p>Nach nur wenigen Minuten im Warteraum wurde ich pers\u00f6nlich von DDr.&nbsp;Heinrich abgeholt und in sein Sprechzimmer geleitet.<\/p>\n<p>Er fragte mich nach dem Grund meines Erscheinens und so berichtete ich ihm, wie ungl\u00fccklich ich mit meinen Oberschenkeln sei und \u00fcber eine Fettabsaugung nachdenke.<\/p>\n<p>DDr.&nbsp;Heinrich untersuchte meine Problemzonen und kl\u00e4rte mich \u00fcber alle wichtigen Details zu dem Eingriff auf.<\/p>\n<p>Er erkl\u00e4rte mir sehr genau die Anwendung von Mikrokan\u00fclen, welche sehr viel schonender f\u00fcr das Gewebe ist und ein sehr viel rascheres Heilungsergebnis bietet als jene mit herk\u00f6mmlichen Kan\u00fclen.<\/p>\n<p>Also entschied ich mich f\u00fcr diese Variante und bekam einige Wochen sp\u00e4ter den Termin f\u00fcr die Fettabsaugung.<\/p>\n<p>Zuvor wurde ich noch von den \u00fcberaus hilfsbereiten und geduldigen Empfangsdamen instruiert, welche Kompressionsw\u00e4sche ich kaufen m\u00fcsse, und ich bekam ein Rezept mit Medikamenten, die ich nach dem Eingriff einnehmen sollte.<\/p>\n<p>Wenige Wochen sp\u00e4ter kam ich also zu meiner Fettabsaugung an den Oberschenkeln und teilweise am Po in die Ordination.<\/p>\n<p>Ich war sehr aufgeregt, da der Eingriff doch bei vollem Bewusstsein ablaufen w\u00fcrde, jedoch wurde ich von einer unglaublich lieben OP-Schwester begr\u00fc\u00dft, welche mir sofort durch Smalltalk und ein schwaches Beruhigungsmittel die Nervosit\u00e4t nahm.<\/p>\n<p>Ich wurde von ihr in den Operationsraum gebeten, wo ich mich erst einmal frei machte. DDr.&nbsp;Heinrich kam, begr\u00fc\u00dfte mich sehr freundlich und schoss erst ein paar Vorher-Bilder.<\/p>\n<p>Danach wurden die betroffenen Stellen, an denen abgesaugt werden sollte, angezeichnet, und es konnte auch schon losgehen.<\/p>\n<p>Die Absaugung verlief ohne Probleme und beinahe scherzfrei, da man zuvor \u00f6rtlich bet\u00e4ubt wird.<\/p>\n<p>Auch w\u00e4hrend der Operation wurde ich r\u00fchrend vom Personal und von DDr.&nbsp;Heinrich umsorgt, da sie meine Aufregung scheinbar sp\u00fcren konnten.<\/p>\n<p>Doch die Nervosit\u00e4t und auch die Aufregung waren v\u00f6llig umsonst, denn es verlief alles reibungslos und schon unmittelbar nach der Operation, als mir die Schwester den Verband anlegte, konnte ich erhebliche Ver\u00e4nderungen meiner Silhouette erkennen. Ich war begeistert!<\/p>\n<p>Ich wurde ins Wartezimmer gebracht und die Empfangsdame brachte mir Blumen, weil ich alles so tapfer \u00fcberstanden hatte, und rief mir ein Taxi. Sie begleitete mich vor den Eingang der Ordination und wartete mit mir auf das Taxi. Ich wurde liebevoll verabschiedet und das Taxi brachte mich nach Hause, wo ich mich erst einmal hinlegte.<\/p>\n<p>An den abgesaugten Stellen, hatte ich ca. eine Woche lang blaue Flecken, die aber schnell verblassten.<\/p>\n<p>Schon nach zwei Wochen konnte ich ein wundersch\u00f6nes Ergebnis feststellen. Die blauen Flecken waren verschwunden, ich hatte keinerlei Schmerzen und ich war \u00fcbergl\u00fccklich \u00fcber meine neugeformte Silhouette.<\/p>\n<p>Der Eingriff ist nun knapp drei Monate her und ich war bereits zur Nachsorge in der Ordination. DDr.&nbsp;Heinrich war ausgesprochen zufrieden mit dem Ergebnis und schoss ein paar Nachher-Bilder. Wir legten anschlie\u00dfend die Vorher- und Nachher-Bilder nebeneinander und ich war mehr als nur beeindruckt von dem der markanten Verbesserung!<\/p>\n<p>Ich habe seither so viele wunderbare Komplimente zu meiner Figur erhalten und bin so froh, endlich meine Problemzonen los zu sein.<\/p>\n<p>Ich habe wieder erheblich mehr Selbstvertrauen, unabh\u00e4ngig davon, ob ich nackt bin, eine Bikini trage oder ein sch\u00f6nes Kleid!<\/p>\n<p>\u2014 Claudia S.<\/p>\n<hr \/>\n<p>Habe bei Dr. Heinrich bis jetzt einen Termin gehabt (Konsultation). Ich habe da vor jedem chirurgischen Eingriff panische Angst, aber dieser Arzt weckt mein Vertrauen. Es ist nicht nur das, dass er sympathisch ist, denn viele \u00c4rzte sind es ja auch, sondern wegen seiner up-to-date methods und seiner Erfahrung. Habe schon viele Artikel \u00fcber ihn gelesen. Es spricht mich an. M\u00f6chte euch auch seine Seite weiterempfehlen.<\/p>\n<p>Ja, da kann ich dir vielleicht helfen. Soweit ich wei\u00df, ist Dr. Heinrich der Beste auf diesem Gebiet. Ich glaube einen besseren findest du nicht \u2013 habe mir sagen lassen. Du kannst dir \u00fcbrigens seine Webseite anschauen und dich reinlesen.<\/p>\n<p>F\u00fcr mich pers\u00f6nlich war und ist sehr wichtig, dass er nicht maschinell absaugt, sondern wirklich perfekte Handarbeit leistet \u2013 d.h. er arbeitet mit sog. Mikrokan\u00fclen \u2013 das ist zur Zeit die beste und die schonendste Methode der Fettabsaugung. Diese kostet mehr als die \u00fcblichen Standardmethoden, die er \u00fcbrigens auch durchf\u00fchrt. Einen genauen Preis kann ich dir nicht sagen. Aber du solltest ihn vielleicht einfach kontaktieren und einen Termin ausmachen. Man sollte sich schlie\u00dflich nur in die H\u00e4nde eines Spezialisten und nicht eines Pfuschers begeben.<\/p>\n<p>\u2014 MonikLan<\/p>\n<hr \/>\n<p>Bin mit dem Ergebnis <em>superzufrieden<\/em>, es schaut wirklich ganz toll aus, vor allem ganz nat\u00fcrlich, es k\u00e4me sicher niemand auf die Idee, dass da eine Fettabsaugung gemacht wurde, ich habe \u00fcberhaupt keine Dellen oder Unregelm\u00e4\u00dfigkeiten. Ich bin sehr froh, dass ich mich zu diesem Eingriff entschlossen habe.<\/p>\n<hr \/>\n<p><img loading=\"lazy\" decoding=\"async\" class=\"alignnone dropshadow size-full wp-image-5740\" title=\"Testimonial von Frau F.\" src=\"https:\/\/ddrheinrich.com\/de\/wp-content\/uploads\/sites\/2\/testimonial-frau-f.jpg\" alt=\"Sehr zufrieden! Das Personal ist ausgesprochen freundlich und hilfsbereit. Wurde optimal betreut! Ich war rundum zufrieden :-)\" width=\"550\" height=\"174\" srcset=\"https:\/\/ddrheinrich.com\/de\/wp-content\/uploads\/sites\/2\/testimonial-frau-f.jpg 550w, https:\/\/ddrheinrich.com\/de\/wp-content\/uploads\/sites\/2\/testimonial-frau-f-200x63.jpg 200w, https:\/\/ddrheinrich.com\/de\/wp-content\/uploads\/sites\/2\/testimonial-frau-f-320x101.jpg 320w\" sizes=\"auto, (max-width: 550px) 100vw, 550px\" \/><\/p>\n<p><!--nextpage--><\/p>\n<p>Ich lie\u00df mir mit Mikrokan\u00fclen Fett ab Bauch absaugen und kann Dr. Heinrich in jeder Hinsicht empfehlen. Bin mit dem Ergebnis sehr zufrieden, vor allem da es richtig nat\u00fcrlich aussieht! F\u00fcr die Mikrokan\u00fclen sollte sich jeder entscheiden, der nach 3 Tagen schon wieder arbeiten muss. Der Aufpreis zahlt sich echt aus. Nat\u00fcrlich sollte man sich die Tage danach schonen, immerhin ist es eine kleine Operation. Aber die Wunden sind sehr schnell verheilt und es bleiben auch keine Narben. Der Mann wei\u00df ganz offensichtlich was er tut. \u2014 M. W.<\/p>\n<hr \/>\n<p>Sehr geehrter DDr.&nbsp;Heinrich!<\/p>\n<p>Ich m\u00f6chte Ihnen sagen, dass ich von meinem Aufenthalt bei Ihnen begeistert bin.<\/p>\n<p>Ihr Personal war ganz besonders hilfreich, sodass der Eingriff sehr angenehm war und mein Leben ver\u00e4ndert hat.<\/p>\n<p>Herzlichen Dank nochmals an Sie und Ihr Team.<\/p>\n<p>Beste Gr\u00fc\u00dfe,<br \/>\nA. D.<\/p>\n<hr \/>\n<p>DDr.&nbsp;Heinrich hat bei mir tolle Arbeit geleistet. Die Fettabsaugung mit Mikrokan\u00fclen zahlt sich, wenn ich das Ergebnis so betrachte, wirklich sehr aus \u2013 absolut keine Narben zu erkennen. Sehr empfehlenswert. \u2014 Alex<\/p>\n<hr \/>\n<p>Sowohl der Ersttermin und die Behandlung, als auch die Nachsorgetermine waren mehr als zufriedenstellend! Das Vereinbaren der Kontrollen war schnell und es wurde sehr auf meine W\u00fcnsche eingegangen! Sehr zufrieden! \u2014 Frau B.<\/p>\n","protected":false},"excerpt":{"rendered":"<p>Das Ergebnis meiner Fettabsaugung mit Mikrokan\u00fclen l\u00e4sst sich sehen. DDr.&nbsp;Heinrich hat meine Vorstellung von einer weiblichen Figur haargenau umgesetzt. Es wurde nicht zu viel und nicht zu wenig abgesaugt. Kleider und Hosen sitzen jetzt so, wie sie sollten, einfach perfekt! Ich gehe jetzt viel selbstbewusster durch das Leben. \u2014 Katharina Z., 21\u00a0Jahre Das Team um [&hellip;]<\/p>\n","protected":false},"author":6,"featured_media":0,"parent":14,"menu_order":7,"comment_status":"closed","ping_status":"closed","template":"page-detail.php","meta":{"footnotes":""},"class_list":["post-1691","page","type-page","status-publish","hentry"],"_links":{"self":[{"href":"https:\/\/ddrheinrich.com\/de\/wp-json\/wp\/v2\/pages\/1691","targetHints":{"allow":["GET"]}}],"collection":[{"href":"https:\/\/ddrheinrich.com\/de\/wp-json\/wp\/v2\/pages"}],"about":[{"href":"https:\/\/ddrheinrich.com\/de\/wp-json\/wp\/v2\/types\/page"}],"author":[{"embeddable":true,"href":"https:\/\/ddrheinrich.com\/de\/wp-json\/wp\/v2\/users\/6"}],"replies":[{"embeddable":true,"href":"https:\/\/ddrheinrich.com\/de\/wp-json\/wp\/v2\/comments?post=1691"}],"version-history":[{"count":14,"href":"https:\/\/ddrheinrich.com\/de\/wp-json\/wp\/v2\/pages\/1691\/revisions"}],"predecessor-version":[{"id":12995,"href":"https:\/\/ddrheinrich.com\/de\/wp-json\/wp\/v2\/pages\/1691\/revisions\/12995"}],"up":[{"embeddable":true,"href":"https:\/\/ddrheinrich.com\/de\/wp-json\/wp\/v2\/pages\/14"}],"wp:attachment":[{"href":"https:\/\/ddrheinrich.com\/de\/wp-json\/wp\/v2\/media?parent=1691"}],"curies":[{"name":"wp","href":"https:\/\/api.w.org\/{rel}","templated":true}]}}