{"id":16,"date":"2010-06-27T01:49:42","date_gmt":"2010-06-26T23:49:42","guid":{"rendered":"http:\/\/ddrheinrich.com\/?page_id=16"},"modified":"2023-08-05T22:58:57","modified_gmt":"2023-08-05T20:58:57","slug":"regenerative-therapien","status":"publish","type":"page","link":"https:\/\/ddrheinrich.com\/de\/behandlungen\/regenerative-therapien\/","title":{"rendered":"Regenerative Therapien"},"content":{"rendered":"<p><img loading=\"lazy\" decoding=\"async\" class=\"alignright ausstellen dropshadow size-full wp-image-11952\" src=\"https:\/\/ddrheinrich.com\/de\/wp-content\/uploads\/sites\/2\/regenerative-therapien.jpg\" alt=\"\" width=\"275\" height=\"209\" srcset=\"https:\/\/ddrheinrich.com\/de\/wp-content\/uploads\/sites\/2\/regenerative-therapien.jpg 275w, https:\/\/ddrheinrich.com\/de\/wp-content\/uploads\/sites\/2\/regenerative-therapien-200x152.jpg 200w\" sizes=\"auto, (max-width: 275px) 100vw, 275px\" \/>Gesundheit und Vitalit\u00e4t bis ins hohe Alter wie im legend\u00e4ren \u201eGoldenen Zeitalter\u201c ist der Wunsch, der alle Menschen eint. Die moderne Medizin ist nun auf dem Weg zu diesem Ziel einen bedeutenden Schritt weitergekommen.<\/p>\n<h2>Neue Therapieans\u00e4tze der Regenerativen Medizin<\/h2>\n<p>Die Regenerative Medizin umfasst eine Vielfalt an unterschiedlichen medizinischen Behandlungen zur Verj\u00fcngung und Regeneration des K\u00f6rpers durch Wiederherstellung funktionsgest\u00f6rter Zellen und zur Anregung k\u00f6rpereigener Regenerations- und Reparaturprozesse.<\/p>\n<p>Aufgrund des bislang noch nicht ausgesch\u00f6pften Potentials sind regenerative Behandlungsmethoden Schwerpunkt der medizinischen Forschung weltweit. K\u00f6rper und Geist soll neue Lebenskraft, Energie und Vitalit\u00e4t verliehen werden.<\/p>\n<p>Die Ziele und Indikationen f\u00fcr regenerative Therapien sind somit sehr facettenreich und reichen von rein optischen Bestrebungen bis hin zu neuen Behandlungsans\u00e4tzen f\u00fcr bisher nicht therapierbare Erkrankungen. \u00c4u\u00dferlich k\u00f6nnen sich innere Regenerationsprozesse in einer erstaunlichen Verj\u00fcngung des K\u00f6rpers widerspiegeln.<\/p>\n<div class=\"ausstellen alignright overlap quote\">\n<blockquote><p>Ich wollte nicht nur im Gesicht straffer sein, sondern am ganzen K\u00f6rper. Mich st\u00f6rten die F\u00e4ltchen rund um Mund und Augen und ich wollte mich insgesamt besser f\u00fchlen. Mein Gesicht wurde durch die Hormonelle Regeneration straffer und mein Busen gr\u00f6\u00dfer. Ich hatte keinerlei Nebenwirkungen und keinen Durchh\u00e4nger. Die Medikamente, die ich nehme, passen offenbar haargenau. Ich schlafe gut, bin fr\u00f6hlicher und sehe j\u00fcnger aus. Ich habe mich schon lange nicht mehr so wohl gef\u00fchlt.<\/p>\n<footer><cite>Mariannela Rozas<\/cite>, 51 Jahre<\/footer>\n<\/blockquote>\n<\/div>\n<h2>Pr\u00e4vention und Heilpotential<\/h2>\n<p>Regenerative Behandlungen wirken einerseits pr\u00e4ventiv, denn je belastbarer und widerstandsf\u00e4higer unser K\u00f6rper ist, desto geringer die Krankheitsanf\u00e4lligkeit. Andererseits helfen und unterst\u00fctzen regenerative Therapien bei der Genesung durch Kr\u00e4ftigung des K\u00f6rpers und erweitern herk\u00f6mmliche Behandlungsmethoden um neue Therapieans\u00e4tze.<\/p>\n<p>K\u00f6rpereigene Stammzellen und bioidentische Hormone bergen das Potential zur gezielten Regeneration und generellen Verj\u00fcngung unseres K\u00f6rpers. Aufgrund der unterschiedlichen Wirkmechanismen erg\u00e4nzen Stammzellen und bioidentische Hormone einander und eignen sich deshalb zur therapeutischen Kombination. Auf Ihre spezifischen Bed\u00fcrfnisse abgestimmte Infusionen und biomolekulare Therapien unterst\u00fctzen bei der Wiederherstellung des Wohlbefindens. Die Regeneration der Zellen kann au\u00dferdem mit Sauerstoff-\u00dcberdruck-Therapien (hyperbare Sauerstofftherapie, O2-Therapie) gef\u00f6rdert werden. Diese k\u00f6rperliche Vitalit\u00e4t und Lebenskraft steigernden Behandlungen f\u00f6rdern oft auch die Fruchtbarkeit.<\/p>\n<h2>Wann ben\u00f6tigen Sie eine regenerative Therapie?<\/h2>\n<p>Individuelle Behandlungsempfehlungen k\u00f6nnen wir erst nach ausf\u00fchrlicher Anamnese und \u00e4rztlicher Untersuchung erteilen. Die konkreten Lebensumst\u00e4nde, die medizinische Vorgeschichte und in einem gewissen Ma\u00df auch die genetische Veranlagung sind wichtige Grundlagen f\u00fcr die Erstellung eines Therapieplans.<\/p>\n<p class=\"ausstellen\">\n<a href=\"https:\/\/ddrheinrich.com\/de\/wp-content\/uploads\/sites\/2\/galleries\/bioidentische-hormone\/ddrheinrich-bioidentische-hormone-1.jpg\" title=\"&lt;strong&gt;Hormonal Regeneration\u00ae by DDr. Heinrich an einer Patientin (51).&lt;\/strong&gt; Links: Vorher. Rechts: Nachher.\" class=\"shutterset_singlepic127\" >\n\t<img decoding=\"async\" loading=\"lazy\" class=\"ngg-singlepic\" src=\"https:\/\/ddrheinrich.com\/de\/wp-content\/uploads\/sites\/2\/galleries\/cache\/127__275x_ddrheinrich-bioidentische-hormone-1.jpg\" alt=\"Hormonal Regeneration\u00ae by DDr. Heinrich an einer Patientin (51)\" title=\"Hormonal Regeneration\u00ae by DDr. Heinrich an einer Patientin (51)\" \/>\n<\/a>\n<\/p>\n<p class=\"ausstellen remark\">Das Nachher-Foto gibt das tats\u00e4chlich erzielte Behandlungsergebnis wieder. Zum Schutz der Anonymit\u00e4t der dargestellten Person k\u00f6nnen individuelle physische Besonderheiten (z.B. Muttermale, Tattoos) entfernt worden sein.<\/p>\n<ul>\n<li>\n<p class=\"\"><strong>Liegt eine mit herk\u00f6mmlichen Methoden nicht behandelbare Krankheit vor<\/strong>, k\u00f6nnten regenerative Therapien zus\u00e4tzliche Behandlungsoptionen er\u00f6ffnen. Hierbei handelt es sich um neue Verfahren, die kein Allheilmittel darstellen, aber aufgrund der bereits vorliegenden wissenschaftlichen Erkenntnisse erfolgversprechend zu sein scheinen.<\/p>\n<\/li>\n<li>\n<p class=\"\"><strong>Bei bestimmten Erkrankungen, f\u00fcr die es bereits Therapien gibt<\/strong>, bietet die Regenerative Medizin neue, zus\u00e4tzliche Therapieformen (z.B. Arthrose) oder kann zum Teil herk\u00f6mmliche Behandlungen ersetzen.<\/p>\n<\/li>\n<li>\n<p class=\"\"><strong>Ist man zwar an sich gesund, aber zunehmend weniger leistungsf\u00e4hig und vital<\/strong>, bieten regenerative Therapien sowohl seit l\u00e4ngerem bew\u00e4hrte als auch neue Behandlungsm\u00f6glichkeiten. Wir laden Sie ein, selbstkritisch Ihr pers\u00f6nliches Befinden einzusch\u00e4tzen und \u00fcber Ver\u00e4nderungen der eigenen Leistungsf\u00e4higkeit, Optik und Lebensfreude zu reflektieren. Zur Unterst\u00fctzung f\u00fcr Ihre diesbez\u00fcglichen \u00dcberlegungen ersuchen wir Sie, \u00fcber die in der Tabelle unten angef\u00fchrten Situationen nachzudenken. Wenn auf Sie mehr als drei Aussagen zutreffen, k\u00f6nnten regenerative Therapien grunds\u00e4tzlich geeignet sein, Ihre Gesundheit und Ihr Wohlbefinden zu verbessern.<\/p>\n<\/li>\n<\/ul>\n<div class=\"tablepress-container oversize\">\n<table id=\"tablepress-3\" class=\"tablepress tablepress-id-3\">\n<thead>\n<tr class=\"row-1\">\n\t<th class=\"column-1\">Sie<\/th><th class=\"column-2\">Er<\/th>\n<\/tr>\n<\/thead>\n<tbody>\n<tr class=\"row-2\">\n\t<td class=\"column-1\">Ich f\u00fchle mich oft ersch\u00f6pft und m\u00fcde und erhole mich kaum davon.<br \/>\nIch ziehe mich sozial zur\u00fcck und meide Aktivit\u00e4ten, die mir fr\u00fcher Spa\u00df gemacht haben.<br \/>\nIch bin sehr leicht reizbar.<br \/>\nMein Gewebe ist schlaff geworden, ich habe mehr Cellulite und bekomme Falten.<br \/>\nIch bin \u00fcber 35 Jahre alt.<br \/>\nObwohl ich wenig esse, nehme ich kaum ab.<br \/>\nMeine Wangen werden hohl oder erschlaffen.<br \/>\nMeine Haut ist trockener und d\u00fcnner geworden.<br \/>\nIch habe deutlich weniger Lust auf Sex.<\/td><td class=\"column-2\">Meine Haare werden sch\u00fctter.<br \/>\nIch bekomme Falten.<br \/>\nIch bin \u00fcber 40 Jahre.<br \/>\nIch bin sportlich wesentlich weniger fit als fr\u00fcher.<br \/>\nIch erhole mich nach durchzechten N\u00e4chten langsamer als fr\u00fcher.<br \/>\nIch bin sexuell weniger zu guter Leistung f\u00e4hig als vor einigen Jahren.<br \/>\nIch nehme viel schneller zu als vor einigen Jahren.<br \/>\nIch f\u00fchle mich oft ersch\u00f6pft und erhole mich kaum davon.<br \/>\nIch ziehe mich sozial zur\u00fcck und meide Aktivit\u00e4ten, die mir fr\u00fcher Spa\u00df gemacht haben.<\/td>\n<\/tr>\n<\/tbody>\n<\/table>\n<!-- #tablepress-3 from cache --><\/div>\n","protected":false},"excerpt":{"rendered":"<p>Gesundheit und Vitalit\u00e4t bis ins hohe Alter wie im legend\u00e4ren \u201eGoldenen Zeitalter\u201c ist der Wunsch, der alle Menschen eint. Die moderne Medizin ist nun auf dem Weg zu diesem Ziel einen bedeutenden Schritt weitergekommen. Neue Therapieans\u00e4tze der Regenerativen Medizin Die Regenerative Medizin umfasst eine Vielfalt an unterschiedlichen medizinischen Behandlungen zur Verj\u00fcngung und Regeneration des K\u00f6rpers [&hellip;]<\/p>\n","protected":false},"author":6,"featured_media":0,"parent":188,"menu_order":1,"comment_status":"closed","ping_status":"closed","template":"page-behandlungshauptseite.php","meta":{"footnotes":""},"class_list":["post-16","page","type-page","status-publish","hentry"],"_links":{"self":[{"href":"https:\/\/ddrheinrich.com\/de\/wp-json\/wp\/v2\/pages\/16","targetHints":{"allow":["GET"]}}],"collection":[{"href":"https:\/\/ddrheinrich.com\/de\/wp-json\/wp\/v2\/pages"}],"about":[{"href":"https:\/\/ddrheinrich.com\/de\/wp-json\/wp\/v2\/types\/page"}],"author":[{"embeddable":true,"href":"https:\/\/ddrheinrich.com\/de\/wp-json\/wp\/v2\/users\/6"}],"replies":[{"embeddable":true,"href":"https:\/\/ddrheinrich.com\/de\/wp-json\/wp\/v2\/comments?post=16"}],"version-history":[{"count":35,"href":"https:\/\/ddrheinrich.com\/de\/wp-json\/wp\/v2\/pages\/16\/revisions"}],"predecessor-version":[{"id":13438,"href":"https:\/\/ddrheinrich.com\/de\/wp-json\/wp\/v2\/pages\/16\/revisions\/13438"}],"up":[{"embeddable":true,"href":"https:\/\/ddrheinrich.com\/de\/wp-json\/wp\/v2\/pages\/188"}],"wp:attachment":[{"href":"https:\/\/ddrheinrich.com\/de\/wp-json\/wp\/v2\/media?parent=16"}],"curies":[{"name":"wp","href":"https:\/\/api.w.org\/{rel}","templated":true}]}}