{"id":13446,"date":"2023-02-22T15:18:57","date_gmt":"2023-02-22T14:18:57","guid":{"rendered":"https:\/\/ddrheinrich.com\/de\/?page_id=13446"},"modified":"2023-07-31T12:06:21","modified_gmt":"2023-07-31T10:06:21","slug":"biomolekulare-zelltherapie","status":"publish","type":"page","link":"https:\/\/ddrheinrich.com\/de\/behandlungen\/regenerative-therapien\/biomolekulare-zelltherapie\/","title":{"rendered":"(Biomolekulare) Zelltherapie"},"content":{"rendered":"<h2>Organextrakte und biomolekulare Therapie<\/h2>\n<p><img loading=\"lazy\" decoding=\"async\" src=\"https:\/\/ddrheinrich.com\/de\/wp-content\/uploads\/sites\/2\/biomolekulare-zelltherapie.jpg\" alt=\"\" width=\"275\" height=\"378\" class=\"alignright ausstellen dropshadow size-full wp-image-13485\" \/>In traditionellen Heillehren gilt das Prinzip \u201eGleiches heilt Gleiches\u201c. Dieser Therapieansatz liegt Zelltherapien bzw. biomolekularen Therapien und der Gabe von Organextrakten zugrunde.<\/p>\n<p>Wenn Patienten bzw. ihre Organe durch Krankheit oder Alterung geschw\u00e4cht sind und zu wenig Vitalit\u00e4t vorhanden ist, kann eine St\u00e4rkung durch Zufuhr von mehr oder weniger konzentrierten Bestandteilen aus den jeweiligen Organen tierischer Herkunft erfolgen.<\/p>\n<p>Bereits in der jahrtausendealten TCM sowie bei Paracelsus finden sich Hinweise darauf, wie Schw\u00e4chen bestimmter Organe oder Organsysteme durch Einnahme von Zubereitungen aus tierischen Organen behandelt werden k\u00f6nnen. Bekanntheit hat die sogenannte Frischzellentherapie durch die Forschungen des Schweizer Arztes Paul Niehans erlangt.<\/p>\n<h2>Organextrakte und (biomolekulare) Zelltherapien<\/h2>\n<p>Der konkrete Therapie- und Behandlungsplan h\u00e4ngt von verschiedenen Faktoren ab und wird auf die individuellen Bed\u00fcrfnisse des\/der Patienten\/in abgestimmt. Meist erfolgt eine mehrmonatige Kuranwendung im Rahmen einer Kombinationstherapie, die sowohl Injektionsbehandlungen als auch Organzubereitungen zum Verzehr umfasst.<\/p>\n<p>Die speziell hergestellten Organextrakte in pulverisierter Form sind praktisch in der Anwendung und lassen sich einfach in den Speiseplan aufnehmen. (Biomolekulare) Zellpr\u00e4parationen werden injiziert oder eingenommen.<\/p>\n","protected":false},"excerpt":{"rendered":"<p>Organextrakte und biomolekulare Therapie In traditionellen Heillehren gilt das Prinzip \u201eGleiches heilt Gleiches\u201c. Dieser Therapieansatz liegt Zelltherapien bzw. biomolekularen Therapien und der Gabe von Organextrakten zugrunde. Wenn Patienten bzw. ihre Organe durch Krankheit oder Alterung geschw\u00e4cht sind und zu wenig Vitalit\u00e4t vorhanden ist, kann eine St\u00e4rkung durch Zufuhr von mehr oder weniger konzentrierten Bestandteilen aus [&hellip;]<\/p>\n","protected":false},"author":6,"featured_media":0,"parent":16,"menu_order":2,"comment_status":"closed","ping_status":"closed","template":"page-detail.php","meta":{"footnotes":""},"class_list":["post-13446","page","type-page","status-publish","hentry"],"_links":{"self":[{"href":"https:\/\/ddrheinrich.com\/de\/wp-json\/wp\/v2\/pages\/13446","targetHints":{"allow":["GET"]}}],"collection":[{"href":"https:\/\/ddrheinrich.com\/de\/wp-json\/wp\/v2\/pages"}],"about":[{"href":"https:\/\/ddrheinrich.com\/de\/wp-json\/wp\/v2\/types\/page"}],"author":[{"embeddable":true,"href":"https:\/\/ddrheinrich.com\/de\/wp-json\/wp\/v2\/users\/6"}],"replies":[{"embeddable":true,"href":"https:\/\/ddrheinrich.com\/de\/wp-json\/wp\/v2\/comments?post=13446"}],"version-history":[{"count":10,"href":"https:\/\/ddrheinrich.com\/de\/wp-json\/wp\/v2\/pages\/13446\/revisions"}],"predecessor-version":[{"id":13486,"href":"https:\/\/ddrheinrich.com\/de\/wp-json\/wp\/v2\/pages\/13446\/revisions\/13486"}],"up":[{"embeddable":true,"href":"https:\/\/ddrheinrich.com\/de\/wp-json\/wp\/v2\/pages\/16"}],"wp:attachment":[{"href":"https:\/\/ddrheinrich.com\/de\/wp-json\/wp\/v2\/media?parent=13446"}],"curies":[{"name":"wp","href":"https:\/\/api.w.org\/{rel}","templated":true}]}}