{"id":13336,"date":"2022-05-16T15:54:03","date_gmt":"2022-05-16T13:54:03","guid":{"rendered":"https:\/\/ddrheinrich.com\/de\/?page_id=13336"},"modified":"2023-03-13T18:26:38","modified_gmt":"2023-03-13T17:26:38","slug":"sauerstofftherapie","status":"publish","type":"page","link":"https:\/\/ddrheinrich.com\/de\/behandlungen\/regenerative-therapien\/sauerstofftherapie\/","title":{"rendered":"Sauerstofftherapie"},"content":{"rendered":"<p><img loading=\"lazy\" decoding=\"async\" class=\"alignright ausstellen dropshadow portrait size-full wp-image-12127\" src=\"https:\/\/ddrheinrich.com\/de\/wp-content\/uploads\/sites\/2\/international-patients.jpg\" alt=\"\" width=\"275\" height=\"412\" srcset=\"https:\/\/ddrheinrich.com\/de\/wp-content\/uploads\/sites\/2\/international-patients.jpg 275w, https:\/\/ddrheinrich.com\/de\/wp-content\/uploads\/sites\/2\/international-patients-133x200.jpg 133w, https:\/\/ddrheinrich.com\/de\/wp-content\/uploads\/sites\/2\/international-patients-214x320.jpg 214w\" sizes=\"auto, (max-width: 275px) 100vw, 275px\" \/><\/p>\n<h2>Leistungsabfall und Langzeitfolgen von Corona<\/h2>\n<p>Etliche Menschen beklagen nach einer Corona-Erkrankung oder einer Corona-Impfung eine verringerte Leistungsf\u00e4higkeit oder sonstige gesundheitliche Beeintr\u00e4chtigungen. Wenn das sogenannte \u201eSpike-Protein\u201c des Coronavirus in die Blutbahn oder in Organe gelangt, kann es \u00dcberreaktionen des Immunsystems und \u201eVerklumpungen\u201c des Blutes bewirken. Diese \u201eVerklumpungen\u201c beeintr\u00e4chtigen die Durchblutung und damit die Versorgung der K\u00f6rperzellen mit lebensnotwendigem Sauerstoff. Auch wenn dadurch keine ernsteren Komplikationen auftreten m\u00fcssen, k\u00f6nnen z.B. dauerhafte M\u00fcdigkeit und Leistungsabfall die Folge sein.<\/p>\n<h2>Hilfe durch Sauerstoff-\u00dcberdruck-Therapie<\/h2>\n<p>Die Sauerstoff-\u00dcberdruck-Therapie (hyperbare Sauerstofftherapie, O<sub>2<\/sub>-Therapie) hat zum Ziel, den K\u00f6rper verst\u00e4rkt mit Sauerstoff zu versorgen und die Regeneration der Zellen zu f\u00f6rdern. Diese Behandlung dauert rund 90 Minuten. In einer speziellen Kammer atmet man unter leichtem \u00dcberdruck medizinisch reinen Sauerstoff durch eine Maske ein. Ratsam ist die Sauerstofftherapie als mehrw\u00f6chige Kur. Auch einzelne Therapieeinheiten zum Testen sind m\u00f6glich.<\/p>\n<p>Wissenschaftliche Erkenntnisse belegen, dass durch diese Behandlungen die Durchblutung in Organen wie Gehirn und Herz verbessert werden konnte. Als Ergebnis wurde eine Steigerung der Hirnleistung und Optimierung der Organfunktionen dokumentiert. Im Rahmen einer israelischen Studie wurde zudem festgestellt, dass sich nach 60 Sitzungen die \u201eTelomere\u201c der Zellen verl\u00e4ngerten. Das bedeutet, dass sich die Zellen verj\u00fcngten und regenerierten.<\/p>\n","protected":false},"excerpt":{"rendered":"<p>Leistungsabfall und Langzeitfolgen von Corona Etliche Menschen beklagen nach einer Corona-Erkrankung oder einer Corona-Impfung eine verringerte Leistungsf\u00e4higkeit oder sonstige gesundheitliche Beeintr\u00e4chtigungen. Wenn das sogenannte \u201eSpike-Protein\u201c des Coronavirus in die Blutbahn oder in Organe gelangt, kann es \u00dcberreaktionen des Immunsystems und \u201eVerklumpungen\u201c des Blutes bewirken. Diese \u201eVerklumpungen\u201c beeintr\u00e4chtigen die Durchblutung und damit die Versorgung der K\u00f6rperzellen [&hellip;]<\/p>\n","protected":false},"author":6,"featured_media":0,"parent":16,"menu_order":4,"comment_status":"closed","ping_status":"closed","template":"page-detail.php","meta":{"footnotes":""},"class_list":["post-13336","page","type-page","status-publish","hentry"],"_links":{"self":[{"href":"https:\/\/ddrheinrich.com\/de\/wp-json\/wp\/v2\/pages\/13336","targetHints":{"allow":["GET"]}}],"collection":[{"href":"https:\/\/ddrheinrich.com\/de\/wp-json\/wp\/v2\/pages"}],"about":[{"href":"https:\/\/ddrheinrich.com\/de\/wp-json\/wp\/v2\/types\/page"}],"author":[{"embeddable":true,"href":"https:\/\/ddrheinrich.com\/de\/wp-json\/wp\/v2\/users\/6"}],"replies":[{"embeddable":true,"href":"https:\/\/ddrheinrich.com\/de\/wp-json\/wp\/v2\/comments?post=13336"}],"version-history":[{"count":9,"href":"https:\/\/ddrheinrich.com\/de\/wp-json\/wp\/v2\/pages\/13336\/revisions"}],"predecessor-version":[{"id":13454,"href":"https:\/\/ddrheinrich.com\/de\/wp-json\/wp\/v2\/pages\/13336\/revisions\/13454"}],"up":[{"embeddable":true,"href":"https:\/\/ddrheinrich.com\/de\/wp-json\/wp\/v2\/pages\/16"}],"wp:attachment":[{"href":"https:\/\/ddrheinrich.com\/de\/wp-json\/wp\/v2\/media?parent=13336"}],"curies":[{"name":"wp","href":"https:\/\/api.w.org\/{rel}","templated":true}]}}