{"id":13187,"date":"2019-04-03T16:06:24","date_gmt":"2019-04-03T14:06:24","guid":{"rendered":"https:\/\/ddrheinrich.com\/de\/?page_id=13187"},"modified":"2024-07-01T11:58:06","modified_gmt":"2024-07-01T09:58:06","slug":"gelenke-arthrose","status":"publish","type":"page","link":"https:\/\/ddrheinrich.com\/de\/behandlungen\/gelenke-arthrose\/","title":{"rendered":"Gelenke &#038; Arthrose"},"content":{"rendered":"<p><img loading=\"lazy\" decoding=\"async\" class=\"alignright ausstellen portrait size-full wp-image-12632\" src=\"https:\/\/ddrheinrich.com\/de\/wp-content\/uploads\/sites\/2\/news-gelenksbehandlung.png\" alt=\"\" width=\"275\" height=\"275\" srcset=\"https:\/\/ddrheinrich.com\/de\/wp-content\/uploads\/sites\/2\/news-gelenksbehandlung.png 275w, https:\/\/ddrheinrich.com\/de\/wp-content\/uploads\/sites\/2\/news-gelenksbehandlung-200x200.png 200w\" sizes=\"auto, (max-width: 275px) 100vw, 275px\" \/>Stammzellen aus dem k\u00f6rpereigenen Fettgewebe des Patienten bieten eine schonende Behandlungsoption bei Gelenksbeschwerden infolge von altersbedingter Abn\u00fctzung (Arthrose) oder schadhaften Gelenken nach Sportverletzungen. Die Behandlung ist nicht nur f\u00fcr Kniegelenk oder H\u00fcftgelenk geeignet, sondern auch f\u00fcr alle anderen Gelenke (z.B. der Finger, Schultern und Wirbels\u00e4ule).<\/p>\n<p>Die Transplantation von Fettstammzellen des Betroffenen zum defekten Gelenk unterst\u00fctzt einen nat\u00fcrlichen Heilungsmechanismus und hilft dem K\u00f6rper, die Ursache der Gelenksbeschwerden selbst zu beheben. Dadurch kann sich der Schaden am Gelenk bis zu einem gewissen Grad regenerieren. Gelenkspatienten kann so eine belastende Operation in Vollnarkose bzw. ein k\u00fcnstlicher Gelenksersatz erspart bleiben.<\/p>\n<h2>Regeneration mit k\u00f6rpereigenen Fettstammzellen<\/h2>\n<p><a href=\"https:\/\/www.puls24.at\/video\/cafe-puls\/knieschmerzen-ade\/v-c6yrl4v19grd\" target=\"_blank\" title=\"Puls4-Beitrag \u201eSchmerzfrei dank Stammzellen\u201c ansehen\"><img loading=\"lazy\" decoding=\"async\" class=\"alignright ausstellen overlap dropshadow size-full wp-image-12691\" src=\"https:\/\/ddrheinrich.com\/de\/wp-content\/uploads\/sites\/2\/puls4-cafe-puls-2018-01-24.jpg\" alt=\"\" width=\"450\" height=\"253\" srcset=\"https:\/\/ddrheinrich.com\/de\/wp-content\/uploads\/sites\/2\/puls4-cafe-puls-2018-01-24.jpg 450w, https:\/\/ddrheinrich.com\/de\/wp-content\/uploads\/sites\/2\/puls4-cafe-puls-2018-01-24-200x112.jpg 200w, https:\/\/ddrheinrich.com\/de\/wp-content\/uploads\/sites\/2\/puls4-cafe-puls-2018-01-24-320x180.jpg 320w\" sizes=\"auto, (max-width: 450px) 100vw, 450px\" \/><\/a>K\u00f6rperfett enth\u00e4lt sogenannte mesenchymale Stammzellen bzw. Stromal Vascular Fraction (SVF). Weltweit wird das regenerative Potential dieser Fettstammzellen bei Gelenksproblemen wie Arthrose und Knorpelsch\u00e4den in klinischen Studien untersucht. Dabei konnten Forscher bei Patienten, die wegen Sch\u00e4den an Knien, H\u00fcften und anderen Gelenken behandelt wurden, eine Verbesserung der Schmerzsymptomatik und Beweglichkeit feststellen.<\/p>\n<p>Die Behandlung mit k\u00f6rpereigenen Fettstammzellen erfolgt als ambulanter Eingriff in \u00f6rtlicher Bet\u00e4ubung. Dazu wird eine kleine Menge K\u00f6rperfett abgesaugt und die daraus gewonnenen Stammzellen beim betroffenen Gelenk injiziert. Danach kann der Patient die Ordination verlassen, ein station\u00e4rer Aufenthalt ist wegen des schonenden Vorgehens \u00fcberfl\u00fcssig.<\/p>\n<p><strong><a href=\"https:\/\/stammzellen-gelenke.com\/\" target=\"_blank\">N\u00e4here Informationen zu Gelenksbehandlungen mit Stammzellen<\/a><\/strong><\/p>\n<p class=\"remark\">Diese Seite dient einzig Informationszwecken und stellt keine medizinische Beratung dar. Es wird ausdr\u00fccklich kein Heilversprechen gegeben. Stammzelltherapie ist ein neuartiges Verfahren, das weltweit erst seit kurzem angewandt wird und zu dem daher die f\u00fcr ein anerkanntes Verfahren notwendigen Langzeitstudien und verl\u00e4sslichen Dokumentationen zu Erfolgen, Risiken und Nebenwirkungen noch nicht vorliegen.<\/p>\n<p class=\"remark\">Die Rechtsvorschriften betreffend Stammzelltherapien und die Durchf\u00fchrung neuer Therapien sind weltweit unterschiedlich. In unserer Ordination in \u00d6sterreich f\u00fchren wir ausschlie\u00dflich die nach der hier geltenden Rechtslage zul\u00e4ssigen Behandlungen durch. F\u00fcr andere Behandlungen verf\u00fcgen wir im Rahmen unseres Kooperationsnetzwerks \u00fcber weltweite Kontakte und k\u00f6nnen bei der Auswahl spezialisierter medizinischer Einrichtungen im Ausland unterst\u00fctzen.<\/p>\n","protected":false},"excerpt":{"rendered":"<p>Stammzellen aus dem k\u00f6rpereigenen Fettgewebe des Patienten bieten eine schonende Behandlungsoption bei Gelenksbeschwerden infolge von altersbedingter Abn\u00fctzung (Arthrose) oder schadhaften Gelenken nach Sportverletzungen. Die Behandlung ist nicht nur f\u00fcr Kniegelenk oder H\u00fcftgelenk geeignet, sondern auch f\u00fcr alle anderen Gelenke (z.B. der Finger, Schultern und Wirbels\u00e4ule). Die Transplantation von Fettstammzellen des Betroffenen zum defekten Gelenk unterst\u00fctzt [&hellip;]<\/p>\n","protected":false},"author":6,"featured_media":0,"parent":188,"menu_order":0,"comment_status":"closed","ping_status":"closed","template":"","meta":{"footnotes":""},"class_list":["post-13187","page","type-page","status-publish","hentry"],"_links":{"self":[{"href":"https:\/\/ddrheinrich.com\/de\/wp-json\/wp\/v2\/pages\/13187","targetHints":{"allow":["GET"]}}],"collection":[{"href":"https:\/\/ddrheinrich.com\/de\/wp-json\/wp\/v2\/pages"}],"about":[{"href":"https:\/\/ddrheinrich.com\/de\/wp-json\/wp\/v2\/types\/page"}],"author":[{"embeddable":true,"href":"https:\/\/ddrheinrich.com\/de\/wp-json\/wp\/v2\/users\/6"}],"replies":[{"embeddable":true,"href":"https:\/\/ddrheinrich.com\/de\/wp-json\/wp\/v2\/comments?post=13187"}],"version-history":[{"count":19,"href":"https:\/\/ddrheinrich.com\/de\/wp-json\/wp\/v2\/pages\/13187\/revisions"}],"predecessor-version":[{"id":13493,"href":"https:\/\/ddrheinrich.com\/de\/wp-json\/wp\/v2\/pages\/13187\/revisions\/13493"}],"up":[{"embeddable":true,"href":"https:\/\/ddrheinrich.com\/de\/wp-json\/wp\/v2\/pages\/188"}],"wp:attachment":[{"href":"https:\/\/ddrheinrich.com\/de\/wp-json\/wp\/v2\/media?parent=13187"}],"curies":[{"name":"wp","href":"https:\/\/api.w.org\/{rel}","templated":true}]}}