{"id":1299,"date":"2010-11-17T17:28:11","date_gmt":"2010-11-17T16:28:11","guid":{"rendered":"http:\/\/ddrheinrich.com\/?page_id=1299"},"modified":"2023-07-26T18:15:15","modified_gmt":"2023-07-26T16:15:15","slug":"faq","status":"publish","type":"page","link":"https:\/\/ddrheinrich.com\/de\/behandlungen\/brust\/faq\/","title":{"rendered":"FAQ"},"content":{"rendered":"<p class=\"ausstellen\"><a href=\"https:\/\/ddrheinrich.com\/de\/behandlungen\/brust\/faq\/2\/\">FAQ zum stammzellunterst\u00fctzten Fetttransfer\u2026<\/a><\/p>\n<h2>H\u00e4ufig gestellte Fragen zur Brustvergr\u00f6\u00dferung mit Stammzellen<\/h2>\n<h3 class=\"faq-question\"><a href=\"#\">Ist das Stillen nach einer Brustvergr\u00f6\u00dferung mit Stammzellen weiterhin m\u00f6glich?<\/a><\/h3><div class=\"faq-answer\"><p>Das Stillen von S\u00e4uglingen ist nach einer Brustvergr\u00f6\u00dferung problemlos m\u00f6glich, ganz im Gegensatz zur Brustvergr\u00f6\u00dferung mit Skalpell und Silikon, bei der die Stillf\u00e4higkeit oftmals wegen des Durchtrennens der Milchg\u00e4nge verloren geht.<\/p>\n<\/div>\n<h3 class=\"faq-question\"><a href=\"#\">Erfordert die Brustvergr\u00f6\u00dferung mit Stammzellen Vollnarkose?<\/a><\/h3><div class=\"faq-answer\"><p>Nein. Sowohl die Basisfettabsaugung als auch die eigentliche Brustvergr\u00f6\u00dferung erfolgen unter Lokalan\u00e4sthesie. Auf Wunsch kann der Eingriff auch im D\u00e4mmerschlaf erfolgen. Die Patientin ist nach dem Eingriff voll mobil und wird nach Hause entlassen.<\/p>\n<\/div>\n<h3 class=\"faq-question\"><a href=\"#\">Sind nach der Brustvergr\u00f6\u00dferung mit Stammzellen Nachuntersuchungen und -behandlungen notwendig?<\/a><\/h3><div class=\"faq-answer\"><p>Die Brustvergr\u00f6\u00dferung mit Stammzellen ist im Allgemeinen ein gut vertr\u00e4glicher Eingriff. Die \u00fcbliche Kontrolluntersuchung findet nach ca. 6 Wochen statt. Ca. 12 Monate nach dem Eingriff empfehlen wir die Durchf\u00fchrung einer Mammographie und Ultraschalluntersuchung. Danach sind nach R\u00fccksprache mit Ihrem Gyn\u00e4kologen die regelm\u00e4\u00dfigen Mamma-Vorsorge-Untersuchungen empfehlenswert. Wichtig ist, dass Sie die behandelnden \u00c4rzte immer \u00fcber den erfolgten Brusteingriff informieren.<\/p>\n<\/div>\n<h3 class=\"faq-question\"><a href=\"#\">Ist nach der Brustvergr\u00f6\u00dferung mit Stammzellen ein station\u00e4rer Aufenthalt notwendig?<\/a><\/h3><div class=\"faq-answer\"><p>Nein, die Ordination DDr.&nbsp;Heinrich kann direkt nach der Brustvergr\u00f6\u00dferung verlassen werden. Da w\u00e4hrend der Brustvergr\u00f6\u00dferung keine Vollnarkose eingesetzt wird, ist die Patientin nach dem Eingriff voll mobil.<\/p>\n<\/div>\n<h3 class=\"faq-question\"><a href=\"#\">Ist es m\u00f6glich, Silikonimplantate durch Brustvergr\u00f6\u00dferung mit Stammzellen zu ersetzen?<\/a><\/h3><div class=\"faq-answer\"><p>Dies ist in vielen F\u00e4llen nach Entfernen der bestehenden Implantate m\u00f6glich. Alternativ k\u00f6nnen Silikonimplantate auch beibehalten und mittels stammzellunterst\u00fctzten Fetttransfers eine nat\u00fcrlicher aussehende zus\u00e4tzliche Vergr\u00f6\u00dferung bzw. Abrundung erreicht werden.<\/p>\n<\/div>\n<h3 class=\"faq-question\"><a href=\"#\">Wie lange dauert die Brustvergr\u00f6\u00dferung mit Stammzellen?<\/a><\/h3><div class=\"faq-answer\"><p>Die Brustvergr\u00f6\u00dferung mit Stammzellen samt vorangehender Fettgewinnung und Fettaufbereitung dauert erfahrungsgem\u00e4\u00df einige Stunden. Die Zeit w\u00e4hrend der Stammzellanreicherung kann in der Ordination DDr.&nbsp;Heinrich verbracht werden. Nach dem Eingriff kann die Patientin nach Hause gehen.<\/p>\n<\/div>\n<h3 class=\"faq-question\"><a href=\"#\">Welche Haltbarkeit hat das Behandlungsergebnis?<\/a><\/h3><div class=\"faq-answer\"><p>Die Ergebnisse der Brustvergr\u00f6\u00dferung mit stammzellangereichertem Eigenfett sind im Normalfall langfristig haltbar, weil sich die injizierten Stammzellen in das umgebende Gewebe eingliedern und zu reifen Fettzellen heranwachsen. Auch bei den herk\u00f6mmlichen Methoden des Eigenfetttransfers werden Stammzellen \u2013 allerdings in geringerer Zahl \u2013 transplantiert. Daher entstehen nach herk\u00f6mmlichen Fetttransfers weniger reife Fettzellen als bei der Stammzellmethode, weswegen ein gr\u00f6\u00dferer Teil des transplantierten Volumens abgebaut wird.<\/p>\n<\/div>\n<h3 class=\"faq-question\"><a href=\"#\">Wo werden die Stammzellen entnommen?<\/a><\/h3><div class=\"faq-answer\"><p>Die Stammzellen werden mittels eines speziellen Verfahrens aus zuvor schonend abgesaugtem Fett gewonnen. Erfahrungsgem\u00e4\u00df verf\u00fcgen auch schlanke Patientinnen oft \u00fcber ausreichende Fettdepots. Das Fett kann von verschiedenen K\u00f6rperregionen abgesaugt werden, wodurch zugleich auch eine Optimierung der K\u00f6rpersilhouette m\u00f6glich ist. Die Brustvergr\u00f6\u00dferung mit Stammzellen aus Eigenfett ist ethisch unbedenklich, weil es sich um adulte Stammzellen aus k\u00f6rpereigenem Gewebe handelt.<\/p>\n<\/div>\n<h3 class=\"faq-question\"><a href=\"#\">Wie viel kostet die Brustvergr\u00f6\u00dferung mit Stammzellen?<\/a><\/h3><div class=\"faq-answer\"><p>Die Kosten f\u00fcr eine Brustvergr\u00f6\u00dferung sind abh\u00e4ngig vom gew\u00e4hlten Verfahren und Ihren W\u00fcnschen und Erfordernissen. Umfassende Informationen zu Ihrer individuellen Behandlung, auf Wunsch mit <a href=\"https:\/\/ddrheinrich.com\/de\/kontakt\/vip-service\/\">VIP-Service<\/a>, erhalten Sie im Zuge einer <a href=\"https:\/\/ddrheinrich.com\/de\/kontakt\/\">Erstordination<\/a>.<\/p>\n<\/div>\n<h3 class=\"faq-question\"><a href=\"#\">Welche Gr\u00f6\u00dfenzunahme ist bei der Brustvergr\u00f6\u00dferung mit Stammzellen m\u00f6glich?<\/a><\/h3><div class=\"faq-answer\"><p>Bei der Brustvergr\u00f6\u00dferung mit Stammzellen ist eine Vergr\u00f6\u00dferung der Br\u00fcste um eine halbe bis zu maximal zwei K\u00f6rbchengr\u00f6\u00dfen m\u00f6glich. Da die Stammzellen aus dem zuvor abgesaugtem Fett gewonnen werden, h\u00e4ngt die im Einzelfall m\u00f6gliche Vergr\u00f6\u00dferung wesentlich davon ab, wie gro\u00df die Fettdepots des K\u00f6rpers sind und wie viel Volumen die Brust aufnehmen kann. Je \u201eschlaffer\u201c die Brust ist, desto mehr Volumen kann transplantiert werden. Bei sehr straffen Br\u00fcsten kann die Vordehnung z.B. durch die BRAVA-Methode sinnvoll sein. Wenn die gew\u00fcnschte Gr\u00f6\u00dfe mit einem Eingriff nicht erzielt werden kann, sind Folgeeingriffe m\u00f6glich.<\/p>\n<\/div>\n<h3 class=\"faq-question\"><a href=\"#\">Kann eine Brustvergr\u00f6\u00dferung mit Stammzellen die Krebserkennung erschweren?<\/a><\/h3><div class=\"faq-answer\"><p>Wie bei jedem Brusteingriff k\u00f6nnen als Folge kleine harmlose Verkalkungen entstehen. Erfahrene Radiologen sind mittlerweile in der Lage, auf Bildern Krebserkrankungen von ungef\u00e4hrlichen Verkalkungen, wie sie bei der Brustvergr\u00f6\u00dferung mit Stammzellen auftreten k\u00f6nnen, zu unterscheiden. Wichtig ist, dass Sie alle behandelnden \u00c4rzte \u00fcber den erfolgten Eingriff informieren.<\/p>\n<\/div>\n<h3 class=\"faq-question\"><a href=\"#\">Kann die Brust bei der Brustvergr\u00f6\u00dferung mit Stammzellen gestrafft werden?<\/a><\/h3><div class=\"faq-answer\"><p>Die Brustvergr\u00f6\u00dferung mit stammzellangereichertem Eigenfett eignet sich hervorragend zum Wiedergewinnen von durch Stillen verlorenem Brustvolumen. Durch das zus\u00e4tzliche Volumen und den verj\u00fcngenden Effekt der k\u00f6rpereigenen Stammzellen wirkt die mit stammzellangereichertem Eigenfett vergr\u00f6\u00dferte Brust voller und straffer.<\/p>\n<\/div>\n<h3 class=\"faq-question\"><a href=\"#\">Eignet sich stammzellangereichertes Eigenfett zur Korrektur von Brustasymmetrien?<\/a><\/h3><div class=\"faq-answer\"><p>Grunds\u00e4tzlich kann mit stammzellangereichertem Eigenfett die Form der Brust beeinflusst und so Asymmetrien ausgeglichen werden. Inwieweit im Einzelfall eine erfolgversprechende Formung der Brust m\u00f6glich ist, l\u00e4sst sich am Besten in einer <a href=\"https:\/\/ddrheinrich.com\/de\/kontakt\/\">Erstordination<\/a> feststellen.<\/p>\n<\/div>\n<h3 class=\"faq-question\"><a href=\"#\">Welche Arten von Brustvergr\u00f6\u00dferung bieten Sie an und welche Rolle spielen dabei k\u00f6rpereigene Stammzellen?<\/a><\/h3><div class=\"faq-answer\"><p>Br\u00fcste k\u00f6nnen durch k\u00f6rpereigenes Fett schonend und nat\u00fcrlich vergr\u00f6\u00dfert werden. Die Brustvergr\u00f6\u00dferung mit Stammzellen ist eine Weiterentwicklung des herk\u00f6mmlichen Fetttransfers und erm\u00f6glicht nunmehr nachhaltige Ergebnisse.<\/p>\n<p>Transplantiertes Fett \u00fcberlebt n\u00e4mlich nur langfristig, wenn es einen hohen Anteil an unbesch\u00e4digten, vitalen Zellen, darunter besonders Stammzellen und Progenitorzellen, enth\u00e4lt. Deshalb ist die richtige, schonende Entnahme und Weiterverarbeitung unerl\u00e4sslich f\u00fcr den Erfolg der Behandlung.<\/p>\n<p>Beim herk\u00f6mmlichen Fetttransfer wird an anderen K\u00f6rperpartien abgesaugtes oder operativ entnommenes Fett unbehandelt implantiert. Der Gehalt an im Fett vorhandenen Stammzellen bleibt dabei unver\u00e4ndert. Bei optimalem, gewebeschonendem Vorgehen bleibt normalerweise nur ein geringer Teil des Volumens langfristig erhalten, weswegen Auffrischungen sinnvoll sind.<\/p>\n<p>Beim stammzellkonzentrierten Fetttransfer wird zuvor abgesaugtes Eigenfett konzentriert und damit die Anzahl der vitalen Zellen und Stammzellen pro Volumseinheit erh\u00f6ht. Bei optimalem, gewebeschonendem Vorgehen bleibt normalerweise ein betr\u00e4chtlicher Teil des Volumens langfristig erhalten, weswegen Auffrischungen m\u00f6glich sind.<\/p>\n<p>Beim stammzellunterst\u00fctzten Fetttransfer (CAL) werden vor der Implantation die Stammzellen durch einen aufwendigen Laborprozess aus einer Portion Fett entnommen und einer anderen Portion Fett hinzugef\u00fcgt. Mit dieser stammzellangereicherten Fettmenge ist ein deutlich dauerhafteres Ergebnis erzielbar, als mit den anderen Methoden. Dabei bleibt normalerweise langfristig ein Gro\u00dfteil des Volumens erhalten, weshalb Auffrischungen meist nicht n\u00f6tig sind.<\/p>\n<\/div>\n<p><!--nextpage--><\/p>\n<p class=\"ausstellen\"><a href=\"https:\/\/ddrheinrich.com\/de\/behandlungen\/brust\/faq\/2\/\">FAQ zur Brustvergr\u00f6\u00dferung mit Stammzellen\u2026<\/a><\/p>\n<h2>H\u00e4ufig gestellte Fragen zum stammzellunterst\u00fctzten Fetttransfer<\/h2>\n<h3 class=\"faq-question\"><a href=\"#\">Welche Arten von Fetttransfer gibt es und welche Rolle spielen dabei k\u00f6rpereigene Stammzellen?<\/a><\/h3><div class=\"faq-answer\"><p>Transplantiertes Fett \u00fcberlebt nur langfristig, wenn es einen hohen Anteil an unbesch\u00e4digten, vitalen Zellen, darunter besonders Stammzellen und Progenitorzellen, enth\u00e4lt. Deshalb ist die richtige, schonende Entnahme und Weiterverarbeitung unerl\u00e4sslich f\u00fcr den Erfolg der Behandlung.<\/p>\n<p>Beim herk\u00f6mmlichen Fetttransfer wird an anderen K\u00f6rperpartien abgesaugtes oder operativ entnommenes Fett unbehandelt implantiert. Der Gehalt an im Fett vorhandenen Stammzellen bleibt dabei unver\u00e4ndert. Bei optimalem, gewebeschonendem Vorgehen bleibt normalerweise nur ein geringer Teil des Volumens langfristig erhalten, weswegen Auffrischungen sinnvoll sind.<\/p>\n<p>Beim stammzellkonzentrierten Fetttransfer wird zuvor abgesaugtes Eigenfett konzentriert und damit die Anzahl der vitalen Zellen und Stammzellen pro Volumseinheit erh\u00f6ht. Bei optimalem, gewebeschonendem Vorgehen bleibt normalerweise ein betr\u00e4chtlicher Teil des Volumens langfristig erhalten, weswegen Auffrischungen m\u00f6glich sind.<\/p>\n<p>Beim stammzellunterst\u00fctztem Fetttransfer (CAL) werden vor der Implantation die Stammzellen durch einen aufwendigen Laborprozess aus einer Portion Fett entnommen und einer anderen Portion Fett hinzugef\u00fcgt. Mit dieser stammzellangereicherten Fettmenge ist ein deutlich dauerhafteres Ergebnis erzielbar, als mit den anderen Methoden. Dabei bleibt normalerweise langfristig ein Gro\u00dfteil des Volumens erhalten, weshalb Auffrischungen meist nicht n\u00f6tig sind.<\/p>\n<\/div>\n<h3 class=\"faq-question\"><a href=\"#\">Ist stammzellunterst\u00fctzter Fetttransfer (CAL) \u201eStammzelltherapie\u201c?<\/a><\/h3><div class=\"faq-answer\"><p>Stammzellunterst\u00fctzter Fetttransfer ist Therapie mit adulten, k\u00f6rpereigenen Stammzellen und darf nicht verwechselt werden mit der Stammzelltherapie mittels embryonaler Stammzellen, die aus ethischen Gr\u00fcnden und wegen eines diskutierten Risikos von Nebenwirkungen in \u00d6sterreich nicht zul\u00e4ssig ist.<\/p>\n<\/div>\n<h3 class=\"faq-question\"><a href=\"#\">Was unterscheidet embryonale Stammzellen von adulten Stammzellen?<\/a><\/h3><div class=\"faq-answer\"><p>Im Wesentlichen das Alter und die Herkunft aus menschlichem Embryonalgewebe. Obwohl embryonale Stammzellen eine etwas h\u00f6here biologische Potenz besitzen als adulte Stammzellen, ist ihre Anwendung nicht nur ethisch fragw\u00fcrdig, sondern mit einem erh\u00f6hten Risiko f\u00fcr Zellentartungen (Krebs) verbunden. Aus diesen Gr\u00fcnden empfiehlt sich f\u00fcr Patientinnen und Patienten die Anwendung ihrer eigenen adulten Stammzellen, die noch in hohem Alter \u2013 \u00e4hnlich wie Samenzellen \u2013 biologisch \u00e4u\u00dferst potent sind.<\/p>\n<\/div>\n<h3 class=\"faq-question\"><a href=\"#\">Hat der stammzellangereicherte Fetttransfer (CAL) etwas mit Embryonen zu tun?<\/a><\/h3><div class=\"faq-answer\"><p>Nein! Stammzellangereicherter Fetttransfer ist Therapie mit adulten, k\u00f6rpereigenen Stammzellen und darf nicht verwechselt werden mit der Stammzelltherapie mit embryonalen Stammzellen, die aus ethischen Gr\u00fcnden und aufgrund m\u00f6glicher unerw\u00fcnschter Nebenwirkungen in \u00d6sterreich nicht zul\u00e4ssig ist.<\/p>\n<\/div>\n<h3 class=\"faq-question\"><a href=\"#\">Kann Stammzelltherapie zu Krebserkrankungen f\u00fchren?<\/a><\/h3><div class=\"faq-answer\"><p>Ihre gesunden k\u00f6rpereigenen mesenchymalen Stammzellen bleiben auch bei Transplantation in einen anderen K\u00f6rperteil gesund. Daher f\u00fchren Therapien mit solchen Stammzellen auch zu keiner Erh\u00f6hung des Risikos, an Krebs zu erkranken. Wahrscheinlich unterst\u00fctzen sie sogar das Immunsystem bei der Entfernung von Krebszellen. Hingegen k\u00f6nnen sogenannte embryonale Stammzellen, die aus unreifen menschlichen Embryonen gewonnen werden, zu Tumoren (Teratomen) f\u00fchren und werden auch aus diesem Grund therapeutisch bei uns nicht verwendet. Gelegentlich wird der Verdacht ge\u00e4u\u00dfert, dass mesenchymale Stammzellen, die im Labor k\u00fcnstlich vermehrt werden, entarten k\u00f6nnten. Daf\u00fcr fehlt aber jeder Hinweis. Ganz im Gegenteil werden mittlerweile solche Stammzellen in klinischen Studien, oft nach genetischer Umprogrammierung, zur Behandlung von Krebserkrankungen verwendet. Beim stammzellunterst\u00fctzten Fetttransfer werden mesenchymale Stammzellen direkt mit dem Fett aus dem sie stammen transplantiert. Experten sind sich einig, dass das Krebsrisiko dadurch genau so wenig erh\u00f6ht wird wie bei normalem Fetttransfer, der sich nur durch eine geringere Menge an transplantierten Stammzellen unterscheidet.<\/p>\n<\/div>\n<h3 class=\"faq-question\"><a href=\"#\">Welche therapeutischen Anwendungen f\u00fcr k\u00f6rpereigene Stammzellen aus Eigenfett gibt es?<\/a><\/h3><div class=\"faq-answer\"><p>Abgesehen vom stammzellunterst\u00fctzten Eigenfetttransfer (CAL) k\u00f6nnen eine Reihe von Regenerationsbehandlungen an K\u00f6rperorganen mit den so gewonnenen Stammzellen vorgenommen werden. Dabei muss jedoch die Aufbereitung sehr spezifisch erfolgen. Ein gutes Beispiel ist die Regeneration von Abn\u00fctzungssch\u00e4den bei Bandscheiben.<\/p>\n<\/div>\n<h3 class=\"faq-question\"><a href=\"#\">Ist Celution\u00ae identisch mit stammzellunterst\u00fctztem Fetttransfer?<\/a><\/h3><div class=\"faq-answer\"><p>Nein. Stammzellunterst\u00fctzter Fetttransfer (CAL) ist der Eingriff und Celution\u00ae ist ein Extraktionsverfahren der Firma Cytori, das mittels eines patentierten, in der EU zugelassenen Apparates die Zellaufbereitung aus dem K\u00f6rperfett automatisiert und standardisiert. Celution\u00ae steht in der Ordination DDr.&nbsp;Heinrich zus\u00e4tzlich zum herk\u00f6mmlichen Laborverfahren zur Verf\u00fcgung.<\/p>\n<\/div>\n<h3 class=\"faq-question\"><a href=\"#\">K\u00f6nnen die implantierten Stammzellen unkontrolliert wachsen?<\/a><\/h3><div class=\"faq-answer\"><p>Das Gewebe, welches die implantierten Stammzellen umgibt, steuert, zu welchen Arten von Zellen sich die Stammzellen entwickeln. Die aus den Stammzellen entstandenen Zellen verhalten sich gleich wie die umgebenden Zellen, wodurch ein unkontrolliertes Wachstum ausgeschlossen ist.<\/p>\n<\/div>\n<h3 class=\"faq-question\"><a href=\"#\">Kann aus den Stammzellen anderes Gewebe als das Gew\u00fcnschte entstehen?<\/a><\/h3><div class=\"faq-answer\"><p>Bei der Ausdifferenzierung der Stammzellen zu erwachsenen Zellen spielt das \u201eMicro-Environment\u201c eine bedeutende Rolle. Das umgebende Gewebe, in dem sich die Stammzellen einnisten, steuert offenbar, welche Art von Zellen (Haut-, Fett-, Muskelzellen etc.) aus ihnen heranw\u00e4chst.<\/p>\n<\/div>\n<h3 class=\"faq-question\"><a href=\"#\">Welche K\u00f6rperregionen k\u00f6nnen mit stammzellangereichertem Eigenfett behandelt werden?<\/a><\/h3><div class=\"faq-answer\"><p>Stammzellangereichertes Eigenfett kann als normalerweise langfristig haltbarer, 100 % nat\u00fcrlicher \u201eFiller\u201c zur K\u00f6rperformung und Faltenbehandlung (z.B. auch am Dekolletee und an den H\u00e4nden) sowie zur Hautverj\u00fcngung verwendet werden. Je h\u00f6her der Gehalt an Stammzellen im transplantierten Eigenfett, desto regenerierter und verj\u00fcngter zeigt sich die Haut \u00fcber dem behandelten Areal. So k\u00f6nnen Br\u00fcste, Po, Oberschenkel und alle anderen K\u00f6rperteile, die Fett enthalten, mittels stammzellangereicherten Eigenfetts im Normalfall nachhaltig geformt werden.<\/p>\n<\/div>\n<h3 class=\"faq-question\"><a href=\"#\">K\u00f6nnen Dellen korrigiert werden?<\/a><\/h3><div class=\"faq-answer\"><p>Mit stammzellangereichertem Eigenfett k\u00f6nnen in der Ordination DDr.&nbsp;Heinrich Dellen korrigiert werden. Die Ergebnisse sind in der Regel sehr gut und langfristig haltbar.<\/p>\n<\/div>\n","protected":false},"excerpt":{"rendered":"<p>FAQ zum stammzellunterst\u00fctzten Fetttransfer\u2026 H\u00e4ufig gestellte Fragen zur Brustvergr\u00f6\u00dferung mit Stammzellen<\/p>\n","protected":false},"author":6,"featured_media":0,"parent":2,"menu_order":5,"comment_status":"closed","ping_status":"closed","template":"page-detail.php","meta":{"footnotes":""},"class_list":["post-1299","page","type-page","status-publish","hentry"],"_links":{"self":[{"href":"https:\/\/ddrheinrich.com\/de\/wp-json\/wp\/v2\/pages\/1299","targetHints":{"allow":["GET"]}}],"collection":[{"href":"https:\/\/ddrheinrich.com\/de\/wp-json\/wp\/v2\/pages"}],"about":[{"href":"https:\/\/ddrheinrich.com\/de\/wp-json\/wp\/v2\/types\/page"}],"author":[{"embeddable":true,"href":"https:\/\/ddrheinrich.com\/de\/wp-json\/wp\/v2\/users\/6"}],"replies":[{"embeddable":true,"href":"https:\/\/ddrheinrich.com\/de\/wp-json\/wp\/v2\/comments?post=1299"}],"version-history":[{"count":9,"href":"https:\/\/ddrheinrich.com\/de\/wp-json\/wp\/v2\/pages\/1299\/revisions"}],"predecessor-version":[{"id":13476,"href":"https:\/\/ddrheinrich.com\/de\/wp-json\/wp\/v2\/pages\/1299\/revisions\/13476"}],"up":[{"embeddable":true,"href":"https:\/\/ddrheinrich.com\/de\/wp-json\/wp\/v2\/pages\/2"}],"wp:attachment":[{"href":"https:\/\/ddrheinrich.com\/de\/wp-json\/wp\/v2\/media?parent=1299"}],"curies":[{"name":"wp","href":"https:\/\/api.w.org\/{rel}","templated":true}]}}