{"id":12571,"date":"2017-03-21T16:14:35","date_gmt":"2017-03-21T15:14:35","guid":{"rendered":"https:\/\/ddrheinrich.com\/de\/?page_id=12571"},"modified":"2021-06-05T20:10:14","modified_gmt":"2021-06-05T18:10:14","slug":"qualifikation-fachkompetenz","status":"publish","type":"page","link":"https:\/\/ddrheinrich.com\/de\/qualitaetsmanagement\/qualifikation-fachkompetenz\/","title":{"rendered":"Qualifikation und Fachkompetenz"},"content":{"rendered":"<p><img loading=\"lazy\" decoding=\"async\" class=\"alignright ausstellen portrait size-full wp-image-12573\" src=\"https:\/\/ddrheinrich.com\/de\/wp-content\/uploads\/sites\/2\/qualifikation-fachkompetenz.png\" alt=\"\" width=\"200\" height=\"275\" srcset=\"https:\/\/ddrheinrich.com\/de\/wp-content\/uploads\/sites\/2\/qualifikation-fachkompetenz.png 200w, https:\/\/ddrheinrich.com\/de\/wp-content\/uploads\/sites\/2\/qualifikation-fachkompetenz-145x200.png 145w\" sizes=\"auto, (max-width: 200px) 100vw, 200px\" \/>In unserer Ordination DDr.&nbsp;Heinrich bieten wir Ihnen Cutting-Edge-Behandlungsmethoden zur Regeneration, Verj\u00fcngung und Optimierung des K\u00f6rpers.<\/p>\n<p>Bei der Auswahl, Weiterentwicklung und Durchf\u00fchrung unserer Behandlungen nutzen wir fach\u00fcbergreifende medizinische Erkenntnisse aus allen Bereichen der internationalen Forschung und stellen h\u00f6chste Anforderungen in Punkto Wirksamkeit, Nat\u00fcrlichkeit und K\u00f6rperschonung. Neueste Forschungsergebnisse internationaler Spezialisten der medizinischen Wissenschaft sind Grundlage f\u00fcr unser Therapieangebot:<\/p>\n<ul>\n<li><a href=\"https:\/\/ddrheinrich.com\/de\/behandlungen\/regenerative-therapien\/stammzellen\/\">K\u00f6rpereigene Stammzellen<\/a><\/li>\n<li><a href=\"https:\/\/ddrheinrich.com\/de\/behandlungen\/brust\/\">K\u00f6rpereigenes Fett als nat\u00fcrlicher F\u00fcllstoff<\/a> statt k\u00fcnstliche Filler und Silikon<\/li>\n<li><a href=\"https:\/\/ddrheinrich.com\/de\/behandlungen\/regenerative-therapien\/bioidentische-hormone\/\">Bioidentische Hormone (BHRT)<\/a> und <a href=\"https:\/\/ddrheinrich.com\/de\/behandlungen\/gewichtsabnahme\/\">Gewichtsabnahme<\/a><\/li>\n<li><a href=\"https:\/\/ddrheinrich.com\/de\/behandlungen\/gesicht-haut-haar\/wachstumsfaktoren\/\">Wachstumsfaktoren<\/a> und <a href=\"https:\/\/ddrheinrich.com\/de\/behandlungen\/gesicht-haut-haar\/platelet-rich-plasma\/\">Platelet-Rich Plasma<\/a> aus Eigenblut<\/li>\n<li><a href=\"https:\/\/ddrheinrich.com\/de\/behandlungen\/\">Minimalinvasive Eingriffe und Behandlungen unter \u00f6rtlicher Bet\u00e4ubung<\/a> statt herk\u00f6mmlicher, invasiver Operationstechniken mit Skalpell und Vollnarkose<\/li>\n<\/ul>\n<h2>Interdisziplin\u00e4re Aus- und Weiterbildung<\/h2>\n<div class=\"alignright ausstellen overlap quote\">\n<blockquote><p>Gerade in der Regenerations- und Verj\u00fcngungsmedizin ist der medizinische Fortschritt besonders rasant. Der Anspruch, den mein Team und ich an uns stellen, ist, Ihnen die bestm\u00f6gliche Betreuung und Qualit\u00e4t zu bieten.<\/p>\n<footer><cite>DDr.&nbsp;Karl-Georg Heinrich<\/cite><\/footer>\n<\/blockquote>\n<\/div>\n<p>Die moderne Regenerations- und Verj\u00fcngungsmedizin nutzt Erkenntnisse unterschiedlicher medizinischer Fachbereiche, wie z.B. Chirurgie, Zellbiologie, Endokrinologie und erfordert daher interdisziplin\u00e4re Behandlungsans\u00e4tze, weil Techniken aus vielen Bereichen der Medizin und Chirurgie zur Anwendung kommen.<\/p>\n<p>DDr.&nbsp;Heinrich hat sich aus diesem Grund f\u00fcr die fach\u00fcbergreifende Ausbildung zum (Fach)Arzt f\u00fcr Allgemeinmedizin<sup>*<\/sup> entschieden. Als einer der ersten europ\u00e4ischen \u00c4rzte hat er au\u00dferdem die Board Certification (Facharztpr\u00fcfung<sup>**<\/sup>) nach den strengen Bedingungen des American Board of Cosmetic Surgery absolviert und ist in der Kategorie <em>Dermatologic Aesthetic Surgery<\/em> zertifizierter Arzt.<\/p>\n<p>Besonders wichtig ist DDr.&nbsp;Heinrich der internationale fachliche Austausch. Aufgrund regelm\u00e4\u00dfiger Teilnahme an internationalen Fachkongressen und Vortragst\u00e4tigkeit vor Fachpublikum ist DDr.&nbsp;Heinrich in ein weltweites \u00c4rztenetzwerk eingebunden, das sich mit therapeutischen Neuentwicklungen in der regenerativen und \u00e4sthetischen Medizin besch\u00e4ftigt. Seine wissenschaftliche Arbeit und seine langj\u00e4hrige Fokussierung auf K\u00f6rperfett und dessen therapeutisches Potential erm\u00f6glichten die Entwicklungen diverser Patente, wie etwa spezielle Mikrokan\u00fclen zur Fettabsaugung.<\/p>\n<p><sup>*<\/sup> In \u00d6sterreich: Arzt f\u00fcr Allgemeinmedizin<br \/>\n<sup>**<\/sup> In \u00d6sterreich besteht keine vergleichbare Ausbildung<\/p>\n","protected":false},"excerpt":{"rendered":"<p>In unserer Ordination DDr.&nbsp;Heinrich bieten wir Ihnen Cutting-Edge-Behandlungsmethoden zur Regeneration, Verj\u00fcngung und Optimierung des K\u00f6rpers. Bei der Auswahl, Weiterentwicklung und Durchf\u00fchrung unserer Behandlungen nutzen wir fach\u00fcbergreifende medizinische Erkenntnisse aus allen Bereichen der internationalen Forschung und stellen h\u00f6chste Anforderungen in Punkto Wirksamkeit, Nat\u00fcrlichkeit und K\u00f6rperschonung. Neueste Forschungsergebnisse internationaler Spezialisten der medizinischen Wissenschaft sind Grundlage f\u00fcr unser [&hellip;]<\/p>\n","protected":false},"author":6,"featured_media":0,"parent":10651,"menu_order":1,"comment_status":"closed","ping_status":"closed","template":"","meta":{"footnotes":""},"class_list":["post-12571","page","type-page","status-publish","hentry"],"_links":{"self":[{"href":"https:\/\/ddrheinrich.com\/de\/wp-json\/wp\/v2\/pages\/12571","targetHints":{"allow":["GET"]}}],"collection":[{"href":"https:\/\/ddrheinrich.com\/de\/wp-json\/wp\/v2\/pages"}],"about":[{"href":"https:\/\/ddrheinrich.com\/de\/wp-json\/wp\/v2\/types\/page"}],"author":[{"embeddable":true,"href":"https:\/\/ddrheinrich.com\/de\/wp-json\/wp\/v2\/users\/6"}],"replies":[{"embeddable":true,"href":"https:\/\/ddrheinrich.com\/de\/wp-json\/wp\/v2\/comments?post=12571"}],"version-history":[{"count":9,"href":"https:\/\/ddrheinrich.com\/de\/wp-json\/wp\/v2\/pages\/12571\/revisions"}],"predecessor-version":[{"id":13308,"href":"https:\/\/ddrheinrich.com\/de\/wp-json\/wp\/v2\/pages\/12571\/revisions\/13308"}],"up":[{"embeddable":true,"href":"https:\/\/ddrheinrich.com\/de\/wp-json\/wp\/v2\/pages\/10651"}],"wp:attachment":[{"href":"https:\/\/ddrheinrich.com\/de\/wp-json\/wp\/v2\/media?parent=12571"}],"curies":[{"name":"wp","href":"https:\/\/api.w.org\/{rel}","templated":true}]}}