{"id":11715,"date":"2016-07-21T13:25:50","date_gmt":"2016-07-21T11:25:50","guid":{"rendered":"http:\/\/instantchi.com\/de\/?page_id=11715"},"modified":"2017-12-09T17:32:32","modified_gmt":"2017-12-09T16:32:32","slug":"mann","status":"publish","type":"page","link":"https:\/\/ddrheinrich.com\/de\/behandlungen\/fettabsaugung\/mann\/","title":{"rendered":"M\u00e4nner"},"content":{"rendered":"<p><img loading=\"lazy\" decoding=\"async\" class=\"alignright ausstellen dropshadow size-full wp-image-11903\" src=\"https:\/\/ddrheinrich.com\/de\/wp-content\/uploads\/sites\/2\/fettabsaugung-mann.jpg\" alt=\"\" width=\"275\" height=\"184\" srcset=\"https:\/\/ddrheinrich.com\/de\/wp-content\/uploads\/sites\/2\/fettabsaugung-mann.jpg 275w, https:\/\/ddrheinrich.com\/de\/wp-content\/uploads\/sites\/2\/fettabsaugung-mann-200x134.jpg 200w\" sizes=\"auto, (max-width: 275px) 100vw, 275px\" \/>M\u00e4nner k\u00f6nnen genauso wie Frauen eine Fettabsaugung zur Entfernung unerw\u00fcnschter Fettdepots in Anspruch nehmen.<\/p>\n<p>Mit Fettabsaugung k\u00f6nnen unerw\u00fcnschte Fettdepots an fast allen K\u00f6rperregionen entfernt werden. Am h\u00e4ufigsten werden bei M\u00e4nnern Fettabsaugungen an Bauch, H\u00fcften, Taille, Brust, Gesicht und am Kinn durchgef\u00fchrt.<\/p>\n<h2>Immer mehr M\u00e4nner trauen sich<\/h2>\n<p>Typische Problemzonen von M\u00e4nnern sind der Bauch (\u201eM\u00e4nnerbauch\u201c) und der ber\u00fcchtigte \u201eSchwimmreifen\u201c rund um die H\u00fcften und Taille. Fettp\u00f6lster an diesen Regionen sind oft sehr hartn\u00e4ckig und trotzen meist auch gezieltem Muskeltraining. Ein Doppelkinn kann mit Fettabsaugung ebenfalls erfolgreich behandelt werden.<\/p>\n<p>Gar nicht so selten leiden M\u00e4nner unter weiblich anmutenden Fettdepots an der Brust. Diese vermehrte Fetteinlagerung an der Brust nennt man Pseudogyn\u00e4komastie, auch an sich schlanke M\u00e4nner k\u00f6nnen von dieser genetisch bedingten Besonderheit betroffen sein. Vor allem M\u00e4nner j\u00fcngeren Alters empfinden diese feminin wirkende Brustform oft als sehr belastend.<\/p>\n<div class=\"ausstellen alignright overlap quote\">\n<blockquote><p>Mit dem OP-Ergebnis bin ich sehr zufrieden \u2013 eine komplett neue K\u00f6rperform, wie ich sie noch nie hatte! Meine Erwartungen sind \u00fcbertroffen und dieses Ergebnis h\u00e4tte ich weder mit Di\u00e4t noch mit Sport erzielen k\u00f6nnen!<\/p>\n<footer><cite>Herr Dr. K.<\/cite><\/footer>\n<\/blockquote>\n<\/div>\n<p>Eine Fettabsaugung kann helfen, die unerw\u00fcnschten Fettdepots zu beseitigen und die K\u00f6rperform zu optimieren. Wir bieten eine besonders k\u00f6rperschonende Methode der Fettabsaugungen an, die sogenannte Liposkulptur. Das besondere an dieser speziellen Fettabsaugungsmethode ist, dass ausschlie\u00dflich in Handarbeit abgesaugt wird und keine Saugmaschinen eingesetzt werden. Wir verzichten \u00fcbrigens ausnahmslos auf die Verwendung des Skalpells, um unsch\u00f6ne Narbenbildung zu vermeiden.<\/p>\n<p>Der Eingriff erfolgt ambulant unter \u00f6rtlicher Bet\u00e4ubung und dauert je nach Umfang der abzusaugenden K\u00f6rperregionen ca. 1 bis 3 Stunden. Entweder arbeiten wir mit d\u00fcnnen Mikrokan\u00fclen mit einem Durchmesser von 1,0 bis 2,5 Millimetern oder mit Standardkan\u00fclen mit einem Durchmesser ab 3,0 Millimetern.<br \/>\n\n<div class=\"ngg-galleryoverview\" id=\"ngg-gallery-38-11715\">\n\n\n\t\n\t<!-- Thumbnails -->\n\t\t\n\t<div id=\"ngg-image-682\" class=\"ngg-gallery-thumbnail-box\"  >\n\t\t<div class=\"ngg-gallery-thumbnail\" >\n\t\t\t<a href=\"https:\/\/ddrheinrich.com\/de\/wp-content\/uploads\/sites\/2\/galleries\/fettabsaugung-mann\/ddrheinrich-fettabsaugung-20.jpg\" title=\"&lt;strong&gt;Fettabsaugung mit Mikrokan\u00fclen an Brust, Bauch und H\u00fcften.&lt;\/strong&gt; Links: Vorher. Rechts: Nachher.\" class=\"shutterset_set_38\" >\n\t\t\t\t\t\t\t\t<img decoding=\"async\" loading=\"lazy\" title=\"Fettabsaugung mit Mikrokan\u00fclen an Brust, Bauch und H\u00fcften\" alt=\"Fettabsaugung mit Mikrokan\u00fclen an Brust, Bauch und H\u00fcften\" src=\"https:\/\/ddrheinrich.com\/de\/wp-content\/uploads\/sites\/2\/galleries\/fettabsaugung-mann\/thumbs\/thumbs_ddrheinrich-fettabsaugung-20.jpg\" width=\"250\" height=\"366\" \/>\n\t\t\t\t\t\t\t<\/a>\n\t\t<\/div>\n\t<\/div>\n\t\n\t\t\n \t\t\n\t<div id=\"ngg-image-683\" class=\"ngg-gallery-thumbnail-box\"  >\n\t\t<div class=\"ngg-gallery-thumbnail\" >\n\t\t\t<a href=\"https:\/\/ddrheinrich.com\/de\/wp-content\/uploads\/sites\/2\/galleries\/fettabsaugung-mann\/ddrheinrich-fettabsaugung-32.jpg\" title=\"&lt;strong&gt;Fettabsaugung mit Mikrokan\u00fclen an der Brust.&lt;\/strong&gt; Links: Vorher. Rechts: Nachher.\" class=\"shutterset_set_38\" >\n\t\t\t\t\t\t\t\t<img decoding=\"async\" loading=\"lazy\" title=\"Fettabsaugung mit Mikrokan\u00fclen an der Brust\" alt=\"Fettabsaugung mit Mikrokan\u00fclen an der Brust\" src=\"https:\/\/ddrheinrich.com\/de\/wp-content\/uploads\/sites\/2\/galleries\/fettabsaugung-mann\/thumbs\/thumbs_ddrheinrich-fettabsaugung-32.jpg\" width=\"250\" height=\"257\" \/>\n\t\t\t\t\t\t\t<\/a>\n\t\t<\/div>\n\t<\/div>\n\t\n\t\t\n \t \t\n\t<!-- Pagination -->\n \t<div class='ngg-clear'><\/div>\n \t\n<\/div>\n\n<\/p>\n<p class=\"remark\">S\u00e4mtliche Nachher-Fotos geben das tats\u00e4chlich erzielte Behandlungsergebnis wieder. Zum Schutz der Anonymit\u00e4t der dargestellten Personen k\u00f6nnen individuelle physische Besonderheiten (z.B. Muttermale, Tattoos) entfernt worden sein.<\/p>\n<p>Bei generellem \u00dcbergewicht kann eine Fettabsaugung an besonders ausgepr\u00e4gten Problemzonen zus\u00e4tzlich zur <a href=\"https:\/\/ddrheinrich.com\/de\/behandlungen\/gewichtsabnahme\/\">\u00e4rztlich unterst\u00fctzten Gewichtabnahme<\/a> sinnvoll sein. Der Vorteil der Kombination einer Gewichtabnahmetherapie mit einer Fettabsaugung ist, dass durch die Fettabsaugung die R\u00fcckbildung der \u00fcberdehnten Haut gef\u00f6rdert wird. So l\u00e4sst sich das Risiko verringern, dass nach einer umfangreicheren Gewichtabnahme unsch\u00f6ne Hauttaschen entstehen, die gro\u00dffl\u00e4chige Straffungsoperationen erforderlich machen.<\/p>\n<h2>Die Zeit nach der Fettabsaugung<\/h2>\n<p>Bei unserer schonenden Methode der Fettabsaugung ist die Nachsorge sehr einfach: Sie m\u00fcssen \u00fcber Nacht einen Verband tragen und danach 1 bis 2 Wochen Kompressionsw\u00e4sche (je nach dem an welchen K\u00f6rperregionen abgesaugt wurde). Wenn am Bauch Fett abgesaugt wurde, ist zus\u00e4tzlich ca. 2 Wochen ein Bauchgurt zu verwenden.<\/p>\n<p>Arbeitsf\u00e4hig sind Sie nach einer Fettabsaugung normalerweise bereits am Tag nach dem Eingriff. Kompressionsw\u00e4sche und Bauchgurt lassen sich gut unter der normalen Alltags- bzw. Berufskleidung tragen, bei fast allen Berufen entstehen daher nach einer Fettabsaugung nur sehr kurze Ausfallszeiten.<\/p>\n<p>Wenn die Fettabsaugung mit d\u00fcnnen Mikrokan\u00fclen durchgef\u00fchrt wird, k\u00f6nnen Sie bei optimalem Heilungsverlauf nach ca. 2 bis 3 Wochen wieder normal Sport machen. Bei einer Fettabsaugung mit Standardkan\u00fclen verl\u00e4ngert sich der Genesungsprozess.<\/p>\n<p>Sie werden von uns im Rahmen der Nachsorge f\u00fcrsorglich betreut, regelm\u00e4\u00dfige Kontrollen werden individuell vereinbart. Nach dem Eingriff sind wir rund um die Uhr f\u00fcr Sie erreichbar und begleiten Sie w\u00e4hrend des gesamten Heilungsverlaufs.<\/p>\n","protected":false},"excerpt":{"rendered":"<p>M\u00e4nner k\u00f6nnen genauso wie Frauen eine Fettabsaugung zur Entfernung unerw\u00fcnschter Fettdepots in Anspruch nehmen. Mit Fettabsaugung k\u00f6nnen unerw\u00fcnschte Fettdepots an fast allen K\u00f6rperregionen entfernt werden. Am h\u00e4ufigsten werden bei M\u00e4nnern Fettabsaugungen an Bauch, H\u00fcften, Taille, Brust, Gesicht und am Kinn durchgef\u00fchrt. Immer mehr M\u00e4nner trauen sich Typische Problemzonen von M\u00e4nnern sind der Bauch (\u201eM\u00e4nnerbauch\u201c) und [&hellip;]<\/p>\n","protected":false},"author":6,"featured_media":0,"parent":14,"menu_order":5,"comment_status":"closed","ping_status":"closed","template":"page-detail.php","meta":{"footnotes":""},"class_list":["post-11715","page","type-page","status-publish","hentry"],"_links":{"self":[{"href":"https:\/\/ddrheinrich.com\/de\/wp-json\/wp\/v2\/pages\/11715","targetHints":{"allow":["GET"]}}],"collection":[{"href":"https:\/\/ddrheinrich.com\/de\/wp-json\/wp\/v2\/pages"}],"about":[{"href":"https:\/\/ddrheinrich.com\/de\/wp-json\/wp\/v2\/types\/page"}],"author":[{"embeddable":true,"href":"https:\/\/ddrheinrich.com\/de\/wp-json\/wp\/v2\/users\/6"}],"replies":[{"embeddable":true,"href":"https:\/\/ddrheinrich.com\/de\/wp-json\/wp\/v2\/comments?post=11715"}],"version-history":[{"count":8,"href":"https:\/\/ddrheinrich.com\/de\/wp-json\/wp\/v2\/pages\/11715\/revisions"}],"predecessor-version":[{"id":12163,"href":"https:\/\/ddrheinrich.com\/de\/wp-json\/wp\/v2\/pages\/11715\/revisions\/12163"}],"up":[{"embeddable":true,"href":"https:\/\/ddrheinrich.com\/de\/wp-json\/wp\/v2\/pages\/14"}],"wp:attachment":[{"href":"https:\/\/ddrheinrich.com\/de\/wp-json\/wp\/v2\/media?parent=11715"}],"curies":[{"name":"wp","href":"https:\/\/api.w.org\/{rel}","templated":true}]}}