{"id":11712,"date":"2016-07-21T13:13:42","date_gmt":"2016-07-21T11:13:42","guid":{"rendered":"http:\/\/instantchi.com\/de\/?page_id=11712"},"modified":"2017-12-09T17:32:01","modified_gmt":"2017-12-09T16:32:01","slug":"bauch","status":"publish","type":"page","link":"https:\/\/ddrheinrich.com\/de\/behandlungen\/fettabsaugung\/bauch\/","title":{"rendered":"Bauch"},"content":{"rendered":"<p><img loading=\"lazy\" decoding=\"async\" class=\"alignright ausstellen dropshadow portrait size-full wp-image-11898\" src=\"https:\/\/ddrheinrich.com\/de\/wp-content\/uploads\/sites\/2\/fettabsaugung-bauch.jpg\" alt=\"\" width=\"275\" height=\"403\" srcset=\"https:\/\/ddrheinrich.com\/de\/wp-content\/uploads\/sites\/2\/fettabsaugung-bauch.jpg 275w, https:\/\/ddrheinrich.com\/de\/wp-content\/uploads\/sites\/2\/fettabsaugung-bauch-136x200.jpg 136w, https:\/\/ddrheinrich.com\/de\/wp-content\/uploads\/sites\/2\/fettabsaugung-bauch-218x320.jpg 218w\" sizes=\"auto, (max-width: 275px) 100vw, 275px\" \/>Unliebsame Fettdepots am Bauch (Oberbauch, Unterbauch) treten bei Frauen und M\u00e4nnern gleicherma\u00dfen auf. Der ber\u00fcchtigte \u201eBauchspeck\u201c ist hartn\u00e4ckig und trotzt oft sogar gezieltem Muskeltraining. Di\u00e4ten helfen leider auch nicht immer, weil Sie dann zwar insgesamt ein paar Kilogramm abnehmen, aber eben nicht speziell am Bauch.<\/p>\n<p>Bauchfett ist nicht nur aus optischen Gr\u00fcnden unerw\u00fcnscht. Zu viel davon birgt auch gesundheitliche Gefahren, weil sich das Risiko f\u00fcr Herz-Kreislauf-Erkrankungen erh\u00f6ht. Daher kann bei ausgepr\u00e4gtem \u00dcbergewicht die Kombination einer <a href=\"https:\/\/ddrheinrich.com\/de\/behandlungen\/gewichtsabnahme\/\">umfassenden Gewichtabnahme<\/a> mit einer gezielten Fettabsaugung am Bauch sinnvoll sein.<\/p>\n<h2>Bauchspeck ade<\/h2>\n<p>Unerw\u00fcnschtes Bauchfett kann mit Fettabsaugung entfernt werden.<\/p>\n<p>Die Fettabsaugung wird ambulant unter \u00f6rtlicher Bet\u00e4ubung durchgef\u00fchrt und dauert je nach Umfang der abzusaugenden K\u00f6rperregion ca. 1 bis 3 Stunden. Bei der Liposkulptur, das ist eine besonders gewebeschonende Methode der Fettabsaugung, wird Ihr Bauch ausschlie\u00dflich in pr\u00e4ziser Handarbeit abgesaugt. Eines der Qualit\u00e4tskennzeichen dieser Methode ist, dass auf den Einsatz von Saugmaschinen und Skalpellen verzichtet wird.<\/p>\n<p>Wahlweise arbeiten wir mit d\u00fcnnen Mikrokan\u00fclen mit einem Durchmesser von 1,0 bis 2,5 Millimetern oder mit Standardkan\u00fclen mit einem Durchmesser ab 3,0 Millimetern.<\/p>\n\n<div class=\"ngg-galleryoverview\" id=\"ngg-gallery-36-11712\">\n\n\n\t\n\t<!-- Thumbnails -->\n\t\t\n\t<div id=\"ngg-image-691\" class=\"ngg-gallery-thumbnail-box\"  >\n\t\t<div class=\"ngg-gallery-thumbnail\" >\n\t\t\t<a href=\"https:\/\/ddrheinrich.com\/de\/wp-content\/uploads\/sites\/2\/galleries\/fettabsaugung-bauch\/ddrheinrich-fettabsaugung-33.jpg\" title=\"&lt;strong&gt;Fettabsaugung mit Mikrokan\u00fclen an Bauch, H\u00fcften, Ges\u00e4\u00df und Au\u00dfenschenkeln.&lt;\/strong&gt; Links: Vorher. Rechts: Nachher.\" class=\"shutterset_set_36\" >\n\t\t\t\t\t\t\t\t<img decoding=\"async\" loading=\"lazy\" title=\"Fettabsaugung mit Mikrokan\u00fclen an Bauch, H\u00fcften, Ges\u00e4\u00df und Au\u00dfenschenkeln\" alt=\"Fettabsaugung mit Mikrokan\u00fclen an Bauch, H\u00fcften, Ges\u00e4\u00df und Au\u00dfenschenkeln\" src=\"https:\/\/ddrheinrich.com\/de\/wp-content\/uploads\/sites\/2\/galleries\/fettabsaugung-bauch\/thumbs\/thumbs_ddrheinrich-fettabsaugung-33.jpg\" width=\"250\" height=\"160\" \/>\n\t\t\t\t\t\t\t<\/a>\n\t\t<\/div>\n\t<\/div>\n\t\n\t\t\n \t\t\n\t<div id=\"ngg-image-679\" class=\"ngg-gallery-thumbnail-box\"  >\n\t\t<div class=\"ngg-gallery-thumbnail\" >\n\t\t\t<a href=\"https:\/\/ddrheinrich.com\/de\/wp-content\/uploads\/sites\/2\/galleries\/fettabsaugung-bauch\/ddrheinrich-fettabsaugung-25.jpg\" title=\"&lt;strong&gt;Fettabsaugung mit Mikrokan\u00fclen an Oberbauch, Unterbauch, R\u00fccken, H\u00fcften, Ges\u00e4\u00df und Au\u00dfenschenkeln.&lt;\/strong&gt; Links: Vorher. Rechts: Nachher.\" class=\"shutterset_set_36\" >\n\t\t\t\t\t\t\t\t<img decoding=\"async\" loading=\"lazy\" title=\"Fettabsaugung mit Mikrokan\u00fclen an Oberbauch, Unterbauch, R\u00fccken, H\u00fcften, Ges\u00e4\u00df und Au\u00dfenschenkeln\" alt=\"Fettabsaugung mit Mikrokan\u00fclen an Oberbauch, Unterbauch, R\u00fccken, H\u00fcften, Ges\u00e4\u00df und Au\u00dfenschenkeln\" src=\"https:\/\/ddrheinrich.com\/de\/wp-content\/uploads\/sites\/2\/galleries\/fettabsaugung-bauch\/thumbs\/thumbs_ddrheinrich-fettabsaugung-25.jpg\" width=\"250\" height=\"188\" \/>\n\t\t\t\t\t\t\t<\/a>\n\t\t<\/div>\n\t<\/div>\n\t\n\t\t\n \t\t\n\t<div id=\"ngg-image-678\" class=\"ngg-gallery-thumbnail-box\" style=\"display: none;\" >\n\t\t<div class=\"ngg-gallery-thumbnail\" >\n\t\t\t<a href=\"https:\/\/ddrheinrich.com\/de\/wp-content\/uploads\/sites\/2\/galleries\/fettabsaugung-bauch\/ddrheinrich-fettabsaugung-23.jpg\" title=\"&lt;strong&gt;Fettabsaugung mit Mikrokan\u00fclen an Oberbauch, Unterbauch und H\u00fcften.&lt;\/strong&gt; Links: Vorher. Rechts: Nachher.\" class=\"shutterset_set_36\" >\n\t\t\t\t\t\t\t<\/a>\n\t\t<\/div>\n\t<\/div>\n\t\n\t\t\n\t<div id=\"ngg-image-677\" class=\"ngg-gallery-thumbnail-box\" style=\"display: none;\" >\n\t\t<div class=\"ngg-gallery-thumbnail\" >\n\t\t\t<a href=\"https:\/\/ddrheinrich.com\/de\/wp-content\/uploads\/sites\/2\/galleries\/fettabsaugung-bauch\/ddrheinrich-fettabsaugung-22.jpg\" title=\"&lt;strong&gt;Fettabsaugung mit Mikrokan\u00fclen an Unterbauch und H\u00fcften.&lt;\/strong&gt; Links: Vorher. Rechts: Nachher.\" class=\"shutterset_set_36\" >\n\t\t\t\t\t\t\t<\/a>\n\t\t<\/div>\n\t<\/div>\n\t\n\t\t\n\t<div id=\"ngg-image-676\" class=\"ngg-gallery-thumbnail-box\" style=\"display: none;\" >\n\t\t<div class=\"ngg-gallery-thumbnail\" >\n\t\t\t<a href=\"https:\/\/ddrheinrich.com\/de\/wp-content\/uploads\/sites\/2\/galleries\/fettabsaugung-bauch\/ddrheinrich-fettabsaugung-21.jpg\" title=\"&lt;strong&gt;Fettabsaugung mit Mikrokan\u00fclen an Taille, Oberbauch, Unterbauch und H\u00fcften.&lt;\/strong&gt; Links: Vorher. Rechts: Nachher.\" class=\"shutterset_set_36\" >\n\t\t\t\t\t\t\t<\/a>\n\t\t<\/div>\n\t<\/div>\n\t\n\t\t\n\t<div id=\"ngg-image-675\" class=\"ngg-gallery-thumbnail-box\" style=\"display: none;\" >\n\t\t<div class=\"ngg-gallery-thumbnail\" >\n\t\t\t<a href=\"https:\/\/ddrheinrich.com\/de\/wp-content\/uploads\/sites\/2\/galleries\/fettabsaugung-bauch\/ddrheinrich-fettabsaugung-20.jpg\" title=\"&lt;strong&gt;Fettabsaugung mit Mikrokan\u00fclen an Brust, Bauch und H\u00fcften.&lt;\/strong&gt; Links: Vorher. Rechts: Nachher.\" class=\"shutterset_set_36\" >\n\t\t\t\t\t\t\t<\/a>\n\t\t<\/div>\n\t<\/div>\n\t\n\t\t\n\t<div id=\"ngg-image-674\" class=\"ngg-gallery-thumbnail-box\" style=\"display: none;\" >\n\t\t<div class=\"ngg-gallery-thumbnail\" >\n\t\t\t<a href=\"https:\/\/ddrheinrich.com\/de\/wp-content\/uploads\/sites\/2\/galleries\/fettabsaugung-bauch\/ddrheinrich-fettabsaugung-18.jpg\" title=\"&lt;strong&gt;Fettabsaugung mit Mikrokan\u00fclen an Oberbauch, Unterbauch, H\u00fcften, Ges\u00e4\u00df, Au\u00dfenschenkeln und Dellenkorrektur.&lt;\/strong&gt; Links: Vorher. Rechts: Nachher.\" class=\"shutterset_set_36\" >\n\t\t\t\t\t\t\t<\/a>\n\t\t<\/div>\n\t<\/div>\n\t\n\t\t\n\t<div id=\"ngg-image-673\" class=\"ngg-gallery-thumbnail-box\" style=\"display: none;\" >\n\t\t<div class=\"ngg-gallery-thumbnail\" >\n\t\t\t<a href=\"https:\/\/ddrheinrich.com\/de\/wp-content\/uploads\/sites\/2\/galleries\/fettabsaugung-bauch\/ddrheinrich-fettabsaugung-12.jpg\" title=\"&lt;strong&gt;Fettabsaugung mit Mikrokan\u00fclen an Bauch, H\u00fcften und Au\u00dfenschenkeln.&lt;\/strong&gt; Links: Vorher. Rechts: Nachher.\" class=\"shutterset_set_36\" >\n\t\t\t\t\t\t\t<\/a>\n\t\t<\/div>\n\t<\/div>\n\t\n\t\t\n\t<div id=\"ngg-image-680\" class=\"ngg-gallery-thumbnail-box\" style=\"display: none;\" >\n\t\t<div class=\"ngg-gallery-thumbnail\" >\n\t\t\t<a href=\"https:\/\/ddrheinrich.com\/de\/wp-content\/uploads\/sites\/2\/galleries\/fettabsaugung-bauch\/ddrheinrich-fettabsaugung-8.jpg\" title=\"&lt;strong&gt;Fettabsaugung mit Mikrokan\u00fclen an Bauch, Ges\u00e4\u00df und Au\u00dfenschenkeln.&lt;\/strong&gt; Links: Vorher. Rechts: Nachher.\" class=\"shutterset_set_36\" >\n\t\t\t\t\t\t\t<\/a>\n\t\t<\/div>\n\t<\/div>\n\t\n\t\t\n\t<div id=\"ngg-image-672\" class=\"ngg-gallery-thumbnail-box\" style=\"display: none;\" >\n\t\t<div class=\"ngg-gallery-thumbnail\" >\n\t\t\t<a href=\"https:\/\/ddrheinrich.com\/de\/wp-content\/uploads\/sites\/2\/galleries\/fettabsaugung-bauch\/ddrheinrich-fettabsaugung-1.jpg\" title=\"&lt;strong&gt;Fettabsaugung mit Mikrokan\u00fclen an Oberbauch und Unterbauch.&lt;\/strong&gt; Links: Vorher. Rechts: Nachher.\" class=\"shutterset_set_36\" >\n\t\t\t\t\t\t\t<\/a>\n\t\t<\/div>\n\t<\/div>\n\t\n\t \t\n\t<!-- Pagination -->\n \t<div class='ngg-navigation'><span class=\"current\">1<\/span><a class=\"page-numbers\" href=\"https:\/\/ddrheinrich.com\/de\/behandlungen\/fettabsaugung\/bauch\/?nggpage=2\">2<\/a><a class=\"page-numbers\" href=\"https:\/\/ddrheinrich.com\/de\/behandlungen\/fettabsaugung\/bauch\/?nggpage=3\">3<\/a><a class=\"page-numbers\" href=\"https:\/\/ddrheinrich.com\/de\/behandlungen\/fettabsaugung\/bauch\/?nggpage=4\">4<\/a><a class=\"page-numbers\" href=\"https:\/\/ddrheinrich.com\/de\/behandlungen\/fettabsaugung\/bauch\/?nggpage=5\">5<\/a><a class=\"next\" id=\"ngg-next-2\" href=\"https:\/\/ddrheinrich.com\/de\/behandlungen\/fettabsaugung\/bauch\/?nggpage=2\">&#9658;<\/a><\/div> \t\n<\/div>\n\n\n<p class=\"remark\">S\u00e4mtliche Nachher-Fotos geben das tats\u00e4chlich erzielte Behandlungsergebnis wieder. Zum Schutz der Anonymit\u00e4t der dargestellten Personen k\u00f6nnen individuelle physische Besonderheiten (z.B. Muttermale, Tattoos) entfernt worden sein.<\/p>\n<h2>Die Zeit nach der Fettabsaugung<\/h2>\n<div class=\"ausstellen alignright overlap quote\">\n<blockquote><p>Ich bin rundum zufrieden. Alle waren herausragend freundlich, zuvorkommend und hilfsbereit!<\/p>\n<footer><cite>Frau Dr. K.<\/cite><\/footer>\n<\/blockquote>\n<\/div>\n<p>Unsere Methode der Fettabsaugung ist sehr schonend, deshalb ist der Nachsorgeaufwand gering: Sie m\u00fcssen nach einer Liposkulptur mit Mikrokan\u00fclen \u00fcber Nacht einen Verband tragen, danach ca. 2 Wochen ein Bauchmieder und zus\u00e4tzlich einen Bauchgurt. Wurden Standardkan\u00fclen verwendet, dauert der Heilungsverlauf l\u00e4nger und Sie ben\u00f6tigen das Bauchmieder und den Bauchgurt 4 bis 8 Wochen.<\/p>\n<p>Arbeitsf\u00e4hig sind Sie nach einer Fettabsaugung am Bauch normalerweise bereits am Tag nach dem Eingriff. Durch weite bequeme Kleidung lassen sich Bauchmieder und Bauchgurt gut kaschieren, bei fast allen Berufen entstehen daher nur sehr kurze Ausfallszeiten.<\/p>\n<p>Wenn die Fettabsaugung am Bauch mit Mikrokan\u00fclen durchgef\u00fchrt wird, k\u00f6nnen Sie bei optimalem Heilungsverlauf nach ca. 2 bis 3 Wochen wieder normal Sport treiben. Der Heilungsverlauf nach einer Absaugung mit Standardkan\u00fclen dauert erfahrungsgem\u00e4\u00df einige Wochen l\u00e4nger.<\/p>\n","protected":false},"excerpt":{"rendered":"<p>Unliebsame Fettdepots am Bauch (Oberbauch, Unterbauch) treten bei Frauen und M\u00e4nnern gleicherma\u00dfen auf. Der ber\u00fcchtigte \u201eBauchspeck\u201c ist hartn\u00e4ckig und trotzt oft sogar gezieltem Muskeltraining. Di\u00e4ten helfen leider auch nicht immer, weil Sie dann zwar insgesamt ein paar Kilogramm abnehmen, aber eben nicht speziell am Bauch. Bauchfett ist nicht nur aus optischen Gr\u00fcnden unerw\u00fcnscht. Zu viel [&hellip;]<\/p>\n","protected":false},"author":6,"featured_media":0,"parent":14,"menu_order":1,"comment_status":"closed","ping_status":"closed","template":"page-detail.php","meta":{"footnotes":""},"class_list":["post-11712","page","type-page","status-publish","hentry"],"_links":{"self":[{"href":"https:\/\/ddrheinrich.com\/de\/wp-json\/wp\/v2\/pages\/11712","targetHints":{"allow":["GET"]}}],"collection":[{"href":"https:\/\/ddrheinrich.com\/de\/wp-json\/wp\/v2\/pages"}],"about":[{"href":"https:\/\/ddrheinrich.com\/de\/wp-json\/wp\/v2\/types\/page"}],"author":[{"embeddable":true,"href":"https:\/\/ddrheinrich.com\/de\/wp-json\/wp\/v2\/users\/6"}],"replies":[{"embeddable":true,"href":"https:\/\/ddrheinrich.com\/de\/wp-json\/wp\/v2\/comments?post=11712"}],"version-history":[{"count":11,"href":"https:\/\/ddrheinrich.com\/de\/wp-json\/wp\/v2\/pages\/11712\/revisions"}],"predecessor-version":[{"id":12210,"href":"https:\/\/ddrheinrich.com\/de\/wp-json\/wp\/v2\/pages\/11712\/revisions\/12210"}],"up":[{"embeddable":true,"href":"https:\/\/ddrheinrich.com\/de\/wp-json\/wp\/v2\/pages\/14"}],"wp:attachment":[{"href":"https:\/\/ddrheinrich.com\/de\/wp-json\/wp\/v2\/media?parent=11712"}],"curies":[{"name":"wp","href":"https:\/\/api.w.org\/{rel}","templated":true}]}}