{"id":11709,"date":"2016-07-20T16:16:49","date_gmt":"2016-07-20T14:16:49","guid":{"rendered":"http:\/\/instantchi.com\/de\/?page_id=11709"},"modified":"2017-12-09T17:31:26","modified_gmt":"2017-12-09T16:31:26","slug":"hueften-po-beine","status":"publish","type":"page","link":"https:\/\/ddrheinrich.com\/de\/behandlungen\/fettabsaugung\/hueften-po-beine\/","title":{"rendered":"H\u00fcften, Po &#038; Beine"},"content":{"rendered":"<p><img loading=\"lazy\" decoding=\"async\" class=\"alignright ausstellen dropshadow portrait size-full wp-image-11874\" src=\"https:\/\/ddrheinrich.com\/de\/wp-content\/uploads\/sites\/2\/fettabsaugung-hueften-po-beine.jpg\" alt=\"\" width=\"275\" height=\"389\" srcset=\"https:\/\/ddrheinrich.com\/de\/wp-content\/uploads\/sites\/2\/fettabsaugung-hueften-po-beine.jpg 275w, https:\/\/ddrheinrich.com\/de\/wp-content\/uploads\/sites\/2\/fettabsaugung-hueften-po-beine-141x200.jpg 141w, https:\/\/ddrheinrich.com\/de\/wp-content\/uploads\/sites\/2\/fettabsaugung-hueften-po-beine-226x320.jpg 226w\" sizes=\"auto, (max-width: 275px) 100vw, 275px\" \/>Die sch\u00f6nen Rundungen an Po, H\u00fcften und Oberschenkeln sind sehr gef\u00e4llig und charakteristisch f\u00fcr eine weibliche Silhouette. Trotzdem f\u00fchlen sich viele Frauen von der Natur bei diesen Rundungen zu sehr beg\u00fcnstigt und wollen daher die stark ausgepr\u00e4gten Fettdepots an Po und Oberschenkeln loswerden.<\/p>\n<p>Gerade die ber\u00fcchtigten Reiterhosen sind oft genetisch bedingt und trotzen sowohl Sport als auch Di\u00e4ten. Viele Frauen empfinden ihre K\u00f6rperproportionen als besonders belastend, wenn sie einen schlanken Oberk\u00f6rper und eine schmale Taille haben. Dieser Unterschied macht es n\u00f6tig, gr\u00f6\u00dfere Kleidergr\u00f6\u00dfen f\u00fcr den Unterk\u00f6rper zu kaufen als f\u00fcr den Oberk\u00f6rper. Das Einkaufserlebnis wird jedes Mal zum Alptraum.<\/p>\n<h2>Wohlgeformte Rundungen<\/h2>\n<p>Mit Fettabsaugung k\u00f6nnen unerw\u00fcnschte Fettp\u00f6lster an H\u00fcften, Po und Oberschenkeln nachhaltig entfernt werden. Die K\u00f6rpersilhouette und die Proportionen werden harmonisch optimiert.<\/p>\n<p>Es gibt verschiedene Methoden, wie Fettabsaugungen durchgef\u00fchrt werden kann. Das Verfahren, das wir anbieten, hei\u00dft Liposkulptur und ist besonders k\u00f6rperschonend. Qualit\u00e4tskennzeichen ist, dass ausschlie\u00dflich in Handarbeit ohne Saugmaschinen und maschinelle Saugvorrichtungen abgesaugt wird.<\/p>\n<p>Der Eingriff wird ambulant unter \u00f6rtlicher Bet\u00e4ubung durchgef\u00fchrt und dauert je nach Umfang der abzusaugenden K\u00f6rperregionen ca. 1 bis 3 Stunden. Wahlweise erfolgt die Fettabsaugung mit d\u00fcnnen Mikrokan\u00fclen mit einem Durchmesser von 1,0 bis 2,5 Millimetern oder mit Standardkan\u00fclen mit einem Durchmesser ab 3,0 Millimetern.<\/p>\n\n<div class=\"ngg-galleryoverview\" id=\"ngg-gallery-27-11709\">\n\n\n\t\n\t<!-- Thumbnails -->\n\t\t\n\t<div id=\"ngg-image-690\" class=\"ngg-gallery-thumbnail-box\"  >\n\t\t<div class=\"ngg-gallery-thumbnail\" >\n\t\t\t<a href=\"https:\/\/ddrheinrich.com\/de\/wp-content\/uploads\/sites\/2\/galleries\/fettabsaugung-hueften-po-beine\/ddrheinrich-fettabsaugung-33.jpg\" title=\"&lt;strong&gt;Fettabsaugung mit Mikrokan\u00fclen an Bauch, H\u00fcften, Ges\u00e4\u00df und Au\u00dfenschenkeln.&lt;\/strong&gt; Links: Vorher. Rechts: Nachher.\" class=\"shutterset_set_27\" >\n\t\t\t\t\t\t\t\t<img decoding=\"async\" loading=\"lazy\" title=\"Fettabsaugung mit Mikrokan\u00fclen an Bauch, H\u00fcften, Ges\u00e4\u00df und Au\u00dfenschenkeln\" alt=\"Fettabsaugung mit Mikrokan\u00fclen an Bauch, H\u00fcften, Ges\u00e4\u00df und Au\u00dfenschenkeln\" src=\"https:\/\/ddrheinrich.com\/de\/wp-content\/uploads\/sites\/2\/galleries\/fettabsaugung-hueften-po-beine\/thumbs\/thumbs_ddrheinrich-fettabsaugung-33.jpg\" width=\"250\" height=\"160\" \/>\n\t\t\t\t\t\t\t<\/a>\n\t\t<\/div>\n\t<\/div>\n\t\n\t\t\n \t\t\n\t<div id=\"ngg-image-665\" class=\"ngg-gallery-thumbnail-box\"  >\n\t\t<div class=\"ngg-gallery-thumbnail\" >\n\t\t\t<a href=\"https:\/\/ddrheinrich.com\/de\/wp-content\/uploads\/sites\/2\/galleries\/fettabsaugung-hueften-po-beine\/ddrheinrich-fettabsaugung-30.jpg\" title=\"&lt;strong&gt;Fettabsaugung mit Mikrokan\u00fclen an H\u00fcften, Ges\u00e4\u00df, Au\u00dfenschenkeln, Innenschenkeln und Unterschenkeln.&lt;\/strong&gt; Links: Vorher. Rechts: Nachher.\" class=\"shutterset_set_27\" >\n\t\t\t\t\t\t\t\t<img decoding=\"async\" loading=\"lazy\" title=\"Fettabsaugung mit Mikrokan\u00fclen an H\u00fcften, Ges\u00e4\u00df, Au\u00dfenschenkeln, Innenschenkeln und Unterschenkeln\" alt=\"Fettabsaugung mit Mikrokan\u00fclen an H\u00fcften, Ges\u00e4\u00df, Au\u00dfenschenkeln, Innenschenkeln und Unterschenkeln\" src=\"https:\/\/ddrheinrich.com\/de\/wp-content\/uploads\/sites\/2\/galleries\/fettabsaugung-hueften-po-beine\/thumbs\/thumbs_ddrheinrich-fettabsaugung-30.jpg\" width=\"250\" height=\"174\" \/>\n\t\t\t\t\t\t\t<\/a>\n\t\t<\/div>\n\t<\/div>\n\t\n\t\t\n \t\t\n\t<div id=\"ngg-image-663\" class=\"ngg-gallery-thumbnail-box\" style=\"display: none;\" >\n\t\t<div class=\"ngg-gallery-thumbnail\" >\n\t\t\t<a href=\"https:\/\/ddrheinrich.com\/de\/wp-content\/uploads\/sites\/2\/galleries\/fettabsaugung-hueften-po-beine\/ddrheinrich-fettabsaugung-29.jpg\" title=\"&lt;strong&gt;Fettabsaugung mit Mikrokan\u00fclen an H\u00fcften, Ges\u00e4\u00df, Au\u00dfenschenkeln und Innenschenkeln.&lt;\/strong&gt; Links: Vorher. Rechts: Nachher.\" class=\"shutterset_set_27\" >\n\t\t\t\t\t\t\t<\/a>\n\t\t<\/div>\n\t<\/div>\n\t\n\t\t\n\t<div id=\"ngg-image-662\" class=\"ngg-gallery-thumbnail-box\" style=\"display: none;\" >\n\t\t<div class=\"ngg-gallery-thumbnail\" >\n\t\t\t<a href=\"https:\/\/ddrheinrich.com\/de\/wp-content\/uploads\/sites\/2\/galleries\/fettabsaugung-hueften-po-beine\/ddrheinrich-fettabsaugung-28.jpg\" title=\"&lt;strong&gt;Fettabsaugung mit Mikrokan\u00fclen an Ges\u00e4\u00df und Au\u00dfenschenkeln.&lt;\/strong&gt; Links: Vorher. Rechts: Nachher.\" class=\"shutterset_set_27\" >\n\t\t\t\t\t\t\t<\/a>\n\t\t<\/div>\n\t<\/div>\n\t\n\t\t\n\t<div id=\"ngg-image-661\" class=\"ngg-gallery-thumbnail-box\" style=\"display: none;\" >\n\t\t<div class=\"ngg-gallery-thumbnail\" >\n\t\t\t<a href=\"https:\/\/ddrheinrich.com\/de\/wp-content\/uploads\/sites\/2\/galleries\/fettabsaugung-hueften-po-beine\/ddrheinrich-fettabsaugung-27.jpg\" title=\"&lt;strong&gt;Fettabsaugung mit Mikrokan\u00fclen an H\u00fcften, Ges\u00e4\u00df, Au\u00dfenschenkeln und Innenschenkeln.&lt;\/strong&gt; Links: Vorher. Rechts: Nachher.\" class=\"shutterset_set_27\" >\n\t\t\t\t\t\t\t<\/a>\n\t\t<\/div>\n\t<\/div>\n\t\n\t\t\n\t<div id=\"ngg-image-660\" class=\"ngg-gallery-thumbnail-box\" style=\"display: none;\" >\n\t\t<div class=\"ngg-gallery-thumbnail\" >\n\t\t\t<a href=\"https:\/\/ddrheinrich.com\/de\/wp-content\/uploads\/sites\/2\/galleries\/fettabsaugung-hueften-po-beine\/ddrheinrich-fettabsaugung-26.jpg\" title=\"&lt;strong&gt;Fettabsaugung mit Mikrokan\u00fclen an Ges\u00e4\u00df, Au\u00dfenschenkeln und Innenschenkeln.&lt;\/strong&gt; Links: Vorher. Rechts: Nachher.\" class=\"shutterset_set_27\" >\n\t\t\t\t\t\t\t<\/a>\n\t\t<\/div>\n\t<\/div>\n\t\n\t\t\n\t<div id=\"ngg-image-659\" class=\"ngg-gallery-thumbnail-box\" style=\"display: none;\" >\n\t\t<div class=\"ngg-gallery-thumbnail\" >\n\t\t\t<a href=\"https:\/\/ddrheinrich.com\/de\/wp-content\/uploads\/sites\/2\/galleries\/fettabsaugung-hueften-po-beine\/ddrheinrich-fettabsaugung-25.jpg\" title=\"&lt;strong&gt;Fettabsaugung mit Mikrokan\u00fclen an Oberbauch, Unterbauch, R\u00fccken, H\u00fcften, Ges\u00e4\u00df und Au\u00dfenschenkeln.&lt;\/strong&gt; Links: Vorher. Rechts: Nachher.\" class=\"shutterset_set_27\" >\n\t\t\t\t\t\t\t<\/a>\n\t\t<\/div>\n\t<\/div>\n\t\n\t\t\n\t<div id=\"ngg-image-658\" class=\"ngg-gallery-thumbnail-box\" style=\"display: none;\" >\n\t\t<div class=\"ngg-gallery-thumbnail\" >\n\t\t\t<a href=\"https:\/\/ddrheinrich.com\/de\/wp-content\/uploads\/sites\/2\/galleries\/fettabsaugung-hueften-po-beine\/ddrheinrich-fettabsaugung-24.jpg\" title=\"&lt;strong&gt;Fettabsaugung mit Mikrokan\u00fclen an Taille, H\u00fcften, Ges\u00e4\u00df, Au\u00dfenschenkeln und Innenschenkeln.&lt;\/strong&gt; Links: Vorher. Rechts: Nachher.\" class=\"shutterset_set_27\" >\n\t\t\t\t\t\t\t<\/a>\n\t\t<\/div>\n\t<\/div>\n\t\n\t\t\n\t<div id=\"ngg-image-657\" class=\"ngg-gallery-thumbnail-box\" style=\"display: none;\" >\n\t\t<div class=\"ngg-gallery-thumbnail\" >\n\t\t\t<a href=\"https:\/\/ddrheinrich.com\/de\/wp-content\/uploads\/sites\/2\/galleries\/fettabsaugung-hueften-po-beine\/ddrheinrich-fettabsaugung-23.jpg\" title=\"&lt;strong&gt;Fettabsaugung mit Mikrokan\u00fclen an Oberbauch, Unterbauch und H\u00fcften.&lt;\/strong&gt; Links: Vorher. Rechts: Nachher.\" class=\"shutterset_set_27\" >\n\t\t\t\t\t\t\t<\/a>\n\t\t<\/div>\n\t<\/div>\n\t\n\t\t\n\t<div id=\"ngg-image-656\" class=\"ngg-gallery-thumbnail-box\" style=\"display: none;\" >\n\t\t<div class=\"ngg-gallery-thumbnail\" >\n\t\t\t<a href=\"https:\/\/ddrheinrich.com\/de\/wp-content\/uploads\/sites\/2\/galleries\/fettabsaugung-hueften-po-beine\/ddrheinrich-fettabsaugung-22.jpg\" title=\"&lt;strong&gt;Fettabsaugung mit Mikrokan\u00fclen an Unterbauch und H\u00fcften.&lt;\/strong&gt; Links: Vorher. Rechts: Nachher.\" class=\"shutterset_set_27\" >\n\t\t\t\t\t\t\t<\/a>\n\t\t<\/div>\n\t<\/div>\n\t\n\t\t\n\t<div id=\"ngg-image-655\" class=\"ngg-gallery-thumbnail-box\" style=\"display: none;\" >\n\t\t<div class=\"ngg-gallery-thumbnail\" >\n\t\t\t<a href=\"https:\/\/ddrheinrich.com\/de\/wp-content\/uploads\/sites\/2\/galleries\/fettabsaugung-hueften-po-beine\/ddrheinrich-fettabsaugung-21.jpg\" title=\"&lt;strong&gt;Fettabsaugung mit Mikrokan\u00fclen an Taille, Oberbauch, Unterbauch und H\u00fcften.&lt;\/strong&gt; Links: Vorher. Rechts: Nachher.\" class=\"shutterset_set_27\" >\n\t\t\t\t\t\t\t<\/a>\n\t\t<\/div>\n\t<\/div>\n\t\n\t\t\n\t<div id=\"ngg-image-654\" class=\"ngg-gallery-thumbnail-box\" style=\"display: none;\" >\n\t\t<div class=\"ngg-gallery-thumbnail\" >\n\t\t\t<a href=\"https:\/\/ddrheinrich.com\/de\/wp-content\/uploads\/sites\/2\/galleries\/fettabsaugung-hueften-po-beine\/ddrheinrich-fettabsaugung-20.jpg\" title=\"&lt;strong&gt;Fettabsaugung mit Mikrokan\u00fclen an Brust, Bauch und H\u00fcften.&lt;\/strong&gt; Links: Vorher. Rechts: Nachher.\" class=\"shutterset_set_27\" >\n\t\t\t\t\t\t\t<\/a>\n\t\t<\/div>\n\t<\/div>\n\t\n\t\t\n\t<div id=\"ngg-image-652\" class=\"ngg-gallery-thumbnail-box\" style=\"display: none;\" >\n\t\t<div class=\"ngg-gallery-thumbnail\" >\n\t\t\t<a href=\"https:\/\/ddrheinrich.com\/de\/wp-content\/uploads\/sites\/2\/galleries\/fettabsaugung-hueften-po-beine\/ddrheinrich-fettabsaugung-19.jpg\" title=\"&lt;strong&gt;Fettabsaugung mit Mikrokan\u00fclen an Ges\u00e4\u00df, Au\u00dfenschenkeln und Innenschenkeln.&lt;\/strong&gt; Links: Vorher. Rechts: Nachher.\" class=\"shutterset_set_27\" >\n\t\t\t\t\t\t\t<\/a>\n\t\t<\/div>\n\t<\/div>\n\t\n\t\t\n\t<div id=\"ngg-image-651\" class=\"ngg-gallery-thumbnail-box\" style=\"display: none;\" >\n\t\t<div class=\"ngg-gallery-thumbnail\" >\n\t\t\t<a href=\"https:\/\/ddrheinrich.com\/de\/wp-content\/uploads\/sites\/2\/galleries\/fettabsaugung-hueften-po-beine\/ddrheinrich-fettabsaugung-18.jpg\" title=\"&lt;strong&gt;Fettabsaugung mit Mikrokan\u00fclen an Oberbauch, Unterbauch, H\u00fcften, Ges\u00e4\u00df, Au\u00dfenschenkeln und Dellenkorrektur.&lt;\/strong&gt; Links: Vorher. Rechts: Nachher.\" class=\"shutterset_set_27\" >\n\t\t\t\t\t\t\t<\/a>\n\t\t<\/div>\n\t<\/div>\n\t\n\t\t\n\t<div id=\"ngg-image-650\" class=\"ngg-gallery-thumbnail-box\" style=\"display: none;\" >\n\t\t<div class=\"ngg-gallery-thumbnail\" >\n\t\t\t<a href=\"https:\/\/ddrheinrich.com\/de\/wp-content\/uploads\/sites\/2\/galleries\/fettabsaugung-hueften-po-beine\/ddrheinrich-fettabsaugung-17.jpg\" title=\"&lt;strong&gt;Fettabsaugung mit Mikrokan\u00fclen an Au\u00dfenschenkeln und Innenschenkeln (geringf\u00fcgig).&lt;\/strong&gt; Links: Vorher. Rechts: Nachher.\" class=\"shutterset_set_27\" >\n\t\t\t\t\t\t\t<\/a>\n\t\t<\/div>\n\t<\/div>\n\t\n\t\t\n\t<div id=\"ngg-image-649\" class=\"ngg-gallery-thumbnail-box\" style=\"display: none;\" >\n\t\t<div class=\"ngg-gallery-thumbnail\" >\n\t\t\t<a href=\"https:\/\/ddrheinrich.com\/de\/wp-content\/uploads\/sites\/2\/galleries\/fettabsaugung-hueften-po-beine\/ddrheinrich-fettabsaugung-16.jpg\" title=\"&lt;strong&gt;Fettabsaugung mit Mikrokan\u00fclen an den Au\u00dfenschenkeln.&lt;\/strong&gt; Links: Vorher. Rechts: Nachher.\" class=\"shutterset_set_27\" >\n\t\t\t\t\t\t\t<\/a>\n\t\t<\/div>\n\t<\/div>\n\t\n\t\t\n\t<div id=\"ngg-image-648\" class=\"ngg-gallery-thumbnail-box\" style=\"display: none;\" >\n\t\t<div class=\"ngg-gallery-thumbnail\" >\n\t\t\t<a href=\"https:\/\/ddrheinrich.com\/de\/wp-content\/uploads\/sites\/2\/galleries\/fettabsaugung-hueften-po-beine\/ddrheinrich-fettabsaugung-15.jpg\" title=\"&lt;strong&gt;Fettabsaugung mit Mikrokan\u00fclen an H\u00fcften, Ges\u00e4\u00df, Au\u00dfenschenkeln und Innenschenkeln.&lt;\/strong&gt; Links: Vorher. Rechts: Nachher.\" class=\"shutterset_set_27\" >\n\t\t\t\t\t\t\t<\/a>\n\t\t<\/div>\n\t<\/div>\n\t\n\t\t\n\t<div id=\"ngg-image-647\" class=\"ngg-gallery-thumbnail-box\" style=\"display: none;\" >\n\t\t<div class=\"ngg-gallery-thumbnail\" >\n\t\t\t<a href=\"https:\/\/ddrheinrich.com\/de\/wp-content\/uploads\/sites\/2\/galleries\/fettabsaugung-hueften-po-beine\/ddrheinrich-fettabsaugung-14.jpg\" title=\"&lt;strong&gt;Fettabsaugung mit Mikrokan\u00fclen an H\u00fcften, Ges\u00e4\u00df, Au\u00dfenschenkeln und Innenschenkeln.&lt;\/strong&gt; Links: Vorher. Rechts: Nachher.\" class=\"shutterset_set_27\" >\n\t\t\t\t\t\t\t<\/a>\n\t\t<\/div>\n\t<\/div>\n\t\n\t\t\n\t<div id=\"ngg-image-646\" class=\"ngg-gallery-thumbnail-box\" style=\"display: none;\" >\n\t\t<div class=\"ngg-gallery-thumbnail\" >\n\t\t\t<a href=\"https:\/\/ddrheinrich.com\/de\/wp-content\/uploads\/sites\/2\/galleries\/fettabsaugung-hueften-po-beine\/ddrheinrich-fettabsaugung-13.jpg\" title=\"&lt;strong&gt;Fettabsaugung mit Mikrokan\u00fclen an den Au\u00dfenschenkeln.&lt;\/strong&gt; Links: Vorher. Rechts: Nachher.\" class=\"shutterset_set_27\" >\n\t\t\t\t\t\t\t<\/a>\n\t\t<\/div>\n\t<\/div>\n\t\n\t\t\n\t<div id=\"ngg-image-645\" class=\"ngg-gallery-thumbnail-box\" style=\"display: none;\" >\n\t\t<div class=\"ngg-gallery-thumbnail\" >\n\t\t\t<a href=\"https:\/\/ddrheinrich.com\/de\/wp-content\/uploads\/sites\/2\/galleries\/fettabsaugung-hueften-po-beine\/ddrheinrich-fettabsaugung-12.jpg\" title=\"&lt;strong&gt;Fettabsaugung mit Mikrokan\u00fclen an Bauch, H\u00fcften und Au\u00dfenschenkeln.&lt;\/strong&gt; Links: Vorher. Rechts: Nachher.\" class=\"shutterset_set_27\" >\n\t\t\t\t\t\t\t<\/a>\n\t\t<\/div>\n\t<\/div>\n\t\n\t\t\n\t<div id=\"ngg-image-644\" class=\"ngg-gallery-thumbnail-box\" style=\"display: none;\" >\n\t\t<div class=\"ngg-gallery-thumbnail\" >\n\t\t\t<a href=\"https:\/\/ddrheinrich.com\/de\/wp-content\/uploads\/sites\/2\/galleries\/fettabsaugung-hueften-po-beine\/ddrheinrich-fettabsaugung-11.jpg\" title=\"&lt;strong&gt;Fettabsaugung mit Mikrokan\u00fclen an den Au\u00dfenschenkeln.&lt;\/strong&gt; Links: Vorher. Rechts: Nachher.\" class=\"shutterset_set_27\" >\n\t\t\t\t\t\t\t<\/a>\n\t\t<\/div>\n\t<\/div>\n\t\n\t\t\n\t<div id=\"ngg-image-643\" class=\"ngg-gallery-thumbnail-box\" style=\"display: none;\" >\n\t\t<div class=\"ngg-gallery-thumbnail\" >\n\t\t\t<a href=\"https:\/\/ddrheinrich.com\/de\/wp-content\/uploads\/sites\/2\/galleries\/fettabsaugung-hueften-po-beine\/ddrheinrich-fettabsaugung-10.jpg\" title=\"&lt;strong&gt;Fettabsaugung mit Mikrokan\u00fclen an Ges\u00e4\u00df und Au\u00dfenschenkeln.&lt;\/strong&gt; Links: Vorher. Rechts: Nachher.\" class=\"shutterset_set_27\" >\n\t\t\t\t\t\t\t<\/a>\n\t\t<\/div>\n\t<\/div>\n\t\n\t\t\n\t<div id=\"ngg-image-671\" class=\"ngg-gallery-thumbnail-box\" style=\"display: none;\" >\n\t\t<div class=\"ngg-gallery-thumbnail\" >\n\t\t\t<a href=\"https:\/\/ddrheinrich.com\/de\/wp-content\/uploads\/sites\/2\/galleries\/fettabsaugung-hueften-po-beine\/ddrheinrich-fettabsaugung-9.jpg\" title=\"&lt;strong&gt;Fettabsaugung mit Mikrokan\u00fclen an den Au\u00dfenschenkeln.&lt;\/strong&gt; Links: Vorher. Rechts: Nachher.\" class=\"shutterset_set_27\" >\n\t\t\t\t\t\t\t<\/a>\n\t\t<\/div>\n\t<\/div>\n\t\n\t\t\n\t<div id=\"ngg-image-670\" class=\"ngg-gallery-thumbnail-box\" style=\"display: none;\" >\n\t\t<div class=\"ngg-gallery-thumbnail\" >\n\t\t\t<a href=\"https:\/\/ddrheinrich.com\/de\/wp-content\/uploads\/sites\/2\/galleries\/fettabsaugung-hueften-po-beine\/ddrheinrich-fettabsaugung-8.jpg\" title=\"&lt;strong&gt;Fettabsaugung mit Mikrokan\u00fclen an Bauch, Ges\u00e4\u00df und Au\u00dfenschenkeln.&lt;\/strong&gt; Links: Vorher. Rechts: Nachher.\" class=\"shutterset_set_27\" >\n\t\t\t\t\t\t\t<\/a>\n\t\t<\/div>\n\t<\/div>\n\t\n\t\t\n\t<div id=\"ngg-image-669\" class=\"ngg-gallery-thumbnail-box\" style=\"display: none;\" >\n\t\t<div class=\"ngg-gallery-thumbnail\" >\n\t\t\t<a href=\"https:\/\/ddrheinrich.com\/de\/wp-content\/uploads\/sites\/2\/galleries\/fettabsaugung-hueften-po-beine\/ddrheinrich-fettabsaugung-7.jpg\" title=\"&lt;strong&gt;Fettabsaugung mit Mikrokan\u00fclen an den Au\u00dfenschenkeln.&lt;\/strong&gt; Links: Vorher. Rechts: Nachher.\" class=\"shutterset_set_27\" >\n\t\t\t\t\t\t\t<\/a>\n\t\t<\/div>\n\t<\/div>\n\t\n\t\t\n\t<div id=\"ngg-image-668\" class=\"ngg-gallery-thumbnail-box\" style=\"display: none;\" >\n\t\t<div class=\"ngg-gallery-thumbnail\" >\n\t\t\t<a href=\"https:\/\/ddrheinrich.com\/de\/wp-content\/uploads\/sites\/2\/galleries\/fettabsaugung-hueften-po-beine\/ddrheinrich-fettabsaugung-6.jpg\" title=\"&lt;strong&gt;Fettabsaugung mit Mikrokan\u00fclen an Ges\u00e4\u00df, Au\u00dfenschenkeln, Innenschenkeln und Knien.&lt;\/strong&gt; Links: Vorher. Rechts: Nachher.\" class=\"shutterset_set_27\" >\n\t\t\t\t\t\t\t<\/a>\n\t\t<\/div>\n\t<\/div>\n\t\n\t\t\n\t<div id=\"ngg-image-667\" class=\"ngg-gallery-thumbnail-box\" style=\"display: none;\" >\n\t\t<div class=\"ngg-gallery-thumbnail\" >\n\t\t\t<a href=\"https:\/\/ddrheinrich.com\/de\/wp-content\/uploads\/sites\/2\/galleries\/fettabsaugung-hueften-po-beine\/ddrheinrich-fettabsaugung-5.jpg\" title=\"&lt;strong&gt;Fettabsaugung mit Mikrokan\u00fclen an den Au\u00dfenschenkeln.&lt;\/strong&gt; Links: Vorher. Rechts: Nachher.\" class=\"shutterset_set_27\" >\n\t\t\t\t\t\t\t<\/a>\n\t\t<\/div>\n\t<\/div>\n\t\n\t\t\n\t<div id=\"ngg-image-666\" class=\"ngg-gallery-thumbnail-box\" style=\"display: none;\" >\n\t\t<div class=\"ngg-gallery-thumbnail\" >\n\t\t\t<a href=\"https:\/\/ddrheinrich.com\/de\/wp-content\/uploads\/sites\/2\/galleries\/fettabsaugung-hueften-po-beine\/ddrheinrich-fettabsaugung-4.jpg\" title=\"&lt;strong&gt;Fettabsaugung mit Mikrokan\u00fclen an den Au\u00dfenschenkeln.&lt;\/strong&gt; Links: Vorher. Rechts: Nachher.\" class=\"shutterset_set_27\" >\n\t\t\t\t\t\t\t<\/a>\n\t\t<\/div>\n\t<\/div>\n\t\n\t\t\n\t<div id=\"ngg-image-664\" class=\"ngg-gallery-thumbnail-box\" style=\"display: none;\" >\n\t\t<div class=\"ngg-gallery-thumbnail\" >\n\t\t\t<a href=\"https:\/\/ddrheinrich.com\/de\/wp-content\/uploads\/sites\/2\/galleries\/fettabsaugung-hueften-po-beine\/ddrheinrich-fettabsaugung-3.jpg\" title=\"&lt;strong&gt;Fettabsaugung mit Mikrokan\u00fclen an Au\u00dfenschenkeln, Innenschenkeln und Knien.&lt;\/strong&gt; Links: Vorher. Rechts: Nachher.\" class=\"shutterset_set_27\" >\n\t\t\t\t\t\t\t<\/a>\n\t\t<\/div>\n\t<\/div>\n\t\n\t\t\n\t<div id=\"ngg-image-653\" class=\"ngg-gallery-thumbnail-box\" style=\"display: none;\" >\n\t\t<div class=\"ngg-gallery-thumbnail\" >\n\t\t\t<a href=\"https:\/\/ddrheinrich.com\/de\/wp-content\/uploads\/sites\/2\/galleries\/fettabsaugung-hueften-po-beine\/ddrheinrich-fettabsaugung-2.jpg\" title=\"&lt;strong&gt;Fettabsaugung mit Mikrokan\u00fclen an H\u00fcften, Au\u00dfenschenkeln und Innenschenkeln.&lt;\/strong&gt; Links: Vorher. Rechts: Nachher.\" class=\"shutterset_set_27\" >\n\t\t\t\t\t\t\t<\/a>\n\t\t<\/div>\n\t<\/div>\n\t\n\t \t\n\t<!-- Pagination -->\n \t<div class='ngg-navigation'><span class=\"current\">1<\/span><a class=\"page-numbers\" href=\"https:\/\/ddrheinrich.com\/de\/behandlungen\/fettabsaugung\/hueften-po-beine\/?nggpage=2\">2<\/a><a class=\"page-numbers\" href=\"https:\/\/ddrheinrich.com\/de\/behandlungen\/fettabsaugung\/hueften-po-beine\/?nggpage=3\">3<\/a><a class=\"page-numbers\" href=\"https:\/\/ddrheinrich.com\/de\/behandlungen\/fettabsaugung\/hueften-po-beine\/?nggpage=4\">4<\/a><span class=\"more\">...<\/span><a class=\"page-numbers\" href=\"https:\/\/ddrheinrich.com\/de\/behandlungen\/fettabsaugung\/hueften-po-beine\/?nggpage=13\">13<\/a><a class=\"page-numbers\" href=\"https:\/\/ddrheinrich.com\/de\/behandlungen\/fettabsaugung\/hueften-po-beine\/?nggpage=14\">14<\/a><a class=\"page-numbers\" href=\"https:\/\/ddrheinrich.com\/de\/behandlungen\/fettabsaugung\/hueften-po-beine\/?nggpage=15\">15<\/a><a class=\"next\" id=\"ngg-next-2\" href=\"https:\/\/ddrheinrich.com\/de\/behandlungen\/fettabsaugung\/hueften-po-beine\/?nggpage=2\">&#9658;<\/a><\/div> \t\n<\/div>\n\n\n<p class=\"remark\">S\u00e4mtliche Nachher-Fotos geben das tats\u00e4chlich erzielte Behandlungsergebnis wieder. Zum Schutz der Anonymit\u00e4t der dargestellten Personen k\u00f6nnen individuelle physische Besonderheiten (z.B. Muttermale, Tattoos) entfernt worden sein.<\/p>\n<h2>Die Zeit nach der Fettabsaugung<\/h2>\n<div class=\"ausstellen alignright overlap quote\">\n<blockquote><p>Besser geht\u2019s nicht! Sowohl DDr.&nbsp;Heinrich als auch sein Team waren irrsinnig freundlich, man hat sich jede Sekunde hervorragend aufgehoben gef\u00fchrt und auch im Rahmen der Nachsorge wurde ich r\u00fchrend umsorgt.<\/p>\n<footer><cite>Barbara K.<\/cite><\/footer>\n<\/blockquote>\n<\/div>\n<p>Da wir die Fettabsaugung besonders k\u00f6rperschonend durchf\u00fchren, ist der Nachsorgeaufwand gering: Nach dem Eingriff m\u00fcssen Sie \u00fcber Nacht einen Verband tragen, danach 1 Woche Kompressionsw\u00e4sche, wenn die Absaugung mit Mikrokan\u00fclen erfolgt ist. Wurden Standardkan\u00fclen verwendet, m\u00fcssen Sie Kompressionsw\u00e4sche 4 bis 8 Wochen verwenden.<\/p>\n<p>Arbeitsf\u00e4hig sind Sie nach einer Fettabsaugung an Po, H\u00fcften und Oberschenkeln normalerweise bereits am Tag nach dem Eingriff. Weite, bequeme Kleidung kann \u00fcber der Kompressionsw\u00e4sche getragen werden. Abh\u00e4ngig von Ihrem Beruf entsteht daher nur eine sehr kurze Ausfallszeit, die ber\u00fccksichtigt werden muss. In den meisten F\u00e4llen sollte ein Tag ausreichen.<\/p>\n<p>Bei optimalem Heilungsverlauf k\u00f6nnen Sie bei einer Fettabsaugung mit Mikrokan\u00fclen normalerweise nach ca. 1 bis 2 Wochen wieder normal Sport machen, bei Fettabsaugung mit Standardkan\u00fclen 4 bis 6 Wochen nach dem Eingriff.<\/p>\n","protected":false},"excerpt":{"rendered":"<p>Die sch\u00f6nen Rundungen an Po, H\u00fcften und Oberschenkeln sind sehr gef\u00e4llig und charakteristisch f\u00fcr eine weibliche Silhouette. Trotzdem f\u00fchlen sich viele Frauen von der Natur bei diesen Rundungen zu sehr beg\u00fcnstigt und wollen daher die stark ausgepr\u00e4gten Fettdepots an Po und Oberschenkeln loswerden. Gerade die ber\u00fcchtigten Reiterhosen sind oft genetisch bedingt und trotzen sowohl Sport [&hellip;]<\/p>\n","protected":false},"author":6,"featured_media":0,"parent":14,"menu_order":0,"comment_status":"closed","ping_status":"closed","template":"page-detail.php","meta":{"footnotes":""},"class_list":["post-11709","page","type-page","status-publish","hentry"],"_links":{"self":[{"href":"https:\/\/ddrheinrich.com\/de\/wp-json\/wp\/v2\/pages\/11709","targetHints":{"allow":["GET"]}}],"collection":[{"href":"https:\/\/ddrheinrich.com\/de\/wp-json\/wp\/v2\/pages"}],"about":[{"href":"https:\/\/ddrheinrich.com\/de\/wp-json\/wp\/v2\/types\/page"}],"author":[{"embeddable":true,"href":"https:\/\/ddrheinrich.com\/de\/wp-json\/wp\/v2\/users\/6"}],"replies":[{"embeddable":true,"href":"https:\/\/ddrheinrich.com\/de\/wp-json\/wp\/v2\/comments?post=11709"}],"version-history":[{"count":9,"href":"https:\/\/ddrheinrich.com\/de\/wp-json\/wp\/v2\/pages\/11709\/revisions"}],"predecessor-version":[{"id":12223,"href":"https:\/\/ddrheinrich.com\/de\/wp-json\/wp\/v2\/pages\/11709\/revisions\/12223"}],"up":[{"embeddable":true,"href":"https:\/\/ddrheinrich.com\/de\/wp-json\/wp\/v2\/pages\/14"}],"wp:attachment":[{"href":"https:\/\/ddrheinrich.com\/de\/wp-json\/wp\/v2\/media?parent=11709"}],"curies":[{"name":"wp","href":"https:\/\/api.w.org\/{rel}","templated":true}]}}