{"id":11705,"date":"2016-07-20T15:54:46","date_gmt":"2016-07-20T13:54:46","guid":{"rendered":"http:\/\/instantchi.com\/de\/?page_id=11705"},"modified":"2018-05-23T11:41:45","modified_gmt":"2018-05-23T09:41:45","slug":"lipoedem","status":"publish","type":"page","link":"https:\/\/ddrheinrich.com\/de\/behandlungen\/fettabsaugung\/lipoedem\/","title":{"rendered":"Lip\u00f6dem"},"content":{"rendered":"<p><img loading=\"lazy\" decoding=\"async\" class=\"alignright ausstellen dropshadow size-full wp-image-11870\" src=\"https:\/\/ddrheinrich.com\/de\/wp-content\/uploads\/sites\/2\/fettabsaugung-lipoedem.jpg\" alt=\"\" width=\"275\" height=\"183\" srcset=\"https:\/\/ddrheinrich.com\/de\/wp-content\/uploads\/sites\/2\/fettabsaugung-lipoedem.jpg 275w, https:\/\/ddrheinrich.com\/de\/wp-content\/uploads\/sites\/2\/fettabsaugung-lipoedem-200x133.jpg 200w\" sizes=\"auto, (max-width: 275px) 100vw, 275px\" \/>Das Lip\u00f6dem, umgangssprachlich auch Reiterhosensyndrom oder S\u00e4ulenbein genannt, ist eine chronische Funktions- und Verteilungsst\u00f6rung des Fettgewebes, vor allem an den Beinen. Diese Erkrankung kann nicht mit Sport oder Di\u00e4t behandelt werden. Betroffen sind vor allem Frauen.<\/p>\n<p>Kennzeichen der Krankheit sind massiv vergr\u00f6\u00dferte Fettzellen, ein gest\u00f6rter Lymphabfluss und \u00fcberdurchschnittliche Ber\u00fchrungs- und Schmerzempfindlichkeit an den betroffenen Regionen. Die Ursachen sind in der medizinischen Wissenschaft noch nicht abschlie\u00dfend gekl\u00e4rt, hormonelle Ver\u00e4nderungen, genetische Veranlagung und Gewichtszunahme spielen aber jedenfalls eine Rolle. Meistens entstehen Lip\u00f6deme in zeitlichem Zusammenhang mit der Pubert\u00e4t, nach einer Schwangerschaft oder in den Wechseljahren.<\/p>\n<h2>\u201eLip\u00f6dem\u201c ist eine Krankheit<\/h2>\n<p>Als Folge der Krankheit ver\u00e4ndern sich schrittweise die K\u00f6rperproportionen: Typisch sind verdickte Regionen an den Beinen, z.B. von den H\u00fcften bis zu den Knien (\u201eReiterhosen\u201c) oder den Kn\u00f6cheln (\u201ePumphose\u201c) bzw. an den Waden oder Unterschenkeln. Mit fortschreitendem Krankheitsverlauf nehmen die Beine zunehmend eine s\u00e4ulenartige Form an, Betroffene leiden meist unter starken Schmerzen. H\u00e4ufig sind auch die Arme in Mitleidenschaft gezogen (Oberarme, Unterarme oder der ganze Arm).<\/p>\n<div class=\"ausstellen alignright overlap quote\">\n<blockquote><p>Bei mir waren wegen des Lip\u00f6dems zwei Fettabsaugungen notwendig. Alles ist bestens gelaufen. Ich bin sehr zufrieden.<\/p>\n<footer><cite>Frau B.<\/cite><\/footer>\n<\/blockquote>\n<\/div>\n<p>Die Lebensqualit\u00e4t der erkrankten Frauen und M\u00e4nner ist massiv eingeschr\u00e4nkt. Regelm\u00e4\u00dfige Lymphdrainagen, das Tragen spezieller Kompressionsw\u00e4sche und die Verwendung bestimmter Hautpflegeprodukte bringen zwar eine gewisse Erleichterung, geheilt wird dadurch die Krankheit aber nicht. Ein Lip\u00f6dem kann zu einer \u00dcberlastung und allenfalls auch einer Sch\u00e4digung des Lymphgef\u00e4\u00dfsystems f\u00fchren.<\/p>\n<h2>Fettabsaugung als Behandlungsalternative<\/h2>\n<p>Durch Fettabsaugung k\u00f6nnen unerw\u00fcnschte Fettdepots nachhaltig entfernt werden, die als Folge der Krankheit Lip\u00f6dem entstanden sind. Oft gelingt es, Lymphproduktion und Abfluss wieder in Balance zu bringen.<\/p>\n<p>In unserer Praxis wird ausschlie\u00dflich ein besonders k\u00f6rperschonendes Verfahren zur Fettabsaugung angewandt, die sogenannte Liposkulptur. Eine sanfte und weniger aggressive Technik ist immer empfehlenswert, insbesondere aber auch bei Vorliegen eines Lip\u00f6dems.<\/p>\n<p>Unsere spezielle Methode der Fettabsaugung zeichnet sich dadurch aus, dass nur pr\u00e4zise Handarbeit und keine Saugmaschinen und maschinelle Saugvorrichtungen zum Einsatz kommen. Der Eingriff erfolgt ambulant ausnahmslos unter \u00f6rtlicher Bet\u00e4ubung. Die Fettabsaugung kann wahlweise mit Mikrokan\u00fclen oder Standardkan\u00fclen erfolgen. Wir empfehlen Mikrokan\u00fclen, weil mit diesem feinen \u201eWerkzeug\u201c Ihre Silhouette besonders gewebeschonend modelliert und Ihre Proportionen optimiert werden k\u00f6nnen. Um Ihre gr\u00f6\u00dftm\u00f6gliche Sicherheit zu gew\u00e4hrleisten, verzichten wir vollkommen auf Vollnarkose und Skalpell.<\/p>\n<div class=\"ausstellen alignright overlap dropshadow\"><div class=\"youtube \" style=\"max-width: 450px\"><div class=\"lyte-wrapper  ratio-1_3314\" title=\"Nachsorge bei der Fettabsaugung mit Mikrokan&uuml;len\" style=\"width: 450px;max-width:100%;margin:5px;\"><div class=\"lyMe\" id=\"WYL_eSzvM4UhN60\" itemprop=\"video\" itemscope itemtype=\"https:\/\/schema.org\/VideoObject\"><div><meta itemprop=\"thumbnailUrl\" content=\"https:\/\/ddrheinrich.com\/de\/wp-content\/plugins\/wp-youtube-lyte\/lyteCache.php?origThumbUrl=https%3A%2F%2Fi.ytimg.com%2Fvi%2FeSzvM4UhN60%2Fhqdefault.jpg\" \/><meta itemprop=\"embedURL\" content=\"https:\/\/www.youtube.com\/embed\/eSzvM4UhN60\" \/><meta itemprop=\"duration\" content=\"PT1M24S\" \/><meta itemprop=\"uploadDate\" content=\"2013-05-17T01:31:02Z\" \/><\/div><div id=\"lyte_eSzvM4UhN60\" data-src=\"https:\/\/ddrheinrich.com\/de\/wp-content\/plugins\/wp-youtube-lyte\/lyteCache.php?origThumbUrl=https%3A%2F%2Fi.ytimg.com%2Fvi%2FeSzvM4UhN60%2Fhqdefault.jpg\" class=\"pL\"><div class=\"tC\"><div class=\"tT\" itemprop=\"name\">Nachsorge bei der Fettabsaugung mit Mikrokan\u00fclen<\/div><\/div><div class=\"play\"><\/div><div class=\"ctrl\"><div class=\"Lctrl\"><\/div><div class=\"Rctrl\"><\/div><\/div><\/div><noscript><a href=\"https:\/\/youtu.be\/eSzvM4UhN60\" rel=\"nofollow\"><img loading=\"lazy\" decoding=\"async\" src=\"https:\/\/ddrheinrich.com\/de\/wp-content\/plugins\/wp-youtube-lyte\/lyteCache.php?origThumbUrl=https%3A%2F%2Fi.ytimg.com%2Fvi%2FeSzvM4UhN60%2F0.jpg\" alt=\"Nachsorge bei der Fettabsaugung mit Mikrokan&uuml;len\" width=\"420\" height=\"295\" \/><br \/>Watch this video on YouTube<\/a><\/noscript><meta itemprop=\"description\" content=\"Nachsorge bei der Fettabsaugung mit Mikrokan\u00fclen\"><\/div><\/div><div class=\"lL\" style=\"max-width:100%;width: 450px;margin:5px;\"><\/div><\/div><\/div>\n<p>Bei eindeutiger Diagnose Lip\u00f6dem sollten Sie jedenfalls abkl\u00e4ren, ob Ihre Krankenversicherung zumindest einen Teil des Behandlungshonorars \u00fcbernimmt.<\/p>\n<h2>Die Zeit nach der Fettabsaugung<\/h2>\n<p>Der Nachsorgeaufwand nach einer Liposkulptur ist \u00fcberschaubar: Sie m\u00fcssen nach dem Eingriff nur \u00fcber Nacht einen Verband tragen, danach durchschnittlich 1 Woche Kompressionsw\u00e4sche, wenn die Absaugung mit Mikrokan\u00fclen erfolgt ist. Wurden dickere Standardkan\u00fclen bei der Absaugung eingesetzt, ben\u00f6tigen Sie die Kompressionsw\u00e4sche f\u00fcr ca. 4 bis 8 Wochen.<\/p>\n<p>Arbeitsf\u00e4hig sind Sie nach einer ambulanten Fettabsaugung normalerweise bereits am Tag nach dem Eingriff. Wenn Sie weite bequeme Kleidung \u00fcber der Kompressionsw\u00e4sche tragen, bemerkt niemand, dass Sie einen Eingriff hatten.<\/p>\n<p>Nach der Fettabsaugung mit Mikrokan\u00fclen k\u00f6nnen Sie \u00fcblicherweise bereits nach ca. 2 Wochen wieder normal Sport machen. Der Heilungsverlauf nach einer Absaugung mit Standardkan\u00fclen dauert einige Wochen l\u00e4nger.<\/p>\n","protected":false},"excerpt":{"rendered":"<p>Das Lip\u00f6dem, umgangssprachlich auch Reiterhosensyndrom oder S\u00e4ulenbein genannt, ist eine chronische Funktions- und Verteilungsst\u00f6rung des Fettgewebes, vor allem an den Beinen. Diese Erkrankung kann nicht mit Sport oder Di\u00e4t behandelt werden. Betroffen sind vor allem Frauen. Kennzeichen der Krankheit sind massiv vergr\u00f6\u00dferte Fettzellen, ein gest\u00f6rter Lymphabfluss und \u00fcberdurchschnittliche Ber\u00fchrungs- und Schmerzempfindlichkeit an den betroffenen Regionen. [&hellip;]<\/p>\n","protected":false},"author":6,"featured_media":0,"parent":14,"menu_order":3,"comment_status":"closed","ping_status":"closed","template":"page-detail.php","meta":{"footnotes":""},"class_list":["post-11705","page","type-page","status-publish","hentry"],"_links":{"self":[{"href":"https:\/\/ddrheinrich.com\/de\/wp-json\/wp\/v2\/pages\/11705","targetHints":{"allow":["GET"]}}],"collection":[{"href":"https:\/\/ddrheinrich.com\/de\/wp-json\/wp\/v2\/pages"}],"about":[{"href":"https:\/\/ddrheinrich.com\/de\/wp-json\/wp\/v2\/types\/page"}],"author":[{"embeddable":true,"href":"https:\/\/ddrheinrich.com\/de\/wp-json\/wp\/v2\/users\/6"}],"replies":[{"embeddable":true,"href":"https:\/\/ddrheinrich.com\/de\/wp-json\/wp\/v2\/comments?post=11705"}],"version-history":[{"count":11,"href":"https:\/\/ddrheinrich.com\/de\/wp-json\/wp\/v2\/pages\/11705\/revisions"}],"predecessor-version":[{"id":12998,"href":"https:\/\/ddrheinrich.com\/de\/wp-json\/wp\/v2\/pages\/11705\/revisions\/12998"}],"up":[{"embeddable":true,"href":"https:\/\/ddrheinrich.com\/de\/wp-json\/wp\/v2\/pages\/14"}],"wp:attachment":[{"href":"https:\/\/ddrheinrich.com\/de\/wp-json\/wp\/v2\/media?parent=11705"}],"curies":[{"name":"wp","href":"https:\/\/api.w.org\/{rel}","templated":true}]}}