{"id":11694,"date":"2016-07-20T15:31:45","date_gmt":"2016-07-20T13:31:45","guid":{"rendered":"http:\/\/instantchi.com\/de\/?page_id=11694"},"modified":"2017-12-09T17:30:12","modified_gmt":"2017-12-09T16:30:12","slug":"brustimplantate-ersetzen-eigenfett-stammzellen","status":"publish","type":"page","link":"https:\/\/ddrheinrich.com\/de\/behandlungen\/brust\/brustimplantate-ersetzen-eigenfett-stammzellen\/","title":{"rendered":"Brustimplantate ersetzen"},"content":{"rendered":"<p><img loading=\"lazy\" decoding=\"async\" class=\"alignright ausstellen size-full wp-image-11823\" src=\"https:\/\/ddrheinrich.com\/de\/wp-content\/uploads\/sites\/2\/brustimplantate-ersetzen-eigenfett-stammzellen.png\" alt=\"\" width=\"275\" height=\"240\" srcset=\"https:\/\/ddrheinrich.com\/de\/wp-content\/uploads\/sites\/2\/brustimplantate-ersetzen-eigenfett-stammzellen.png 275w, https:\/\/ddrheinrich.com\/de\/wp-content\/uploads\/sites\/2\/brustimplantate-ersetzen-eigenfett-stammzellen-200x175.png 200w\" sizes=\"auto, (max-width: 275px) 100vw, 275px\" \/>Immer wieder beklagten Patientinnen, dass Sie unzufrieden mit ihren Silikonimplantaten sind und Beschwerden haben. Oft wird uns von einem unangenehmen Fremdk\u00f6rpergef\u00fchl oder Komplikationen (z.B. Kapselfibrose) berichtet. Auch der PIP-Skandal (minderwertiges Industriesilikon wurde f\u00fcr Brustimplantate verwendet) l\u00f6ste bei vielen Patientinnen ein Umdenken in Bezug auf die gesundheitlichen Risiken von Silikon aus. K\u00f6rperfett als k\u00f6rpereigener F\u00fcllstoff erm\u00f6glicht eine nat\u00fcrliche Brustvergr\u00f6\u00dferung.<\/p>\n<h2>Ablauf des Brustaufbaus mit Eigenfett<\/h2>\n<p>Manche Patientinnen konsultieren uns erst nach der Entfernung ihrer Silikonimplantate, andere wiederum kommen bereits davor zu uns, um den Behandlungsplan von Beginn an mit uns abzustimmen. Grunds\u00e4tzlich gibt es zwei m\u00f6gliche Vorgehensweisen: Meistens erfolgt der Brustaufbau mit Eigenfett einige Monate nach Entfernung der Silikonimplantate, wenn der Heilungsprozess nach der Implantatentfernung abgeschlossen ist. Erfahrungsgem\u00e4\u00df dauert der Genesungsverlauf ca. 3 bis 4 Monate. Alternativ ist es unter ganz bestimmten Voraussetzungen m\u00f6glich, die Entfernung der Silikonimplantate und den Brustaufbau mit Eigenfett im Rahmen eines einzigen Eingriffs durchzuf\u00fchren.<\/p>\n<p class=\"dropshadow-image ausstellen\"><img loading=\"lazy\" decoding=\"async\" class=\"alignnone size-full wp-image-11824\" title=\"Patientin vor und nach dem Brustaufbau mit stammzellangereichertem Eigenfett (Silikonimplantate bereits entfernt)\" src=\"https:\/\/ddrheinrich.com\/de\/wp-content\/uploads\/sites\/2\/brustimplantate-ersetzen-eigenfett-stammzellen-vorher-nachher.png\" alt=\"\" width=\"287\" height=\"460\" srcset=\"https:\/\/ddrheinrich.com\/de\/wp-content\/uploads\/sites\/2\/brustimplantate-ersetzen-eigenfett-stammzellen-vorher-nachher.png 287w, https:\/\/ddrheinrich.com\/de\/wp-content\/uploads\/sites\/2\/brustimplantate-ersetzen-eigenfett-stammzellen-vorher-nachher-125x200.png 125w, https:\/\/ddrheinrich.com\/de\/wp-content\/uploads\/sites\/2\/brustimplantate-ersetzen-eigenfett-stammzellen-vorher-nachher-200x320.png 200w\" sizes=\"auto, (max-width: 287px) 100vw, 287px\" \/><\/p>\n<p class=\"ausstellen remark\">Das Nachher-Foto gibt das tats\u00e4chlich erzielte Behandlungsergebnis wieder. Zum Schutz der Anonymit\u00e4t der dargestellten Person k\u00f6nnen individuelle physische Besonderheiten (z.B. Muttermale, Tattoos) entfernt worden sein.<\/p>\n<p>Wenn die Silikonimplantate bereits vorab entfernt wurden, erfolgt der neuerliche Brustaufbau mit Eigenfett im Rahmen eines ambulanten 3- bis 5-st\u00fcndigen Eingriffs unter \u00f6rtlicher Bet\u00e4ubung. Sollen die Implantate unmittelbar vor dem Eigenfettbrustaufbau entnommen werden, dauert der Eingriff l\u00e4nger und wird meistens im D\u00e4mmerschlaf durchgef\u00fchrt.<\/p>\n<p>Das f\u00fcr den eigentlichen Brustaufbau ben\u00f6tigte k\u00f6rpereigene Fett als F\u00fcllmaterial gewinnen wir durch Fettabsaugung (wahlweise mit Mikrokan\u00fclen oder Standardkan\u00fclen). Bei der Liposkulptur, einer speziellen Form der Fettabsaugung, werden Fettdepots gewebeschonend in Handarbeit abgesaugt und geformt. Zur gr\u00f6\u00dftm\u00f6glichen K\u00f6rperschonung verzichten wir ausnahmslos auf die Verwendung von Saugmaschinen und Skalpellen. Das so gewonnene K\u00f6rperfett wird entweder noch mittels Stammzellanreicherung oder Stammzellkonzentration aufbereitet und danach in die Br\u00fcste injiziert oder ohne weiteren Zwischenschritt implantiert. Die Patientin entscheidet, welche Methode zur Fettaufbereitung angewendet wird.<\/p>\n<p>Manchmal beklagen Patientinnen, dass sich bestehende Silikonimplantate durch die Brust abzeichnen. Wenn die Patientinnen keine Entfernung der Implantate w\u00fcnschen, kann Eigenfett zum Aufbau von zus\u00e4tzlichem Brustgewebe zwischen Haut und Implantat verwendet werden.<\/p>\n<h2>Wiedergewonnene nat\u00fcrliche Brust<\/h2>\n<p>Das Ergebnis des Brustaufbaus mit Eigenfett beeindruckt durch seine Nat\u00fcrlichkeit. Da das zus\u00e4tzliche Brustvolumen zur G\u00e4nze aus einem k\u00f6rpereigenen \u201eF\u00fcllstoff\u201c besteht, f\u00fchlt sich die vergr\u00f6\u00dferte Brust vollkommen \u201eecht\u201c an und sieht in jeder K\u00f6rperposition, ob in Bewegung oder in Ruhe, nat\u00fcrlich aus. Dar\u00fcber hinaus verleiht der lokal verj\u00fcngende Effekt der k\u00f6rpereigenen Stammzellen der Brust meist ein j\u00fcngeres, festeres und strafferes Aussehen.<\/p>\n<p>Im Rahmen eines Eingriffs kann \u00fcblicherweise eine Vergr\u00f6\u00dferung der Brust um ca. eine halbe bis zu zwei K\u00f6rbchengr\u00f6\u00dfen erzielt werden. Typisch sind Vergr\u00f6\u00dferungen um etwa eine K\u00f6rbchengr\u00f6\u00dfe. Die Einstichstellen der Injektionsnadeln an der Brust verheilen, \u00e4hnlich wie bei einer Blutabnahme, meist ohne f\u00fcr das freie Auge sichtbare Narbenbildung. Erfolgt der Brustaufbau mit stammzellangereichertem Eigenfett bleibt in der Regel ein Gro\u00dfteil des neuen Brustvolumens langfristig erhalten. Bei herk\u00f6mmlichen Eigenfetttransfers hingegen sind oft Auffrischungen n\u00f6tig.<\/p>\n<h2>Die Zeit nach dem Eingriff<\/h2>\n<div class=\"alignright ausstellen overlap quote\">\n<blockquote><p>Ich entschied mich f\u00fcr eine Brustvergr\u00f6\u00dferung mit Stammzellen, nachdem ich mir die Silikonimplantate hatte entfernen lassen m\u00fcssen. Das Ergebnis ist nicht mit dem einer normalen Brustvergr\u00f6\u00dferung zu vergleichen. Wenn ich n\u00e4mlich nicht w\u00fcsste, dass da was gemacht wurde, dann w\u00fcrde ich glauben, dass die Brust so gewachsen ist!<\/p><\/blockquote>\n<\/div>\n<p>Wie bei der Brustvergr\u00f6\u00dferung mit Eigenfett ist der Aufwand f\u00fcr die Nachsorge relativ \u00fcberschaubar: In der Nacht nach dem Eingriff m\u00fcssen Sie einen Verband tragen, danach Kompressionsw\u00e4sche (je nach Art der genutzten Fettabsaugungskan\u00fclen 1 Woche oder 6 bis 8 Wochen). Circa 4 Wochen lang ist ein Sport-BH zu verwenden.<\/p>\n<p>Normalerweise k\u00f6nnen Sie nach einem Brustaufbau mit Eigenfett bereits 2 bis 3 Tage nach dem Eingriff wieder arbeiten. Wichtig ist, dass Sie in den ersten Wochen nach dem Eingriff keine abrupten Bewegungen machen und keine schweren Gewichte heben (z.B. Tragen von schweren Einkaufstaschen, bestimmte Sportarten wie Tennis, Brustschwimmen etc.). Wir begleiten Sie w\u00e4hrend des Genesungsprozesses und geben Ihnen individuelle Nachsorgeempfehlungen.<\/p>\n","protected":false},"excerpt":{"rendered":"<p>Immer wieder beklagten Patientinnen, dass Sie unzufrieden mit ihren Silikonimplantaten sind und Beschwerden haben. Oft wird uns von einem unangenehmen Fremdk\u00f6rpergef\u00fchl oder Komplikationen (z.B. Kapselfibrose) berichtet. Auch der PIP-Skandal (minderwertiges Industriesilikon wurde f\u00fcr Brustimplantate verwendet) l\u00f6ste bei vielen Patientinnen ein Umdenken in Bezug auf die gesundheitlichen Risiken von Silikon aus. K\u00f6rperfett als k\u00f6rpereigener F\u00fcllstoff erm\u00f6glicht [&hellip;]<\/p>\n","protected":false},"author":6,"featured_media":0,"parent":2,"menu_order":2,"comment_status":"closed","ping_status":"closed","template":"page-detail.php","meta":{"footnotes":""},"class_list":["post-11694","page","type-page","status-publish","hentry"],"_links":{"self":[{"href":"https:\/\/ddrheinrich.com\/de\/wp-json\/wp\/v2\/pages\/11694","targetHints":{"allow":["GET"]}}],"collection":[{"href":"https:\/\/ddrheinrich.com\/de\/wp-json\/wp\/v2\/pages"}],"about":[{"href":"https:\/\/ddrheinrich.com\/de\/wp-json\/wp\/v2\/types\/page"}],"author":[{"embeddable":true,"href":"https:\/\/ddrheinrich.com\/de\/wp-json\/wp\/v2\/users\/6"}],"replies":[{"embeddable":true,"href":"https:\/\/ddrheinrich.com\/de\/wp-json\/wp\/v2\/comments?post=11694"}],"version-history":[{"count":15,"href":"https:\/\/ddrheinrich.com\/de\/wp-json\/wp\/v2\/pages\/11694\/revisions"}],"predecessor-version":[{"id":12054,"href":"https:\/\/ddrheinrich.com\/de\/wp-json\/wp\/v2\/pages\/11694\/revisions\/12054"}],"up":[{"embeddable":true,"href":"https:\/\/ddrheinrich.com\/de\/wp-json\/wp\/v2\/pages\/2"}],"wp:attachment":[{"href":"https:\/\/ddrheinrich.com\/de\/wp-json\/wp\/v2\/media?parent=11694"}],"curies":[{"name":"wp","href":"https:\/\/api.w.org\/{rel}","templated":true}]}}