{"id":11686,"date":"2016-07-20T14:16:31","date_gmt":"2016-07-20T12:16:31","guid":{"rendered":"http:\/\/instantchi.com\/de\/?page_id=11686"},"modified":"2017-12-09T17:30:04","modified_gmt":"2017-12-09T16:30:04","slug":"brustkorrektur-eigenfett-stammzellen","status":"publish","type":"page","link":"https:\/\/ddrheinrich.com\/de\/behandlungen\/brust\/brustkorrektur-eigenfett-stammzellen\/","title":{"rendered":"Brustkorrektur"},"content":{"rendered":"<p><img loading=\"lazy\" decoding=\"async\" class=\"alignright ausstellen dropshadow portrait size-full wp-image-11889\" src=\"https:\/\/ddrheinrich.com\/de\/wp-content\/uploads\/sites\/2\/brustkorrektur-eigenfett-stammzellen.jpg\" alt=\"\" width=\"275\" height=\"413\" srcset=\"https:\/\/ddrheinrich.com\/de\/wp-content\/uploads\/sites\/2\/brustkorrektur-eigenfett-stammzellen.jpg 275w, https:\/\/ddrheinrich.com\/de\/wp-content\/uploads\/sites\/2\/brustkorrektur-eigenfett-stammzellen-133x200.jpg 133w, https:\/\/ddrheinrich.com\/de\/wp-content\/uploads\/sites\/2\/brustkorrektur-eigenfett-stammzellen-213x320.jpg 213w\" sizes=\"auto, (max-width: 275px) 100vw, 275px\" \/>Asymmetrien, starke Gr\u00f6\u00dfenungleichheiten und Brustfehlformen (z.B. tubul\u00e4re Brust oder Rohrbrust) empfinden unserer Erfahrung nach viele Frauen als sehr belastend. Der Leidensdruck durch das Unwohlf\u00fchlen im eigenen K\u00f6rper kann weitreichende Konsequenzen haben, von Einschr\u00e4nkungen im Alltag (Verzicht auf Badekleidung) bis hin zu psychischen Belastungsst\u00f6rungen. Brustformung mit Eigenfetttransfer kann oft Abhilfe bringen. Je nach individueller Ausgangsbrustform sind ein oder mehrere Eingriffe erforderlich.<\/p>\n<h2>Ablauf der Brustkorrektur<\/h2>\n<p>Der Eingriff dauert ca. 3 bis 5 Stunden und wird zur gr\u00f6\u00dftm\u00f6glichen K\u00f6rperschonung ausschlie\u00dflich unter \u00f6rtlicher Bet\u00e4ubung durchgef\u00fchrt. Das f\u00fcr die Brustformung erforderliche K\u00f6rperfett wird durch Fettabsaugung gewonnen. Die Fettgewinnung f\u00fchren wir ausschlie\u00dflich schonend in Handarbeit durch, ohne Saugmaschinen und Skalpell. Diese besondere Fettabsaugungstechnik hei\u00dft Liposkulptur. Je nach Patientenwunsch werden herk\u00f6mmliche Standardkan\u00fclen oder d\u00fcnne Mikrokan\u00fclen verwendet.<\/p>\n<p>Das abgesaugte K\u00f6rperfett wird zur Brustformung verwendet. Es gibt unterschiedliche Methoden, wie das Fett zur Injektion in die Brust vorbereitet wird. Das K\u00f6rperfett kann ohne weitere Aufbereitung (sogenannter herk\u00f6mmlicher Eigenfetttransfer) oder nach Stammzellanreicherung bzw. Stammzellkonzentration in die Brust injiziert werden. Ob beide Br\u00fcste mit Eigenfett aufgef\u00fcllt werden oder nur eine Brust, h\u00e4ngt von der individuellen Brustfehlform ab.<\/p>\n<p>Bei sehr stark ausgepr\u00e4gten Formabweichungen kann\/k\u00f6nnen eine oder mehrere Folgebehandlungen notwendig sein, um das gew\u00fcnschte Ergebnis zu erzielen. In manchen F\u00e4llen kann auch eine Vordehnung einer oder beider Br\u00fcste mithilfe eines mechanischen Saug-BHs oder durch Einbringung von Kochsalzl\u00f6sungen zur \u201eGewebelockerung\u201c geboten sein.<\/p>\n<h2>Harmonisches Ergebnis<\/h2>\n<p class=\"dropshadow-image ausstellen\"><img loading=\"lazy\" decoding=\"async\" class=\"alignnone size-full wp-image-11841\" title=\"Patientin vor und nach der Brustkorrektur mit stammzellangereichertem Eigenfett\" src=\"https:\/\/ddrheinrich.com\/de\/wp-content\/uploads\/sites\/2\/brustkorrektur-eigenfett-stammzellen-vorher-nachher.png\" alt=\"\" width=\"287\" height=\"466\" srcset=\"https:\/\/ddrheinrich.com\/de\/wp-content\/uploads\/sites\/2\/brustkorrektur-eigenfett-stammzellen-vorher-nachher.png 287w, https:\/\/ddrheinrich.com\/de\/wp-content\/uploads\/sites\/2\/brustkorrektur-eigenfett-stammzellen-vorher-nachher-123x200.png 123w, https:\/\/ddrheinrich.com\/de\/wp-content\/uploads\/sites\/2\/brustkorrektur-eigenfett-stammzellen-vorher-nachher-197x320.png 197w\" sizes=\"auto, (max-width: 287px) 100vw, 287px\" \/><\/p>\n<p class=\"ausstellen remark\">Das Nachher-Foto gibt das tats\u00e4chlich erzielte Behandlungsergebnis wieder. Zum Schutz der Anonymit\u00e4t der dargestellten Person k\u00f6nnen individuelle physische Besonderheiten (z.B. Muttermale, Tattoos) entfernt worden sein.<\/p>\n<p>Eigenfett als nat\u00fcrlicher k\u00f6rpereigener F\u00fcllstoff erm\u00f6glicht die Behebung von Asymmetrien, Ungleichheiten und sonstigen Brustfehlformen. Kennzeichnend f\u00fcr dieses Verfahren ist eine m\u00f6glichst sanfte und k\u00f6rperschonende Vorgehensweise. Daher sind mit Eigenfett nicht alle gew\u00fcnschten Formver\u00e4nderungen erzielbar. Wir beraten Sie diesbez\u00fcglich gerne.<\/p>\n<p>Die Ergebnisse der Brustkorrektur mit Eigenfett \u00fcberzeugen durch ihre Nat\u00fcrlichkeit. Die korrigierte Brust f\u00fchlt sich vollkommen \u201eecht\u201c an und sieht in jeder K\u00f6rperposition, ob Sie stehen, liegen oder sitzen, nat\u00fcrlich aus, weil kein Fremdk\u00f6rper wie z.B. Silikon implantiert wird. Da auf Hautschnitte mit dem Skalpell verzichtet wird, entstehen in der Regel keine mit freiem Auge sichtbaren Narben.<\/p>\n<p>Ob ein Eingriff ausreichend ist oder Folgebehandlungen erforderlich sind, ist individuell und h\u00e4ngt von der konkreten Brustform der Patientin ab.<\/p>\n<div class=\"quote\">\n<blockquote><p>Die Betreuung war WUNDERBAR. Ich f\u00fchlte mich \u201ein besten H\u00e4nden\u201c und sehr gut versorgt und aufgehoben! Alle waren sehr nett und hilfsbereit!<\/p>\n<footer><cite>Frau S.<\/cite><\/footer>\n<\/blockquote>\n<\/div>\n<h2>Die Zeit nach dem Eingriff<\/h2>\n<p>Bez\u00fcglich Nachsorge gelten dieselben allgemeinen Empfehlungen wie bei der Brustvergr\u00f6\u00dferung: 1 Woche lang ist Kompressionsw\u00e4sche ist zu tragen, wenn die Absaugung mit Mikrokan\u00fclen durchgef\u00fchrt wurde, bzw. 6 bis 8 Wochen bei Absaugung mit Standardkan\u00fclen. Circa 4 Wochen lang ist ein Sport-BH zu verwenden.<\/p>\n<p>Arbeitsf\u00e4hig sind Sie normalerweise bereits 2 bis 3 Tage nach dem Eingriff. Abrupte, die Brust belastende Bewegungen und das Heben schwerer Gewichte (z.B. Tragen schwerer Einkaufstaschen, bestimmte Sportarten wie Tennis, Brustschwimmen) sind f\u00fcr einige Wochen zu unterlassen. Wir betreuen Sie w\u00e4hrend des Heilungsprozesses und geben Ihnen individuelle Nachsorgeempfehlungen.<\/p>\n","protected":false},"excerpt":{"rendered":"<p>Asymmetrien, starke Gr\u00f6\u00dfenungleichheiten und Brustfehlformen (z.B. tubul\u00e4re Brust oder Rohrbrust) empfinden unserer Erfahrung nach viele Frauen als sehr belastend. Der Leidensdruck durch das Unwohlf\u00fchlen im eigenen K\u00f6rper kann weitreichende Konsequenzen haben, von Einschr\u00e4nkungen im Alltag (Verzicht auf Badekleidung) bis hin zu psychischen Belastungsst\u00f6rungen. Brustformung mit Eigenfetttransfer kann oft Abhilfe bringen. Je nach individueller Ausgangsbrustform sind [&hellip;]<\/p>\n","protected":false},"author":6,"featured_media":0,"parent":2,"menu_order":1,"comment_status":"closed","ping_status":"closed","template":"page-detail.php","meta":{"footnotes":""},"class_list":["post-11686","page","type-page","status-publish","hentry"],"_links":{"self":[{"href":"https:\/\/ddrheinrich.com\/de\/wp-json\/wp\/v2\/pages\/11686","targetHints":{"allow":["GET"]}}],"collection":[{"href":"https:\/\/ddrheinrich.com\/de\/wp-json\/wp\/v2\/pages"}],"about":[{"href":"https:\/\/ddrheinrich.com\/de\/wp-json\/wp\/v2\/types\/page"}],"author":[{"embeddable":true,"href":"https:\/\/ddrheinrich.com\/de\/wp-json\/wp\/v2\/users\/6"}],"replies":[{"embeddable":true,"href":"https:\/\/ddrheinrich.com\/de\/wp-json\/wp\/v2\/comments?post=11686"}],"version-history":[{"count":10,"href":"https:\/\/ddrheinrich.com\/de\/wp-json\/wp\/v2\/pages\/11686\/revisions"}],"predecessor-version":[{"id":12035,"href":"https:\/\/ddrheinrich.com\/de\/wp-json\/wp\/v2\/pages\/11686\/revisions\/12035"}],"up":[{"embeddable":true,"href":"https:\/\/ddrheinrich.com\/de\/wp-json\/wp\/v2\/pages\/2"}],"wp:attachment":[{"href":"https:\/\/ddrheinrich.com\/de\/wp-json\/wp\/v2\/media?parent=11686"}],"curies":[{"name":"wp","href":"https:\/\/api.w.org\/{rel}","templated":true}]}}