{"id":11638,"date":"2016-07-18T15:43:38","date_gmt":"2016-07-18T13:43:38","guid":{"rendered":"http:\/\/instantchi.com\/de\/?page_id=11638"},"modified":"2023-02-22T15:19:36","modified_gmt":"2023-02-22T14:19:36","slug":"kinderwunsch-fruchtbarkeit","status":"publish","type":"page","link":"https:\/\/ddrheinrich.com\/de\/behandlungen\/regenerative-therapien\/kinderwunsch-fruchtbarkeit\/","title":{"rendered":"Fruchtbarkeit"},"content":{"rendered":"<p><img loading=\"lazy\" decoding=\"async\" class=\"alignright ausstellen portrait size-full wp-image-11828\" src=\"https:\/\/ddrheinrich.com\/de\/wp-content\/uploads\/sites\/2\/kinderwunsch-fruchtbarkeit.png\" alt=\"\" width=\"275\" height=\"276\" srcset=\"https:\/\/ddrheinrich.com\/de\/wp-content\/uploads\/sites\/2\/kinderwunsch-fruchtbarkeit.png 275w, https:\/\/ddrheinrich.com\/de\/wp-content\/uploads\/sites\/2\/kinderwunsch-fruchtbarkeit-200x200.png 200w\" sizes=\"auto, (max-width: 275px) 100vw, 275px\" \/>In Europa werden immer weniger Kinder geboren. Dies liegt nicht nur daran, da\u00df Familien heute weniger und sp\u00e4ter Kinder w\u00fcnschen, sondern auch daran, da\u00df die Fruchtbarkeit bei M\u00e4nnern und Frauen in Europa und den USA immer mehr abnimmt. Abnehmende Fruchtbarkeit bedeutet weniger Zeugungen und Schwangerschaften. Die Fruchtbarkeit auf nat\u00fcrliche Weise zu steigern ist der erste Schritt zur Erf\u00fcllung des Kinderwunsches.<\/p>\n<p>Wir analysieren Ihre hormonelle Situation bzw. Ihr Spermiogramm und beraten Sie, wie Sie Ihre Fruchtbarkeit auf nat\u00fcrliche Weise steigern k\u00f6nnen. Als n\u00e4chster Schritt kommt eine \u00e4rztlich unterst\u00fctzte Steigerung der Fruchtbarkeit durch spezielle Therapien mit Hormonen, Nahrungserg\u00e4nzungen, PRP etc. in Betracht. Weitere m\u00f6gliche Ma\u00dfnahmen sind in der Folge assistierte Zeugung, IVF (In-vitro-Fertilsiation) und ICSI (Intrazytoplasmatische Spermieninjektion).<\/p>\n<div class=\"quote\">\n<blockquote><p>Ich habe ein paar wirklich gute Neuigkeiten: Zum ersten Mal im Leben hatte ich eine normale Periode\u2026 nach 30 Jahren. Sie dauerte diesmal nur 4 Tage. Normalerweise dauert meine Periode 10 bis 14 Tage. Manchmal habe ich sogar den Eisprung, w\u00e4hrend ich zugleich immer noch Blutungen habe. Ich bin total begeistert!<\/p>\n<footer><cite>Frau H.<\/cite><\/footer>\n<\/blockquote>\n<\/div>\n","protected":false},"excerpt":{"rendered":"<p>In Europa werden immer weniger Kinder geboren. Dies liegt nicht nur daran, da\u00df Familien heute weniger und sp\u00e4ter Kinder w\u00fcnschen, sondern auch daran, da\u00df die Fruchtbarkeit bei M\u00e4nnern und Frauen in Europa und den USA immer mehr abnimmt. Abnehmende Fruchtbarkeit bedeutet weniger Zeugungen und Schwangerschaften. Die Fruchtbarkeit auf nat\u00fcrliche Weise zu steigern ist der erste [&hellip;]<\/p>\n","protected":false},"author":6,"featured_media":0,"parent":16,"menu_order":5,"comment_status":"closed","ping_status":"closed","template":"page-detail.php","meta":{"footnotes":""},"class_list":["post-11638","page","type-page","status-publish","hentry"],"_links":{"self":[{"href":"https:\/\/ddrheinrich.com\/de\/wp-json\/wp\/v2\/pages\/11638","targetHints":{"allow":["GET"]}}],"collection":[{"href":"https:\/\/ddrheinrich.com\/de\/wp-json\/wp\/v2\/pages"}],"about":[{"href":"https:\/\/ddrheinrich.com\/de\/wp-json\/wp\/v2\/types\/page"}],"author":[{"embeddable":true,"href":"https:\/\/ddrheinrich.com\/de\/wp-json\/wp\/v2\/users\/6"}],"replies":[{"embeddable":true,"href":"https:\/\/ddrheinrich.com\/de\/wp-json\/wp\/v2\/comments?post=11638"}],"version-history":[{"count":6,"href":"https:\/\/ddrheinrich.com\/de\/wp-json\/wp\/v2\/pages\/11638\/revisions"}],"predecessor-version":[{"id":13431,"href":"https:\/\/ddrheinrich.com\/de\/wp-json\/wp\/v2\/pages\/11638\/revisions\/13431"}],"up":[{"embeddable":true,"href":"https:\/\/ddrheinrich.com\/de\/wp-json\/wp\/v2\/pages\/16"}],"wp:attachment":[{"href":"https:\/\/ddrheinrich.com\/de\/wp-json\/wp\/v2\/media?parent=11638"}],"curies":[{"name":"wp","href":"https:\/\/api.w.org\/{rel}","templated":true}]}}