{"id":10877,"date":"2015-05-12T18:36:44","date_gmt":"2015-05-12T16:36:44","guid":{"rendered":"http:\/\/ddrheinrich.com\/?page_id=10877"},"modified":"2025-10-20T15:56:00","modified_gmt":"2025-10-20T13:56:00","slug":"oeqm-guetesiegel","status":"publish","type":"page","link":"https:\/\/ddrheinrich.com\/de\/qualitaetsmanagement\/oeqm-guetesiegel\/","title":{"rendered":"\u00d6QM\u00ae-G\u00fctesiegel"},"content":{"rendered":"<p><a href=\"https:\/\/ddrheinrich.com\/de\/wp-content\/uploads\/sites\/2\/oeqm-zertifikat-2025.jpg\" class=\"shutterset\"><img loading=\"lazy\" decoding=\"async\" src=\"https:\/\/ddrheinrich.com\/de\/wp-content\/uploads\/sites\/2\/oeqm-zertifikat-2025-275x389.jpg\" alt=\"\u00d6QM\u00ae-Zertifikat Qualit\u00e4tsmanagement in der Arztpraxis\" width=\"275\" height=\"389\" class=\"ngg-singlepic alignright ausstellen dropshadow size-thumbnail wp-image-13523\" srcset=\"https:\/\/ddrheinrich.com\/de\/wp-content\/uploads\/sites\/2\/oeqm-zertifikat-2025-275x389.jpg 275w, https:\/\/ddrheinrich.com\/de\/wp-content\/uploads\/sites\/2\/oeqm-zertifikat-2025-550x778.jpg 550w, https:\/\/ddrheinrich.com\/de\/wp-content\/uploads\/sites\/2\/oeqm-zertifikat-2025.jpg 650w\" sizes=\"auto, (max-width: 275px) 100vw, 275px\" \/><\/a>Als erste Ordination \u00d6sterreichs mit den Behandlungsschwerpunkten Verj\u00fcngung, Regeneration und Optimierung des K\u00f6rpers hat DDr.&nbsp;Karl-Georg Heinrich das \u00d6QM\u00ae-Zertifikat f\u00fcr seine herausragende Praxisorganisation erhalten.<\/p>\n<h2>\u00d6sterreichisches Qualit\u00e4tsmanagementsystem<\/h2>\n<p>\u00d6QM\u00ae steht f\u00fcr \u00d6sterreichisches Qualit\u00e4tsmanagementsystem und wurde im Auftrag der \u00d6sterreichischen \u00c4rztekammer entwickelt.<\/p>\n<p>Die fundierte Implementierung des ganzheitlichen F\u00fchrungskonzepts des \u00d6QM\u00ae gew\u00e4hrleistet, dass interne Strukturen, der gesamte Patientenkontakt und Schnittstellen zu externen Partnern in einem qualit\u00e4tsvollen Ma\u00dfe organisiert, \u00fcberpr\u00fcft und verbessert werden.<\/p>\n<h2>Garant f\u00fcr h\u00f6chste Standards<\/h2>\n<p>Das \u00d6QM\u00ae-G\u00fctesiegel steht als Garant f\u00fcr h\u00f6chste Standards:<\/p>\n<ul>\n<li>Medizinische Qualit\u00e4t<\/li>\n<li>Patientenorientierung<\/li>\n<li>Datenschutz, Aufkl\u00e4rung und Patientendokumentation<\/li>\n<li>Sicherheit<\/li>\n<li>Fortbildung und Personalqualifizierung<\/li>\n<li>Kontinuierlicher Verbesserungsprozess (KVP)<\/li>\n<\/ul>\n<h2>Ihre Sicherheit hat Vorrang<\/h2>\n<p>Ihr Wohl steht bei uns an erster Stelle. Mit Sorgfalt, Pr\u00e4zision und Gewissenhaftigkeit danken wir Ihnen f\u00fcr Ihr Vertrauen in unsere medizinische Fachkompetenz.<\/p>\n","protected":false},"excerpt":{"rendered":"<p>Als erste Ordination \u00d6sterreichs mit den Behandlungsschwerpunkten Verj\u00fcngung, Regeneration und Optimierung des K\u00f6rpers hat DDr.&nbsp;Karl-Georg Heinrich das \u00d6QM\u00ae-Zertifikat f\u00fcr seine herausragende Praxisorganisation erhalten. \u00d6sterreichisches Qualit\u00e4tsmanagementsystem \u00d6QM\u00ae steht f\u00fcr \u00d6sterreichisches Qualit\u00e4tsmanagementsystem und wurde im Auftrag der \u00d6sterreichischen \u00c4rztekammer entwickelt. Die fundierte Implementierung des ganzheitlichen F\u00fchrungskonzepts des \u00d6QM\u00ae gew\u00e4hrleistet, dass interne Strukturen, der gesamte Patientenkontakt und Schnittstellen [&hellip;]<\/p>\n","protected":false},"author":6,"featured_media":0,"parent":10651,"menu_order":0,"comment_status":"open","ping_status":"closed","template":"","meta":{"footnotes":""},"class_list":["post-10877","page","type-page","status-publish","hentry"],"_links":{"self":[{"href":"https:\/\/ddrheinrich.com\/de\/wp-json\/wp\/v2\/pages\/10877","targetHints":{"allow":["GET"]}}],"collection":[{"href":"https:\/\/ddrheinrich.com\/de\/wp-json\/wp\/v2\/pages"}],"about":[{"href":"https:\/\/ddrheinrich.com\/de\/wp-json\/wp\/v2\/types\/page"}],"author":[{"embeddable":true,"href":"https:\/\/ddrheinrich.com\/de\/wp-json\/wp\/v2\/users\/6"}],"replies":[{"embeddable":true,"href":"https:\/\/ddrheinrich.com\/de\/wp-json\/wp\/v2\/comments?post=10877"}],"version-history":[{"count":13,"href":"https:\/\/ddrheinrich.com\/de\/wp-json\/wp\/v2\/pages\/10877\/revisions"}],"predecessor-version":[{"id":13539,"href":"https:\/\/ddrheinrich.com\/de\/wp-json\/wp\/v2\/pages\/10877\/revisions\/13539"}],"up":[{"embeddable":true,"href":"https:\/\/ddrheinrich.com\/de\/wp-json\/wp\/v2\/pages\/10651"}],"wp:attachment":[{"href":"https:\/\/ddrheinrich.com\/de\/wp-json\/wp\/v2\/media?parent=10877"}],"curies":[{"name":"wp","href":"https:\/\/api.w.org\/{rel}","templated":true}]}}