{"id":108,"date":"2010-09-20T20:05:09","date_gmt":"2010-09-20T18:05:09","guid":{"rendered":"http:\/\/ddrheinrich.com\/?page_id=108"},"modified":"2017-12-09T17:34:16","modified_gmt":"2017-12-09T16:34:16","slug":"stammzellen","status":"publish","type":"page","link":"https:\/\/ddrheinrich.com\/de\/behandlungen\/gesicht-haut-haar\/stammzellen\/","title":{"rendered":"Stammzellen"},"content":{"rendered":"<p><img loading=\"lazy\" decoding=\"async\" class=\"alignright ausstellen dropshadow size-full wp-image-11876\" src=\"https:\/\/ddrheinrich.com\/de\/wp-content\/uploads\/sites\/2\/gesicht-haut-haar-stammzellen.jpg\" alt=\"\" width=\"275\" height=\"226\" srcset=\"https:\/\/ddrheinrich.com\/de\/wp-content\/uploads\/sites\/2\/gesicht-haut-haar-stammzellen.jpg 275w, https:\/\/ddrheinrich.com\/de\/wp-content\/uploads\/sites\/2\/gesicht-haut-haar-stammzellen-200x164.jpg 200w\" sizes=\"auto, (max-width: 275px) 100vw, 275px\" \/>K\u00f6rpereigenes Fett ist der \u201eGrundstoff\u201c f\u00fcr nat\u00fcrliche Behandlungen zur Regeneration von Gesicht und Haut und zur Anregung von neuem Haarwuchs. Im k\u00f6rpereigenen Fett befinden sich Stammzellen, die ein bemerkenswertes regeneratives Potential bergen. Je nach Behandlungsart und Behandlungsziel verwenden wir entweder K\u00f6rperfett oder die aus K\u00f6rperfett gewonnenen Stammzellen, Kombinationen sind ebenfalls m\u00f6glich.<\/p>\n<h2>Behandlungen mit der Kraft k\u00f6rpereigener Ressourcen<\/h2>\n<p>Behandlungen mit K\u00f6rperfett bzw. den darin enthaltenen k\u00f6rpereigenen Stammzellen eignen sich besonders zur Gesichtsverj\u00fcngung, Faltenbehandlung und Korrektur von Volumsdefiziten, Unebenheiten und Dellen an Oberschenkeln, Ges\u00e4\u00df, Bauch und anderen K\u00f6rperregionen. Auch H\u00e4nde und Dekolletee lassen sich sichtbar verj\u00fcngen.<\/p>\n<p>K\u00f6rpereigene Stammzellen k\u00f6nnen auch sch\u00fcttere Haare zu neuem Wuchs anregen. Diesbez\u00fcglich empfiehlt sich das Verfahren vor allem zur Behandlung von Regionen, an denen noch Haarwuchs besteht.<\/p>\n<h2>Regeneration und Verj\u00fcngung durch Nutzung des k\u00f6rpereigenen Potentials<\/h2>\n<div class=\"ausstellen alignright overlap quote\">\n<blockquote><p>Das Stammzell-Facelift von DDr.&nbsp;Heinrich hat bei mir sehr gut gewirkt. Seitdem werde ich st\u00e4ndig auf mein erholtes und j\u00fcngeres Aussehen angesprochen und das genie\u00dfe ich sehr.<\/p><\/blockquote>\n<\/div>\n<p>Stammzellen werden aus dem abgesaugten K\u00f6rperfett gewonnen und nach spezieller Aufbereitung zur Regeneration des Unterhautgewebes von Gesicht und K\u00f6rper verwendet. Im Gegensatz zu allen anderen F\u00fcllmaterialien (\u201eFillern\u201c) haben Stammzellen eine stark verj\u00fcngende und regenerierende Wirkung auf die behandelten Areale.<\/p>\n<p>Verlorenes Volumen an der Kinnlinie und im Augenbereich oder anderen K\u00f6rperstellen wird durch sanftes Auff\u00fcllen mit K\u00f6rperfett wiederhergestellt (sogenanntes Lipofilling bzw. Eigenfetttransfer). Im Gegensatz zu k\u00fcnstlichen F\u00fcllstoffen (z.B. Silikon) ist Ihr K\u00f6rperfett zu 100 Prozent Ihr k\u00f6rpereigenes \u201eMaterial\u201c.<\/p>\n<p class=\"ausstellen\">\n<a href=\"https:\/\/ddrheinrich.com\/de\/wp-content\/uploads\/sites\/2\/galleries\/gesicht-haut-haar\/ddrheinrich-gesicht-haut-haar-1.jpg\" title=\"&lt;strong&gt;Hautregeneration mit Stammzellen an den H\u00e4nden.&lt;\/strong&gt; Links: Vorher. Rechts: Nachher.\" class=\"shutterset_singlepic483\" >\n\t<img decoding=\"async\" loading=\"lazy\" class=\"ngg-singlepic\" src=\"https:\/\/ddrheinrich.com\/de\/wp-content\/uploads\/sites\/2\/galleries\/cache\/483__275x_ddrheinrich-gesicht-haut-haar-1.jpg\" alt=\"Hautregeneration mit Stammzellen an den H\u00e4nden\" title=\"Hautregeneration mit Stammzellen an den H\u00e4nden\" \/>\n<\/a>\n<\/p>\n<p class=\"ausstellen remark\">Das Nachher-Foto gibt das tats\u00e4chlich erzielte Behandlungsergebnis wieder. Zum Schutz der Anonymit\u00e4t der dargestellten Person k\u00f6nnen individuelle physische Besonderheiten (z.B. Muttermale, Tattoos) entfernt worden sein.<\/p>\n<p>Behandlungen zur Gesichtsverj\u00fcngung k\u00f6nnen z.B. auch mit einer <a href=\"https:\/\/ddrheinrich.com\/de\/behandlungen\/fettabsaugung\/gesicht-kinn\/\">Gesichtsliposkulptur<\/a> kombiniert werden. Dabei werden die Fettpolster im Wangen- oder Hals- und Kinnbereich (z.B. Doppelkinn) durch Absaugung mit speziellen Gesichtsmikrokan\u00fclen in Form gebracht. In der Folge wird je nach Indikation das Gesicht mit stammzellangereichertem Eigenfett geformt oder Unregelm\u00e4\u00dfigkeiten werden ausgeglichen. Dies bewirkt eine deutliche Verj\u00fcngung und Straffung im Wangen- und Halsbereich, ohne dass ein puppenhafter, unnat\u00fcrlicher Gesichtsausdruck entst\u00fcnde. Der Vorteil gegen\u00fcber der herk\u00f6mmlichen Verwendung von Eigenfett als \u201eFiller\u201c ist die bessere Haltbarkeit, weil aus den Stammzellen reife, lebensf\u00e4hige Fett- und Hautzellen entstehen.<\/p>\n<p>Zus\u00e4tzlich oder alternativ empfehlen wir unseren Patientinnen und Patienten allgemein regenerierende Behandlungen, wie z.B. <a href=\"https:\/\/ddrheinrich.com\/de\/behandlungen\/regenerative-therapien\/hormonal-regeneration\/\">Hormonal Regeneration\u00ae by DDr.&nbsp;Heinrich<\/a>.<\/p>\n","protected":false},"excerpt":{"rendered":"<p>K\u00f6rpereigenes Fett ist der \u201eGrundstoff\u201c f\u00fcr nat\u00fcrliche Behandlungen zur Regeneration von Gesicht und Haut und zur Anregung von neuem Haarwuchs. Im k\u00f6rpereigenen Fett befinden sich Stammzellen, die ein bemerkenswertes regeneratives Potential bergen. Je nach Behandlungsart und Behandlungsziel verwenden wir entweder K\u00f6rperfett oder die aus K\u00f6rperfett gewonnenen Stammzellen, Kombinationen sind ebenfalls m\u00f6glich. Behandlungen mit der Kraft [&hellip;]<\/p>\n","protected":false},"author":6,"featured_media":0,"parent":25,"menu_order":0,"comment_status":"closed","ping_status":"closed","template":"page-detail.php","meta":{"footnotes":""},"class_list":["post-108","page","type-page","status-publish","hentry"],"_links":{"self":[{"href":"https:\/\/ddrheinrich.com\/de\/wp-json\/wp\/v2\/pages\/108","targetHints":{"allow":["GET"]}}],"collection":[{"href":"https:\/\/ddrheinrich.com\/de\/wp-json\/wp\/v2\/pages"}],"about":[{"href":"https:\/\/ddrheinrich.com\/de\/wp-json\/wp\/v2\/types\/page"}],"author":[{"embeddable":true,"href":"https:\/\/ddrheinrich.com\/de\/wp-json\/wp\/v2\/users\/6"}],"replies":[{"embeddable":true,"href":"https:\/\/ddrheinrich.com\/de\/wp-json\/wp\/v2\/comments?post=108"}],"version-history":[{"count":11,"href":"https:\/\/ddrheinrich.com\/de\/wp-json\/wp\/v2\/pages\/108\/revisions"}],"predecessor-version":[{"id":12149,"href":"https:\/\/ddrheinrich.com\/de\/wp-json\/wp\/v2\/pages\/108\/revisions\/12149"}],"up":[{"embeddable":true,"href":"https:\/\/ddrheinrich.com\/de\/wp-json\/wp\/v2\/pages\/25"}],"wp:attachment":[{"href":"https:\/\/ddrheinrich.com\/de\/wp-json\/wp\/v2\/media?parent=108"}],"curies":[{"name":"wp","href":"https:\/\/api.w.org\/{rel}","templated":true}]}}