{"id":10651,"date":"2015-03-11T15:03:14","date_gmt":"2015-03-11T14:03:14","guid":{"rendered":"http:\/\/ddrheinrich.com\/?page_id=10651"},"modified":"2025-10-20T16:07:15","modified_gmt":"2025-10-20T14:07:15","slug":"qualitaetsmanagement","status":"publish","type":"page","link":"https:\/\/ddrheinrich.com\/de\/qualitaetsmanagement\/","title":{"rendered":"Qualit\u00e4t"},"content":{"rendered":"<div class=\"alignright ausstellen\">\n<p class=\"\"><a href=\"https:\/\/ddrheinrich.com\/de\/wp-content\/uploads\/sites\/2\/oeqmed-zertifikat-2021.jpg\" class=\"shutter\"><img loading=\"lazy\" decoding=\"async\" src=\"https:\/\/ddrheinrich.com\/de\/wp-content\/uploads\/sites\/2\/oeqmed-zertifikat-2021-275x194.jpg\" alt=\"\u00d6QMed-Zertifikat Qualit\u00e4tssicherungsverordnung 2018\" width=\"275\" height=\"194\" class=\"alignnone dropshadow size-thumbnail wp-image-13535\" srcset=\"https:\/\/ddrheinrich.com\/de\/wp-content\/uploads\/sites\/2\/oeqmed-zertifikat-2021-275x194.jpg 275w, https:\/\/ddrheinrich.com\/de\/wp-content\/uploads\/sites\/2\/oeqmed-zertifikat-2021-550x389.jpg 550w, https:\/\/ddrheinrich.com\/de\/wp-content\/uploads\/sites\/2\/oeqmed-zertifikat-2021-800x565.jpg 800w, https:\/\/ddrheinrich.com\/de\/wp-content\/uploads\/sites\/2\/oeqmed-zertifikat-2021.jpg 920w\" sizes=\"auto, (max-width: 275px) 100vw, 275px\" \/><\/a><\/p>\n<p class=\"\"><a href=\"https:\/\/www.oeqmed.at\/oeqm\" target=\"_blank\"><img loading=\"lazy\" decoding=\"async\" class=\"alignnone dropshadow size-full wp-image-10913\" src=\"https:\/\/ddrheinrich.com\/de\/wp-content\/uploads\/sites\/2\/oeqm-guetesiegel.png\" alt=\"\u00d6QM\u00ae-G\u00fctesiegel\" width=\"275\" height=\"268\" srcset=\"https:\/\/ddrheinrich.com\/de\/wp-content\/uploads\/sites\/2\/oeqm-guetesiegel.png 275w, https:\/\/ddrheinrich.com\/de\/wp-content\/uploads\/sites\/2\/oeqm-guetesiegel-200x195.png 200w\" sizes=\"auto, (max-width: 275px) 100vw, 275px\" \/><\/a><\/p>\n<p class=\"\">\n<a href=\"https:\/\/ddrheinrich.com\/de\/wp-content\/uploads\/sites\/2\/galleries\/zertifikate\/dfp-fortbildungsdiplom-2017.jpg\" title=\"\" class=\"shutterset_singlepic694\" >\n\t<img decoding=\"async\" loading=\"lazy\" class=\"ngg-singlepic\" src=\"https:\/\/ddrheinrich.com\/de\/wp-content\/uploads\/sites\/2\/galleries\/cache\/694__275x_dfp-fortbildungsdiplom-2017.jpg\" alt=\"DFP-Fortbildungsdiplom\" title=\"DFP-Fortbildungsdiplom\" \/>\n<\/a>\n<\/p>\n<\/div>\n<p>Qualit\u00e4tssicherung und Qualit\u00e4tsmanagement sind Voraussetzung f\u00fcr die Erf\u00fcllung h\u00f6chster medizinischer Anspr\u00fcche.<\/p>\n<p>Die gesetzlichen Hygienevorschriften sind f\u00fcr uns nur die Basis unserer Hygiene- und Qualit\u00e4tskriterien. Unser Anspruch ist es, unseren Patienten\/innen medizinische Leistungen auf bestem Niveau zu bieten. Das schlie\u00dft selbstverst\u00e4ndlich die h\u00f6chsten Standards bei medizinischer Hygiene ein.<\/p>\n<p>Fast all unsere Behandlungen erfordern die Gewinnung von K\u00f6rperfett durch Fettsabsaugung. Sei es, um das K\u00f6rperfett oder die darin enthaltenen Stammzellen therapeutisch zu verwenden, oder sei es, dass K\u00f6rperfett zwecks Figurformung abgesaugt wird. Einrichtungen, die Fettabsaugungen anbieten, gibt es viele. Um Ihren h\u00f6chsten Erwartungen gerecht zu werden, arbeiten wir kontinuierlich an der Qualit\u00e4tssicherung und Optimierung aller internen Prozesse.<\/p>\n<p>Unter Beiziehung von Hygienefachkr\u00e4ften und juristischen Experten haben wir eigene Standards entwickelt, die alle medizinischen und administrativen Aufgabengebiete umfassen. Die kontinuierliche interne und regelm\u00e4\u00dfige externe \u00dcberpr\u00fcfung all dieser Qualit\u00e4tsprozesse wurde in unseren Praxisalltag implementiert.<\/p>\n<h2>Unser Anspruch: H\u00f6chste Qualit\u00e4t<\/h2>\n<p>Die konsequente Umsetzung all dieser Ma\u00dfnahmen erfordert qualifiziertes Personal, kontinuierliche Schulung durch interne und externe Fachkr\u00e4fte, Qualit\u00e4tsbewusstsein und Sorgfalt bei der Medizinprodukteauswahl sowie Auslagerung gewisser Prozesse an spezialisierte Facheinrichtungen.<\/p>\n<ul>\n<li>Standardisierte Behandlungsanweisungen als Garantie gleichbleibender Qualit\u00e4tsstandards<\/li>\n<li>Hygienemanagement<\/li>\n<li>Sicherheit, Modernit\u00e4t und regelm\u00e4\u00dfige sicherheitstechnische \u00dcberpr\u00fcfung aller medizinischen Ger\u00e4te<\/li>\n<li>CE-zertifizierte Medizinprodukte<\/li>\n<li>Validierte Wiederaufbereitung des chirurgischen Instrumentariums durch spezialisierte Facheinrichtung<\/li>\n<li>Hochqualifizierte Mitarbeiter\/innen<\/li>\n<li>Datenschutz, Verschwiegenheit und Geheimhaltung<\/li>\n<li>Aufkl\u00e4rung und Dokumentation<\/li>\n<li>Erhebung und Evaluierung der Patientenzufriedenheit<\/li>\n<li>Lagerhaltung und Bestellwesen<\/li>\n<\/ul>\n<p>Diese Auflistung ist nicht vollst\u00e4ndig, zeigt aber, wie umfangreich unsere laufenden Qualit\u00e4tskon\u00adtrollen sind, um unser Ziel zu erreichen:<\/p>\n<p class=\"slogan\">Bestm\u00f6gliche Qualit\u00e4t Ihrer medizinischen Behandlung<\/p>\n","protected":false},"excerpt":{"rendered":"<p>Qualit\u00e4tssicherung und Qualit\u00e4tsmanagement sind Voraussetzung f\u00fcr die Erf\u00fcllung h\u00f6chster medizinischer Anspr\u00fcche. Die gesetzlichen Hygienevorschriften sind f\u00fcr uns nur die Basis unserer Hygiene- und Qualit\u00e4tskriterien. Unser Anspruch ist es, unseren Patienten\/innen medizinische Leistungen auf bestem Niveau zu bieten. Das schlie\u00dft selbstverst\u00e4ndlich die h\u00f6chsten Standards bei medizinischer Hygiene ein. Fast all unsere Behandlungen erfordern die Gewinnung von [&hellip;]<\/p>\n","protected":false},"author":6,"featured_media":0,"parent":0,"menu_order":3,"comment_status":"closed","ping_status":"closed","template":"","meta":{"footnotes":""},"class_list":["post-10651","page","type-page","status-publish","hentry"],"_links":{"self":[{"href":"https:\/\/ddrheinrich.com\/de\/wp-json\/wp\/v2\/pages\/10651","targetHints":{"allow":["GET"]}}],"collection":[{"href":"https:\/\/ddrheinrich.com\/de\/wp-json\/wp\/v2\/pages"}],"about":[{"href":"https:\/\/ddrheinrich.com\/de\/wp-json\/wp\/v2\/types\/page"}],"author":[{"embeddable":true,"href":"https:\/\/ddrheinrich.com\/de\/wp-json\/wp\/v2\/users\/6"}],"replies":[{"embeddable":true,"href":"https:\/\/ddrheinrich.com\/de\/wp-json\/wp\/v2\/comments?post=10651"}],"version-history":[{"count":25,"href":"https:\/\/ddrheinrich.com\/de\/wp-json\/wp\/v2\/pages\/10651\/revisions"}],"predecessor-version":[{"id":13540,"href":"https:\/\/ddrheinrich.com\/de\/wp-json\/wp\/v2\/pages\/10651\/revisions\/13540"}],"wp:attachment":[{"href":"https:\/\/ddrheinrich.com\/de\/wp-json\/wp\/v2\/media?parent=10651"}],"curies":[{"name":"wp","href":"https:\/\/api.w.org\/{rel}","templated":true}]}}