{"id":106,"date":"2010-09-20T20:04:13","date_gmt":"2010-09-20T18:04:13","guid":{"rendered":"http:\/\/ddrheinrich.com\/?page_id=106"},"modified":"2023-02-22T15:17:20","modified_gmt":"2023-02-22T14:17:20","slug":"bioidentische-hormone","status":"publish","type":"page","link":"https:\/\/ddrheinrich.com\/de\/behandlungen\/regenerative-therapien\/bioidentische-hormone\/","title":{"rendered":"Hormone"},"content":{"rendered":"<p><img loading=\"lazy\" decoding=\"async\" class=\"alignright ausstellen dropshadow portrait size-full wp-image-12183\" src=\"https:\/\/ddrheinrich.com\/de\/wp-content\/uploads\/sites\/2\/bioidentische-hormone.jpg\" alt=\"\" width=\"275\" height=\"396\" srcset=\"https:\/\/ddrheinrich.com\/de\/wp-content\/uploads\/sites\/2\/bioidentische-hormone.jpg 275w, https:\/\/ddrheinrich.com\/de\/wp-content\/uploads\/sites\/2\/bioidentische-hormone-139x200.jpg 139w, https:\/\/ddrheinrich.com\/de\/wp-content\/uploads\/sites\/2\/bioidentische-hormone-222x320.jpg 222w\" sizes=\"auto, (max-width: 275px) 100vw, 275px\" \/>Hormone sind wesentlich f\u00fcr unser allgemeines Wohlbefinden, unsere Leistungsf\u00e4higkeit und Vitalit\u00e4t. Unser Immunsystem, unser Ged\u00e4chtnis, unser ganzer K\u00f6rper funktioniert nur, wenn die Hormonspiegel ausgewogen sind.<\/p>\n<p>Mehrfachbelastungen, (Dauer-)Stress, ein auslaugender Lebensstil und schlechte Ern\u00e4hrung beeintr\u00e4chtigen unsere nat\u00fcrliche Hormonproduktion und beschleunigen die Abnutzung. Die Folge sind Leistungsabfall, (chronische) Ersch\u00f6pfung, Burnout, Lustlosigkeit, Konzentrationsm\u00e4ngel, depressive Verstimmung, vorzeitige Alterung etc.<\/p>\n<h2>Balance durch bioidente Hormone und Organextrakte<\/h2>\n<p>Die Hormonal Regeneration\u00ae by DDr.&nbsp;Heinrich, eine Bioidentical Hormone Replacement Therapy (BHRT), kann Abhilfe bringen. Hormonelle Regeneration regeneriert den K\u00f6rper von innen nach au\u00dfen.<\/p>\n<p>Zuerst erfolgt die genaue Erhebung Ihres hormonellen und gesundheitlichen Status. Dazu geh\u00f6ren \u00e4rztliche Untersuchung, Erhebung von Blutwerten und Hormonbefunden, Analyse Ihrer Ern\u00e4hrungsgewohnheiten und eine spezielle Anamnese, die uns die Hormonaktivit\u00e4t in Ihrem K\u00f6rper einsch\u00e4tzen l\u00e4sst.<\/p>\n<p>Auf der Basis dieser Erhebungen k\u00f6nnen wir R\u00fcckschl\u00fcsse ziehen, wie es um Ihre Gesundheit und Ihr biologisches Alter bestellt ist. Nun lassen sich in gewissen Grenzen gesundheitliche Schwachstellen erkennen, wir erstellen eine Prognose, wie Sie in den folgenden Jahren \u2013 analog zum weiteren Absinken Ihrer Hormonspiegel \u2013 aller Voraussicht nach altern werden.<\/p>\n<h2>Ma\u00dfgeschneiderter Behandlungsplan<\/h2>\n<div class=\"alignright ausstellen overlap quote\">\n<blockquote><p>Nach 3 Monaten: Haarausfall gestoppt, Gesichtshaut straffer, k\u00f6rperliche Belastungen \u2192 k\u00fcrzere Regenerationszeit, gr\u00f6\u00dfere Stresstoleranz. Erholsamerer Schlaf ohne Aufwachen (8 bis 9 Stunden). Trockene Schleimh\u00e4ute geh\u00f6ren der Vergangenheit an. Muskelzuwachs durch Sport, deshalb etwas mehr Gewicht. Libido wieder erh\u00f6ht. Positiver seelischer Zustand \u2013 ausgeglichen, zufrieden, positiv gestimmt. Gelenksschmerzen keine mehr.<\/p>\n<footer><cite>E. L.<\/cite><\/footer>\n<\/blockquote>\n<\/div>\n<p>Gemeinsam definieren wir Ihr therapeutisches Ziel und erstellen einen Behandlungsplan.<\/p>\n<p>Jede Hormonal Regeneration\u00ae by DDr.&nbsp;Heinrich ist ma\u00dfgeschneidert und individuell wie Ihr K\u00f6rper. Wir empfehlen, soweit erh\u00e4ltlich, ausschlie\u00dflich bioidentische Hormone, die unseren menschlichen Hormonen im chemischen Aufbau gleichen. Organst\u00e4rkende Extrakte kr\u00e4ftigen und regenerieren zus\u00e4tzlich.<\/p>\n<p>Die Hormonal Regeneration\u00ae by DDr.&nbsp;Heinrich dauert meist entweder 3 oder 6 Zyklen (1 Zyklus = 4 Wochen). Auffrischungen und Wiederholungen werden je nach Bedarf individuell festgelegt. Spezielle Therapieprogramme gibt es f\u00fcr bestimmte Therapieziele, z.B. \u00dcbergewicht.<\/p>\n\n<div class=\"ngg-galleryoverview\" id=\"ngg-gallery-10-106\">\n\n\n\t\n\t<!-- Thumbnails -->\n\t\t\n\t<div id=\"ngg-image-127\" class=\"ngg-gallery-thumbnail-box\"  >\n\t\t<div class=\"ngg-gallery-thumbnail\" >\n\t\t\t<a href=\"https:\/\/ddrheinrich.com\/de\/wp-content\/uploads\/sites\/2\/galleries\/bioidentische-hormone\/ddrheinrich-bioidentische-hormone-1.jpg\" title=\"&lt;strong&gt;Hormonal Regeneration\u00ae by DDr. Heinrich an einer Patientin (51).&lt;\/strong&gt; Links: Vorher. Rechts: Nachher.\" class=\"shutterset_set_10\" >\n\t\t\t\t\t\t\t\t<img decoding=\"async\" loading=\"lazy\" title=\"Hormonal Regeneration\u00ae by DDr. Heinrich an einer Patientin (51)\" alt=\"Hormonal Regeneration\u00ae by DDr. Heinrich an einer Patientin (51)\" src=\"https:\/\/ddrheinrich.com\/de\/wp-content\/uploads\/sites\/2\/galleries\/bioidentische-hormone\/thumbs\/thumbs_ddrheinrich-bioidentische-hormone-1.jpg\" width=\"250\" height=\"137\" \/>\n\t\t\t\t\t\t\t<\/a>\n\t\t<\/div>\n\t<\/div>\n\t\n\t\t\n \t \t\n\t<!-- Pagination -->\n \t<div class='ngg-clear'><\/div>\n \t\n<\/div>\n\n\n<p class=\"remark\">S\u00e4mtliche Nachher-Fotos geben das tats\u00e4chlich erzielte Behandlungsergebnis wieder. Zum Schutz der Anonymit\u00e4t der dargestellten Personen k\u00f6nnen individuelle physische Besonderheiten (z.B. Muttermale, Tattoos) entfernt worden sein.<\/p>\n","protected":false},"excerpt":{"rendered":"<p>Hormone sind wesentlich f\u00fcr unser allgemeines Wohlbefinden, unsere Leistungsf\u00e4higkeit und Vitalit\u00e4t. Unser Immunsystem, unser Ged\u00e4chtnis, unser ganzer K\u00f6rper funktioniert nur, wenn die Hormonspiegel ausgewogen sind. Mehrfachbelastungen, (Dauer-)Stress, ein auslaugender Lebensstil und schlechte Ern\u00e4hrung beeintr\u00e4chtigen unsere nat\u00fcrliche Hormonproduktion und beschleunigen die Abnutzung. Die Folge sind Leistungsabfall, (chronische) Ersch\u00f6pfung, Burnout, Lustlosigkeit, Konzentrationsm\u00e4ngel, depressive Verstimmung, vorzeitige Alterung etc. [&hellip;]<\/p>\n","protected":false},"author":6,"featured_media":0,"parent":16,"menu_order":1,"comment_status":"closed","ping_status":"closed","template":"page-detail.php","meta":{"footnotes":""},"class_list":["post-106","page","type-page","status-publish","hentry"],"_links":{"self":[{"href":"https:\/\/ddrheinrich.com\/de\/wp-json\/wp\/v2\/pages\/106","targetHints":{"allow":["GET"]}}],"collection":[{"href":"https:\/\/ddrheinrich.com\/de\/wp-json\/wp\/v2\/pages"}],"about":[{"href":"https:\/\/ddrheinrich.com\/de\/wp-json\/wp\/v2\/types\/page"}],"author":[{"embeddable":true,"href":"https:\/\/ddrheinrich.com\/de\/wp-json\/wp\/v2\/users\/6"}],"replies":[{"embeddable":true,"href":"https:\/\/ddrheinrich.com\/de\/wp-json\/wp\/v2\/comments?post=106"}],"version-history":[{"count":13,"href":"https:\/\/ddrheinrich.com\/de\/wp-json\/wp\/v2\/pages\/106\/revisions"}],"predecessor-version":[{"id":13442,"href":"https:\/\/ddrheinrich.com\/de\/wp-json\/wp\/v2\/pages\/106\/revisions\/13442"}],"up":[{"embeddable":true,"href":"https:\/\/ddrheinrich.com\/de\/wp-json\/wp\/v2\/pages\/16"}],"wp:attachment":[{"href":"https:\/\/ddrheinrich.com\/de\/wp-json\/wp\/v2\/media?parent=106"}],"curies":[{"name":"wp","href":"https:\/\/api.w.org\/{rel}","templated":true}]}}