{"id":10568,"date":"2015-02-23T14:10:39","date_gmt":"2015-02-23T13:10:39","guid":{"rendered":"http:\/\/ddrheinrich.com\/?page_id=10568"},"modified":"2023-02-22T15:19:26","modified_gmt":"2023-02-22T14:19:26","slug":"infusionen","status":"publish","type":"page","link":"https:\/\/ddrheinrich.com\/de\/behandlungen\/regenerative-therapien\/infusionen\/","title":{"rendered":"Infusionen"},"content":{"rendered":"<p><img loading=\"lazy\" decoding=\"async\" class=\"alignright ausstellen dropshadow portrait size-full wp-image-12171\" src=\"https:\/\/ddrheinrich.com\/de\/wp-content\/uploads\/sites\/2\/infusionen.jpg\" alt=\"\" width=\"275\" height=\"349\" srcset=\"https:\/\/ddrheinrich.com\/de\/wp-content\/uploads\/sites\/2\/infusionen.jpg 275w, https:\/\/ddrheinrich.com\/de\/wp-content\/uploads\/sites\/2\/infusionen-158x200.jpg 158w, https:\/\/ddrheinrich.com\/de\/wp-content\/uploads\/sites\/2\/infusionen-252x320.jpg 252w\" sizes=\"auto, (max-width: 275px) 100vw, 275px\" \/>Ein stressiger Alltag mit wenig Zeit f\u00fcr Erholung kann rasch an unseren Kr\u00e4ften zehren. Schnelle Mahlzeiten und zu viel S\u00fc\u00dfigkeiten belasten unseren K\u00f6rper. M\u00fcdigkeit, Vitalit\u00e4tsverlust und schwache Nerven sind m\u00f6gliche Folgen. Bei diesen Belastungen k\u00f6nnen unterschiedliche Infusionskuren Erleichterung verschaffen. Wir bieten folgende Infusionstherapien zur Wiederherstellung Ihres Wohlbefindens an:<\/p>\n<h2>Myers\u2019 Cocktail gegen M\u00fcdigkeit<\/h2>\n<p>Der amerikanische Arzt Dr. Myers entwickelte den \u201eMyers\u2019 Cocktail\u201c. Er ist reich an Vitaminen und Mineralstoffen und soll einer Vielzahl von Krankheiten vorbeugen. Allgemein soll er uns zu mehr Kraft und Vitalit\u00e4t im Alltag verhelfen.<\/p>\n<p>Intraven\u00f6s verabreicht wirkt dieser Cocktail aus Calcium, Magnesium, Vitamin B und Vitamin C unter anderem gegen Migr\u00e4ne, Asthma, chronischer M\u00fcdigkeit, Fibromyalgie, Infektionen der Atemwege, chronischer Sinusitis, saisonaler allergischer Rhinitis und Herz-Kreislauf-Erkrankungen.<\/p>\n<p>Diese Vitamine und Mineralstoffe werden nur unzureichend \u00fcber die Nahrung zugef\u00fchrt, deshalb werden sie bei dieser Infusionstherapie intraven\u00f6s verabreicht.<\/p>\n<h2>Alpha-Lipons\u00e4ure-Infusionen zum \u201eAusputzen\u201c von Zuckerablagerungen<\/h2>\n<div class=\"ausstellen alignright overlap quote\">\n<blockquote><p>Die perfekte Auszeit vom B\u00fcrostress w\u00e4hrend der Mittagspause. Ich f\u00fchle mich gest\u00e4rkt und energiegeladen.<\/p>\n<footer><cite>Frau Dr. K.<\/cite><\/footer>\n<\/blockquote>\n<\/div>\n<p>Uns allen ist bewusst, dass \u00fcberm\u00e4\u00dfige zucker- oder s\u00fc\u00dfstoffhaltige Nahrungsmittel einen sch\u00e4digenden Effekt auf unseren K\u00f6rper haben. Doch gerade in Zeiten von Stress ist die Versuchung oft zu gro\u00df, ein kleines St\u00fcck Schokolade zu naschen und dann noch eines und noch eines.<\/p>\n<p>Das starke Antioxidans Alpha-Lipons\u00e4ure sch\u00fctzt nicht nur gegen zellsch\u00e4digende freie Radikale, sondern hilft, Zuckerablagerungen aus Haut, Bindegewebe und Organen abzutransportieren. Dadurch kann unerw\u00fcnschten Folgen der Zuckerablagerungen (\u201eGlycosylierung\u201c), wie vorzeitiger Gewebsalterung, vorgebeugt werden. Je nach individueller Indikation des\/der Patienten\/in k\u00f6nnen weitere therapeutische Ma\u00dfnahmen notwendig sein, insbesondere wenn sich bereits Diabetes Typ 2 manifestiert.<\/p>\n","protected":false},"excerpt":{"rendered":"<p>Ein stressiger Alltag mit wenig Zeit f\u00fcr Erholung kann rasch an unseren Kr\u00e4ften zehren. Schnelle Mahlzeiten und zu viel S\u00fc\u00dfigkeiten belasten unseren K\u00f6rper. M\u00fcdigkeit, Vitalit\u00e4tsverlust und schwache Nerven sind m\u00f6gliche Folgen. Bei diesen Belastungen k\u00f6nnen unterschiedliche Infusionskuren Erleichterung verschaffen. Wir bieten folgende Infusionstherapien zur Wiederherstellung Ihres Wohlbefindens an: Myers\u2019 Cocktail gegen M\u00fcdigkeit Der amerikanische Arzt [&hellip;]<\/p>\n","protected":false},"author":6,"featured_media":0,"parent":16,"menu_order":3,"comment_status":"closed","ping_status":"closed","template":"page-detail.php","meta":{"footnotes":""},"class_list":["post-10568","page","type-page","status-publish","hentry"],"_links":{"self":[{"href":"https:\/\/ddrheinrich.com\/de\/wp-json\/wp\/v2\/pages\/10568","targetHints":{"allow":["GET"]}}],"collection":[{"href":"https:\/\/ddrheinrich.com\/de\/wp-json\/wp\/v2\/pages"}],"about":[{"href":"https:\/\/ddrheinrich.com\/de\/wp-json\/wp\/v2\/types\/page"}],"author":[{"embeddable":true,"href":"https:\/\/ddrheinrich.com\/de\/wp-json\/wp\/v2\/users\/6"}],"replies":[{"embeddable":true,"href":"https:\/\/ddrheinrich.com\/de\/wp-json\/wp\/v2\/comments?post=10568"}],"version-history":[{"count":11,"href":"https:\/\/ddrheinrich.com\/de\/wp-json\/wp\/v2\/pages\/10568\/revisions"}],"predecessor-version":[{"id":13443,"href":"https:\/\/ddrheinrich.com\/de\/wp-json\/wp\/v2\/pages\/10568\/revisions\/13443"}],"up":[{"embeddable":true,"href":"https:\/\/ddrheinrich.com\/de\/wp-json\/wp\/v2\/pages\/16"}],"wp:attachment":[{"href":"https:\/\/ddrheinrich.com\/de\/wp-json\/wp\/v2\/media?parent=10568"}],"curies":[{"name":"wp","href":"https:\/\/api.w.org\/{rel}","templated":true}]}}