{"id":104,"date":"2010-09-20T20:03:47","date_gmt":"2010-09-20T18:03:47","guid":{"rendered":"http:\/\/ddrheinrich.com\/?page_id=104"},"modified":"2016-07-16T20:22:23","modified_gmt":"2016-07-16T18:22:23","slug":"botox-filler","status":"publish","type":"page","link":"https:\/\/ddrheinrich.com\/de\/behandlungen\/gesicht-haut-haar\/botox-filler\/","title":{"rendered":"Botox und Filler"},"content":{"rendered":"<p>Von der Faltenbehandlung mit Botox (Botulinumtoxin) ist unserer Meinung nach generell abzuraten, weil Botox die R\u00fcckbildung der Hautdr\u00fcsen bewirkt (dies ist auch der Grund, warum Botox mit Erfolg zur Behandlung bei \u00fcberm\u00e4\u00dfigem Schwitzen eingesetzt wird) und dadurch die Haut noch trockener und d\u00fcnner wird. Botox kann aber in manchen F\u00e4llen zur vor\u00fcbergehenden Mimikberuhigung (z.B. nach Eingriffen am Gesicht) sinnvoll sein.<\/p>\n<p>Das Aufspritzen von Falten mit k\u00fcnstlichen F\u00fcllstoffen (\u201eFiller\u201c) wie z.B. Hyaluron bringt zwar Volumen zur\u00fcck, ver\u00e4ndert aber nicht die Qualit\u00e4t des Hautuntergewebes. Der optische Effekt ist damit auf den Volumszuwachs begrenzt, die Qualit\u00e4t der Haut bzw. des Hautuntergewebes wird nicht verbessert. Letztlich bewirken sowohl Botox als auch \u201eFiller\u201c, dass ein puppenhafter, unnat\u00fcrlicher Gesichtsausdruck entsteht.<\/p>\n","protected":false},"excerpt":{"rendered":"<p>Von der Faltenbehandlung mit Botox (Botulinumtoxin) ist unserer Meinung nach generell abzuraten, weil Botox die R\u00fcckbildung der Hautdr\u00fcsen bewirkt (dies ist auch der Grund, warum Botox mit Erfolg zur Behandlung bei \u00fcberm\u00e4\u00dfigem Schwitzen eingesetzt wird) und dadurch die Haut noch trockener und d\u00fcnner wird. Botox kann aber in manchen F\u00e4llen zur vor\u00fcbergehenden Mimikberuhigung (z.B. nach [&hellip;]<\/p>\n","protected":false},"author":6,"featured_media":0,"parent":25,"menu_order":3,"comment_status":"closed","ping_status":"closed","template":"page-detail.php","meta":{"footnotes":""},"class_list":["post-104","page","type-page","status-publish","hentry"],"_links":{"self":[{"href":"https:\/\/ddrheinrich.com\/de\/wp-json\/wp\/v2\/pages\/104","targetHints":{"allow":["GET"]}}],"collection":[{"href":"https:\/\/ddrheinrich.com\/de\/wp-json\/wp\/v2\/pages"}],"about":[{"href":"https:\/\/ddrheinrich.com\/de\/wp-json\/wp\/v2\/types\/page"}],"author":[{"embeddable":true,"href":"https:\/\/ddrheinrich.com\/de\/wp-json\/wp\/v2\/users\/6"}],"replies":[{"embeddable":true,"href":"https:\/\/ddrheinrich.com\/de\/wp-json\/wp\/v2\/comments?post=104"}],"version-history":[{"count":1,"href":"https:\/\/ddrheinrich.com\/de\/wp-json\/wp\/v2\/pages\/104\/revisions"}],"predecessor-version":[{"id":11586,"href":"https:\/\/ddrheinrich.com\/de\/wp-json\/wp\/v2\/pages\/104\/revisions\/11586"}],"up":[{"embeddable":true,"href":"https:\/\/ddrheinrich.com\/de\/wp-json\/wp\/v2\/pages\/25"}],"wp:attachment":[{"href":"https:\/\/ddrheinrich.com\/de\/wp-json\/wp\/v2\/media?parent=104"}],"curies":[{"name":"wp","href":"https:\/\/api.w.org\/{rel}","templated":true}]}}