{"id":102,"date":"2010-09-20T20:02:45","date_gmt":"2010-09-20T18:02:45","guid":{"rendered":"http:\/\/ddrheinrich.com\/?page_id=102"},"modified":"2017-12-09T17:34:24","modified_gmt":"2017-12-09T16:34:24","slug":"wachstumsfaktoren","status":"publish","type":"page","link":"https:\/\/ddrheinrich.com\/de\/behandlungen\/gesicht-haut-haar\/wachstumsfaktoren\/","title":{"rendered":"Wachstumsfaktoren"},"content":{"rendered":"<p><img loading=\"lazy\" decoding=\"async\" class=\"alignright ausstellen dropshadow size-full wp-image-11878\" src=\"https:\/\/ddrheinrich.com\/de\/wp-content\/uploads\/sites\/2\/gesicht-haut-haar-wachstumsfaktoren.jpg\" alt=\"\" width=\"275\" height=\"195\" srcset=\"https:\/\/ddrheinrich.com\/de\/wp-content\/uploads\/sites\/2\/gesicht-haut-haar-wachstumsfaktoren.jpg 275w, https:\/\/ddrheinrich.com\/de\/wp-content\/uploads\/sites\/2\/gesicht-haut-haar-wachstumsfaktoren-200x142.jpg 200w\" sizes=\"auto, (max-width: 275px) 100vw, 275px\" \/>Als vereinfachte Alternative zur Therapie mit Stammzellen bzw. stammzellunterst\u00fctztem Fetttransfer bieten wir ein neues Verfahren mit einer Mischung aus speziell abgestimmten Wachstumsfaktoren von Hautzellen (Epidermal Growth Factors, EGF) bzw. Haarfollikelzellen (Hair Follicle Growth Factors, HFGF) an. Der verj\u00fcngende und regenerierende Effekt der Stammzellbehandlung kann mit dieser Therapie bis zu einem gewissen Grad nachgeahmt werden.<\/p>\n<p>Im Rahmen der Behandlung werden die Wachstumsfaktoren mit sehr kurzen Mikronadeln in die Haut eingebracht. Je nach Art des verwendeten Serums kann eine Hautverj\u00fcngung und -straffung, Fettreduktion und\/oder Haarwachstum erzielt werden. Neues Haarwachstum erfolgt fr\u00fchestens etwa 8 bis 12 Wochen nach der ersten Behandlung. Die Behandlung eignet sich nicht bei Vorliegen einer vollst\u00e4ndigen Glatze.<\/p>\n<p class=\"ausstellen\">\n<a href=\"https:\/\/ddrheinrich.com\/de\/wp-content\/uploads\/sites\/2\/galleries\/gesicht-haut-haar\/ddrheinrich-gesicht-haut-haar-2.jpg\" title=\"&lt;strong&gt;Haartherapie mit Wachstumsfaktoren.&lt;\/strong&gt; Links: Vorher. Rechts: Nachher.\" class=\"shutterset_singlepic493\" >\n\t<img decoding=\"async\" loading=\"lazy\" class=\"ngg-singlepic\" src=\"https:\/\/ddrheinrich.com\/de\/wp-content\/uploads\/sites\/2\/galleries\/cache\/493__275x_ddrheinrich-gesicht-haut-haar-2.jpg\" alt=\"Haartherapie mit Wachstumsfaktoren\" title=\"Haartherapie mit Wachstumsfaktoren\" \/>\n<\/a>\n<\/p>\n<p class=\"ausstellen remark\">Das Nachher-Foto gibt das tats\u00e4chlich erzielte Behandlungsergebnis wieder. Zum Schutz der Anonymit\u00e4t der dargestellten Person k\u00f6nnen individuelle physische Besonderheiten (z.B. Muttermale, Tattoos) entfernt worden sein.<\/p>\n<div class=\"quote\">\n<blockquote><p>Das Ergebnis nach 6 sehr heiteren Mesotherapien kann sich sehen lassen: Viel straffere, glattere und frischere Haut (Oberschenkel, Po, Gesicht) \u2013 um Jahre verj\u00fcngt!<\/p>\n<footer><cite>Frau P.<\/cite><\/footer>\n<\/blockquote>\n<\/div>\n<p>Diese sogenannten Micro-Needle-Mesotherapiebehandlungen mit Wachstumsfaktoren sind kosteng\u00fcnstiger als Stammzellbehandlungen. Die Behandlung ist sehr einfach und kann \u2013 nach Einschulung \u2013 oft sogar vom Patienten\/von der Patientin oder Angeh\u00f6rigen selbst zuhause durchgef\u00fchrt werden. Zus\u00e4tzlich oder alternativ empfehlen wir unseren Patientinnen und Patienten <a href=\"https:\/\/ddrheinrich.com\/de\/behandlungen\/regenerative-therapien\/hormonal-regeneration\/\">Hormonal Regeneration\u00ae by DDr.&nbsp;Heinrich<\/a>.<\/p>\n","protected":false},"excerpt":{"rendered":"<p>Als vereinfachte Alternative zur Therapie mit Stammzellen bzw. stammzellunterst\u00fctztem Fetttransfer bieten wir ein neues Verfahren mit einer Mischung aus speziell abgestimmten Wachstumsfaktoren von Hautzellen (Epidermal Growth Factors, EGF) bzw. Haarfollikelzellen (Hair Follicle Growth Factors, HFGF) an. Der verj\u00fcngende und regenerierende Effekt der Stammzellbehandlung kann mit dieser Therapie bis zu einem gewissen Grad nachgeahmt werden. Im [&hellip;]<\/p>\n","protected":false},"author":6,"featured_media":0,"parent":25,"menu_order":1,"comment_status":"closed","ping_status":"closed","template":"page-detail.php","meta":{"footnotes":""},"class_list":["post-102","page","type-page","status-publish","hentry"],"_links":{"self":[{"href":"https:\/\/ddrheinrich.com\/de\/wp-json\/wp\/v2\/pages\/102","targetHints":{"allow":["GET"]}}],"collection":[{"href":"https:\/\/ddrheinrich.com\/de\/wp-json\/wp\/v2\/pages"}],"about":[{"href":"https:\/\/ddrheinrich.com\/de\/wp-json\/wp\/v2\/types\/page"}],"author":[{"embeddable":true,"href":"https:\/\/ddrheinrich.com\/de\/wp-json\/wp\/v2\/users\/6"}],"replies":[{"embeddable":true,"href":"https:\/\/ddrheinrich.com\/de\/wp-json\/wp\/v2\/comments?post=102"}],"version-history":[{"count":7,"href":"https:\/\/ddrheinrich.com\/de\/wp-json\/wp\/v2\/pages\/102\/revisions"}],"predecessor-version":[{"id":12200,"href":"https:\/\/ddrheinrich.com\/de\/wp-json\/wp\/v2\/pages\/102\/revisions\/12200"}],"up":[{"embeddable":true,"href":"https:\/\/ddrheinrich.com\/de\/wp-json\/wp\/v2\/pages\/25"}],"wp:attachment":[{"href":"https:\/\/ddrheinrich.com\/de\/wp-json\/wp\/v2\/media?parent=102"}],"curies":[{"name":"wp","href":"https:\/\/api.w.org\/{rel}","templated":true}]}}